{"id":726,"date":"2023-04-20T16:33:55","date_gmt":"2023-04-20T13:33:55","guid":{"rendered":"https:\/\/electrisium.com\/?page_id=726"},"modified":"2023-04-24T11:42:00","modified_gmt":"2023-04-24T08:42:00","slug":"relee-de-protectie-pentru-baterii-de-condensatoare","status":"publish","type":"page","link":"https:\/\/electrisium.com\/en\/products-and-solutions\/protection-relays-for-capacitor-banks\/","title":{"rendered":"Protection relays for capacitor banks"},"content":{"rendered":"<div class=\"vc_row wpb_row vc_row-fluid\"><div class=\"wpb_column vc_column_container vc_col-sm-12\"><div class=\"vc_column-inner\"><div class=\"wpb_wrapper\"><div class=\"vc_separator wpb_content_element vc_separator_align_center vc_sep_width_100 vc_sep_border_width_3 vc_sep_pos_align_center vc_separator-has-text\" ><span class=\"vc_sep_holder vc_sep_holder_l\"><span  style=\"border-color:#008b29;\" class=\"vc_sep_line\"><\/span><\/span><h4>Capacitor banks unbalance protection relay KSR1<\/h4><span class=\"vc_sep_holder vc_sep_holder_r\"><span  style=\"border-color:#008b29;\" class=\"vc_sep_line\"><\/span><\/span>\n<\/div><\/div><\/div><\/div><\/div><div class=\"vc_row wpb_row vc_row-fluid\"><div class=\"wpb_column vc_column_container vc_col-sm-3\"><div class=\"vc_column-inner\"><div class=\"wpb_wrapper\">\n\t<div  class=\"wpb_single_image wpb_content_element vc_align_center\">\n\t\t\n\t\t<figure class=\"wpb_wrapper vc_figure\">\n\t\t\t<div class=\"vc_single_image-wrapper   vc_box_border_grey\"><img loading=\"lazy\" decoding=\"async\" data-vc-zoom=\"https:\/\/electrisium.com\/wp-content\/uploads\/2023\/04\/Releu-protectie-condensatoare-KSR1.png\" class=\"vc_single_image-img\" src=\"https:\/\/electrisium.com\/wp-content\/uploads\/2023\/04\/Releu-protectie-condensatoare-KSR1-250x250.png\" width=\"250\" height=\"250\" alt=\"Releu protectie condensatoare KSR1\" title=\"Releu protectie condensatoare KSR1\"  data-dt-location=\"https:\/\/electrisium.com\/en\/products-and-solutions\/protection-relays-for-capacitor-banks\/attachment\/releu-protectie-condensatoare-ksr1\/\" \/><\/div>\n\t\t<\/figure>\n\t<\/div>\n<\/div><\/div><\/div><div class=\"wpb_column vc_column_container vc_col-sm-9\"><div class=\"vc_column-inner vc_custom_1682325703458\"><div class=\"wpb_wrapper\">\n\t<div class=\"wpb_text_column wpb_content_element\" >\n\t\t<div class=\"wpb_wrapper\">\n\t\t\t<p>The KSR1 is a modern single-phase unbalance protection relay which covers a wide range of typical monitoring scenarios in MV and HV applications. Capacitors in MV or HV compensations use oil as dielectric, which could catch fire in case of a damage. A permanent supervision of the state of the capacitors is therefore essential. The KSR1 offers many ways to protect the capacitors against internal faults, and can warn and switch off if required (alarm\/ trip). The KSR1 can be connected to any power supply from 40 to 250 V AC as well as 40 to 300 V DC. It is therefore capable to work with normal mains connection or with battery power. The imbalance can be monitored either by using a separate current or voltage measuring input. Permissible currents range from 15 mA to 5 A, and permissible voltages from 0,1 to 20 V AC.<\/p>\n\n\t\t<\/div>\n\t<\/div>\n<div class=\"vc_row wpb_row vc_inner vc_row-fluid\"><div class=\"wpb_column vc_column_container vc_col-sm-6\"><div class=\"vc_column-inner\"><div class=\"wpb_wrapper\"><style>.vc_btn3-style-gradient-custom.vc_btn-gradient-btn-69f7701187890:hover{color: #ffffff;background-color: #5d6058;border: none;background-position: 100% 0;}<\/style><style>.vc_btn3-style-gradient-custom.vc_btn-gradient-btn-69f7701187890{color: #ffffff;border: none;background-color: #008b29;background-image: -webkit-linear-gradient(left, #008b29 0%, #5d6058 50%,#008b29 100%);background-image: linear-gradient(to right, #008b29 0%, #5d6058 50%,#008b29 100%);-webkit-transition: all .2s ease-in-out;transition: all .2s ease-in-out;background-size: 200% 100%;}<\/style><div class=\"vc_btn3-container vc_btn3-inline\" ><a data-vc-gradient-1=\"#008b29\" data-vc-gradient-2=\"#5d6058\" class=\"vc_general vc_btn3 vc_btn3-size-md vc_btn3-shape-rounded vc_btn3-style-gradient-custom vc_btn-gradient-btn-69f7701187890\" href=\"https:\/\/electrisium.com\/wp-content\/uploads\/2023\/04\/BELUK_Product_Catalog.pdf\" title=\"\" target=\"_blank\">Download the catalog<\/a><\/div><\/div><\/div><\/div><div class=\"wpb_column vc_column_container vc_col-sm-6\"><div class=\"vc_column-inner\"><div class=\"wpb_wrapper\"><\/div><\/div><\/div><\/div><\/div><\/div><\/div><\/div><div class=\"vc_row wpb_row vc_row-fluid\"><div class=\"wpb_column vc_column_container vc_col-sm-12\"><div class=\"vc_column-inner\"><div class=\"wpb_wrapper\"><div class=\"vc_separator wpb_content_element vc_separator_align_center vc_sep_width_100 vc_sep_border_width_3 vc_sep_pos_align_center vc_separator-has-text\" ><span class=\"vc_sep_holder vc_sep_holder_l\"><span  style=\"border-color:#008b29;\" class=\"vc_sep_line\"><\/span><\/span><h4>Capacitor banks protection relay KSR<\/h4><span class=\"vc_sep_holder vc_sep_holder_r\"><span  style=\"border-color:#008b29;\" class=\"vc_sep_line\"><\/span><\/span>\n<\/div><\/div><\/div><\/div><\/div><div class=\"vc_row wpb_row vc_row-fluid\"><div class=\"wpb_column vc_column_container vc_col-sm-3\"><div class=\"vc_column-inner\"><div class=\"wpb_wrapper\">\n\t<div  class=\"wpb_single_image wpb_content_element vc_align_center\">\n\t\t\n\t\t<figure class=\"wpb_wrapper vc_figure\">\n\t\t\t<div class=\"vc_single_image-wrapper   vc_box_border_grey\"><img loading=\"lazy\" decoding=\"async\" data-vc-zoom=\"https:\/\/electrisium.com\/wp-content\/uploads\/2023\/04\/Releu-protectie-condensatoare-KSR.png\" class=\"vc_single_image-img\" src=\"https:\/\/electrisium.com\/wp-content\/uploads\/2023\/04\/Releu-protectie-condensatoare-KSR-250x250.png\" width=\"250\" height=\"250\" alt=\"Releu protectie condensatoare KSR\" title=\"Releu protectie condensatoare KSR\"  data-dt-location=\"https:\/\/electrisium.com\/en\/products-and-solutions\/protection-relays-for-capacitor-banks\/attachment\/releu-protectie-condensatoare-ksr\/\" \/><\/div>\n\t\t<\/figure>\n\t<\/div>\n<\/div><\/div><\/div><div class=\"wpb_column vc_column_container vc_col-sm-9\"><div class=\"vc_column-inner vc_custom_1682325714476\"><div class=\"wpb_wrapper\">\n\t<div class=\"wpb_text_column wpb_content_element\" >\n\t\t<div class=\"wpb_wrapper\">\n\t\t\t<p>The capacitor protection relays KSR monitor and protect valuable property at a very competitive price in MV (10 kV \/ 20 kV \/ 30 kV) or HV (60kV \/ 110 kV) applications. The KSR will measure, warn and if needed switch off capacitors before major damage will occur. With 7 measuring channels, 3 for voltage and 4 for current, the KSR offers a very versatile range of possible connections for monitoring capacitors making it fit for almost any application.<\/p>\n<p>The CT ratio is programmable in a range of 1 \u2013 10000. Current input 1 to 3 share the same CT ratio, whereas channel 4 can be programmed with a different CT ratio. In total there are 32 protection settings available. A total of 6 relays is available for alarm signals, among them 2 c\/o and 4 n\/o relays. These relays can be \u201cor\u201d linked, so that they are dependent on several alarm conditions. In addition to the alarm relays, also alarm messages can be displayed on the LCD display. Moreover, the KSR relay can be equipped with a fault recorder, so every fault or alarm is recorded with its source, date\/ time, limit and maximum value. The option \u201c-DM\u201d also comes with Modbus communication interface, and a digital input.<\/p>\n\n\t\t<\/div>\n\t<\/div>\n<div class=\"vc_row wpb_row vc_inner vc_row-fluid\"><div class=\"wpb_column vc_column_container vc_col-sm-6\"><div class=\"vc_column-inner\"><div class=\"wpb_wrapper\"><style>.vc_btn3-style-gradient-custom.vc_btn-gradient-btn-69f7701188324:hover{color: #ffffff;background-color: #5d6058;border: none;background-position: 100% 0;}<\/style><style>.vc_btn3-style-gradient-custom.vc_btn-gradient-btn-69f7701188324{color: #ffffff;border: none;background-color: #008b29;background-image: -webkit-linear-gradient(left, #008b29 0%, #5d6058 50%,#008b29 100%);background-image: linear-gradient(to right, #008b29 0%, #5d6058 50%,#008b29 100%);-webkit-transition: all .2s ease-in-out;transition: all .2s ease-in-out;background-size: 200% 100%;}<\/style><div class=\"vc_btn3-container vc_btn3-inline\" ><a data-vc-gradient-1=\"#008b29\" data-vc-gradient-2=\"#5d6058\" class=\"vc_general vc_btn3 vc_btn3-size-md vc_btn3-shape-rounded vc_btn3-style-gradient-custom vc_btn-gradient-btn-69f7701188324\" href=\"https:\/\/electrisium.com\/wp-content\/uploads\/2023\/04\/BELUK_Product_Catalog.pdf\" title=\"\" target=\"_blank\">Download the catalog<\/a><\/div><\/div><\/div><\/div><div class=\"wpb_column vc_column_container vc_col-sm-6\"><div class=\"vc_column-inner\"><div class=\"wpb_wrapper\"><\/div><\/div><\/div><\/div><\/div><\/div><\/div><\/div><div class=\"vc_row wpb_row vc_row-fluid\"><div class=\"wpb_column vc_column_container vc_col-sm-12\"><div class=\"vc_column-inner\"><div class=\"wpb_wrapper\"><div class=\"vc_separator wpb_content_element vc_separator_align_center vc_sep_width_100 vc_sep_border_width_3 vc_sep_pos_align_center vc_separator-has-text\" ><span class=\"vc_sep_holder vc_sep_holder_l\"><span  style=\"border-color:#008b29;\" class=\"vc_sep_line\"><\/span><\/span><h4>Capacitor banks protection relay KSR-Z<\/h4><span class=\"vc_sep_holder vc_sep_holder_r\"><span  style=\"border-color:#008b29;\" class=\"vc_sep_line\"><\/span><\/span>\n<\/div><\/div><\/div><\/div><\/div><div class=\"vc_row wpb_row vc_row-fluid\"><div class=\"wpb_column vc_column_container vc_col-sm-3\"><div class=\"vc_column-inner\"><div class=\"wpb_wrapper\">\n\t<div  class=\"wpb_single_image wpb_content_element vc_align_center\">\n\t\t\n\t\t<figure class=\"wpb_wrapper vc_figure\">\n\t\t\t<div class=\"vc_single_image-wrapper   vc_box_border_grey\"><img loading=\"lazy\" decoding=\"async\" data-vc-zoom=\"https:\/\/electrisium.com\/wp-content\/uploads\/2023\/04\/Releu-protectie-condensatoare-KSR-Z.png\" class=\"vc_single_image-img\" src=\"https:\/\/electrisium.com\/wp-content\/uploads\/2023\/04\/Releu-protectie-condensatoare-KSR-Z-250x250.png\" width=\"250\" height=\"250\" alt=\"Releu protectie condensatoare KSR-Z\" title=\"Releu protectie condensatoare KSR-Z\"  data-dt-location=\"https:\/\/electrisium.com\/en\/products-and-solutions\/protection-relays-for-capacitor-banks\/attachment\/releu-protectie-condensatoare-ksr-z\/\" \/><\/div>\n\t\t<\/figure>\n\t<\/div>\n<\/div><\/div><\/div><div class=\"wpb_column vc_column_container vc_col-sm-9\"><div class=\"vc_column-inner\"><div class=\"wpb_wrapper\">\n\t<div class=\"wpb_text_column wpb_content_element\" >\n\t\t<div class=\"wpb_wrapper\">\n\t\t\t<p>KSR-Z relay is a product variation of the KSR, but it is equipped with more features. It has been designed for MV or HV applications, to protect the capacitors from overload, over voltage and unbalance with the advanced and flexible microprocessor technology.<\/p>\n<p>The KSR-Z offers factory pre-programmed protection settings, which are based on tripping curves following ANSI (American National Standards Institute) standards. An alarm will be dependent on the violation of a trigger value and the time of the violation according to the tripping curve. Nothing has to be adjusted by the operator, since everything is pre-programmed. This makes commissioning work easy and fast and also no additional software is needed.<\/p>\n<p>Same as the standard KSR relay, 3 voltage and 4 current measurement channels are available, but the KSR-Z comes by default with a fault recorder, Modbus interface and a digital input.<\/p>\n\n\t\t<\/div>\n\t<\/div>\n<div class=\"vc_row wpb_row vc_inner vc_row-fluid\"><div class=\"wpb_column vc_column_container vc_col-sm-6\"><div class=\"vc_column-inner\"><div class=\"wpb_wrapper\"><style>.vc_btn3-style-gradient-custom.vc_btn-gradient-btn-69f7701188da8:hover{color: #ffffff;background-color: #5d6058;border: none;background-position: 100% 0;}<\/style><style>.vc_btn3-style-gradient-custom.vc_btn-gradient-btn-69f7701188da8{color: #ffffff;border: none;background-color: #008b29;background-image: -webkit-linear-gradient(left, #008b29 0%, #5d6058 50%,#008b29 100%);background-image: linear-gradient(to right, #008b29 0%, #5d6058 50%,#008b29 100%);-webkit-transition: all .2s ease-in-out;transition: all .2s ease-in-out;background-size: 200% 100%;}<\/style><div class=\"vc_btn3-container vc_btn3-inline\" ><a data-vc-gradient-1=\"#008b29\" data-vc-gradient-2=\"#5d6058\" class=\"vc_general vc_btn3 vc_btn3-size-md vc_btn3-shape-rounded vc_btn3-style-gradient-custom vc_btn-gradient-btn-69f7701188da8\" href=\"https:\/\/electrisium.com\/wp-content\/uploads\/2023\/04\/BELUK_Product_Catalog.pdf\" title=\"\" target=\"_blank\">Download the catalog<\/a><\/div><\/div><\/div><\/div><div class=\"wpb_column vc_column_container vc_col-sm-6\"><div class=\"vc_column-inner\"><div class=\"wpb_wrapper\"><\/div><\/div><\/div><\/div><\/div><\/div><\/div><\/div>","protected":false},"excerpt":{"rendered":"<p>Releu de protec\u021bie la dezechilibru a bateriilor de condensatoare KSR1 KSR1 este un releu modern de protec\u021bie la dezechilibru monofazat care acoper\u0103 o gam\u0103 larg\u0103 de scenarii tipice de monitorizare \u00een aplica\u021bii MT \u0219i \u00ceT. Condensatoarele din instala\u021bii de compensare MT sau \u00ceT folosesc ulei ca dielectric, care ar putea lua foc \u00een cazul unei&hellip;<\/p>","protected":false},"author":2,"featured_media":0,"parent":49,"menu_order":0,"comment_status":"closed","ping_status":"closed","template":"","meta":{"footnotes":""},"class_list":["post-726","page","type-page","status-publish","hentry","description-off"],"_links":{"self":[{"href":"https:\/\/electrisium.com\/en\/wp-json\/wp\/v2\/pages\/726","targetHints":{"allow":["GET"]}}],"collection":[{"href":"https:\/\/electrisium.com\/en\/wp-json\/wp\/v2\/pages"}],"about":[{"href":"https:\/\/electrisium.com\/en\/wp-json\/wp\/v2\/types\/page"}],"author":[{"embeddable":true,"href":"https:\/\/electrisium.com\/en\/wp-json\/wp\/v2\/users\/2"}],"replies":[{"embeddable":true,"href":"https:\/\/electrisium.com\/en\/wp-json\/wp\/v2\/comments?post=726"}],"version-history":[{"count":3,"href":"https:\/\/electrisium.com\/en\/wp-json\/wp\/v2\/pages\/726\/revisions"}],"predecessor-version":[{"id":965,"href":"https:\/\/electrisium.com\/en\/wp-json\/wp\/v2\/pages\/726\/revisions\/965"}],"up":[{"embeddable":true,"href":"https:\/\/electrisium.com\/en\/wp-json\/wp\/v2\/pages\/49"}],"wp:attachment":[{"href":"https:\/\/electrisium.com\/en\/wp-json\/wp\/v2\/media?parent=726"}],"curies":[{"name":"wp","href":"https:\/\/api.w.org\/{rel}","templated":true}]}}