{"id":721,"date":"2023-04-20T16:28:32","date_gmt":"2023-04-20T13:28:32","guid":{"rendered":"https:\/\/electrisium.com\/?page_id=721"},"modified":"2025-08-10T11:44:41","modified_gmt":"2025-08-10T08:44:41","slug":"controlere-pentru-factorul-de-putere","status":"publish","type":"page","link":"https:\/\/electrisium.com\/en\/products-and-solutions\/power-factor-controllers\/","title":{"rendered":"Power factor controllers"},"content":{"rendered":"<div class=\"vc_row wpb_row vc_row-fluid\"><div class=\"wpb_column vc_column_container vc_col-sm-12\"><div class=\"vc_column-inner\"><div class=\"wpb_wrapper\"><div class=\"vc_separator wpb_content_element vc_separator_align_center vc_sep_width_100 vc_sep_border_width_3 vc_sep_pos_align_center vc_separator-has-text\" ><span class=\"vc_sep_holder vc_sep_holder_l\"><span  style=\"border-color:#008b29;\" class=\"vc_sep_line\"><\/span><\/span><h4>Thyristor Switches BEL-TS<\/h4><span class=\"vc_sep_holder vc_sep_holder_r\"><span  style=\"border-color:#008b29;\" class=\"vc_sep_line\"><\/span><\/span>\n<\/div><\/div><\/div><\/div><\/div><div class=\"vc_row wpb_row vc_row-fluid\"><div class=\"wpb_column vc_column_container vc_col-sm-3\"><div class=\"vc_column-inner\"><div class=\"wpb_wrapper\">\n\t<div  class=\"wpb_single_image wpb_content_element vc_align_center\">\n\t\t\n\t\t<figure class=\"wpb_wrapper vc_figure\">\n\t\t\t<div class=\"vc_single_image-wrapper   vc_box_border_grey\"><img loading=\"lazy\" decoding=\"async\" data-vc-zoom=\"https:\/\/electrisium.com\/wp-content\/uploads\/2023\/04\/Comutatoare-tiristoare-BEL-TS.png\" class=\"vc_single_image-img\" src=\"https:\/\/electrisium.com\/wp-content\/uploads\/2023\/04\/Comutatoare-tiristoare-BEL-TS-250x250.png\" width=\"250\" height=\"250\" alt=\"Comutatoare tiristoare BEL-TS\" title=\"Comutatoare tiristoare BEL-TS\"  data-dt-location=\"https:\/\/electrisium.com\/en\/comutatoare-tiristoare-bel-ts\/\" \/><\/div>\n\t\t<\/figure>\n\t<\/div>\n<\/div><\/div><\/div><div class=\"wpb_column vc_column_container vc_col-sm-9\"><div class=\"vc_column-inner\"><div class=\"wpb_wrapper\">\n\t<div class=\"wpb_text_column wpb_content_element\" >\n\t\t<div class=\"wpb_wrapper\">\n\t\t\t<p>Thyristor switches are used for fast switching of capacitors. BELUK thyristor switches are known for their robust design and long service life. Since the response time to the trigger signal is in the millisecond range, thyristor switches are the ideal choice for applications with fast load changes. In contrast to contactors, the switching operations of thyristor controllers are fast and wear-free. The minimization of transients protects the connected capacitors and prolongs their service life.<\/p>\n<p>The BEL-TS is available in two different series. The classic BEL-TS devices are exclusively for switching capacitive loads. The new series consists of microprocessor-controlled devices, that can switch either inductors or capacitors. This series covers a range from 50 to 200 kVAr. The BEL-TS typically switches 10 ms after the trigger signal is received from the controller, thus making it ideal for rapidly fluctuating loads, such as cranes, lifts, welding equipment, but also for wind turbines, drilling rigs or in the automotive industry.<\/p>\n\n\t\t<\/div>\n\t<\/div>\n<div class=\"vc_row wpb_row vc_inner vc_row-fluid\"><div class=\"wpb_column vc_column_container vc_col-sm-6\"><div class=\"vc_column-inner\"><div class=\"wpb_wrapper\"><style>.vc_btn3-style-gradient-custom.vc_btn-gradient-btn-69eb30a8192ae:hover{color: #ffffff;background-color: #5d6058;border: none;background-position: 100% 0;}<\/style><style>.vc_btn3-style-gradient-custom.vc_btn-gradient-btn-69eb30a8192ae{color: #ffffff;border: none;background-color: #008b29;background-image: -webkit-linear-gradient(left, #008b29 0%, #5d6058 50%,#008b29 100%);background-image: linear-gradient(to right, #008b29 0%, #5d6058 50%,#008b29 100%);-webkit-transition: all .2s ease-in-out;transition: all .2s ease-in-out;background-size: 200% 100%;}<\/style><div class=\"vc_btn3-container vc_btn3-inline\" ><a data-vc-gradient-1=\"#008b29\" data-vc-gradient-2=\"#5d6058\" class=\"vc_general vc_btn3 vc_btn3-size-md vc_btn3-shape-rounded vc_btn3-style-gradient-custom vc_btn-gradient-btn-69eb30a8192ae\" href=\"https:\/\/electrisium.com\/wp-content\/uploads\/2023\/04\/BELUK_Product_Catalog.pdf\" title=\"\" target=\"_blank\">Download the catalog<\/a><\/div><\/div><\/div><\/div><div class=\"wpb_column vc_column_container vc_col-sm-6\"><div class=\"vc_column-inner\"><div class=\"wpb_wrapper\"><\/div><\/div><\/div><\/div><\/div><\/div><\/div><\/div><div class=\"vc_row wpb_row vc_row-fluid vc_custom_1754815440915\"><div class=\"wpb_column vc_column_container vc_col-sm-12\"><div class=\"vc_column-inner\"><div class=\"wpb_wrapper\"><div class=\"vc_separator wpb_content_element vc_separator_align_center vc_sep_width_100 vc_sep_border_width_3 vc_sep_pos_align_center vc_separator-has-text\" ><span class=\"vc_sep_holder vc_sep_holder_l\"><span  style=\"border-color:#008b29;\" class=\"vc_sep_line\"><\/span><\/span><h4>Power factor controller CXplus<\/h4><span class=\"vc_sep_holder vc_sep_holder_r\"><span  style=\"border-color:#008b29;\" class=\"vc_sep_line\"><\/span><\/span>\n<\/div><\/div><\/div><\/div><\/div><div class=\"vc_row wpb_row vc_row-fluid\"><div class=\"wpb_column vc_column_container vc_col-sm-3\"><div class=\"vc_column-inner\"><div class=\"wpb_wrapper\">\n\t<div  class=\"wpb_single_image wpb_content_element vc_align_center\">\n\t\t\n\t\t<figure class=\"wpb_wrapper vc_figure\">\n\t\t\t<div class=\"vc_single_image-wrapper   vc_box_border_grey\"><img loading=\"lazy\" decoding=\"async\" data-vc-zoom=\"https:\/\/electrisium.com\/wp-content\/uploads\/2023\/04\/Controler-CXplus.png\" class=\"vc_single_image-img\" src=\"https:\/\/electrisium.com\/wp-content\/uploads\/2023\/04\/Controler-CXplus-250x250.png\" width=\"250\" height=\"250\" alt=\"Controler CXplus\" title=\"Controler CXplus\"  data-dt-location=\"https:\/\/electrisium.com\/en\/controler-cxplus\/\" \/><\/div>\n\t\t<\/figure>\n\t<\/div>\n<\/div><\/div><\/div><div class=\"wpb_column vc_column_container vc_col-sm-9\"><div class=\"vc_column-inner vc_custom_1682325552211\"><div class=\"wpb_wrapper\">\n\t<div class=\"wpb_text_column wpb_content_element\" >\n\t\t<div class=\"wpb_wrapper\">\n\t\t\t<p>The Power Factor Controller CX plus offers everything for a simple operation of compensation systems. As an optional feature, CX plus can be provided with Modbus RTU via RS485 communication capability, so it can be integrated into a Modbus RTU network.<\/p>\n<p>A wide-range of power supply can be used with this controller, with a voltage range of 90 \u2013 550 V AC. The CX plus automatically recognizes the size of the connected capacitors. The measured values are regularly monitored and updated, so that the power factor is always controlled with actual values. If the value falls below a preset threshold, an alarm is triggered and the relevant stage is blocked by the software of the controller.<\/p>\n<p>The patented Best Fit Algorithm delivers the best result of the power factor cos \u03c6 with the lowest amount of switching cycles. When having capacitors of equal size, the switching times or the switching cycles are distributed evenly. This extends the life span of the capacitors and contactors, thus saving your investment.<\/p>\n\n\t\t<\/div>\n\t<\/div>\n<div class=\"vc_row wpb_row vc_inner vc_row-fluid\"><div class=\"wpb_column vc_column_container vc_col-sm-6\"><div class=\"vc_column-inner\"><div class=\"wpb_wrapper\"><style>.vc_btn3-style-gradient-custom.vc_btn-gradient-btn-69eb30a819df4:hover{color: #ffffff;background-color: #5d6058;border: none;background-position: 100% 0;}<\/style><style>.vc_btn3-style-gradient-custom.vc_btn-gradient-btn-69eb30a819df4{color: #ffffff;border: none;background-color: #008b29;background-image: -webkit-linear-gradient(left, #008b29 0%, #5d6058 50%,#008b29 100%);background-image: linear-gradient(to right, #008b29 0%, #5d6058 50%,#008b29 100%);-webkit-transition: all .2s ease-in-out;transition: all .2s ease-in-out;background-size: 200% 100%;}<\/style><div class=\"vc_btn3-container vc_btn3-inline\" ><a data-vc-gradient-1=\"#008b29\" data-vc-gradient-2=\"#5d6058\" class=\"vc_general vc_btn3 vc_btn3-size-md vc_btn3-shape-rounded vc_btn3-style-gradient-custom vc_btn-gradient-btn-69eb30a819df4\" href=\"https:\/\/electrisium.com\/wp-content\/uploads\/2023\/04\/BELUK_Product_Catalog.pdf\" title=\"\" target=\"_blank\">Download the catalog<\/a><\/div><\/div><\/div><\/div><div class=\"wpb_column vc_column_container vc_col-sm-6\"><div class=\"vc_column-inner\"><div class=\"wpb_wrapper\"><\/div><\/div><\/div><\/div><\/div><\/div><\/div><\/div><div class=\"vc_row wpb_row vc_row-fluid\"><div class=\"wpb_column vc_column_container vc_col-sm-12\"><div class=\"vc_column-inner\"><div class=\"wpb_wrapper\"><div class=\"vc_separator wpb_content_element vc_separator_align_center vc_sep_width_100 vc_sep_border_width_3 vc_sep_pos_align_center vc_separator-has-text\" ><span class=\"vc_sep_holder vc_sep_holder_l\"><span  style=\"border-color:#008b29;\" class=\"vc_sep_line\"><\/span><\/span><h4>Power factor controller BLR-CM<\/h4><span class=\"vc_sep_holder vc_sep_holder_r\"><span  style=\"border-color:#008b29;\" class=\"vc_sep_line\"><\/span><\/span>\n<\/div><\/div><\/div><\/div><\/div><div class=\"vc_row wpb_row vc_row-fluid\"><div class=\"wpb_column vc_column_container vc_col-sm-3\"><div class=\"vc_column-inner\"><div class=\"wpb_wrapper\">\n\t<div  class=\"wpb_single_image wpb_content_element vc_align_center\">\n\t\t\n\t\t<figure class=\"wpb_wrapper vc_figure\">\n\t\t\t<div class=\"vc_single_image-wrapper   vc_box_border_grey\"><img loading=\"lazy\" decoding=\"async\" data-vc-zoom=\"https:\/\/electrisium.com\/wp-content\/uploads\/2023\/04\/Controler-BLR-CM.png\" class=\"vc_single_image-img\" src=\"https:\/\/electrisium.com\/wp-content\/uploads\/2023\/04\/Controler-BLR-CM-250x250.png\" width=\"250\" height=\"250\" alt=\"Controler BLR-CM\" title=\"Controler BLR-CM\"  data-dt-location=\"https:\/\/electrisium.com\/en\/controler-blr-cm\/\" \/><\/div>\n\t\t<\/figure>\n\t<\/div>\n<\/div><\/div><\/div><div class=\"wpb_column vc_column_container vc_col-sm-9\"><div class=\"vc_column-inner vc_custom_1682325563009\"><div class=\"wpb_wrapper\">\n\t<div class=\"wpb_text_column wpb_content_element\" >\n\t\t<div class=\"wpb_wrapper\">\n\t\t\t<p>BLR-CM is a high-tech power factor controller designed with the aim to reach the target cos \u03c6 as fast as possible and with the minimum amount of switch cycles. The various regulating algorithms of the BLR-CM are the brain in this powerful controller. With all the different options and wide range of alarms it is adaptable to all challenging regulating tasks, like dynamic compensations. The regulating characteristic Q(U), which was especially designed for applications that have to provide reactive power depending on the grid voltage, especially exported active power, makes the BLR-CM suitable for controlling and maintaining grid voltage of power generation facilities. The system can be used in generator plants controlling either capacitors or inductors as required. No matter if reactor or capacitor, the BLR-CM recognizes the size automatically. It does not matter, which output is connected to a reactor or a capacitor. There are no limitations regarding sequence and size of the connected stages.<\/p>\n<p>Optionally the BLR-CM can be equipped with a data memory, which will store all alarms with time stamp, as well as measurement values in adjustable intervals and work counters. The data output is via a TTL interface in CSV MS Excel compatible format.<\/p>\n\n\t\t<\/div>\n\t<\/div>\n<div class=\"vc_row wpb_row vc_inner vc_row-fluid\"><div class=\"wpb_column vc_column_container vc_col-sm-6\"><div class=\"vc_column-inner\"><div class=\"wpb_wrapper\"><style>.vc_btn3-style-gradient-custom.vc_btn-gradient-btn-69eb30a81aad2:hover{color: #ffffff;background-color: #5d6058;border: none;background-position: 100% 0;}<\/style><style>.vc_btn3-style-gradient-custom.vc_btn-gradient-btn-69eb30a81aad2{color: #ffffff;border: none;background-color: #008b29;background-image: -webkit-linear-gradient(left, #008b29 0%, #5d6058 50%,#008b29 100%);background-image: linear-gradient(to right, #008b29 0%, #5d6058 50%,#008b29 100%);-webkit-transition: all .2s ease-in-out;transition: all .2s ease-in-out;background-size: 200% 100%;}<\/style><div class=\"vc_btn3-container vc_btn3-inline\" ><a data-vc-gradient-1=\"#008b29\" data-vc-gradient-2=\"#5d6058\" class=\"vc_general vc_btn3 vc_btn3-size-md vc_btn3-shape-rounded vc_btn3-style-gradient-custom vc_btn-gradient-btn-69eb30a81aad2\" href=\"https:\/\/electrisium.com\/wp-content\/uploads\/2023\/04\/BELUK_Product_Catalog.pdf\" title=\"\" target=\"_blank\">Download the catalog<\/a><\/div><\/div><\/div><\/div><div class=\"wpb_column vc_column_container vc_col-sm-6\"><div class=\"vc_column-inner\"><div class=\"wpb_wrapper\"><\/div><\/div><\/div><\/div><\/div><\/div><\/div><\/div><div class=\"vc_row wpb_row vc_row-fluid\"><div class=\"wpb_column vc_column_container vc_col-sm-12\"><div class=\"vc_column-inner\"><div class=\"wpb_wrapper\"><div class=\"vc_separator wpb_content_element vc_separator_align_center vc_sep_width_100 vc_sep_border_width_3 vc_sep_pos_align_center vc_separator-has-text\" ><span class=\"vc_sep_holder vc_sep_holder_l\"><span  style=\"border-color:#008b29;\" class=\"vc_sep_line\"><\/span><\/span><h4>Power factor controller BLR-Q(U)<\/h4><span class=\"vc_sep_holder vc_sep_holder_r\"><span  style=\"border-color:#008b29;\" class=\"vc_sep_line\"><\/span><\/span>\n<\/div><\/div><\/div><\/div><\/div><div class=\"vc_row wpb_row vc_row-fluid\"><div class=\"wpb_column vc_column_container vc_col-sm-3\"><div class=\"vc_column-inner\"><div class=\"wpb_wrapper\">\n\t<div  class=\"wpb_single_image wpb_content_element vc_align_center\">\n\t\t\n\t\t<figure class=\"wpb_wrapper vc_figure\">\n\t\t\t<div class=\"vc_single_image-wrapper   vc_box_border_grey\"><img loading=\"lazy\" decoding=\"async\" data-vc-zoom=\"https:\/\/electrisium.com\/wp-content\/uploads\/2023\/04\/Controler-BLR-QU.png\" class=\"vc_single_image-img\" src=\"https:\/\/electrisium.com\/wp-content\/uploads\/2023\/04\/Controler-BLR-QU-250x250.png\" width=\"250\" height=\"250\" alt=\"Controler BLR-Q(U)\" title=\"Controler BLR-Q(U)\"  data-dt-location=\"https:\/\/electrisium.com\/en\/controler-blr-qu\/\" \/><\/div>\n\t\t<\/figure>\n\t<\/div>\n<\/div><\/div><\/div><div class=\"wpb_column vc_column_container vc_col-sm-9\"><div class=\"vc_column-inner vc_custom_1682325577828\"><div class=\"wpb_wrapper\">\n\t<div class=\"wpb_text_column wpb_content_element\" >\n\t\t<div class=\"wpb_wrapper\">\n\t\t\t<p>The control target of the BLR-Q(U) controller is the mains voltage to be hold. If the actual measured voltage is different from the mains voltage, the BLR-Q(U) controller switches on capacitors or inductors as required. The demand for inductive or capacitive reactive power is automatically determined by the controller, based on an adjustable characteristic curve. The advantage of the adjustable characteristic curve compared to simple limit value is that oscillation of the stages is prevented. Beside monitoring the undervoltage and overvoltage, it is also monitoring the capacitor and reactor values, THD for voltages and THD for currents.<\/p>\n<p>For ease of use and adjustment the BLR-Q(U) user interface consists of a combination of graphical LCD display and 4 soft-press-keys. This controller is suitable to be used in LV networks as well as MV and HV applications.<\/p>\n\n\t\t<\/div>\n\t<\/div>\n<div class=\"vc_row wpb_row vc_inner vc_row-fluid\"><div class=\"wpb_column vc_column_container vc_col-sm-6\"><div class=\"vc_column-inner\"><div class=\"wpb_wrapper\"><style>.vc_btn3-style-gradient-custom.vc_btn-gradient-btn-69eb30a81b8db:hover{color: #ffffff;background-color: #5d6058;border: none;background-position: 100% 0;}<\/style><style>.vc_btn3-style-gradient-custom.vc_btn-gradient-btn-69eb30a81b8db{color: #ffffff;border: none;background-color: #008b29;background-image: -webkit-linear-gradient(left, #008b29 0%, #5d6058 50%,#008b29 100%);background-image: linear-gradient(to right, #008b29 0%, #5d6058 50%,#008b29 100%);-webkit-transition: all .2s ease-in-out;transition: all .2s ease-in-out;background-size: 200% 100%;}<\/style><div class=\"vc_btn3-container vc_btn3-inline\" ><a data-vc-gradient-1=\"#008b29\" data-vc-gradient-2=\"#5d6058\" class=\"vc_general vc_btn3 vc_btn3-size-md vc_btn3-shape-rounded vc_btn3-style-gradient-custom vc_btn-gradient-btn-69eb30a81b8db\" href=\"https:\/\/electrisium.com\/wp-content\/uploads\/2023\/04\/BELUK_Product_Catalog.pdf\" title=\"\" target=\"_blank\">Download the catalog<\/a><\/div><\/div><\/div><\/div><div class=\"wpb_column vc_column_container vc_col-sm-6\"><div class=\"vc_column-inner\"><div class=\"wpb_wrapper\"><\/div><\/div><\/div><\/div><\/div><\/div><\/div><\/div>","protected":false},"excerpt":{"rendered":"<p>Comutatoare cu tiristoare BEL-TS Comutatoarele cu tiristoare sunt utilizate pentru comutarea rapid\u0103 a condensatoarelor. Comutatoarele cu tiristoare BELUK sunt cunoscute pentru designul lor robust \u0219i durata de via\u021b\u0103 lung\u0103. Deoarece timpul de r\u0103spuns la semnalul de declan\u0219are este \u00een intervalul de milisecunde, comutatoarele cu tiristoare sunt alegerea ideal\u0103 pentru aplica\u021biile cu modific\u0103ri rapide ale sarcinii.&hellip;<\/p>","protected":false},"author":2,"featured_media":0,"parent":49,"menu_order":0,"comment_status":"closed","ping_status":"closed","template":"","meta":{"footnotes":""},"class_list":["post-721","page","type-page","status-publish","hentry","description-off"],"_links":{"self":[{"href":"https:\/\/electrisium.com\/en\/wp-json\/wp\/v2\/pages\/721","targetHints":{"allow":["GET"]}}],"collection":[{"href":"https:\/\/electrisium.com\/en\/wp-json\/wp\/v2\/pages"}],"about":[{"href":"https:\/\/electrisium.com\/en\/wp-json\/wp\/v2\/types\/page"}],"author":[{"embeddable":true,"href":"https:\/\/electrisium.com\/en\/wp-json\/wp\/v2\/users\/2"}],"replies":[{"embeddable":true,"href":"https:\/\/electrisium.com\/en\/wp-json\/wp\/v2\/comments?post=721"}],"version-history":[{"count":6,"href":"https:\/\/electrisium.com\/en\/wp-json\/wp\/v2\/pages\/721\/revisions"}],"predecessor-version":[{"id":2028,"href":"https:\/\/electrisium.com\/en\/wp-json\/wp\/v2\/pages\/721\/revisions\/2028"}],"up":[{"embeddable":true,"href":"https:\/\/electrisium.com\/en\/wp-json\/wp\/v2\/pages\/49"}],"wp:attachment":[{"href":"https:\/\/electrisium.com\/en\/wp-json\/wp\/v2\/media?parent=721"}],"curies":[{"name":"wp","href":"https:\/\/api.w.org\/{rel}","templated":true}]}}