{"id":656,"date":"2023-04-20T15:01:54","date_gmt":"2023-04-20T12:01:54","guid":{"rendered":"https:\/\/electrisium.com\/?page_id=656"},"modified":"2023-04-21T11:24:21","modified_gmt":"2023-04-21T08:24:21","slug":"dispozitive-de-legare-la-pamant-si-scurtcircuitare","status":"publish","type":"page","link":"https:\/\/electrisium.com\/en\/products-and-solutions\/earthing-and-short-circuiting-devices\/","title":{"rendered":"Earthing and short-circuiting devices"},"content":{"rendered":"<div class=\"vc_row wpb_row vc_row-fluid\"><div class=\"wpb_column vc_column_container vc_col-sm-12\"><div class=\"vc_column-inner\"><div class=\"wpb_wrapper\"><div class=\"vc_separator wpb_content_element vc_separator_align_center vc_sep_width_100 vc_sep_border_width_3 vc_sep_pos_align_center vc_separator-has-text\" ><span class=\"vc_sep_holder vc_sep_holder_l\"><span  style=\"border-color:#008b29;\" class=\"vc_sep_line\"><\/span><\/span><h4>Three-phase and single-phase earthing and short-circuiting devices<\/h4><span class=\"vc_sep_holder vc_sep_holder_r\"><span  style=\"border-color:#008b29;\" class=\"vc_sep_line\"><\/span><\/span>\n<\/div><\/div><\/div><\/div><\/div><div class=\"vc_row wpb_row vc_row-fluid\"><div class=\"wpb_column vc_column_container vc_col-sm-3\"><div class=\"vc_column-inner\"><div class=\"wpb_wrapper\">\n\t<div  class=\"wpb_single_image wpb_content_element vc_align_center\">\n\t\t\n\t\t<figure class=\"wpb_wrapper vc_figure\">\n\t\t\t<div class=\"vc_single_image-wrapper   vc_box_border_grey\"><img loading=\"lazy\" decoding=\"async\" data-vc-zoom=\"https:\/\/electrisium.com\/wp-content\/uploads\/2023\/04\/Dispozitive-de-legare.png\" class=\"vc_single_image-img\" src=\"https:\/\/electrisium.com\/wp-content\/uploads\/2023\/04\/Dispozitive-de-legare-250x250.png\" width=\"250\" height=\"250\" alt=\"Dispozitive de legare\" title=\"Dispozitive de legare\"  data-dt-location=\"https:\/\/electrisium.com\/en\/products-and-solutions\/earthing-and-short-circuiting-devices\/attachment\/dispozitive-de-legare\/\" \/><\/div>\n\t\t<\/figure>\n\t<\/div>\n<\/div><\/div><\/div><div class=\"wpb_column vc_column_container vc_col-sm-9\"><div class=\"vc_column-inner\"><div class=\"wpb_wrapper\">\n\t<div class=\"wpb_text_column wpb_content_element\" >\n\t\t<div class=\"wpb_wrapper\">\n\t\t\t<p>High quality earthing and short-circuiting devices by Horstmann are specially designed to help carry out temporary earthing or earthing and short-circuiting of disconnected or de-energized switchgear safely and quickly providing maximum safety levels to prevent dangerous voltages and electric arcs in the event of unintentional reconnection, and thus ensuring protection for the operating personnel against accidents and for equipment against damages.<\/p>\n\n\t\t<\/div>\n\t<\/div>\n<div class=\"vc_row wpb_row vc_inner vc_row-fluid\"><div class=\"wpb_column vc_column_container vc_col-sm-6\"><div class=\"vc_column-inner\"><div class=\"wpb_wrapper\"><style>.vc_btn3-style-gradient-custom.vc_btn-gradient-btn-69df0c6c5964f:hover{color: #ffffff;background-color: #5d6058;border: none;background-position: 100% 0;}<\/style><style>.vc_btn3-style-gradient-custom.vc_btn-gradient-btn-69df0c6c5964f{color: #ffffff;border: none;background-color: #008b29;background-image: -webkit-linear-gradient(left, #008b29 0%, #5d6058 50%,#008b29 100%);background-image: linear-gradient(to right, #008b29 0%, #5d6058 50%,#008b29 100%);-webkit-transition: all .2s ease-in-out;transition: all .2s ease-in-out;background-size: 200% 100%;}<\/style><div class=\"vc_btn3-container vc_btn3-inline\" ><a data-vc-gradient-1=\"#008b29\" data-vc-gradient-2=\"#5d6058\" class=\"vc_general vc_btn3 vc_btn3-size-md vc_btn3-shape-rounded vc_btn3-style-gradient-custom vc_btn-gradient-btn-69df0c6c5964f\" href=\"https:\/\/electrisium.com\/wp-content\/uploads\/2023\/04\/Horstmann_Katalog_englisch.pdf\" title=\"\" target=\"_blank\">Download the catalog<\/a><\/div><\/div><\/div><\/div><div class=\"wpb_column vc_column_container vc_col-sm-6\"><div class=\"vc_column-inner\"><div class=\"wpb_wrapper\"><\/div><\/div><\/div><\/div><\/div><\/div><\/div><\/div><div class=\"vc_row wpb_row vc_row-fluid\"><div class=\"wpb_column vc_column_container vc_col-sm-12\"><div class=\"vc_column-inner\"><div class=\"wpb_wrapper\"><div class=\"vc_separator wpb_content_element vc_separator_align_center vc_sep_width_100 vc_sep_border_width_3 vc_sep_pos_align_center vc_separator-has-text\" ><span class=\"vc_sep_holder vc_sep_holder_l\"><span  style=\"border-color:#008b29;\" class=\"vc_sep_line\"><\/span><\/span><h4>Line connection points<\/h4><span class=\"vc_sep_holder vc_sep_holder_r\"><span  style=\"border-color:#008b29;\" class=\"vc_sep_line\"><\/span><\/span>\n<\/div><\/div><\/div><\/div><\/div><div class=\"vc_row wpb_row vc_row-fluid\"><div class=\"wpb_column vc_column_container vc_col-sm-3\"><div class=\"vc_column-inner\"><div class=\"wpb_wrapper\">\n\t<div  class=\"wpb_single_image wpb_content_element vc_align_center\">\n\t\t\n\t\t<figure class=\"wpb_wrapper vc_figure\">\n\t\t\t<div class=\"vc_single_image-wrapper   vc_box_border_grey\"><img loading=\"lazy\" decoding=\"async\" data-vc-zoom=\"https:\/\/electrisium.com\/wp-content\/uploads\/2023\/04\/Puncte-de-conectare-la-linie.png\" class=\"vc_single_image-img\" src=\"https:\/\/electrisium.com\/wp-content\/uploads\/2023\/04\/Puncte-de-conectare-la-linie-250x250.png\" width=\"250\" height=\"250\" alt=\"Puncte de conectare la linie\" title=\"Puncte de conectare la linie\"  data-dt-location=\"https:\/\/electrisium.com\/en\/products-and-solutions\/earthing-and-short-circuiting-devices\/attachment\/puncte-de-conectare-la-linie\/\" \/><\/div>\n\t\t<\/figure>\n\t<\/div>\n<\/div><\/div><\/div><div class=\"wpb_column vc_column_container vc_col-sm-9\"><div class=\"vc_column-inner\"><div class=\"wpb_wrapper\">\n\t<div class=\"wpb_text_column wpb_content_element\" >\n\t\t<div class=\"wpb_wrapper\">\n\t\t\t<p>High quality earthing and short-circuiting devices by Horstmann are specially designed to help carry out temporary earthing or earthing and short-circuiting of disconnected or de-energized switchgear safely and quickly providing maximum safety levels to prevent dangerous voltages and electric arcs in the event of unintentional reconnection, and thus ensuring protection for the operating personnel against accidents and for equipment against damages.<\/p>\n\n\t\t<\/div>\n\t<\/div>\n<div class=\"vc_row wpb_row vc_inner vc_row-fluid\"><div class=\"wpb_column vc_column_container vc_col-sm-6\"><div class=\"vc_column-inner\"><div class=\"wpb_wrapper\"><style>.vc_btn3-style-gradient-custom.vc_btn-gradient-btn-69df0c6c59ece:hover{color: #ffffff;background-color: #5d6058;border: none;background-position: 100% 0;}<\/style><style>.vc_btn3-style-gradient-custom.vc_btn-gradient-btn-69df0c6c59ece{color: #ffffff;border: none;background-color: #008b29;background-image: -webkit-linear-gradient(left, #008b29 0%, #5d6058 50%,#008b29 100%);background-image: linear-gradient(to right, #008b29 0%, #5d6058 50%,#008b29 100%);-webkit-transition: all .2s ease-in-out;transition: all .2s ease-in-out;background-size: 200% 100%;}<\/style><div class=\"vc_btn3-container vc_btn3-inline\" ><a data-vc-gradient-1=\"#008b29\" data-vc-gradient-2=\"#5d6058\" class=\"vc_general vc_btn3 vc_btn3-size-md vc_btn3-shape-rounded vc_btn3-style-gradient-custom vc_btn-gradient-btn-69df0c6c59ece\" href=\"https:\/\/electrisium.com\/wp-content\/uploads\/2023\/04\/Horstmann_Katalog_englisch.pdf\" title=\"\" target=\"_blank\">Download the catalog<\/a><\/div><\/div><\/div><\/div><div class=\"wpb_column vc_column_container vc_col-sm-6\"><div class=\"vc_column-inner\"><div class=\"wpb_wrapper\"><\/div><\/div><\/div><\/div><\/div><\/div><\/div><\/div><div class=\"vc_row wpb_row vc_row-fluid\"><div class=\"wpb_column vc_column_container vc_col-sm-12\"><div class=\"vc_column-inner\"><div class=\"wpb_wrapper\"><div class=\"vc_separator wpb_content_element vc_separator_align_center vc_sep_width_100 vc_sep_border_width_3 vc_sep_pos_align_center vc_separator-has-text\" ><span class=\"vc_sep_holder vc_sep_holder_l\"><span  style=\"border-color:#008b29;\" class=\"vc_sep_line\"><\/span><\/span><h4>Line clamps<\/h4><span class=\"vc_sep_holder vc_sep_holder_r\"><span  style=\"border-color:#008b29;\" class=\"vc_sep_line\"><\/span><\/span>\n<\/div><\/div><\/div><\/div><\/div><div class=\"vc_row wpb_row vc_row-fluid\"><div class=\"wpb_column vc_column_container vc_col-sm-3\"><div class=\"vc_column-inner\"><div class=\"wpb_wrapper\">\n\t<div  class=\"wpb_single_image wpb_content_element vc_align_center\">\n\t\t\n\t\t<figure class=\"wpb_wrapper vc_figure\">\n\t\t\t<div class=\"vc_single_image-wrapper   vc_box_border_grey\"><img loading=\"lazy\" decoding=\"async\" data-vc-zoom=\"https:\/\/electrisium.com\/wp-content\/uploads\/2023\/04\/Cleme-de-legatura-cu-linia.png\" class=\"vc_single_image-img\" src=\"https:\/\/electrisium.com\/wp-content\/uploads\/2023\/04\/Cleme-de-legatura-cu-linia-250x250.png\" width=\"250\" height=\"250\" alt=\"Cleme de legatura cu linia\" title=\"Cleme de legatura cu linia\"  data-dt-location=\"https:\/\/electrisium.com\/en\/products-and-solutions\/earthing-and-short-circuiting-devices\/attachment\/cleme-de-legatura-cu-linia\/\" \/><\/div>\n\t\t<\/figure>\n\t<\/div>\n<\/div><\/div><\/div><div class=\"wpb_column vc_column_container vc_col-sm-9\"><div class=\"vc_column-inner\"><div class=\"wpb_wrapper\">\n\t<div class=\"wpb_text_column wpb_content_element\" >\n\t\t<div class=\"wpb_wrapper\">\n\t\t\t<p>High quality earthing and short-circuiting devices by Horstmann are specially designed to help carry out temporary earthing or earthing and short-circuiting of disconnected or de-energized switchgear safely and quickly providing maximum safety levels to prevent dangerous voltages and electric arcs in the event of unintentional reconnection, and thus ensuring protection for the operating personnel against accidents and for equipment against damages.<\/p>\n\n\t\t<\/div>\n\t<\/div>\n<div class=\"vc_row wpb_row vc_inner vc_row-fluid\"><div class=\"wpb_column vc_column_container vc_col-sm-6\"><div class=\"vc_column-inner\"><div class=\"wpb_wrapper\"><style>.vc_btn3-style-gradient-custom.vc_btn-gradient-btn-69df0c6c5a716:hover{color: #ffffff;background-color: #5d6058;border: none;background-position: 100% 0;}<\/style><style>.vc_btn3-style-gradient-custom.vc_btn-gradient-btn-69df0c6c5a716{color: #ffffff;border: none;background-color: #008b29;background-image: -webkit-linear-gradient(left, #008b29 0%, #5d6058 50%,#008b29 100%);background-image: linear-gradient(to right, #008b29 0%, #5d6058 50%,#008b29 100%);-webkit-transition: all .2s ease-in-out;transition: all .2s ease-in-out;background-size: 200% 100%;}<\/style><div class=\"vc_btn3-container vc_btn3-inline\" ><a data-vc-gradient-1=\"#008b29\" data-vc-gradient-2=\"#5d6058\" class=\"vc_general vc_btn3 vc_btn3-size-md vc_btn3-shape-rounded vc_btn3-style-gradient-custom vc_btn-gradient-btn-69df0c6c5a716\" href=\"https:\/\/electrisium.com\/wp-content\/uploads\/2023\/04\/Horstmann_Katalog_englisch.pdf\" title=\"\" target=\"_blank\">Download the catalog<\/a><\/div><\/div><\/div><\/div><div class=\"wpb_column vc_column_container vc_col-sm-6\"><div class=\"vc_column-inner\"><div class=\"wpb_wrapper\"><\/div><\/div><\/div><\/div><\/div><\/div><\/div><\/div><div class=\"vc_row wpb_row vc_row-fluid\"><div class=\"wpb_column vc_column_container vc_col-sm-12\"><div class=\"vc_column-inner\"><div class=\"wpb_wrapper\"><div class=\"vc_separator wpb_content_element vc_separator_align_center vc_sep_width_100 vc_sep_border_width_3 vc_sep_pos_align_center vc_separator-has-text\" ><span class=\"vc_sep_holder vc_sep_holder_l\"><span  style=\"border-color:#008b29;\" class=\"vc_sep_line\"><\/span><\/span><h4>Earth connection points<\/h4><span class=\"vc_sep_holder vc_sep_holder_r\"><span  style=\"border-color:#008b29;\" class=\"vc_sep_line\"><\/span><\/span>\n<\/div><\/div><\/div><\/div><\/div><div class=\"vc_row wpb_row vc_row-fluid\"><div class=\"wpb_column vc_column_container vc_col-sm-3\"><div class=\"vc_column-inner\"><div class=\"wpb_wrapper\">\n\t<div  class=\"wpb_single_image wpb_content_element vc_align_center\">\n\t\t\n\t\t<figure class=\"wpb_wrapper vc_figure\">\n\t\t\t<div class=\"vc_single_image-wrapper   vc_box_border_grey\"><img loading=\"lazy\" decoding=\"async\" data-vc-zoom=\"https:\/\/electrisium.com\/wp-content\/uploads\/2023\/04\/Puncte-de-conectare-la-pamant.png\" class=\"vc_single_image-img\" src=\"https:\/\/electrisium.com\/wp-content\/uploads\/2023\/04\/Puncte-de-conectare-la-pamant-250x250.png\" width=\"250\" height=\"250\" alt=\"Puncte de conectare la pamant\" title=\"Puncte de conectare la pamant\"  data-dt-location=\"https:\/\/electrisium.com\/en\/products-and-solutions\/earthing-and-short-circuiting-devices\/attachment\/puncte-de-conectare-la-pamant\/\" \/><\/div>\n\t\t<\/figure>\n\t<\/div>\n<\/div><\/div><\/div><div class=\"wpb_column vc_column_container vc_col-sm-9\"><div class=\"vc_column-inner\"><div class=\"wpb_wrapper\">\n\t<div class=\"wpb_text_column wpb_content_element\" >\n\t\t<div class=\"wpb_wrapper\">\n\t\t\t<p>High quality earthing and short-circuiting devices by Horstmann are specially designed to help carry out temporary earthing or earthing and short-circuiting of disconnected or de-energized switchgear safely and quickly providing maximum safety levels to prevent dangerous voltages and electric arcs in the event of unintentional reconnection, and thus ensuring protection for the operating personnel against accidents and for equipment against damages.<\/p>\n\n\t\t<\/div>\n\t<\/div>\n<div class=\"vc_row wpb_row vc_inner vc_row-fluid\"><div class=\"wpb_column vc_column_container vc_col-sm-6\"><div class=\"vc_column-inner\"><div class=\"wpb_wrapper\"><style>.vc_btn3-style-gradient-custom.vc_btn-gradient-btn-69df0c6c5af54:hover{color: #ffffff;background-color: #5d6058;border: none;background-position: 100% 0;}<\/style><style>.vc_btn3-style-gradient-custom.vc_btn-gradient-btn-69df0c6c5af54{color: #ffffff;border: none;background-color: #008b29;background-image: -webkit-linear-gradient(left, #008b29 0%, #5d6058 50%,#008b29 100%);background-image: linear-gradient(to right, #008b29 0%, #5d6058 50%,#008b29 100%);-webkit-transition: all .2s ease-in-out;transition: all .2s ease-in-out;background-size: 200% 100%;}<\/style><div class=\"vc_btn3-container vc_btn3-inline\" ><a data-vc-gradient-1=\"#008b29\" data-vc-gradient-2=\"#5d6058\" class=\"vc_general vc_btn3 vc_btn3-size-md vc_btn3-shape-rounded vc_btn3-style-gradient-custom vc_btn-gradient-btn-69df0c6c5af54\" href=\"https:\/\/electrisium.com\/wp-content\/uploads\/2023\/04\/Horstmann_Katalog_englisch.pdf\" title=\"\" target=\"_blank\">Download the catalog<\/a><\/div><\/div><\/div><\/div><div class=\"wpb_column vc_column_container vc_col-sm-6\"><div class=\"vc_column-inner\"><div class=\"wpb_wrapper\"><\/div><\/div><\/div><\/div><\/div><\/div><\/div><\/div><div class=\"vc_row wpb_row vc_row-fluid\"><div class=\"wpb_column vc_column_container vc_col-sm-12\"><div class=\"vc_column-inner\"><div class=\"wpb_wrapper\"><div class=\"vc_separator wpb_content_element vc_separator_align_center vc_sep_width_100 vc_sep_border_width_3 vc_sep_pos_align_center vc_separator-has-text\" ><span class=\"vc_sep_holder vc_sep_holder_l\"><span  style=\"border-color:#008b29;\" class=\"vc_sep_line\"><\/span><\/span><h4>Earth clamps<\/h4><span class=\"vc_sep_holder vc_sep_holder_r\"><span  style=\"border-color:#008b29;\" class=\"vc_sep_line\"><\/span><\/span>\n<\/div><\/div><\/div><\/div><\/div><div class=\"vc_row wpb_row vc_row-fluid\"><div class=\"wpb_column vc_column_container vc_col-sm-3\"><div class=\"vc_column-inner\"><div class=\"wpb_wrapper\">\n\t<div  class=\"wpb_single_image wpb_content_element vc_align_center\">\n\t\t\n\t\t<figure class=\"wpb_wrapper vc_figure\">\n\t\t\t<div class=\"vc_single_image-wrapper   vc_box_border_grey\"><img loading=\"lazy\" decoding=\"async\" data-vc-zoom=\"https:\/\/electrisium.com\/wp-content\/uploads\/2023\/04\/Cleme-de-legatura-cu-pamantul.png\" class=\"vc_single_image-img\" src=\"https:\/\/electrisium.com\/wp-content\/uploads\/2023\/04\/Cleme-de-legatura-cu-pamantul-250x250.png\" width=\"250\" height=\"250\" alt=\"Cleme de legatura cu pamantul\" title=\"Cleme de legatura cu pamantul\"  data-dt-location=\"https:\/\/electrisium.com\/en\/products-and-solutions\/earthing-and-short-circuiting-devices\/attachment\/cleme-de-legatura-cu-pamantul\/\" \/><\/div>\n\t\t<\/figure>\n\t<\/div>\n<\/div><\/div><\/div><div class=\"wpb_column vc_column_container vc_col-sm-9\"><div class=\"vc_column-inner\"><div class=\"wpb_wrapper\">\n\t<div class=\"wpb_text_column wpb_content_element\" >\n\t\t<div class=\"wpb_wrapper\">\n\t\t\t<p>High quality earthing and short-circuiting devices by Horstmann are specially designed to help carry out temporary earthing or earthing and short-circuiting of disconnected or de-energized switchgear safely and quickly providing maximum safety levels to prevent dangerous voltages and electric arcs in the event of unintentional reconnection, and thus ensuring protection for the operating personnel against accidents and for equipment against damages.<\/p>\n\n\t\t<\/div>\n\t<\/div>\n<div class=\"vc_row wpb_row vc_inner vc_row-fluid\"><div class=\"wpb_column vc_column_container vc_col-sm-6\"><div class=\"vc_column-inner\"><div class=\"wpb_wrapper\"><style>.vc_btn3-style-gradient-custom.vc_btn-gradient-btn-69df0c6c5b79c:hover{color: #ffffff;background-color: #5d6058;border: none;background-position: 100% 0;}<\/style><style>.vc_btn3-style-gradient-custom.vc_btn-gradient-btn-69df0c6c5b79c{color: #ffffff;border: none;background-color: #008b29;background-image: -webkit-linear-gradient(left, #008b29 0%, #5d6058 50%,#008b29 100%);background-image: linear-gradient(to right, #008b29 0%, #5d6058 50%,#008b29 100%);-webkit-transition: all .2s ease-in-out;transition: all .2s ease-in-out;background-size: 200% 100%;}<\/style><div class=\"vc_btn3-container vc_btn3-inline\" ><a data-vc-gradient-1=\"#008b29\" data-vc-gradient-2=\"#5d6058\" class=\"vc_general vc_btn3 vc_btn3-size-md vc_btn3-shape-rounded vc_btn3-style-gradient-custom vc_btn-gradient-btn-69df0c6c5b79c\" href=\"https:\/\/electrisium.com\/wp-content\/uploads\/2023\/04\/Horstmann_Katalog_englisch.pdf\" title=\"\" target=\"_blank\">Download the catalog<\/a><\/div><\/div><\/div><\/div><div class=\"wpb_column vc_column_container vc_col-sm-6\"><div class=\"vc_column-inner\"><div class=\"wpb_wrapper\"><\/div><\/div><\/div><\/div><\/div><\/div><\/div><\/div>","protected":false},"excerpt":{"rendered":"<p>Dispozitive trifazate \u0219i monofazate de legare la p\u0103m\u00e2nt \u0219i scurtcircuitare Dispozitivele de legare la p\u0103m\u00e2nt \u0219i scurtcircuitare de \u00eenalt\u0103 calitate de la Horstmann sunt special concepute pentru a ajuta la realizarea temporar\u0103 \u00een siguran\u021b\u0103 \u0219i rapid a leg\u0103turii cu p\u0103m\u00e2ntul sau a leg\u0103turii cu p\u0103m\u00e2ntul \u0219i a scurtcircuit\u0103rii echipamentului de comuta\u021bie deconectat sau scos de&hellip;<\/p>","protected":false},"author":2,"featured_media":0,"parent":49,"menu_order":0,"comment_status":"closed","ping_status":"closed","template":"","meta":{"footnotes":""},"class_list":["post-656","page","type-page","status-publish","hentry","description-off"],"_links":{"self":[{"href":"https:\/\/electrisium.com\/en\/wp-json\/wp\/v2\/pages\/656","targetHints":{"allow":["GET"]}}],"collection":[{"href":"https:\/\/electrisium.com\/en\/wp-json\/wp\/v2\/pages"}],"about":[{"href":"https:\/\/electrisium.com\/en\/wp-json\/wp\/v2\/types\/page"}],"author":[{"embeddable":true,"href":"https:\/\/electrisium.com\/en\/wp-json\/wp\/v2\/users\/2"}],"replies":[{"embeddable":true,"href":"https:\/\/electrisium.com\/en\/wp-json\/wp\/v2\/comments?post=656"}],"version-history":[{"count":2,"href":"https:\/\/electrisium.com\/en\/wp-json\/wp\/v2\/pages\/656\/revisions"}],"predecessor-version":[{"id":786,"href":"https:\/\/electrisium.com\/en\/wp-json\/wp\/v2\/pages\/656\/revisions\/786"}],"up":[{"embeddable":true,"href":"https:\/\/electrisium.com\/en\/wp-json\/wp\/v2\/pages\/49"}],"wp:attachment":[{"href":"https:\/\/electrisium.com\/en\/wp-json\/wp\/v2\/media?parent=656"}],"curies":[{"name":"wp","href":"https:\/\/api.w.org\/{rel}","templated":true}]}}