{"id":583,"date":"2023-04-19T17:18:38","date_gmt":"2023-04-19T14:18:38","guid":{"rendered":"https:\/\/electrisium.com\/?page_id=583"},"modified":"2023-04-21T07:59:51","modified_gmt":"2023-04-21T04:59:51","slug":"indicatoare-de-defect-pentru-linii-electrice-aeriene","status":"publish","type":"page","link":"https:\/\/electrisium.com\/en\/products-and-solutions\/fault-indicators-for-overhead-lines\/","title":{"rendered":"Fault indicators for overhead lines"},"content":{"rendered":"<div class=\"vc_row wpb_row vc_row-fluid\"><div class=\"wpb_column vc_column_container vc_col-sm-12\"><div class=\"vc_column-inner\"><div class=\"wpb_wrapper\"><div class=\"vc_separator wpb_content_element vc_separator_align_center vc_sep_width_100 vc_sep_border_width_3 vc_sep_pos_align_center vc_separator-has-text\" ><span class=\"vc_sep_holder vc_sep_holder_l\"><span  style=\"border-color:#008b29;\" class=\"vc_sep_line\"><\/span><\/span><h4>Monitoring for the electric grid analysis ComPass 2.0<\/h4><span class=\"vc_sep_holder vc_sep_holder_r\"><span  style=\"border-color:#008b29;\" class=\"vc_sep_line\"><\/span><\/span>\n<\/div><\/div><\/div><\/div><\/div><div class=\"vc_row wpb_row vc_row-fluid\"><div class=\"wpb_column vc_column_container vc_col-sm-12\"><div class=\"vc_column-inner\"><div class=\"wpb_wrapper\">\n\t<div class=\"wpb_text_column wpb_content_element\" >\n\t\t<div class=\"wpb_wrapper\">\n\t\t\t<p style=\"text-align: left;\"><span style=\"color: #008b00;\"><strong>Smart Navigator 2.0 and Smart Navigator 2.0 HV for high-precision measurement and intelligent fault detection<\/strong><\/span><\/p>\n\n\t\t<\/div>\n\t<\/div>\n<\/div><\/div><\/div><\/div><div class=\"vc_row wpb_row vc_row-fluid\"><div class=\"wpb_column vc_column_container vc_col-sm-3\"><div class=\"vc_column-inner\"><div class=\"wpb_wrapper\">\n\t<div  class=\"wpb_single_image wpb_content_element vc_align_center\">\n\t\t\n\t\t<figure class=\"wpb_wrapper vc_figure\">\n\t\t\t<div class=\"vc_single_image-wrapper   vc_box_border_grey\"><img loading=\"lazy\" decoding=\"async\" data-vc-zoom=\"https:\/\/electrisium.com\/wp-content\/uploads\/2023\/04\/Smart-Navigator-2.0-Smart-Navigator-2.0-HV.png\" class=\"vc_single_image-img\" src=\"https:\/\/electrisium.com\/wp-content\/uploads\/2023\/04\/Smart-Navigator-2.0-Smart-Navigator-2.0-HV-250x250.png\" width=\"250\" height=\"250\" alt=\"Smart Navigator 2.0 &amp; Smart Navigator 2.0 HV\" title=\"Smart Navigator 2.0 &amp; Smart Navigator 2.0 HV\"  data-dt-location=\"https:\/\/electrisium.com\/en\/products-and-solutions\/fault-indicators-for-overhead-lines\/attachment\/smart-navigator-2-0-smart-navigator-2-0-hv\/\" \/><\/div>\n\t\t<\/figure>\n\t<\/div>\n<\/div><\/div><\/div><div class=\"wpb_column vc_column_container vc_col-sm-9\"><div class=\"vc_column-inner\"><div class=\"wpb_wrapper\">\n\t<div class=\"wpb_text_column wpb_content_element\" >\n\t\t<div class=\"wpb_wrapper\">\n\t\t\t<p>The Smart Navigator 2.0 is a fault indicator designed for medium voltage overhead lines up to 69 kV while the Smart Navigator 2.0 HV is designed for high voltage overhead lines up to 161 kV. Individual parameter settings tailor the Smart Navigator 2.0 perfectly for all locations in an overhead line network, eliminating false tripping. Whenever a fault is detected, besides the fault information, also all monitoring data is signaled to the control room, thus giving full visibility into the network condition before and after the fault occurred. Fault messages containing information about fault direction, voltage interruption, current drop and increase in conductor temperature support the problem detection and root cause identification.<\/p>\n<p>The Smart Navigator 2.0 harvests the energy for its power supply from the overhead line current. Thanks to dynamic adaptation of its operation to load conditions, a load current of 5 Amps suffices, thus there is no need for any additional pol mounted equipment for its power supply.<\/p>\n\n\t\t<\/div>\n\t<\/div>\n<div class=\"vc_row wpb_row vc_inner vc_row-fluid\"><div class=\"wpb_column vc_column_container vc_col-sm-6\"><div class=\"vc_column-inner\"><div class=\"wpb_wrapper\"><style>.vc_btn3-style-gradient-custom.vc_btn-gradient-btn-69eb307835b75:hover{color: #ffffff;background-color: #5d6058;border: none;background-position: 100% 0;}<\/style><style>.vc_btn3-style-gradient-custom.vc_btn-gradient-btn-69eb307835b75{color: #ffffff;border: none;background-color: #008b29;background-image: -webkit-linear-gradient(left, #008b29 0%, #5d6058 50%,#008b29 100%);background-image: linear-gradient(to right, #008b29 0%, #5d6058 50%,#008b29 100%);-webkit-transition: all .2s ease-in-out;transition: all .2s ease-in-out;background-size: 200% 100%;}<\/style><div class=\"vc_btn3-container vc_btn3-inline\" ><a data-vc-gradient-1=\"#008b29\" data-vc-gradient-2=\"#5d6058\" class=\"vc_general vc_btn3 vc_btn3-size-md vc_btn3-shape-rounded vc_btn3-style-gradient-custom vc_btn-gradient-btn-69eb307835b75\" href=\"https:\/\/electrisium.com\/wp-content\/uploads\/2023\/04\/Horstmann_Katalog_englisch.pdf\" title=\"\" target=\"_blank\">Download the catalog<\/a><\/div><\/div><\/div><\/div><div class=\"wpb_column vc_column_container vc_col-sm-6\"><div class=\"vc_column-inner\"><div class=\"wpb_wrapper\"><style>.vc_btn3-style-gradient-custom.vc_btn-gradient-btn-69eb307835d1c:hover{color: #ffffff;background-color: #5d6058;border: none;background-position: 100% 0;}<\/style><style>.vc_btn3-style-gradient-custom.vc_btn-gradient-btn-69eb307835d1c{color: #ffffff;border: none;background-color: #008b29;background-image: -webkit-linear-gradient(left, #008b29 0%, #5d6058 50%,#008b29 100%);background-image: linear-gradient(to right, #008b29 0%, #5d6058 50%,#008b29 100%);-webkit-transition: all .2s ease-in-out;transition: all .2s ease-in-out;background-size: 200% 100%;}<\/style><div class=\"vc_btn3-container vc_btn3-inline\" ><a data-vc-gradient-1=\"#008b29\" data-vc-gradient-2=\"#5d6058\" class=\"vc_general vc_btn3 vc_btn3-size-md vc_btn3-shape-rounded vc_btn3-style-gradient-custom vc_btn-gradient-btn-69eb307835d1c\" href=\"https:\/\/electrisium.com\/wp-content\/uploads\/2023\/04\/Horstmann_matrix_overhead_lines.pdf\" title=\"\" target=\"_blank\">Download the comparison matrix<\/a><\/div><\/div><\/div><\/div><\/div><\/div><\/div><\/div><\/div><div class=\"vc_row wpb_row vc_row-fluid\"><div class=\"wpb_column vc_column_container vc_col-sm-12\"><div class=\"vc_column-inner\"><div class=\"wpb_wrapper\"><div class=\"vc_separator wpb_content_element vc_separator_align_center vc_sep_width_100 vc_sep_pos_align_center vc_separator_no_text\" ><span class=\"vc_sep_holder vc_sep_holder_l\"><span  style=\"border-color:#008b29;\" class=\"vc_sep_line\"><\/span><\/span><span class=\"vc_sep_holder vc_sep_holder_r\"><span  style=\"border-color:#008b29;\" class=\"vc_sep_line\"><\/span><\/span>\n<\/div><\/div><\/div><\/div><\/div><div class=\"vc_row wpb_row vc_row-fluid\"><div class=\"wpb_column vc_column_container vc_col-sm-12\"><div class=\"vc_column-inner\"><div class=\"wpb_wrapper\">\n\t<div class=\"wpb_text_column wpb_content_element\" >\n\t\t<div class=\"wpb_wrapper\">\n\t\t\t<p style=\"text-align: left;\"><span style=\"color: #008b29;\"><strong>Smart Navigator 2.0 Rail directional overhead faulted circuit indicator for railway systems<\/strong><\/span><\/p>\n\n\t\t<\/div>\n\t<\/div>\n<\/div><\/div><\/div><\/div><div class=\"vc_row wpb_row vc_row-fluid\"><div class=\"wpb_column vc_column_container vc_col-sm-3\"><div class=\"vc_column-inner\"><div class=\"wpb_wrapper\">\n\t<div  class=\"wpb_single_image wpb_content_element vc_align_center\">\n\t\t\n\t\t<figure class=\"wpb_wrapper vc_figure\">\n\t\t\t<div class=\"vc_single_image-wrapper   vc_box_border_grey\"><img loading=\"lazy\" decoding=\"async\" data-vc-zoom=\"https:\/\/electrisium.com\/wp-content\/uploads\/2023\/04\/Smart-Navigator-2.0-Rail.png\" class=\"vc_single_image-img\" src=\"https:\/\/electrisium.com\/wp-content\/uploads\/2023\/04\/Smart-Navigator-2.0-Rail-250x250.png\" width=\"250\" height=\"250\" alt=\"Smart Navigator 2.0 Rail\" title=\"Smart Navigator 2.0 Rail\"  data-dt-location=\"https:\/\/electrisium.com\/en\/products-and-solutions\/fault-indicators-for-overhead-lines\/attachment\/smart-navigator-2-0-rail\/\" \/><\/div>\n\t\t<\/figure>\n\t<\/div>\n<\/div><\/div><\/div><div class=\"wpb_column vc_column_container vc_col-sm-9\"><div class=\"vc_column-inner\"><div class=\"wpb_wrapper\">\n\t<div class=\"wpb_text_column wpb_content_element\" >\n\t\t<div class=\"wpb_wrapper\">\n\t\t\t<p>The Smart Navigator 2.0 Rail is designed to be quickly and easily mounted on overhead lines of electrified railway systems. Fault messages containing information about short-circuits and fault current direction help to clearly identify problem situations.<\/p>\n<p>Pole-mounted units with solar panels are used to ensure supply and control room communication. Alternatively, these can be powered from a DC or AC auxiliary power supply.<\/p>\n<p>Smart Navigators 2.0 Rail are successfully used worldwide, to detect and remotely report network faults. Therefore, the Smart Navigator 2.0 Rail is tailored to the country-specific radio approvals and the different frequency ranges of the network operators. Thanks to remote signaling, the complex, high-quality and diverse sensor technology enables clear monitoring and thus direct insight into the overhead line network.<\/p>\n\n\t\t<\/div>\n\t<\/div>\n<div class=\"vc_row wpb_row vc_inner vc_row-fluid\"><div class=\"wpb_column vc_column_container vc_col-sm-6\"><div class=\"vc_column-inner\"><div class=\"wpb_wrapper\"><style>.vc_btn3-style-gradient-custom.vc_btn-gradient-btn-69eb307836ab9:hover{color: #ffffff;background-color: #5d6058;border: none;background-position: 100% 0;}<\/style><style>.vc_btn3-style-gradient-custom.vc_btn-gradient-btn-69eb307836ab9{color: #ffffff;border: none;background-color: #008b29;background-image: -webkit-linear-gradient(left, #008b29 0%, #5d6058 50%,#008b29 100%);background-image: linear-gradient(to right, #008b29 0%, #5d6058 50%,#008b29 100%);-webkit-transition: all .2s ease-in-out;transition: all .2s ease-in-out;background-size: 200% 100%;}<\/style><div class=\"vc_btn3-container vc_btn3-inline\" ><a data-vc-gradient-1=\"#008b29\" data-vc-gradient-2=\"#5d6058\" class=\"vc_general vc_btn3 vc_btn3-size-md vc_btn3-shape-rounded vc_btn3-style-gradient-custom vc_btn-gradient-btn-69eb307836ab9\" href=\"https:\/\/electrisium.com\/wp-content\/uploads\/2023\/04\/Horstmann_Railway_english.pdf\" title=\"\" target=\"_blank\">Download the catalog<\/a><\/div><\/div><\/div><\/div><div class=\"wpb_column vc_column_container vc_col-sm-6\"><div class=\"vc_column-inner\"><div class=\"wpb_wrapper\"><style>.vc_btn3-style-gradient-custom.vc_btn-gradient-btn-69eb307836c5f:hover{color: #ffffff;background-color: #5d6058;border: none;background-position: 100% 0;}<\/style><style>.vc_btn3-style-gradient-custom.vc_btn-gradient-btn-69eb307836c5f{color: #ffffff;border: none;background-color: #008b29;background-image: -webkit-linear-gradient(left, #008b29 0%, #5d6058 50%,#008b29 100%);background-image: linear-gradient(to right, #008b29 0%, #5d6058 50%,#008b29 100%);-webkit-transition: all .2s ease-in-out;transition: all .2s ease-in-out;background-size: 200% 100%;}<\/style><div class=\"vc_btn3-container vc_btn3-inline\" ><a data-vc-gradient-1=\"#008b29\" data-vc-gradient-2=\"#5d6058\" class=\"vc_general vc_btn3 vc_btn3-size-md vc_btn3-shape-rounded vc_btn3-style-gradient-custom vc_btn-gradient-btn-69eb307836c5f\" href=\"https:\/\/electrisium.com\/wp-content\/uploads\/2023\/04\/Horstmann_matrix_overhead_lines.pdf\" title=\"\" target=\"_blank\">Download the comparison matrix<\/a><\/div><\/div><\/div><\/div><\/div><\/div><\/div><\/div><\/div><div class=\"vc_row wpb_row vc_row-fluid\"><div class=\"wpb_column vc_column_container vc_col-sm-12\"><div class=\"vc_column-inner\"><div class=\"wpb_wrapper\"><div class=\"vc_separator wpb_content_element vc_separator_align_center vc_sep_width_100 vc_sep_border_width_3 vc_sep_pos_align_center vc_separator-has-text\" ><span class=\"vc_sep_holder vc_sep_holder_l\"><span  style=\"border-color:#008b29;\" class=\"vc_sep_line\"><\/span><\/span><h4>Phase-selective fault indication Navigator LM<\/h4><span class=\"vc_sep_holder vc_sep_holder_r\"><span  style=\"border-color:#008b29;\" class=\"vc_sep_line\"><\/span><\/span>\n<\/div><\/div><\/div><\/div><\/div><div class=\"vc_row wpb_row vc_row-fluid\"><div class=\"wpb_column vc_column_container vc_col-sm-12\"><div class=\"vc_column-inner\"><div class=\"wpb_wrapper\">\n\t<div class=\"wpb_text_column wpb_content_element\" >\n\t\t<div class=\"wpb_wrapper\">\n\t\t\t<p style=\"text-align: left;\"><span style=\"color: #008b29;\"><strong>Navigator LM and Navigator LM HV<\/strong><\/span><\/p>\n\n\t\t<\/div>\n\t<\/div>\n<\/div><\/div><\/div><\/div><div class=\"vc_row wpb_row vc_row-fluid\"><div class=\"wpb_column vc_column_container vc_col-sm-3\"><div class=\"vc_column-inner\"><div class=\"wpb_wrapper\">\n\t<div  class=\"wpb_single_image wpb_content_element vc_align_center\">\n\t\t\n\t\t<figure class=\"wpb_wrapper vc_figure\">\n\t\t\t<div class=\"vc_single_image-wrapper   vc_box_border_grey\"><img loading=\"lazy\" decoding=\"async\" data-vc-zoom=\"https:\/\/electrisium.com\/wp-content\/uploads\/2023\/04\/Navigator-LM-Navigator-LM-HV-1.png\" class=\"vc_single_image-img\" src=\"https:\/\/electrisium.com\/wp-content\/uploads\/2023\/04\/Navigator-LM-Navigator-LM-HV-1-250x250.png\" width=\"250\" height=\"250\" alt=\"Navigator LM &amp; Navigator LM HV\" title=\"Navigator LM &amp; Navigator LM HV\"  data-dt-location=\"https:\/\/electrisium.com\/en\/products-and-solutions\/fault-indicators-for-overhead-lines\/attachment\/navigator-lm-navigator-lm-hv\/\" \/><\/div>\n\t\t<\/figure>\n\t<\/div>\n<\/div><\/div><\/div><div class=\"wpb_column vc_column_container vc_col-sm-9\"><div class=\"vc_column-inner\"><div class=\"wpb_wrapper\">\n\t<div class=\"wpb_text_column wpb_content_element\" >\n\t\t<div class=\"wpb_wrapper\">\n\t\t\t<p>The Navigator LM is a fault indicator designed for medium voltage overhead lines up to 46 kV while the Navigator LM HV is designed for high voltage overhead lines up to 161 kV. The indicator is provided with a self-adjusting load-dependent control of the trip current level. This function allows the indicator to continuously sample the load current on overhead lines and automatically set a corresponding trip value for fault detection as a function of the load current. The maximum load current sampled by the indicator, is kept in its memory for a period of at least 72 hours. Thus, the indicator is most favorably adapted to the network to be monitored, even if low load is currently present.<\/p>\n\n\t\t<\/div>\n\t<\/div>\n<div class=\"vc_row wpb_row vc_inner vc_row-fluid\"><div class=\"wpb_column vc_column_container vc_col-sm-6\"><div class=\"vc_column-inner\"><div class=\"wpb_wrapper\"><style>.vc_btn3-style-gradient-custom.vc_btn-gradient-btn-69eb307837927:hover{color: #ffffff;background-color: #5d6058;border: none;background-position: 100% 0;}<\/style><style>.vc_btn3-style-gradient-custom.vc_btn-gradient-btn-69eb307837927{color: #ffffff;border: none;background-color: #008b29;background-image: -webkit-linear-gradient(left, #008b29 0%, #5d6058 50%,#008b29 100%);background-image: linear-gradient(to right, #008b29 0%, #5d6058 50%,#008b29 100%);-webkit-transition: all .2s ease-in-out;transition: all .2s ease-in-out;background-size: 200% 100%;}<\/style><div class=\"vc_btn3-container vc_btn3-inline\" ><a data-vc-gradient-1=\"#008b29\" data-vc-gradient-2=\"#5d6058\" class=\"vc_general vc_btn3 vc_btn3-size-md vc_btn3-shape-rounded vc_btn3-style-gradient-custom vc_btn-gradient-btn-69eb307837927\" href=\"https:\/\/electrisium.com\/wp-content\/uploads\/2023\/04\/Horstmann_Katalog_englisch.pdf\" title=\"\" target=\"_blank\">Download the catalog<\/a><\/div><\/div><\/div><\/div><div class=\"wpb_column vc_column_container vc_col-sm-6\"><div class=\"vc_column-inner\"><div class=\"wpb_wrapper\"><style>.vc_btn3-style-gradient-custom.vc_btn-gradient-btn-69eb307837ad6:hover{color: #ffffff;background-color: #5d6058;border: none;background-position: 100% 0;}<\/style><style>.vc_btn3-style-gradient-custom.vc_btn-gradient-btn-69eb307837ad6{color: #ffffff;border: none;background-color: #008b29;background-image: -webkit-linear-gradient(left, #008b29 0%, #5d6058 50%,#008b29 100%);background-image: linear-gradient(to right, #008b29 0%, #5d6058 50%,#008b29 100%);-webkit-transition: all .2s ease-in-out;transition: all .2s ease-in-out;background-size: 200% 100%;}<\/style><div class=\"vc_btn3-container vc_btn3-inline\" ><a data-vc-gradient-1=\"#008b29\" data-vc-gradient-2=\"#5d6058\" class=\"vc_general vc_btn3 vc_btn3-size-md vc_btn3-shape-rounded vc_btn3-style-gradient-custom vc_btn-gradient-btn-69eb307837ad6\" href=\"https:\/\/electrisium.com\/wp-content\/uploads\/2023\/04\/Horstmann_matrix_overhead_lines.pdf\" title=\"\" target=\"_blank\">Download the comparison matrix<\/a><\/div><\/div><\/div><\/div><\/div><\/div><\/div><\/div><\/div><div class=\"vc_row wpb_row vc_row-fluid\"><div class=\"wpb_column vc_column_container vc_col-sm-12\"><div class=\"vc_column-inner\"><div class=\"wpb_wrapper\"><div class=\"vc_separator wpb_content_element vc_separator_align_center vc_sep_width_100 vc_sep_pos_align_center vc_separator_no_text\" ><span class=\"vc_sep_holder vc_sep_holder_l\"><span  style=\"border-color:#008b29;\" class=\"vc_sep_line\"><\/span><\/span><span class=\"vc_sep_holder vc_sep_holder_r\"><span  style=\"border-color:#008b29;\" class=\"vc_sep_line\"><\/span><\/span>\n<\/div><\/div><\/div><\/div><\/div><div class=\"vc_row wpb_row vc_row-fluid\"><div class=\"wpb_column vc_column_container vc_col-sm-12\"><div class=\"vc_column-inner\"><div class=\"wpb_wrapper\">\n\t<div class=\"wpb_text_column wpb_content_element\" >\n\t\t<div class=\"wpb_wrapper\">\n\t\t\t<p style=\"text-align: left;\"><span style=\"color: #008b29;\"><strong>Navigator LED + Flag<\/strong><\/span><\/p>\n\n\t\t<\/div>\n\t<\/div>\n<\/div><\/div><\/div><\/div><div class=\"vc_row wpb_row vc_row-fluid\"><div class=\"wpb_column vc_column_container vc_col-sm-3\"><div class=\"vc_column-inner\"><div class=\"wpb_wrapper\">\n\t<div  class=\"wpb_single_image wpb_content_element vc_align_center\">\n\t\t\n\t\t<figure class=\"wpb_wrapper vc_figure\">\n\t\t\t<div class=\"vc_single_image-wrapper   vc_box_border_grey\"><img loading=\"lazy\" decoding=\"async\" data-vc-zoom=\"https:\/\/electrisium.com\/wp-content\/uploads\/2023\/04\/Navigator-LED-Flag.png\" class=\"vc_single_image-img\" src=\"https:\/\/electrisium.com\/wp-content\/uploads\/2023\/04\/Navigator-LED-Flag-250x250.png\" width=\"250\" height=\"250\" alt=\"Navigator LED + Flag\" title=\"Navigator LED + Flag\"  data-dt-location=\"https:\/\/electrisium.com\/en\/products-and-solutions\/fault-indicators-for-overhead-lines\/attachment\/navigator-led-flag\/\" \/><\/div>\n\t\t<\/figure>\n\t<\/div>\n<\/div><\/div><\/div><div class=\"wpb_column vc_column_container vc_col-sm-9\"><div class=\"vc_column-inner\"><div class=\"wpb_wrapper\">\n\t<div class=\"wpb_text_column wpb_content_element\" >\n\t\t<div class=\"wpb_wrapper\">\n\t\t\t<p>The Navigator LED + Flag is a faulted circuit indicator for power distribution overhead lines. The faulted circuit indication is visualized by a large red flag in combination with LEDs. The Navigator LED + Flag has a load tracking characteristic. This means it constantly monitors the load current magnitude on the line and automatically adjusts its trip current level for a fault. The highest current sensed for at least 60 seconds will establish a trip point in memory and holds this value for 72 hours.<\/p>\n<p>The Navigator LED + Flag combines effectively the advantages of a blinking indicator (better visibility) at night and a mechanical flag for difficult to reach applications.<\/p>\n\n\t\t<\/div>\n\t<\/div>\n<div class=\"vc_row wpb_row vc_inner vc_row-fluid\"><div class=\"wpb_column vc_column_container vc_col-sm-6\"><div class=\"vc_column-inner\"><div class=\"wpb_wrapper\"><style>.vc_btn3-style-gradient-custom.vc_btn-gradient-btn-69eb3078387bd:hover{color: #ffffff;background-color: #5d6058;border: none;background-position: 100% 0;}<\/style><style>.vc_btn3-style-gradient-custom.vc_btn-gradient-btn-69eb3078387bd{color: #ffffff;border: none;background-color: #008b29;background-image: -webkit-linear-gradient(left, #008b29 0%, #5d6058 50%,#008b29 100%);background-image: linear-gradient(to right, #008b29 0%, #5d6058 50%,#008b29 100%);-webkit-transition: all .2s ease-in-out;transition: all .2s ease-in-out;background-size: 200% 100%;}<\/style><div class=\"vc_btn3-container vc_btn3-inline\" ><a data-vc-gradient-1=\"#008b29\" data-vc-gradient-2=\"#5d6058\" class=\"vc_general vc_btn3 vc_btn3-size-md vc_btn3-shape-rounded vc_btn3-style-gradient-custom vc_btn-gradient-btn-69eb3078387bd\" href=\"https:\/\/electrisium.com\/wp-content\/uploads\/2023\/04\/Horstmann_Katalog_englisch.pdf\" title=\"\" target=\"_blank\">Download the catalog<\/a><\/div><\/div><\/div><\/div><div class=\"wpb_column vc_column_container vc_col-sm-6\"><div class=\"vc_column-inner\"><div class=\"wpb_wrapper\"><style>.vc_btn3-style-gradient-custom.vc_btn-gradient-btn-69eb30783895f:hover{color: #ffffff;background-color: #5d6058;border: none;background-position: 100% 0;}<\/style><style>.vc_btn3-style-gradient-custom.vc_btn-gradient-btn-69eb30783895f{color: #ffffff;border: none;background-color: #008b29;background-image: -webkit-linear-gradient(left, #008b29 0%, #5d6058 50%,#008b29 100%);background-image: linear-gradient(to right, #008b29 0%, #5d6058 50%,#008b29 100%);-webkit-transition: all .2s ease-in-out;transition: all .2s ease-in-out;background-size: 200% 100%;}<\/style><div class=\"vc_btn3-container vc_btn3-inline\" ><a data-vc-gradient-1=\"#008b29\" data-vc-gradient-2=\"#5d6058\" class=\"vc_general vc_btn3 vc_btn3-size-md vc_btn3-shape-rounded vc_btn3-style-gradient-custom vc_btn-gradient-btn-69eb30783895f\" href=\"https:\/\/electrisium.com\/wp-content\/uploads\/2023\/04\/Horstmann_matrix_overhead_lines.pdf\" title=\"\" target=\"_blank\">Download the comparison matrix<\/a><\/div><\/div><\/div><\/div><\/div><\/div><\/div><\/div><\/div>","protected":false},"excerpt":{"rendered":"<p>Monitorizare pentru analiza re\u021belei electrice Smart Navigator 2.0 Smart Navigator 2.0 \u0219i Smart Navigator 2.0 HV pentru m\u0103surare de \u00eenalt\u0103 precizie \u0219i detectare inteligent\u0103 a defectelor Smart Navigator 2.0 este un indicator de defect conceput pentru linii aeriene de medie tensiune de p\u00e2n\u0103 la 69 kV, \u00een timp ce Smart Navigator 2.0 HV este proiectat&hellip;<\/p>","protected":false},"author":2,"featured_media":0,"parent":49,"menu_order":0,"comment_status":"closed","ping_status":"closed","template":"","meta":{"footnotes":""},"class_list":["post-583","page","type-page","status-publish","hentry","description-off"],"_links":{"self":[{"href":"https:\/\/electrisium.com\/en\/wp-json\/wp\/v2\/pages\/583","targetHints":{"allow":["GET"]}}],"collection":[{"href":"https:\/\/electrisium.com\/en\/wp-json\/wp\/v2\/pages"}],"about":[{"href":"https:\/\/electrisium.com\/en\/wp-json\/wp\/v2\/types\/page"}],"author":[{"embeddable":true,"href":"https:\/\/electrisium.com\/en\/wp-json\/wp\/v2\/users\/2"}],"replies":[{"embeddable":true,"href":"https:\/\/electrisium.com\/en\/wp-json\/wp\/v2\/comments?post=583"}],"version-history":[{"count":14,"href":"https:\/\/electrisium.com\/en\/wp-json\/wp\/v2\/pages\/583\/revisions"}],"predecessor-version":[{"id":760,"href":"https:\/\/electrisium.com\/en\/wp-json\/wp\/v2\/pages\/583\/revisions\/760"}],"up":[{"embeddable":true,"href":"https:\/\/electrisium.com\/en\/wp-json\/wp\/v2\/pages\/49"}],"wp:attachment":[{"href":"https:\/\/electrisium.com\/en\/wp-json\/wp\/v2\/media?parent=583"}],"curies":[{"name":"wp","href":"https:\/\/api.w.org\/{rel}","templated":true}]}}