{"id":556,"date":"2023-04-19T11:15:35","date_gmt":"2023-04-19T08:15:35","guid":{"rendered":"https:\/\/electrisium.com\/?page_id=556"},"modified":"2025-04-25T19:51:37","modified_gmt":"2025-04-25T16:51:37","slug":"beluk","status":"publish","type":"page","link":"https:\/\/electrisium.com\/en\/partners-and-suppliers\/beluk\/","title":{"rendered":"Beluk"},"content":{"rendered":"<div class=\"vc_row wpb_row vc_row-fluid\"><div class=\"wpb_column vc_column_container vc_col-sm-3\"><div class=\"vc_column-inner\"><div class=\"wpb_wrapper\">\n\t<div  class=\"wpb_single_image wpb_content_element vc_align_center\">\n\t\t\n\t\t<figure class=\"wpb_wrapper vc_figure\">\n\t\t\t<div class=\"vc_single_image-wrapper   vc_box_border_grey\"><img loading=\"lazy\" decoding=\"async\" class=\"vc_single_image-img\" src=\"https:\/\/electrisium.com\/wp-content\/uploads\/2025\/04\/BELUK.png\" width=\"1115\" height=\"224\" alt=\"BELUK\" title=\"BELUK\"  data-dt-location=\"https:\/\/electrisium.com\/en\/beluk-2\/\" \/><\/div>\n\t\t<\/figure>\n\t<\/div>\n<style>.vc_btn3-style-gradient-custom.vc_btn-gradient-btn-69d27a61ba00d:hover{color: #ffffff;background-color: #5d6058;border: none;background-position: 100% 0;}<\/style><style>.vc_btn3-style-gradient-custom.vc_btn-gradient-btn-69d27a61ba00d{color: #ffffff;border: none;background-color: #008b29;background-image: -webkit-linear-gradient(left, #008b29 0%, #5d6058 50%,#008b29 100%);background-image: linear-gradient(to right, #008b29 0%, #5d6058 50%,#008b29 100%);-webkit-transition: all .2s ease-in-out;transition: all .2s ease-in-out;background-size: 200% 100%;}<\/style><div class=\"vc_btn3-container vc_btn3-center\" ><a data-vc-gradient-1=\"#008b29\" data-vc-gradient-2=\"#5d6058\" class=\"vc_general vc_btn3 vc_btn3-size-md vc_btn3-shape-rounded vc_btn3-style-gradient-custom vc_btn3-block vc_btn-gradient-btn-69d27a61ba00d\" href=\"https:\/\/beluk.de\/?La=2\" title=\"\" target=\"_blank\">Visit the company's official website<\/a><\/div><\/div><\/div><\/div><div class=\"wpb_column vc_column_container vc_col-sm-9\"><div class=\"vc_column-inner\"><div class=\"wpb_wrapper\">\n\t<div class=\"wpb_text_column wpb_content_element\" >\n\t\t<div class=\"wpb_wrapper\">\n\t\t\t<p><strong>BELUK<\/strong> is pioneer and leading manufacturer in the area of power factor control. Since 1956 the company has been developing and manufacturing innovative, as well as robust products for this technologically complex field. Based on its extensive know-how, BELUK is offering proven standard components as well as tailored solutions designed to fit any specific requirement.<\/p>\n<p>The manufacturing organization has been set up following modern principles and methods to ensure a quick and cost-efficient production while also ensuring a constant high level of quality in accordance with its ISO 9001 certified quality management system.<\/p>\n<p>The current generation of innovative power factor controllers manufactured by BELUK, is the result of decades of continuous technological development. Being permanently on the latest technological level due to a continuous research and development, is a proof of BELUK\u2019s reliability which is constantly confirmed by a large number of their renowned customers all over the world. Since the beginning of the century, capacitor protection relays, power analyzers and thyristor switches have been added to BELUK\u2019s product portfolio.<\/p>\n\n\t\t<\/div>\n\t<\/div>\n<\/div><\/div><\/div><\/div><div class=\"vc_row wpb_row vc_row-fluid\"><div class=\"wpb_column vc_column_container vc_col-sm-12\"><div class=\"vc_column-inner\"><div class=\"wpb_wrapper\"><div class=\"vc_separator wpb_content_element vc_separator_align_center vc_sep_width_100 vc_sep_border_width_3 vc_sep_pos_align_center vc_separator-has-text\" ><span class=\"vc_sep_holder vc_sep_holder_l\"><span  style=\"border-color:#008b29;\" class=\"vc_sep_line\"><\/span><\/span><h4>Explore the company's products and solutions<\/h4><span class=\"vc_sep_holder vc_sep_holder_r\"><span  style=\"border-color:#008b29;\" class=\"vc_sep_line\"><\/span><\/span>\n<\/div><\/div><\/div><\/div><\/div><div class=\"vc_row wpb_row vc_row-fluid\"><div class=\"wpb_column vc_column_container vc_col-sm-3\"><div class=\"vc_column-inner vc_custom_1682170482819\"><div class=\"wpb_wrapper\"><style type=\"text\/css\" data-type=\"the7_shortcodes-inline-css\">.shortcode-single-image-wrap.shortcode-single-image-4ecbc6af30f6ace5796255a1726ff4f8.enable-bg-rollover .rollover i,\n.shortcode-single-image-wrap.shortcode-single-image-4ecbc6af30f6ace5796255a1726ff4f8.enable-bg-rollover .rollover-video i {\n  background: -webkit-linear-gradient();\n  background: linear-gradient();\n}\n.shortcode-single-image-wrap.shortcode-single-image-4ecbc6af30f6ace5796255a1726ff4f8 .rollover-icon {\n  font-size: 32px;\n  color: #ffffff;\n  min-width: 44px;\n  min-height: 44px;\n  line-height: 44px;\n  border-radius: 100px;\n  border-style: solid;\n  border-width: 0px;\n}\n.dt-icon-bg-on.shortcode-single-image-wrap.shortcode-single-image-4ecbc6af30f6ace5796255a1726ff4f8 .rollover-icon {\n  background: rgba(255,255,255,0.3);\n  box-shadow: none;\n}\n<\/style><div class=\"shortcode-single-image-wrap shortcode-single-image-4ecbc6af30f6ace5796255a1726ff4f8 alignnone caption-on  enable-bg-rollover dt-icon-bg-off\" style=\"margin-top:0px; margin-bottom:0px; margin-left:0px; margin-right:0px; width:250px;\"><div class=\"shortcode-single-image\"><div class=\"fancy-media-wrap\" style=\"\"><a href=\"https:\/\/electrisium.com\/en\/products-and-solutions\/power-factor-controllers\/\" class=\"layzr-bg rollover\" style=\"\" aria-label=\"Image\"><img loading=\"lazy\" decoding=\"async\" class=\"preload-me lazy-load\" src=\"data:image\/svg+xml,%3Csvg%20xmlns%3D&#39;http%3A%2F%2Fwww.w3.org%2F2000%2Fsvg&#39;%20viewBox%3D&#39;0%200%20250%20250&#39;%2F%3E\" data-src=\"https:\/\/electrisium.com\/wp-content\/uploads\/2025\/04\/Controlere-pentru-factorul-de-putere-250x250.png\" data-srcset=\"https:\/\/electrisium.com\/wp-content\/uploads\/2025\/04\/Controlere-pentru-factorul-de-putere-250x250.png 250w, https:\/\/electrisium.com\/wp-content\/uploads\/2025\/04\/Controlere-pentru-factorul-de-putere-500x500.png 500w\" width=\"250\" height=\"250\"  data-dt-location=\"https:\/\/electrisium.com\/en\/controlere-pentru-factorul-de-putere-2\/\" alt=\"\" \/><\/a><\/div><\/div><div class=\"shortcode-single-caption\">Power factor controllers<\/div><\/div><\/div><\/div><\/div><div class=\"wpb_column vc_column_container vc_col-sm-3\"><div class=\"vc_column-inner\"><div class=\"wpb_wrapper\"><style type=\"text\/css\" data-type=\"the7_shortcodes-inline-css\">.shortcode-single-image-wrap.shortcode-single-image-2fe460661b59bc301aabae2f9dd1b357.enable-bg-rollover .rollover i,\n.shortcode-single-image-wrap.shortcode-single-image-2fe460661b59bc301aabae2f9dd1b357.enable-bg-rollover .rollover-video i {\n  background: -webkit-linear-gradient();\n  background: linear-gradient();\n}\n.shortcode-single-image-wrap.shortcode-single-image-2fe460661b59bc301aabae2f9dd1b357 .rollover-icon {\n  font-size: 32px;\n  color: #ffffff;\n  min-width: 44px;\n  min-height: 44px;\n  line-height: 44px;\n  border-radius: 100px;\n  border-style: solid;\n  border-width: 0px;\n}\n.dt-icon-bg-on.shortcode-single-image-wrap.shortcode-single-image-2fe460661b59bc301aabae2f9dd1b357 .rollover-icon {\n  background: rgba(255,255,255,0.3);\n  box-shadow: none;\n}\n<\/style><div class=\"shortcode-single-image-wrap shortcode-single-image-2fe460661b59bc301aabae2f9dd1b357 alignnone caption-on  enable-bg-rollover dt-icon-bg-off\" style=\"margin-top:0px; margin-bottom:0px; margin-left:0px; margin-right:0px; width:250px;\"><div class=\"shortcode-single-image\"><div class=\"fancy-media-wrap\" style=\"\"><a href=\"https:\/\/electrisium.com\/en\/products-and-solutions\/protection-relays-for-capacitor-banks\/\" class=\"layzr-bg rollover\" style=\"\" aria-label=\"Image\"><img loading=\"lazy\" decoding=\"async\" class=\"preload-me lazy-load\" src=\"data:image\/svg+xml,%3Csvg%20xmlns%3D&#39;http%3A%2F%2Fwww.w3.org%2F2000%2Fsvg&#39;%20viewBox%3D&#39;0%200%20250%20250&#39;%2F%3E\" data-src=\"https:\/\/electrisium.com\/wp-content\/uploads\/2025\/04\/Relee-de-protectie-pentru-baterii-de-condensatoare-1-250x250.png\" data-srcset=\"https:\/\/electrisium.com\/wp-content\/uploads\/2025\/04\/Relee-de-protectie-pentru-baterii-de-condensatoare-1-250x250.png 250w, https:\/\/electrisium.com\/wp-content\/uploads\/2025\/04\/Relee-de-protectie-pentru-baterii-de-condensatoare-1-500x500.png 500w\" width=\"250\" height=\"250\"  data-dt-location=\"https:\/\/electrisium.com\/en\/relee-de-protectie-pentru-baterii-de-condensatoare-2\/\" alt=\"\" \/><\/a><\/div><\/div><div class=\"shortcode-single-caption\">Protection relays for capacitor banks<\/div><\/div><\/div><\/div><\/div><div class=\"wpb_column vc_column_container vc_col-sm-3\"><div class=\"vc_column-inner\"><div class=\"wpb_wrapper\"><\/div><\/div><\/div><div class=\"wpb_column vc_column_container vc_col-sm-3\"><div class=\"vc_column-inner\"><div class=\"wpb_wrapper\"><\/div><\/div><\/div><\/div><div class=\"vc_row wpb_row vc_row-fluid\"><div class=\"wpb_column vc_column_container vc_col-sm-3\"><div class=\"vc_column-inner\"><div class=\"wpb_wrapper\"><\/div><\/div><\/div><div class=\"wpb_column vc_column_container vc_col-sm-3\"><div class=\"vc_column-inner\"><div class=\"wpb_wrapper\"><\/div><\/div><\/div><div class=\"wpb_column vc_column_container vc_col-sm-3\"><div class=\"vc_column-inner\"><div class=\"wpb_wrapper\"><\/div><\/div><\/div><div class=\"wpb_column vc_column_container vc_col-sm-3\"><div class=\"vc_column-inner\"><div class=\"wpb_wrapper\"><\/div><\/div><\/div><\/div>","protected":false},"excerpt":{"rendered":"<p>Vizita\u021bi website-ul oficial al companiei BELUK este pionier \u0219i produc\u0103tor lider \u00een domeniul controlului factorului de putere. Din 1956 compania dezvolt\u0103 \u0219i fabric\u0103 produse inovatoare, precum \u0219i robuste pentru acest domeniu tehnologic complex. Pe baza know-how-ului s\u0103u vast, BELUK ofer\u0103 componente standard dovedite, precum \u0219i solu\u021bii personalizate concepute pentru a se potrivi oric\u0103rei cerin\u021be specifice.&hellip;<\/p>","protected":false},"author":2,"featured_media":0,"parent":51,"menu_order":0,"comment_status":"closed","ping_status":"closed","template":"","meta":{"footnotes":""},"class_list":["post-556","page","type-page","status-publish","hentry","description-off"],"_links":{"self":[{"href":"https:\/\/electrisium.com\/en\/wp-json\/wp\/v2\/pages\/556","targetHints":{"allow":["GET"]}}],"collection":[{"href":"https:\/\/electrisium.com\/en\/wp-json\/wp\/v2\/pages"}],"about":[{"href":"https:\/\/electrisium.com\/en\/wp-json\/wp\/v2\/types\/page"}],"author":[{"embeddable":true,"href":"https:\/\/electrisium.com\/en\/wp-json\/wp\/v2\/users\/2"}],"replies":[{"embeddable":true,"href":"https:\/\/electrisium.com\/en\/wp-json\/wp\/v2\/comments?post=556"}],"version-history":[{"count":12,"href":"https:\/\/electrisium.com\/en\/wp-json\/wp\/v2\/pages\/556\/revisions"}],"predecessor-version":[{"id":1944,"href":"https:\/\/electrisium.com\/en\/wp-json\/wp\/v2\/pages\/556\/revisions\/1944"}],"up":[{"embeddable":true,"href":"https:\/\/electrisium.com\/en\/wp-json\/wp\/v2\/pages\/51"}],"wp:attachment":[{"href":"https:\/\/electrisium.com\/en\/wp-json\/wp\/v2\/media?parent=556"}],"curies":[{"name":"wp","href":"https:\/\/api.w.org\/{rel}","templated":true}]}}