{"id":552,"date":"2023-04-19T11:01:06","date_gmt":"2023-04-19T08:01:06","guid":{"rendered":"https:\/\/electrisium.com\/?page_id=552"},"modified":"2025-08-10T10:57:22","modified_gmt":"2025-08-10T07:57:22","slug":"comar-condensatori","status":"publish","type":"page","link":"https:\/\/electrisium.com\/en\/partners-and-suppliers\/comar-condensatori\/","title":{"rendered":"Comar Condensatori"},"content":{"rendered":"<div class=\"vc_row wpb_row vc_row-fluid\"><div class=\"wpb_column vc_column_container vc_col-sm-3\"><div class=\"vc_column-inner\"><div class=\"wpb_wrapper\">\n\t<div  class=\"wpb_single_image wpb_content_element vc_align_center\">\n\t\t\n\t\t<figure class=\"wpb_wrapper vc_figure\">\n\t\t\t<div class=\"vc_single_image-wrapper   vc_box_border_grey\"><img loading=\"lazy\" decoding=\"async\" class=\"vc_single_image-img\" src=\"https:\/\/electrisium.com\/wp-content\/uploads\/2023\/04\/COMAR-1200x350.png\" width=\"1200\" height=\"350\" alt=\"COMAR\" title=\"COMAR\"  data-dt-location=\"https:\/\/electrisium.com\/en\/partners-and-suppliers\/attachment\/comar\/\" \/><\/div>\n\t\t<\/figure>\n\t<\/div>\n<style>.vc_btn3-style-gradient-custom.vc_btn-gradient-btn-69db164e4f720:hover{color: #ffffff;background-color: #5d6058;border: none;background-position: 100% 0;}<\/style><style>.vc_btn3-style-gradient-custom.vc_btn-gradient-btn-69db164e4f720{color: #ffffff;border: none;background-color: #008b29;background-image: -webkit-linear-gradient(left, #008b29 0%, #5d6058 50%,#008b29 100%);background-image: linear-gradient(to right, #008b29 0%, #5d6058 50%,#008b29 100%);-webkit-transition: all .2s ease-in-out;transition: all .2s ease-in-out;background-size: 200% 100%;}<\/style><div class=\"vc_btn3-container vc_btn3-center\" ><a data-vc-gradient-1=\"#008b29\" data-vc-gradient-2=\"#5d6058\" class=\"vc_general vc_btn3 vc_btn3-size-md vc_btn3-shape-rounded vc_btn3-style-gradient-custom vc_btn3-block vc_btn-gradient-btn-69db164e4f720\" href=\"https:\/\/www.comarcond.com\/en\/\" title=\"\" target=\"_blank\">Visit the company's official website<\/a><\/div><\/div><\/div><\/div><div class=\"wpb_column vc_column_container vc_col-sm-9\"><div class=\"vc_column-inner\"><div class=\"wpb_wrapper\">\n\t<div class=\"wpb_text_column wpb_content_element\" >\n\t\t<div class=\"wpb_wrapper\">\n\t\t\t<p>The Italian company <strong>COMAR Condensatori S.p.A.<\/strong> was founded in 1968 as a manufacturer of single-phase capacitors. Over the years, this manufacturer has acquired the experience and know-how that made it a leader in the sector for the production of single-phase and three-phase capacitors, as well as an international point of reference for power factor correction systems for low and medium voltage. Since 2000, the firm has focused on power quality solutions, so as to optimize the efficiency of electrical utilities, both through the reactive energy compensation and the reduction of harmonic content.<\/p>\n<p>COMAR provides standard products, as well as tailor-made solutions, depending on the needs of the customer. Installers, design companies and end users find answers to their needs regarding both the correction of the power factor and the reduction of harmonics in electrical networks.<\/p>\n<p>Strengthened by the value that Made in Italy represents, COMAR make deliveries in over 90 countries worldwide, thanks to a sales network that guarantees the availability of COMAR solutions for power factor correction on every continent.<\/p>\n\n\t\t<\/div>\n\t<\/div>\n<\/div><\/div><\/div><\/div><div class=\"vc_row wpb_row vc_row-fluid\"><div class=\"wpb_column vc_column_container vc_col-sm-12\"><div class=\"vc_column-inner\"><div class=\"wpb_wrapper\"><div class=\"vc_separator wpb_content_element vc_separator_align_center vc_sep_width_100 vc_sep_border_width_3 vc_sep_pos_align_center vc_separator-has-text\" ><span class=\"vc_sep_holder vc_sep_holder_l\"><span  style=\"border-color:#008b29;\" class=\"vc_sep_line\"><\/span><\/span><h4>Explore the company's products and solutions<\/h4><span class=\"vc_sep_holder vc_sep_holder_r\"><span  style=\"border-color:#008b29;\" class=\"vc_sep_line\"><\/span><\/span>\n<\/div><\/div><\/div><\/div><\/div><div class=\"vc_row wpb_row vc_row-fluid\"><div class=\"wpb_column vc_column_container vc_col-sm-3\"><div class=\"vc_column-inner vc_custom_1682170578257\"><div class=\"wpb_wrapper\"><style type=\"text\/css\" data-type=\"the7_shortcodes-inline-css\">.shortcode-single-image-wrap.shortcode-single-image-28d8ab39034c402d25d7d6b161585d30.enable-bg-rollover .rollover i,\n.shortcode-single-image-wrap.shortcode-single-image-28d8ab39034c402d25d7d6b161585d30.enable-bg-rollover .rollover-video i {\n  background: -webkit-linear-gradient();\n  background: linear-gradient();\n}\n.shortcode-single-image-wrap.shortcode-single-image-28d8ab39034c402d25d7d6b161585d30 .rollover-icon {\n  font-size: 32px;\n  color: #ffffff;\n  min-width: 44px;\n  min-height: 44px;\n  line-height: 44px;\n  border-radius: 100px;\n  border-style: solid;\n  border-width: 0px;\n}\n.dt-icon-bg-on.shortcode-single-image-wrap.shortcode-single-image-28d8ab39034c402d25d7d6b161585d30 .rollover-icon {\n  background: rgba(255,255,255,0.3);\n  box-shadow: none;\n}\n<\/style><div class=\"shortcode-single-image-wrap shortcode-single-image-28d8ab39034c402d25d7d6b161585d30 alignnone caption-on  enable-bg-rollover dt-icon-bg-off\" style=\"margin-top:0px; margin-bottom:0px; margin-left:0px; margin-right:0px; width:250px;\"><div class=\"shortcode-single-image\"><div class=\"fancy-media-wrap\" style=\"\"><a href=\"https:\/\/electrisium.com\/en\/products-and-solutions\/power-factor-correction-at-low-voltage\/\" class=\"layzr-bg rollover\" style=\"\" aria-label=\"Image\"><img loading=\"lazy\" decoding=\"async\" class=\"preload-me lazy-load\" src=\"data:image\/svg+xml,%3Csvg%20xmlns%3D&#39;http%3A%2F%2Fwww.w3.org%2F2000%2Fsvg&#39;%20viewBox%3D&#39;0%200%20250%20250&#39;%2F%3E\" data-src=\"https:\/\/electrisium.com\/wp-content\/uploads\/2023\/04\/Corectia-factorului-de-putere-la-joasa-tensiune-250x250.png\" data-srcset=\"https:\/\/electrisium.com\/wp-content\/uploads\/2023\/04\/Corectia-factorului-de-putere-la-joasa-tensiune-250x250.png 250w, https:\/\/electrisium.com\/wp-content\/uploads\/2023\/04\/Corectia-factorului-de-putere-la-joasa-tensiune-500x500.png 500w\" width=\"250\" height=\"250\"  data-dt-location=\"https:\/\/electrisium.com\/en\/acasa\/attachment\/corectia-factorului-de-putere-la-joasa-tensiune\/\" alt=\"\" \/><\/a><\/div><\/div><div class=\"shortcode-single-caption\">Power factor correction at low voltage<\/div><\/div><\/div><\/div><\/div><div class=\"wpb_column vc_column_container vc_col-sm-3\"><div class=\"vc_column-inner vc_custom_1682170587647\"><div class=\"wpb_wrapper\"><style type=\"text\/css\" data-type=\"the7_shortcodes-inline-css\">.shortcode-single-image-wrap.shortcode-single-image-99c002901a4266ff39f92348859c517b.enable-bg-rollover .rollover i,\n.shortcode-single-image-wrap.shortcode-single-image-99c002901a4266ff39f92348859c517b.enable-bg-rollover .rollover-video i {\n  background: -webkit-linear-gradient();\n  background: linear-gradient();\n}\n.shortcode-single-image-wrap.shortcode-single-image-99c002901a4266ff39f92348859c517b .rollover-icon {\n  font-size: 32px;\n  color: #ffffff;\n  min-width: 44px;\n  min-height: 44px;\n  line-height: 44px;\n  border-radius: 100px;\n  border-style: solid;\n  border-width: 0px;\n}\n.dt-icon-bg-on.shortcode-single-image-wrap.shortcode-single-image-99c002901a4266ff39f92348859c517b .rollover-icon {\n  background: rgba(255,255,255,0.3);\n  box-shadow: none;\n}\n<\/style><div class=\"shortcode-single-image-wrap shortcode-single-image-99c002901a4266ff39f92348859c517b alignnone caption-on  enable-bg-rollover dt-icon-bg-off\" style=\"margin-top:0px; margin-bottom:0px; margin-left:0px; margin-right:0px; width:250px;\"><div class=\"shortcode-single-image\"><div class=\"fancy-media-wrap\" style=\"\"><a href=\"https:\/\/electrisium.com\/en\/products-and-solutions\/power-factor-correction-at-medium-voltage\/\" class=\"layzr-bg rollover\" style=\"\" aria-label=\"Image\"><img loading=\"lazy\" decoding=\"async\" class=\"preload-me lazy-load\" src=\"data:image\/svg+xml,%3Csvg%20xmlns%3D&#39;http%3A%2F%2Fwww.w3.org%2F2000%2Fsvg&#39;%20viewBox%3D&#39;0%200%20250%20250&#39;%2F%3E\" data-src=\"https:\/\/electrisium.com\/wp-content\/uploads\/2023\/04\/Corectia-factorului-de-putere-la-medie-tensiune-250x250.png\" data-srcset=\"https:\/\/electrisium.com\/wp-content\/uploads\/2023\/04\/Corectia-factorului-de-putere-la-medie-tensiune-250x250.png 250w, https:\/\/electrisium.com\/wp-content\/uploads\/2023\/04\/Corectia-factorului-de-putere-la-medie-tensiune-500x500.png 500w\" width=\"250\" height=\"250\"  data-dt-location=\"https:\/\/electrisium.com\/en\/acasa\/attachment\/corectia-factorului-de-putere-la-medie-tensiune\/\" alt=\"\" \/><\/a><\/div><\/div><div class=\"shortcode-single-caption\">Power factor correction at medium voltage<\/div><\/div><\/div><\/div><\/div><div class=\"wpb_column vc_column_container vc_col-sm-3\"><div class=\"vc_column-inner\"><div class=\"wpb_wrapper\"><style type=\"text\/css\" data-type=\"the7_shortcodes-inline-css\">.shortcode-single-image-wrap.shortcode-single-image-093135255c767cbb819cf1de84f7ecea.enable-bg-rollover .rollover i,\n.shortcode-single-image-wrap.shortcode-single-image-093135255c767cbb819cf1de84f7ecea.enable-bg-rollover .rollover-video i {\n  background: -webkit-linear-gradient();\n  background: linear-gradient();\n}\n.shortcode-single-image-wrap.shortcode-single-image-093135255c767cbb819cf1de84f7ecea .rollover-icon {\n  font-size: 32px;\n  color: #ffffff;\n  min-width: 44px;\n  min-height: 44px;\n  line-height: 44px;\n  border-radius: 100px;\n  border-style: solid;\n  border-width: 0px;\n}\n.dt-icon-bg-on.shortcode-single-image-wrap.shortcode-single-image-093135255c767cbb819cf1de84f7ecea .rollover-icon {\n  background: rgba(255,255,255,0.3);\n  box-shadow: none;\n}\n<\/style><div class=\"shortcode-single-image-wrap shortcode-single-image-093135255c767cbb819cf1de84f7ecea alignnone caption-on  enable-bg-rollover dt-icon-bg-off\" style=\"margin-top:0px; margin-bottom:0px; margin-left:0px; margin-right:0px; width:250px;\"><div class=\"shortcode-single-image\"><div class=\"fancy-media-wrap\" style=\"\"><a href=\"https:\/\/electrisium.com\/en\/products-and-solutions\/static-var-generators\/\" class=\"layzr-bg rollover\" style=\"\" aria-label=\"Image\"><img loading=\"lazy\" decoding=\"async\" class=\"preload-me lazy-load\" src=\"data:image\/svg+xml,%3Csvg%20xmlns%3D&#39;http%3A%2F%2Fwww.w3.org%2F2000%2Fsvg&#39;%20viewBox%3D&#39;0%200%20250%20250&#39;%2F%3E\" data-src=\"https:\/\/electrisium.com\/wp-content\/uploads\/2025\/08\/Compensatoare-VAr-statice-250x250.png\" data-srcset=\"https:\/\/electrisium.com\/wp-content\/uploads\/2025\/08\/Compensatoare-VAr-statice-250x250.png 250w, https:\/\/electrisium.com\/wp-content\/uploads\/2025\/08\/Compensatoare-VAr-statice-500x500.png 500w\" width=\"250\" height=\"250\"  data-dt-location=\"https:\/\/electrisium.com\/en\/compensatoare-var-statice\/\" alt=\"\" \/><\/a><\/div><\/div><div class=\"shortcode-single-caption\">Static VAr generators<\/div><\/div><\/div><\/div><\/div><div class=\"wpb_column vc_column_container vc_col-sm-3\"><div class=\"vc_column-inner\"><div class=\"wpb_wrapper\"><style type=\"text\/css\" data-type=\"the7_shortcodes-inline-css\">.shortcode-single-image-wrap.shortcode-single-image-75b7b55670c0a62d5c3b29f2e5073e3e.enable-bg-rollover .rollover i,\n.shortcode-single-image-wrap.shortcode-single-image-75b7b55670c0a62d5c3b29f2e5073e3e.enable-bg-rollover .rollover-video i {\n  background: -webkit-linear-gradient();\n  background: linear-gradient();\n}\n.shortcode-single-image-wrap.shortcode-single-image-75b7b55670c0a62d5c3b29f2e5073e3e .rollover-icon {\n  font-size: 32px;\n  color: #ffffff;\n  min-width: 44px;\n  min-height: 44px;\n  line-height: 44px;\n  border-radius: 100px;\n  border-style: solid;\n  border-width: 0px;\n}\n.dt-icon-bg-on.shortcode-single-image-wrap.shortcode-single-image-75b7b55670c0a62d5c3b29f2e5073e3e .rollover-icon {\n  background: rgba(255,255,255,0.3);\n  box-shadow: none;\n}\n<\/style><div class=\"shortcode-single-image-wrap shortcode-single-image-75b7b55670c0a62d5c3b29f2e5073e3e alignnone caption-on  enable-bg-rollover dt-icon-bg-off\" style=\"margin-top:0px; margin-bottom:0px; margin-left:0px; margin-right:0px; width:250px;\"><div class=\"shortcode-single-image\"><div class=\"fancy-media-wrap\" style=\"\"><a href=\"https:\/\/electrisium.com\/en\/products-and-solutions\/active-or-passive-harmonic-filters\/\" class=\"layzr-bg rollover\" style=\"\" aria-label=\"Image\"><img loading=\"lazy\" decoding=\"async\" class=\"preload-me lazy-load\" src=\"data:image\/svg+xml,%3Csvg%20xmlns%3D&#39;http%3A%2F%2Fwww.w3.org%2F2000%2Fsvg&#39;%20viewBox%3D&#39;0%200%20250%20250&#39;%2F%3E\" data-src=\"https:\/\/electrisium.com\/wp-content\/uploads\/2023\/04\/Filtre-de-armonici-active-sau-pasive-250x250.png\" data-srcset=\"https:\/\/electrisium.com\/wp-content\/uploads\/2023\/04\/Filtre-de-armonici-active-sau-pasive-250x250.png 250w, https:\/\/electrisium.com\/wp-content\/uploads\/2023\/04\/Filtre-de-armonici-active-sau-pasive-500x500.png 500w\" width=\"250\" height=\"250\"  data-dt-location=\"https:\/\/electrisium.com\/en\/acasa\/attachment\/filtre-de-armonici-active-sau-pasive\/\" alt=\"\" \/><\/a><\/div><\/div><div class=\"shortcode-single-caption\">Active or passive harmonic filters<\/div><\/div><\/div><\/div><\/div><\/div><div class=\"vc_row wpb_row vc_row-fluid\"><div class=\"wpb_column vc_column_container vc_col-sm-3\"><div class=\"vc_column-inner\"><div class=\"wpb_wrapper\"><\/div><\/div><\/div><div class=\"wpb_column vc_column_container vc_col-sm-3\"><div class=\"vc_column-inner\"><div class=\"wpb_wrapper\"><\/div><\/div><\/div><div class=\"wpb_column vc_column_container vc_col-sm-3\"><div class=\"vc_column-inner\"><div class=\"wpb_wrapper\"><\/div><\/div><\/div><div class=\"wpb_column vc_column_container vc_col-sm-3\"><div class=\"vc_column-inner\"><div class=\"wpb_wrapper\"><\/div><\/div><\/div><\/div>","protected":false},"excerpt":{"rendered":"<p>Vizita\u021bi website-ul oficial al companiei Compania italian\u0103 COMAR Condensatori S.p.A. a fost \u00eenfiin\u021bat\u0103 \u00een anul 1968 ca produc\u0103tor de condensatoare monofazate. De-a lungul anilor, acest produc\u0103tor a dob\u00e2ndit experien\u021ba \u0219i know-how-ul care l-au f\u0103cut lider \u00een sectorul produc\u021biei de condensatoare monofazate \u0219i trifazate, precum \u0219i un punct de referin\u021b\u0103 interna\u021bional pentru sistemele de corec\u021bie a&hellip;<\/p>","protected":false},"author":2,"featured_media":0,"parent":51,"menu_order":0,"comment_status":"closed","ping_status":"closed","template":"","meta":{"footnotes":""},"class_list":["post-552","page","type-page","status-publish","hentry","description-off"],"_links":{"self":[{"href":"https:\/\/electrisium.com\/en\/wp-json\/wp\/v2\/pages\/552","targetHints":{"allow":["GET"]}}],"collection":[{"href":"https:\/\/electrisium.com\/en\/wp-json\/wp\/v2\/pages"}],"about":[{"href":"https:\/\/electrisium.com\/en\/wp-json\/wp\/v2\/types\/page"}],"author":[{"embeddable":true,"href":"https:\/\/electrisium.com\/en\/wp-json\/wp\/v2\/users\/2"}],"replies":[{"embeddable":true,"href":"https:\/\/electrisium.com\/en\/wp-json\/wp\/v2\/comments?post=552"}],"version-history":[{"count":12,"href":"https:\/\/electrisium.com\/en\/wp-json\/wp\/v2\/pages\/552\/revisions"}],"predecessor-version":[{"id":2015,"href":"https:\/\/electrisium.com\/en\/wp-json\/wp\/v2\/pages\/552\/revisions\/2015"}],"up":[{"embeddable":true,"href":"https:\/\/electrisium.com\/en\/wp-json\/wp\/v2\/pages\/51"}],"wp:attachment":[{"href":"https:\/\/electrisium.com\/en\/wp-json\/wp\/v2\/media?parent=552"}],"curies":[{"name":"wp","href":"https:\/\/api.w.org\/{rel}","templated":true}]}}