{"id":544,"date":"2023-04-19T10:33:30","date_gmt":"2023-04-19T07:33:30","guid":{"rendered":"https:\/\/electrisium.com\/?page_id=544"},"modified":"2023-04-22T16:42:38","modified_gmt":"2023-04-22T13:42:38","slug":"j-schneider-elektrotechnik","status":"publish","type":"page","link":"https:\/\/electrisium.com\/en\/partners-and-suppliers\/j-schneider-elektrotechnik\/","title":{"rendered":"J. Schneider Elektrotechnik"},"content":{"rendered":"<div class=\"vc_row wpb_row vc_row-fluid\"><div class=\"wpb_column vc_column_container vc_col-sm-3\"><div class=\"vc_column-inner\"><div class=\"wpb_wrapper\">\n\t<div  class=\"wpb_single_image wpb_content_element vc_align_center\">\n\t\t\n\t\t<figure class=\"wpb_wrapper vc_figure\">\n\t\t\t<div class=\"vc_single_image-wrapper   vc_box_border_grey\"><img loading=\"lazy\" decoding=\"async\" class=\"vc_single_image-img\" src=\"https:\/\/electrisium.com\/wp-content\/uploads\/2023\/04\/Logo-J.-Schneider-Elektrotechnik.png\" width=\"955\" height=\"854\" alt=\"J. Schneider Elektrotechnik\" title=\"J. Schneider Elektrotechnik\"  data-dt-location=\"https:\/\/electrisium.com\/en\/partners-and-suppliers\/attachment\/logo-j-schneider-elektrotechnik\/\" \/><\/div>\n\t\t<\/figure>\n\t<\/div>\n<style>.vc_btn3-style-gradient-custom.vc_btn-gradient-btn-69ed838435df3:hover{color: #ffffff;background-color: #5d6058;border: none;background-position: 100% 0;}<\/style><style>.vc_btn3-style-gradient-custom.vc_btn-gradient-btn-69ed838435df3{color: #ffffff;border: none;background-color: #008b29;background-image: -webkit-linear-gradient(left, #008b29 0%, #5d6058 50%,#008b29 100%);background-image: linear-gradient(to right, #008b29 0%, #5d6058 50%,#008b29 100%);-webkit-transition: all .2s ease-in-out;transition: all .2s ease-in-out;background-size: 200% 100%;}<\/style><div class=\"vc_btn3-container vc_btn3-center\" ><a data-vc-gradient-1=\"#008b29\" data-vc-gradient-2=\"#5d6058\" class=\"vc_general vc_btn3 vc_btn3-size-md vc_btn3-shape-rounded vc_btn3-style-gradient-custom vc_btn3-block vc_btn-gradient-btn-69ed838435df3\" href=\"https:\/\/www.j-schneider.de\/en\/\" title=\"\" target=\"_blank\">Visit the company's official website<\/a><\/div><\/div><\/div><\/div><div class=\"wpb_column vc_column_container vc_col-sm-9\"><div class=\"vc_column-inner\"><div class=\"wpb_wrapper\">\n\t<div class=\"wpb_text_column wpb_content_element\" >\n\t\t<div class=\"wpb_wrapper\">\n\t\t\t<p>Founded in 1939, the company <strong>J. Schneider Elektrotechnik<\/strong> has become today, through research and development, one of the most important suppliers of industrial power supplies, active at the international level. For J. Schneider Elektrotechnik, customer requests are always at the center of attention in order to develop high-quality products, and knowing the applications for which the products will be used, makes possible the development of innovative solutions.<\/p>\n<p>The German company develops and manufactures uninterruptible power supplies (UPS systems) relying in their construction on ultracapacitors for short-term buffering or on battery systems for longer powering periods. The power supplies from J. Schneider Elektrotechnik are available in a wide range, from small DIN rail mounting ones having a few VA up to big ones in cabinets or in wall-mounted enclosures having thousands of kVA, adapted according to the application type and its requirements.<\/p>\n<p>J. Schneider Elektrotechnik products and solutions are indispensable for applications where it is very important that the power supply is safe and constant, to compensate for the voltage fluctuations in the network or to reduce the load peaks. The product portfolio also includes switching power supplies, chargers for ultracapacitors and batteries, as well as dedicated accessories and management software.<\/p>\n\n\t\t<\/div>\n\t<\/div>\n<\/div><\/div><\/div><\/div><div class=\"vc_row wpb_row vc_row-fluid\"><div class=\"wpb_column vc_column_container vc_col-sm-12\"><div class=\"vc_column-inner\"><div class=\"wpb_wrapper\"><div class=\"vc_separator wpb_content_element vc_separator_align_center vc_sep_width_100 vc_sep_border_width_3 vc_sep_pos_align_center vc_separator-has-text\" ><span class=\"vc_sep_holder vc_sep_holder_l\"><span  style=\"border-color:#008b29;\" class=\"vc_sep_line\"><\/span><\/span><h4>Explore the company's products and solutions<\/h4><span class=\"vc_sep_holder vc_sep_holder_r\"><span  style=\"border-color:#008b29;\" class=\"vc_sep_line\"><\/span><\/span>\n<\/div><\/div><\/div><\/div><\/div><div class=\"vc_row wpb_row vc_row-fluid\"><div class=\"wpb_column vc_column_container vc_col-sm-3\"><div class=\"vc_column-inner vc_custom_1682170954535\"><div class=\"wpb_wrapper\"><style type=\"text\/css\" data-type=\"the7_shortcodes-inline-css\">.shortcode-single-image-wrap.shortcode-single-image-2d6d332412643ac70a78b9abc5802b28.enable-bg-rollover .rollover i,\n.shortcode-single-image-wrap.shortcode-single-image-2d6d332412643ac70a78b9abc5802b28.enable-bg-rollover .rollover-video i {\n  background: -webkit-linear-gradient();\n  background: linear-gradient();\n}\n.shortcode-single-image-wrap.shortcode-single-image-2d6d332412643ac70a78b9abc5802b28 .rollover-icon {\n  font-size: 32px;\n  color: #ffffff;\n  min-width: 44px;\n  min-height: 44px;\n  line-height: 44px;\n  border-radius: 100px;\n  border-style: solid;\n  border-width: 0px;\n}\n.dt-icon-bg-on.shortcode-single-image-wrap.shortcode-single-image-2d6d332412643ac70a78b9abc5802b28 .rollover-icon {\n  background: rgba(255,255,255,0.3);\n  box-shadow: none;\n}\n<\/style><div class=\"shortcode-single-image-wrap shortcode-single-image-2d6d332412643ac70a78b9abc5802b28 alignnone caption-on  enable-bg-rollover dt-icon-bg-off\" style=\"margin-top:0px; margin-bottom:0px; margin-left:0px; margin-right:0px; width:250px;\"><div class=\"shortcode-single-image\"><div class=\"fancy-media-wrap\" style=\"\"><a href=\"https:\/\/electrisium.com\/en\/products-and-solutions\/uninterruptible-direct-current-power-supplies\/\" class=\"layzr-bg rollover\" style=\"\" aria-label=\"Image\"><img loading=\"lazy\" decoding=\"async\" class=\"preload-me lazy-load\" src=\"data:image\/svg+xml,%3Csvg%20xmlns%3D&#39;http%3A%2F%2Fwww.w3.org%2F2000%2Fsvg&#39;%20viewBox%3D&#39;0%200%20250%20250&#39;%2F%3E\" data-src=\"https:\/\/electrisium.com\/wp-content\/uploads\/2023\/04\/Surse-de-alimentare-neintreruptibila-de-curent-continuu-250x250.png\" data-srcset=\"https:\/\/electrisium.com\/wp-content\/uploads\/2023\/04\/Surse-de-alimentare-neintreruptibila-de-curent-continuu-250x250.png 250w, https:\/\/electrisium.com\/wp-content\/uploads\/2023\/04\/Surse-de-alimentare-neintreruptibila-de-curent-continuu-500x500.png 500w\" width=\"250\" height=\"250\"  data-dt-location=\"https:\/\/electrisium.com\/en\/acasa\/attachment\/surse-de-alimentare-neintreruptibila-de-curent-continuu\/\" alt=\"\" \/><\/a><\/div><\/div><div class=\"shortcode-single-caption\">Uninterruptible direct current power supplies<\/div><\/div><\/div><\/div><\/div><div class=\"wpb_column vc_column_container vc_col-sm-3\"><div class=\"vc_column-inner\"><div class=\"wpb_wrapper\"><style type=\"text\/css\" data-type=\"the7_shortcodes-inline-css\">.shortcode-single-image-wrap.shortcode-single-image-5aa4a92ef61837fe7bf30ac3b1683075.enable-bg-rollover .rollover i,\n.shortcode-single-image-wrap.shortcode-single-image-5aa4a92ef61837fe7bf30ac3b1683075.enable-bg-rollover .rollover-video i {\n  background: -webkit-linear-gradient();\n  background: linear-gradient();\n}\n.shortcode-single-image-wrap.shortcode-single-image-5aa4a92ef61837fe7bf30ac3b1683075 .rollover-icon {\n  font-size: 32px;\n  color: #ffffff;\n  min-width: 44px;\n  min-height: 44px;\n  line-height: 44px;\n  border-radius: 100px;\n  border-style: solid;\n  border-width: 0px;\n}\n.dt-icon-bg-on.shortcode-single-image-wrap.shortcode-single-image-5aa4a92ef61837fe7bf30ac3b1683075 .rollover-icon {\n  background: rgba(255,255,255,0.3);\n  box-shadow: none;\n}\n<\/style><div class=\"shortcode-single-image-wrap shortcode-single-image-5aa4a92ef61837fe7bf30ac3b1683075 alignnone caption-on  enable-bg-rollover dt-icon-bg-off\" style=\"margin-top:0px; margin-bottom:0px; margin-left:0px; margin-right:0px; width:250px;\"><div class=\"shortcode-single-image\"><div class=\"fancy-media-wrap\" style=\"\"><a href=\"https:\/\/electrisium.com\/en\/products-and-solutions\/switching-power-supplies\/\" class=\"layzr-bg rollover\" style=\"\" aria-label=\"Image\"><img loading=\"lazy\" decoding=\"async\" class=\"preload-me lazy-load\" src=\"data:image\/svg+xml,%3Csvg%20xmlns%3D&#39;http%3A%2F%2Fwww.w3.org%2F2000%2Fsvg&#39;%20viewBox%3D&#39;0%200%20250%20250&#39;%2F%3E\" data-src=\"https:\/\/electrisium.com\/wp-content\/uploads\/2023\/04\/Surse-de-alimentare-in-comutatie-250x250.png\" data-srcset=\"https:\/\/electrisium.com\/wp-content\/uploads\/2023\/04\/Surse-de-alimentare-in-comutatie-250x250.png 250w, https:\/\/electrisium.com\/wp-content\/uploads\/2023\/04\/Surse-de-alimentare-in-comutatie-500x500.png 500w\" width=\"250\" height=\"250\"  data-dt-location=\"https:\/\/electrisium.com\/en\/acasa\/attachment\/surse-de-alimentare-in-comutatie\/\" alt=\"\" \/><\/a><\/div><\/div><div class=\"shortcode-single-caption\">Switching power supplies<\/div><\/div><\/div><\/div><\/div><div class=\"wpb_column vc_column_container vc_col-sm-3\"><div class=\"vc_column-inner\"><div class=\"wpb_wrapper\"><\/div><\/div><\/div><div class=\"wpb_column vc_column_container vc_col-sm-3\"><div class=\"vc_column-inner\"><div class=\"wpb_wrapper\"><\/div><\/div><\/div><\/div><div class=\"vc_row wpb_row vc_row-fluid\"><div class=\"wpb_column vc_column_container vc_col-sm-3\"><div class=\"vc_column-inner\"><div class=\"wpb_wrapper\"><\/div><\/div><\/div><div class=\"wpb_column vc_column_container vc_col-sm-3\"><div class=\"vc_column-inner\"><div class=\"wpb_wrapper\"><\/div><\/div><\/div><div class=\"wpb_column vc_column_container vc_col-sm-3\"><div class=\"vc_column-inner\"><div class=\"wpb_wrapper\"><\/div><\/div><\/div><div class=\"wpb_column vc_column_container vc_col-sm-3\"><div class=\"vc_column-inner\"><div class=\"wpb_wrapper\"><\/div><\/div><\/div><\/div>","protected":false},"excerpt":{"rendered":"<p>Vizita\u021bi website-ul oficial al companiei \u00cenfiin\u021bat\u0103 \u00een 1939, compania J. Schneider Elektrotechnik a devenit \u00een prezent, prin cercetare \u0219i dezvoltare, unul dintre cei mai importan\u021bi furnizori de surse industriale de alimentare, activi la nivel interna\u021bional. Pentru J. Schneider Elektrotechnik cererile clien\u021bilor sunt \u00eentotdeauna \u00een centrul aten\u021biei \u00een scopul dezvolt\u0103rii de produse de \u00eenalt\u0103 calitate, iar&hellip;<\/p>","protected":false},"author":2,"featured_media":0,"parent":51,"menu_order":0,"comment_status":"closed","ping_status":"closed","template":"","meta":{"footnotes":""},"class_list":["post-544","page","type-page","status-publish","hentry","description-off"],"_links":{"self":[{"href":"https:\/\/electrisium.com\/en\/wp-json\/wp\/v2\/pages\/544","targetHints":{"allow":["GET"]}}],"collection":[{"href":"https:\/\/electrisium.com\/en\/wp-json\/wp\/v2\/pages"}],"about":[{"href":"https:\/\/electrisium.com\/en\/wp-json\/wp\/v2\/types\/page"}],"author":[{"embeddable":true,"href":"https:\/\/electrisium.com\/en\/wp-json\/wp\/v2\/users\/2"}],"replies":[{"embeddable":true,"href":"https:\/\/electrisium.com\/en\/wp-json\/wp\/v2\/comments?post=544"}],"version-history":[{"count":7,"href":"https:\/\/electrisium.com\/en\/wp-json\/wp\/v2\/pages\/544\/revisions"}],"predecessor-version":[{"id":870,"href":"https:\/\/electrisium.com\/en\/wp-json\/wp\/v2\/pages\/544\/revisions\/870"}],"up":[{"embeddable":true,"href":"https:\/\/electrisium.com\/en\/wp-json\/wp\/v2\/pages\/51"}],"wp:attachment":[{"href":"https:\/\/electrisium.com\/en\/wp-json\/wp\/v2\/media?parent=544"}],"curies":[{"name":"wp","href":"https:\/\/api.w.org\/{rel}","templated":true}]}}