{"id":534,"date":"2023-04-19T09:19:04","date_gmt":"2023-04-19T06:19:04","guid":{"rendered":"https:\/\/electrisium.com\/?page_id=534"},"modified":"2024-06-28T21:00:50","modified_gmt":"2024-06-28T18:00:50","slug":"fanox","status":"publish","type":"page","link":"https:\/\/electrisium.com\/en\/partners-and-suppliers\/fanox\/","title":{"rendered":"Fanox"},"content":{"rendered":"<div class=\"vc_row wpb_row vc_row-fluid\"><div class=\"wpb_column vc_column_container vc_col-sm-3\"><div class=\"vc_column-inner\"><div class=\"wpb_wrapper\">\n\t<div  class=\"wpb_single_image wpb_content_element vc_align_center\">\n\t\t\n\t\t<figure class=\"wpb_wrapper vc_figure\">\n\t\t\t<div class=\"vc_single_image-wrapper   vc_box_border_grey\"><img loading=\"lazy\" decoding=\"async\" class=\"vc_single_image-img\" src=\"https:\/\/electrisium.com\/wp-content\/uploads\/2023\/04\/logo-fanox-safely-protected.png\" width=\"1200\" height=\"462\" alt=\"Fanox\" title=\"Fanox\"  data-dt-location=\"https:\/\/electrisium.com\/en\/partners-and-suppliers\/attachment\/logo-fanox-safely-protected\/\" \/><\/div>\n\t\t<\/figure>\n\t<\/div>\n<style>.vc_btn3-style-gradient-custom.vc_btn-gradient-btn-69d0b1cacc806:hover{color: #ffffff;background-color: #5d6058;border: none;background-position: 100% 0;}<\/style><style>.vc_btn3-style-gradient-custom.vc_btn-gradient-btn-69d0b1cacc806{color: #ffffff;border: none;background-color: #008b29;background-image: -webkit-linear-gradient(left, #008b29 0%, #5d6058 50%,#008b29 100%);background-image: linear-gradient(to right, #008b29 0%, #5d6058 50%,#008b29 100%);-webkit-transition: all .2s ease-in-out;transition: all .2s ease-in-out;background-size: 200% 100%;}<\/style><div class=\"vc_btn3-container vc_btn3-center\" ><a data-vc-gradient-1=\"#008b29\" data-vc-gradient-2=\"#5d6058\" class=\"vc_general vc_btn3 vc_btn3-size-md vc_btn3-shape-rounded vc_btn3-style-gradient-custom vc_btn3-block vc_btn-gradient-btn-69d0b1cacc806\" href=\"https:\/\/www.fanox.com\/\" title=\"\" target=\"_blank\">Visit the company's official website<\/a><\/div><\/div><\/div><\/div><div class=\"wpb_column vc_column_container vc_col-sm-9\"><div class=\"vc_column-inner\"><div class=\"wpb_wrapper\">\n\t<div class=\"wpb_text_column wpb_content_element\" >\n\t\t<div class=\"wpb_wrapper\">\n\t\t\t<p><strong>Fanox Electronic<\/strong> is a Spanish company specialized in the design and the manufacture of electronic protection relays for low and medium voltage applications. Since its foundation, in 1992, Fanox has developed a wide range of products for multiple applications, and as an innovation driver and trendsetter, is settling itself in the energy market as a powerful manufacturer of a large number of protection relays that can be used in any kind of application in the transmission and distribution networks.<\/p>\n<p>All Fanox relays incorporate the newest industry trends: remote communication protocols, high number of protection and control functions, self-designed software for the control of each device etc., all in a competitive package. The aim of these improvements is facilitating the implementation of Smart Grid and predictive maintenance of electrical networks.<\/p>\n<p>Fanox expertise and continuous research, development and innovation enable them to offer global and complete solutions to each specific application, while complying, in a strict manner, to the current standards and regulations in force.<\/p>\n\n\t\t<\/div>\n\t<\/div>\n<\/div><\/div><\/div><\/div><div class=\"vc_row wpb_row vc_row-fluid\"><div class=\"wpb_column vc_column_container vc_col-sm-12\"><div class=\"vc_column-inner\"><div class=\"wpb_wrapper\"><div class=\"vc_separator wpb_content_element vc_separator_align_center vc_sep_width_100 vc_sep_border_width_3 vc_sep_pos_align_center vc_separator-has-text\" ><span class=\"vc_sep_holder vc_sep_holder_l\"><span  style=\"border-color:#008b29;\" class=\"vc_sep_line\"><\/span><\/span><h4>Explore the company's products and solutions<\/h4><span class=\"vc_sep_holder vc_sep_holder_r\"><span  style=\"border-color:#008b29;\" class=\"vc_sep_line\"><\/span><\/span>\n<\/div><\/div><\/div><\/div><\/div><div class=\"vc_row wpb_row vc_row-fluid\"><div class=\"wpb_column vc_column_container vc_col-sm-3\"><div class=\"vc_column-inner vc_custom_1682170867858\"><div class=\"wpb_wrapper\"><style type=\"text\/css\" data-type=\"the7_shortcodes-inline-css\">.shortcode-single-image-wrap.shortcode-single-image-743a7c7318f8a65b12851a4df3ef7694.enable-bg-rollover .rollover i,\n.shortcode-single-image-wrap.shortcode-single-image-743a7c7318f8a65b12851a4df3ef7694.enable-bg-rollover .rollover-video i {\n  background: -webkit-linear-gradient();\n  background: linear-gradient();\n}\n.shortcode-single-image-wrap.shortcode-single-image-743a7c7318f8a65b12851a4df3ef7694 .rollover-icon {\n  font-size: 32px;\n  color: #ffffff;\n  min-width: 44px;\n  min-height: 44px;\n  line-height: 44px;\n  border-radius: 100px;\n  border-style: solid;\n  border-width: 0px;\n}\n.dt-icon-bg-on.shortcode-single-image-wrap.shortcode-single-image-743a7c7318f8a65b12851a4df3ef7694 .rollover-icon {\n  background: rgba(255,255,255,0.3);\n  box-shadow: none;\n}\n<\/style><div class=\"shortcode-single-image-wrap shortcode-single-image-743a7c7318f8a65b12851a4df3ef7694 alignnone caption-on  enable-bg-rollover dt-icon-bg-off\" style=\"margin-top:0px; margin-bottom:0px; margin-left:0px; margin-right:0px; width:250px;\"><div class=\"shortcode-single-image\"><div class=\"fancy-media-wrap\" style=\"\"><a href=\"https:\/\/electrisium.com\/en\/products-and-solutions\/protection-relays-for-medium-and-high-voltage\/\" class=\"layzr-bg rollover\" style=\"\" aria-label=\"Image\"><img loading=\"lazy\" decoding=\"async\" class=\"preload-me lazy-load\" src=\"data:image\/svg+xml,%3Csvg%20xmlns%3D&#39;http%3A%2F%2Fwww.w3.org%2F2000%2Fsvg&#39;%20viewBox%3D&#39;0%200%20250%20250&#39;%2F%3E\" data-src=\"https:\/\/electrisium.com\/wp-content\/uploads\/2023\/04\/Relee-de-protectie-pentru-medie-si-inalta-tensiune-250x250.png\" data-srcset=\"https:\/\/electrisium.com\/wp-content\/uploads\/2023\/04\/Relee-de-protectie-pentru-medie-si-inalta-tensiune-250x250.png 250w, https:\/\/electrisium.com\/wp-content\/uploads\/2023\/04\/Relee-de-protectie-pentru-medie-si-inalta-tensiune-500x500.png 500w\" width=\"250\" height=\"250\"  data-dt-location=\"https:\/\/electrisium.com\/en\/acasa\/attachment\/relee-de-protectie-pentru-medie-si-inalta-tensiune\/\" alt=\"\" \/><\/a><\/div><\/div><div class=\"shortcode-single-caption\">Protection relays for medium and high voltage<\/div><\/div><\/div><\/div><\/div><div class=\"wpb_column vc_column_container vc_col-sm-3\"><div class=\"vc_column-inner vc_custom_1682170876676\"><div class=\"wpb_wrapper\"><style type=\"text\/css\" data-type=\"the7_shortcodes-inline-css\">.shortcode-single-image-wrap.shortcode-single-image-9e672e9d5087d98c21c0cdfa71abe8f3.enable-bg-rollover .rollover i,\n.shortcode-single-image-wrap.shortcode-single-image-9e672e9d5087d98c21c0cdfa71abe8f3.enable-bg-rollover .rollover-video i {\n  background: -webkit-linear-gradient();\n  background: linear-gradient();\n}\n.shortcode-single-image-wrap.shortcode-single-image-9e672e9d5087d98c21c0cdfa71abe8f3 .rollover-icon {\n  font-size: 32px;\n  color: #ffffff;\n  min-width: 44px;\n  min-height: 44px;\n  line-height: 44px;\n  border-radius: 100px;\n  border-style: solid;\n  border-width: 0px;\n}\n.dt-icon-bg-on.shortcode-single-image-wrap.shortcode-single-image-9e672e9d5087d98c21c0cdfa71abe8f3 .rollover-icon {\n  background: rgba(255,255,255,0.3);\n  box-shadow: none;\n}\n<\/style><div class=\"shortcode-single-image-wrap shortcode-single-image-9e672e9d5087d98c21c0cdfa71abe8f3 alignnone caption-on  enable-bg-rollover dt-icon-bg-off\" style=\"margin-top:0px; margin-bottom:0px; margin-left:0px; margin-right:0px; width:250px;\"><div class=\"shortcode-single-image\"><div class=\"fancy-media-wrap\" style=\"\"><a href=\"https:\/\/electrisium.com\/en\/products-and-solutions\/communication-solutions-for-smart-grids\/\" class=\"layzr-bg rollover\" style=\"\" aria-label=\"Image\"><img loading=\"lazy\" decoding=\"async\" class=\"preload-me lazy-load\" src=\"data:image\/svg+xml,%3Csvg%20xmlns%3D&#39;http%3A%2F%2Fwww.w3.org%2F2000%2Fsvg&#39;%20viewBox%3D&#39;0%200%20250%20250&#39;%2F%3E\" data-src=\"https:\/\/electrisium.com\/wp-content\/uploads\/2024\/06\/Solutii-de-comunicatie-pentru-Retele-Inteligente-250x250.png\" data-srcset=\"https:\/\/electrisium.com\/wp-content\/uploads\/2024\/06\/Solutii-de-comunicatie-pentru-Retele-Inteligente-250x250.png 250w, https:\/\/electrisium.com\/wp-content\/uploads\/2024\/06\/Solutii-de-comunicatie-pentru-Retele-Inteligente-500x500.png 500w\" width=\"250\" height=\"250\"  data-dt-location=\"https:\/\/electrisium.com\/en\/solutii-de-comunicatie-pentru-retele-inteligente-2\/\" alt=\"\" \/><\/a><\/div><\/div><div class=\"shortcode-single-caption\">Communication solutions for Smart Grids<\/div><\/div><\/div><\/div><\/div><div class=\"wpb_column vc_column_container vc_col-sm-3\"><div class=\"vc_column-inner\"><div class=\"wpb_wrapper\"><style type=\"text\/css\" data-type=\"the7_shortcodes-inline-css\">.shortcode-single-image-wrap.shortcode-single-image-26311ff30a19cc8e503ac4c874227b33.enable-bg-rollover .rollover i,\n.shortcode-single-image-wrap.shortcode-single-image-26311ff30a19cc8e503ac4c874227b33.enable-bg-rollover .rollover-video i {\n  background: -webkit-linear-gradient();\n  background: linear-gradient();\n}\n.shortcode-single-image-wrap.shortcode-single-image-26311ff30a19cc8e503ac4c874227b33 .rollover-icon {\n  font-size: 32px;\n  color: #ffffff;\n  min-width: 44px;\n  min-height: 44px;\n  line-height: 44px;\n  border-radius: 100px;\n  border-style: solid;\n  border-width: 0px;\n}\n.dt-icon-bg-on.shortcode-single-image-wrap.shortcode-single-image-26311ff30a19cc8e503ac4c874227b33 .rollover-icon {\n  background: rgba(255,255,255,0.3);\n  box-shadow: none;\n}\n<\/style><div class=\"shortcode-single-image-wrap shortcode-single-image-26311ff30a19cc8e503ac4c874227b33 alignnone caption-on  enable-bg-rollover dt-icon-bg-off\" style=\"margin-top:0px; margin-bottom:0px; margin-left:0px; margin-right:0px; width:250px;\"><div class=\"shortcode-single-image\"><div class=\"fancy-media-wrap\" style=\"\"><a href=\"https:\/\/electrisium.com\/en\/products-and-solutions\/protection-and-control-for-low-voltage\/\" class=\"layzr-bg rollover\" style=\"\" aria-label=\"Image\"><img loading=\"lazy\" decoding=\"async\" class=\"preload-me lazy-load\" src=\"data:image\/svg+xml,%3Csvg%20xmlns%3D&#39;http%3A%2F%2Fwww.w3.org%2F2000%2Fsvg&#39;%20viewBox%3D&#39;0%200%20250%20250&#39;%2F%3E\" data-src=\"https:\/\/electrisium.com\/wp-content\/uploads\/2023\/04\/Protectie-si-control-pentru-joasa-tensiune-1-250x250.png\" data-srcset=\"https:\/\/electrisium.com\/wp-content\/uploads\/2023\/04\/Protectie-si-control-pentru-joasa-tensiune-1-250x250.png 250w, https:\/\/electrisium.com\/wp-content\/uploads\/2023\/04\/Protectie-si-control-pentru-joasa-tensiune-1-500x500.png 500w\" width=\"250\" height=\"250\"  data-dt-location=\"https:\/\/electrisium.com\/en\/protectie-si-control-pentru-joasa-tensiune-2\/\" alt=\"\" \/><\/a><\/div><\/div><div class=\"shortcode-single-caption\">Protection and control for low voltage<\/div><\/div><\/div><\/div><\/div><div class=\"wpb_column vc_column_container vc_col-sm-3\"><div class=\"vc_column-inner\"><div class=\"wpb_wrapper\"><\/div><\/div><\/div><\/div><div class=\"vc_row wpb_row vc_row-fluid\"><div class=\"wpb_column vc_column_container vc_col-sm-3\"><div class=\"vc_column-inner\"><div class=\"wpb_wrapper\"><\/div><\/div><\/div><div class=\"wpb_column vc_column_container vc_col-sm-3\"><div class=\"vc_column-inner\"><div class=\"wpb_wrapper\"><\/div><\/div><\/div><div class=\"wpb_column vc_column_container vc_col-sm-3\"><div class=\"vc_column-inner\"><div class=\"wpb_wrapper\"><\/div><\/div><\/div><div class=\"wpb_column vc_column_container vc_col-sm-3\"><div class=\"vc_column-inner\"><div class=\"wpb_wrapper\"><\/div><\/div><\/div><\/div>","protected":false},"excerpt":{"rendered":"<p>Vizita\u021bi website-ul oficial al companiei Fanox Electronic este o companie spaniol\u0103 specializat\u0103 \u00een proiectarea \u0219i fabricarea releelor \u200b\u200belectronice de protec\u021bie pentru aplica\u021bii de joas\u0103 \u0219i medie tensiune. De la \u00eenfiin\u021bare, \u00een 1992, Fanox a dezvoltat o gam\u0103 larg\u0103 de produse pentru aplica\u021bii multiple \u0219i, \u00een calitate de motor de inovare \u0219i generator de tendin\u021be, se&hellip;<\/p>","protected":false},"author":2,"featured_media":0,"parent":51,"menu_order":0,"comment_status":"closed","ping_status":"closed","template":"","meta":{"footnotes":""},"class_list":["post-534","page","type-page","status-publish","hentry","description-off"],"_links":{"self":[{"href":"https:\/\/electrisium.com\/en\/wp-json\/wp\/v2\/pages\/534","targetHints":{"allow":["GET"]}}],"collection":[{"href":"https:\/\/electrisium.com\/en\/wp-json\/wp\/v2\/pages"}],"about":[{"href":"https:\/\/electrisium.com\/en\/wp-json\/wp\/v2\/types\/page"}],"author":[{"embeddable":true,"href":"https:\/\/electrisium.com\/en\/wp-json\/wp\/v2\/users\/2"}],"replies":[{"embeddable":true,"href":"https:\/\/electrisium.com\/en\/wp-json\/wp\/v2\/comments?post=534"}],"version-history":[{"count":10,"href":"https:\/\/electrisium.com\/en\/wp-json\/wp\/v2\/pages\/534\/revisions"}],"predecessor-version":[{"id":1697,"href":"https:\/\/electrisium.com\/en\/wp-json\/wp\/v2\/pages\/534\/revisions\/1697"}],"up":[{"embeddable":true,"href":"https:\/\/electrisium.com\/en\/wp-json\/wp\/v2\/pages\/51"}],"wp:attachment":[{"href":"https:\/\/electrisium.com\/en\/wp-json\/wp\/v2\/media?parent=534"}],"curies":[{"name":"wp","href":"https:\/\/api.w.org\/{rel}","templated":true}]}}