{"id":524,"date":"2023-04-19T08:25:04","date_gmt":"2023-04-19T05:25:04","guid":{"rendered":"https:\/\/electrisium.com\/?page_id=524"},"modified":"2024-06-29T14:20:54","modified_gmt":"2024-06-29T11:20:54","slug":"horstmann","status":"publish","type":"page","link":"https:\/\/electrisium.com\/en\/partners-and-suppliers\/horstmann\/","title":{"rendered":"Horstmann"},"content":{"rendered":"<div class=\"vc_row wpb_row vc_row-fluid\"><div class=\"wpb_column vc_column_container vc_col-sm-3\"><div class=\"vc_column-inner\"><div class=\"wpb_wrapper\">\n\t<div  class=\"wpb_single_image wpb_content_element vc_align_center\">\n\t\t\n\t\t<figure class=\"wpb_wrapper vc_figure\">\n\t\t\t<div class=\"vc_single_image-wrapper   vc_box_border_grey\"><img loading=\"lazy\" decoding=\"async\" class=\"vc_single_image-img\" src=\"https:\/\/electrisium.com\/wp-content\/uploads\/2023\/04\/logo_horstmann-e1681313538963.png\" width=\"900\" height=\"153\" alt=\"Horstmann\" title=\"Horstmann\"  data-dt-location=\"https:\/\/electrisium.com\/en\/partners-and-suppliers\/attachment\/logo_horstmann\/\" \/><\/div>\n\t\t<\/figure>\n\t<\/div>\n<style>.vc_btn3-style-gradient-custom.vc_btn-gradient-btn-69d29f3cccafc:hover{color: #ffffff;background-color: #5d6058;border: none;background-position: 100% 0;}<\/style><style>.vc_btn3-style-gradient-custom.vc_btn-gradient-btn-69d29f3cccafc{color: #ffffff;border: none;background-color: #008b29;background-image: -webkit-linear-gradient(left, #008b29 0%, #5d6058 50%,#008b29 100%);background-image: linear-gradient(to right, #008b29 0%, #5d6058 50%,#008b29 100%);-webkit-transition: all .2s ease-in-out;transition: all .2s ease-in-out;background-size: 200% 100%;}<\/style><div class=\"vc_btn3-container vc_btn3-center\" ><a data-vc-gradient-1=\"#008b29\" data-vc-gradient-2=\"#5d6058\" class=\"vc_general vc_btn3 vc_btn3-size-md vc_btn3-shape-rounded vc_btn3-style-gradient-custom vc_btn3-block vc_btn-gradient-btn-69d29f3cccafc\" href=\"https:\/\/www.horstmanngmbh.com\/en\/\" title=\"\" target=\"_blank\">Visit the company's official website<\/a><\/div><\/div><\/div><\/div><div class=\"wpb_column vc_column_container vc_col-sm-9\"><div class=\"vc_column-inner\"><div class=\"wpb_wrapper\">\n\t<div class=\"wpb_text_column wpb_content_element\" >\n\t\t<div class=\"wpb_wrapper\">\n\t\t\t<p><strong>Dipl.-ing. H. Horstmann GmbH<\/strong> is a family-run electrical engineering company founded in 1946 in Heiligenhaus, near Dusseldorf, Germany.<\/p>\n<p>A great willingness to innovate and invest helped Horstmann GmbH to evolve into a business now active worldwide. Its research and development department, with over 25 employees, works continuously to improve existing products and develop new ones to meet requirements in rapidly changing networks. New and refined products and system solutions are tested for durability under the most extreme climatic conditions on a multitude of state-of-the-art testing and measuring devices.<\/p>\n<p>Alongside short-circuit and earth fault indicators and voltage detecting systems, also the earthing devices for medium voltage are part of the portfolio. The product range is rounded off by remote monitoring solutions. As a result, Horstmann GmbH offers its clients, not just products, but system solutions too.<\/p>\n<p>The products and system solutions of Dipl.-Ing. H. Horstmann GmbH are being used successfully in more than 100 countries and are helping to plan the grids of the future.<\/p>\n\n\t\t<\/div>\n\t<\/div>\n<\/div><\/div><\/div><\/div><div class=\"vc_row wpb_row vc_row-fluid\"><div class=\"wpb_column vc_column_container vc_col-sm-12\"><div class=\"vc_column-inner\"><div class=\"wpb_wrapper\"><div class=\"vc_separator wpb_content_element vc_separator_align_center vc_sep_width_100 vc_sep_border_width_3 vc_sep_pos_align_center vc_separator-has-text\" ><span class=\"vc_sep_holder vc_sep_holder_l\"><span  style=\"border-color:#008b29;\" class=\"vc_sep_line\"><\/span><\/span><h4>Explore the company's products and solutions<\/h4><span class=\"vc_sep_holder vc_sep_holder_r\"><span  style=\"border-color:#008b29;\" class=\"vc_sep_line\"><\/span><\/span>\n<\/div><\/div><\/div><\/div><\/div><div class=\"vc_row wpb_row vc_row-fluid\"><div class=\"wpb_column vc_column_container vc_col-sm-3\"><div class=\"vc_column-inner vc_custom_1682171022937\"><div class=\"wpb_wrapper\"><style type=\"text\/css\" data-type=\"the7_shortcodes-inline-css\">.shortcode-single-image-wrap.shortcode-single-image-6bf03711087fadfaa07940ba43cfe9f5.enable-bg-rollover .rollover i,\n.shortcode-single-image-wrap.shortcode-single-image-6bf03711087fadfaa07940ba43cfe9f5.enable-bg-rollover .rollover-video i {\n  background: -webkit-linear-gradient();\n  background: linear-gradient();\n}\n.shortcode-single-image-wrap.shortcode-single-image-6bf03711087fadfaa07940ba43cfe9f5 .rollover-icon {\n  font-size: 32px;\n  color: #ffffff;\n  min-width: 44px;\n  min-height: 44px;\n  line-height: 44px;\n  border-radius: 100px;\n  border-style: solid;\n  border-width: 0px;\n}\n.dt-icon-bg-on.shortcode-single-image-wrap.shortcode-single-image-6bf03711087fadfaa07940ba43cfe9f5 .rollover-icon {\n  background: rgba(255,255,255,0.3);\n  box-shadow: none;\n}\n<\/style><div class=\"shortcode-single-image-wrap shortcode-single-image-6bf03711087fadfaa07940ba43cfe9f5 alignnone caption-on  enable-bg-rollover dt-icon-bg-off\" style=\"margin-top:0px; margin-bottom:0px; margin-left:0px; margin-right:0px; width:250px;\"><div class=\"shortcode-single-image\"><div class=\"fancy-media-wrap\" style=\"\"><a href=\"https:\/\/electrisium.com\/en\/products-and-solutions\/fault-indicators-for-overhead-lines\/\" class=\"layzr-bg rollover\" style=\"\" aria-label=\"Image\"><img loading=\"lazy\" decoding=\"async\" class=\"preload-me lazy-load\" src=\"data:image\/svg+xml,%3Csvg%20xmlns%3D&#39;http%3A%2F%2Fwww.w3.org%2F2000%2Fsvg&#39;%20viewBox%3D&#39;0%200%20250%20250&#39;%2F%3E\" data-src=\"https:\/\/electrisium.com\/wp-content\/uploads\/2023\/02\/banner_01-250x250.png\" data-srcset=\"https:\/\/electrisium.com\/wp-content\/uploads\/2023\/02\/banner_01-250x250.png 250w, https:\/\/electrisium.com\/wp-content\/uploads\/2023\/02\/banner_01-500x500.png 500w\" width=\"250\" height=\"250\"  data-dt-location=\"https:\/\/electrisium.com\/en\/acasa\/attachment\/banner_01\/\" alt=\"\" \/><\/a><\/div><\/div><div class=\"shortcode-single-caption\">Fault indicators for overhead lines<\/div><\/div><\/div><\/div><\/div><div class=\"wpb_column vc_column_container vc_col-sm-3\"><div class=\"vc_column-inner vc_custom_1682171030811\"><div class=\"wpb_wrapper\"><style type=\"text\/css\" data-type=\"the7_shortcodes-inline-css\">.shortcode-single-image-wrap.shortcode-single-image-5ede4d584e9336172c49d68ede589a81.enable-bg-rollover .rollover i,\n.shortcode-single-image-wrap.shortcode-single-image-5ede4d584e9336172c49d68ede589a81.enable-bg-rollover .rollover-video i {\n  background: -webkit-linear-gradient();\n  background: linear-gradient();\n}\n.shortcode-single-image-wrap.shortcode-single-image-5ede4d584e9336172c49d68ede589a81 .rollover-icon {\n  font-size: 32px;\n  color: #ffffff;\n  min-width: 44px;\n  min-height: 44px;\n  line-height: 44px;\n  border-radius: 100px;\n  border-style: solid;\n  border-width: 0px;\n}\n.dt-icon-bg-on.shortcode-single-image-wrap.shortcode-single-image-5ede4d584e9336172c49d68ede589a81 .rollover-icon {\n  background: rgba(255,255,255,0.3);\n  box-shadow: none;\n}\n<\/style><div class=\"shortcode-single-image-wrap shortcode-single-image-5ede4d584e9336172c49d68ede589a81 alignnone caption-on  enable-bg-rollover dt-icon-bg-off\" style=\"margin-top:0px; margin-bottom:0px; margin-left:0px; margin-right:0px; width:250px;\"><div class=\"shortcode-single-image\"><div class=\"fancy-media-wrap\" style=\"\"><a href=\"https:\/\/electrisium.com\/en\/products-and-solutions\/fault-indicators-for-underground-cables\/\" class=\"layzr-bg rollover\" style=\"\" aria-label=\"Image\"><img loading=\"lazy\" decoding=\"async\" class=\"preload-me lazy-load\" src=\"data:image\/svg+xml,%3Csvg%20xmlns%3D&#39;http%3A%2F%2Fwww.w3.org%2F2000%2Fsvg&#39;%20viewBox%3D&#39;0%200%20250%20250&#39;%2F%3E\" data-src=\"https:\/\/electrisium.com\/wp-content\/uploads\/2023\/02\/banner_02-250x250.png\" data-srcset=\"https:\/\/electrisium.com\/wp-content\/uploads\/2023\/02\/banner_02-250x250.png 250w, https:\/\/electrisium.com\/wp-content\/uploads\/2023\/02\/banner_02-500x500.png 500w\" width=\"250\" height=\"250\"  data-dt-location=\"https:\/\/electrisium.com\/en\/acasa\/attachment\/banner_02\/\" alt=\"\" \/><\/a><\/div><\/div><div class=\"shortcode-single-caption\">Fault indicators for underground cables<\/div><\/div><\/div><\/div><\/div><div class=\"wpb_column vc_column_container vc_col-sm-3\"><div class=\"vc_column-inner vc_custom_1682171039543\"><div class=\"wpb_wrapper\"><style type=\"text\/css\" data-type=\"the7_shortcodes-inline-css\">.shortcode-single-image-wrap.shortcode-single-image-15b04bb1498275212ffc419f5254d798.enable-bg-rollover .rollover i,\n.shortcode-single-image-wrap.shortcode-single-image-15b04bb1498275212ffc419f5254d798.enable-bg-rollover .rollover-video i {\n  background: -webkit-linear-gradient();\n  background: linear-gradient();\n}\n.shortcode-single-image-wrap.shortcode-single-image-15b04bb1498275212ffc419f5254d798 .rollover-icon {\n  font-size: 32px;\n  color: #ffffff;\n  min-width: 44px;\n  min-height: 44px;\n  line-height: 44px;\n  border-radius: 100px;\n  border-style: solid;\n  border-width: 0px;\n}\n.dt-icon-bg-on.shortcode-single-image-wrap.shortcode-single-image-15b04bb1498275212ffc419f5254d798 .rollover-icon {\n  background: rgba(255,255,255,0.3);\n  box-shadow: none;\n}\n<\/style><div class=\"shortcode-single-image-wrap shortcode-single-image-15b04bb1498275212ffc419f5254d798 alignnone caption-on  enable-bg-rollover dt-icon-bg-off\" style=\"margin-top:0px; margin-bottom:0px; margin-left:0px; margin-right:0px; width:250px;\"><div class=\"shortcode-single-image\"><div class=\"fancy-media-wrap\" style=\"\"><a href=\"https:\/\/electrisium.com\/en\/products-and-solutions\/voltage-presence-detecting-and-indicating-systems-and-voltage-detectors\/\" class=\"layzr-bg rollover\" style=\"\" aria-label=\"Image\"><img loading=\"lazy\" decoding=\"async\" class=\"preload-me lazy-load\" src=\"data:image\/svg+xml,%3Csvg%20xmlns%3D&#39;http%3A%2F%2Fwww.w3.org%2F2000%2Fsvg&#39;%20viewBox%3D&#39;0%200%20250%20250&#39;%2F%3E\" data-src=\"https:\/\/electrisium.com\/wp-content\/uploads\/2024\/06\/Sisteme-de-detectare-si-indicare-a-prezentei-tensiunii-si-detectoare-de-tensiune-1-250x250.png\" data-srcset=\"https:\/\/electrisium.com\/wp-content\/uploads\/2024\/06\/Sisteme-de-detectare-si-indicare-a-prezentei-tensiunii-si-detectoare-de-tensiune-1-250x250.png 250w, https:\/\/electrisium.com\/wp-content\/uploads\/2024\/06\/Sisteme-de-detectare-si-indicare-a-prezentei-tensiunii-si-detectoare-de-tensiune-1-500x500.png 500w\" width=\"250\" height=\"250\"  data-dt-location=\"https:\/\/electrisium.com\/en\/sisteme-de-detectare-si-indicare-a-prezentei-tensiunii-si-detectoare-de-tensiune-2\/\" alt=\"\" \/><\/a><\/div><\/div><div class=\"shortcode-single-caption\">Voltage presence detecting and indicating systems and voltage detectors<\/div><\/div><\/div><\/div><\/div><div class=\"wpb_column vc_column_container vc_col-sm-3\"><div class=\"vc_column-inner vc_custom_1682171051140\"><div class=\"wpb_wrapper\"><style type=\"text\/css\" data-type=\"the7_shortcodes-inline-css\">.shortcode-single-image-wrap.shortcode-single-image-0acc0cb9f0260129b425e391f5c5690f.enable-bg-rollover .rollover i,\n.shortcode-single-image-wrap.shortcode-single-image-0acc0cb9f0260129b425e391f5c5690f.enable-bg-rollover .rollover-video i {\n  background: -webkit-linear-gradient();\n  background: linear-gradient();\n}\n.shortcode-single-image-wrap.shortcode-single-image-0acc0cb9f0260129b425e391f5c5690f .rollover-icon {\n  font-size: 32px;\n  color: #ffffff;\n  min-width: 44px;\n  min-height: 44px;\n  line-height: 44px;\n  border-radius: 100px;\n  border-style: solid;\n  border-width: 0px;\n}\n.dt-icon-bg-on.shortcode-single-image-wrap.shortcode-single-image-0acc0cb9f0260129b425e391f5c5690f .rollover-icon {\n  background: rgba(255,255,255,0.3);\n  box-shadow: none;\n}\n<\/style><div class=\"shortcode-single-image-wrap shortcode-single-image-0acc0cb9f0260129b425e391f5c5690f alignnone caption-on  enable-bg-rollover dt-icon-bg-off\" style=\"margin-top:0px; margin-bottom:0px; margin-left:0px; margin-right:0px; width:250px;\"><div class=\"shortcode-single-image\"><div class=\"fancy-media-wrap\" style=\"\"><a href=\"https:\/\/electrisium.com\/en\/products-and-solutions\/insulated-operating-rods\/\" class=\"layzr-bg rollover\" style=\"\" aria-label=\"Image\"><img loading=\"lazy\" decoding=\"async\" class=\"preload-me lazy-load\" src=\"data:image\/svg+xml,%3Csvg%20xmlns%3D&#39;http%3A%2F%2Fwww.w3.org%2F2000%2Fsvg&#39;%20viewBox%3D&#39;0%200%20250%20250&#39;%2F%3E\" data-src=\"https:\/\/electrisium.com\/wp-content\/uploads\/2023\/02\/banner_12-250x250.png\" data-srcset=\"https:\/\/electrisium.com\/wp-content\/uploads\/2023\/02\/banner_12-250x250.png 250w, https:\/\/electrisium.com\/wp-content\/uploads\/2023\/02\/banner_12-500x500.png 500w\" width=\"250\" height=\"250\"  data-dt-location=\"https:\/\/electrisium.com\/en\/acasa\/attachment\/banner_12\/\" alt=\"\" \/><\/a><\/div><\/div><div class=\"shortcode-single-caption\">Insulated operating rods<\/div><\/div><\/div><\/div><\/div><\/div><div class=\"vc_row wpb_row vc_row-fluid\"><div class=\"wpb_column vc_column_container vc_col-sm-3\"><div class=\"vc_column-inner\"><div class=\"wpb_wrapper\"><style type=\"text\/css\" data-type=\"the7_shortcodes-inline-css\">.shortcode-single-image-wrap.shortcode-single-image-85546f12878a2ae63c4bd32a814dde9f.enable-bg-rollover .rollover i,\n.shortcode-single-image-wrap.shortcode-single-image-85546f12878a2ae63c4bd32a814dde9f.enable-bg-rollover .rollover-video i {\n  background: -webkit-linear-gradient();\n  background: linear-gradient();\n}\n.shortcode-single-image-wrap.shortcode-single-image-85546f12878a2ae63c4bd32a814dde9f .rollover-icon {\n  font-size: 32px;\n  color: #ffffff;\n  min-width: 44px;\n  min-height: 44px;\n  line-height: 44px;\n  border-radius: 100px;\n  border-style: solid;\n  border-width: 0px;\n}\n.dt-icon-bg-on.shortcode-single-image-wrap.shortcode-single-image-85546f12878a2ae63c4bd32a814dde9f .rollover-icon {\n  background: rgba(255,255,255,0.3);\n  box-shadow: none;\n}\n<\/style><div class=\"shortcode-single-image-wrap shortcode-single-image-85546f12878a2ae63c4bd32a814dde9f alignnone caption-on  enable-bg-rollover dt-icon-bg-off\" style=\"margin-top:0px; margin-bottom:0px; margin-left:0px; margin-right:0px; width:250px;\"><div class=\"shortcode-single-image\"><div class=\"fancy-media-wrap\" style=\"\"><a href=\"https:\/\/electrisium.com\/en\/products-and-solutions\/earthing-and-short-circuiting-devices\/\" class=\"layzr-bg rollover\" style=\"\" aria-label=\"Image\"><img loading=\"lazy\" decoding=\"async\" class=\"preload-me lazy-load\" src=\"data:image\/svg+xml,%3Csvg%20xmlns%3D&#39;http%3A%2F%2Fwww.w3.org%2F2000%2Fsvg&#39;%20viewBox%3D&#39;0%200%20250%20250&#39;%2F%3E\" data-src=\"https:\/\/electrisium.com\/wp-content\/uploads\/2023\/04\/Dispozitive-de-legare-la-pamant-si-scurtcircuitare-250x250.png\" data-srcset=\"https:\/\/electrisium.com\/wp-content\/uploads\/2023\/04\/Dispozitive-de-legare-la-pamant-si-scurtcircuitare-250x250.png 250w, https:\/\/electrisium.com\/wp-content\/uploads\/2023\/04\/Dispozitive-de-legare-la-pamant-si-scurtcircuitare-500x500.png 500w\" width=\"250\" height=\"250\"  data-dt-location=\"https:\/\/electrisium.com\/en\/acasa\/attachment\/dispozitive-de-legare-la-pamant-si-scurtcircuitare-2\/\" alt=\"\" \/><\/a><\/div><\/div><div class=\"shortcode-single-caption\">Earthing and short-circuiting devices<\/div><\/div><\/div><\/div><\/div><div class=\"wpb_column vc_column_container vc_col-sm-3\"><div class=\"vc_column-inner\"><div class=\"wpb_wrapper\"><\/div><\/div><\/div><div class=\"wpb_column vc_column_container vc_col-sm-3\"><div class=\"vc_column-inner\"><div class=\"wpb_wrapper\"><\/div><\/div><\/div><div class=\"wpb_column vc_column_container vc_col-sm-3\"><div class=\"vc_column-inner\"><div class=\"wpb_wrapper\"><\/div><\/div><\/div><\/div>","protected":false},"excerpt":{"rendered":"<p>Vizita\u021bi website-ul oficial al companiei Dipl.-ing. H. Horstmann GmbH este o companie de inginerie electric\u0103 de familie, fondat\u0103 \u00een 1946 \u00een Heiligenhaus, l\u00e2ng\u0103 Dusseldorf, Germania. O mare dorin\u021b\u0103 de a inova \u0219i de a investi a ajutat Horstmann GmbH s\u0103 evolueze \u00eentr-o afacere activ\u0103 acum la nivel mondial. Departamentul s\u0103u de cercetare \u0219i dezvoltare, cu&hellip;<\/p>","protected":false},"author":2,"featured_media":0,"parent":51,"menu_order":0,"comment_status":"closed","ping_status":"closed","template":"","meta":{"footnotes":""},"class_list":["post-524","page","type-page","status-publish","hentry","description-off"],"_links":{"self":[{"href":"https:\/\/electrisium.com\/en\/wp-json\/wp\/v2\/pages\/524","targetHints":{"allow":["GET"]}}],"collection":[{"href":"https:\/\/electrisium.com\/en\/wp-json\/wp\/v2\/pages"}],"about":[{"href":"https:\/\/electrisium.com\/en\/wp-json\/wp\/v2\/types\/page"}],"author":[{"embeddable":true,"href":"https:\/\/electrisium.com\/en\/wp-json\/wp\/v2\/users\/2"}],"replies":[{"embeddable":true,"href":"https:\/\/electrisium.com\/en\/wp-json\/wp\/v2\/comments?post=524"}],"version-history":[{"count":18,"href":"https:\/\/electrisium.com\/en\/wp-json\/wp\/v2\/pages\/524\/revisions"}],"predecessor-version":[{"id":1704,"href":"https:\/\/electrisium.com\/en\/wp-json\/wp\/v2\/pages\/524\/revisions\/1704"}],"up":[{"embeddable":true,"href":"https:\/\/electrisium.com\/en\/wp-json\/wp\/v2\/pages\/51"}],"wp:attachment":[{"href":"https:\/\/electrisium.com\/en\/wp-json\/wp\/v2\/media?parent=524"}],"curies":[{"name":"wp","href":"https:\/\/api.w.org\/{rel}","templated":true}]}}