{"id":51,"date":"2022-07-05T19:48:47","date_gmt":"2022-07-05T16:48:47","guid":{"rendered":"https:\/\/electrisium.com\/?page_id=51"},"modified":"2025-08-18T18:43:20","modified_gmt":"2025-08-18T15:43:20","slug":"parteneri-si-furnizori","status":"publish","type":"page","link":"https:\/\/electrisium.com\/en\/partners-and-suppliers\/","title":{"rendered":"Partners and Suppliers"},"content":{"rendered":"<div class=\"vc_row wpb_row vc_row-fluid\"><div class=\"wpb_column vc_column_container vc_col-sm-12\"><div class=\"vc_column-inner\"><div class=\"wpb_wrapper\">\n\t<div class=\"wpb_text_column wpb_content_element\" >\n\t\t<div class=\"wpb_wrapper\">\n\t\t\t<p>We work together with international respected manufacturing companies, having a proven history of innovation and who are continuously investing in research and development, in addition to providing impeccable customer support services.<\/p>\n<p>Our strength comes from the collaboration relationship, mutual trust and respect that we have with our partners, who are experts in their field of activity, combined with our own high degree of expertise and professional experience which our company team members possess.<\/p>\n<p>Our partners trust and support us, which consequently inspires and motivate us to offer our customers the best products and solutions complemented by sales and after-sales support services of the highest standards, to develop new successful business collaborations.<\/p>\n\n\t\t<\/div>\n\t<\/div>\n<\/div><\/div><\/div><\/div><div class=\"vc_row wpb_row vc_row-fluid vc_column-gap-35\"><div class=\"wpb_column vc_column_container vc_col-sm-4\"><div class=\"vc_column-inner\"><div class=\"wpb_wrapper\">\n\t<div class=\"wpb_text_column wpb_content_element\" >\n\t\t<div class=\"wpb_wrapper\">\n\t\t\t<p style=\"text-align: center;\"><a href=\"https:\/\/electrisium.com\/en\/partners-and-suppliers\/horstmann\/\"><strong>Dipl.-Ing. H. Horstmann GmbH<\/strong><\/a><\/p>\n\n\t\t<\/div>\n\t<\/div>\n\n\t<div  class=\"wpb_single_image wpb_content_element vc_align_center\">\n\t\t\n\t\t<figure class=\"wpb_wrapper vc_figure\">\n\t\t\t<div class=\"vc_single_image-wrapper   vc_box_border_grey\"><img loading=\"lazy\" decoding=\"async\" width=\"640\" height=\"109\" src=\"https:\/\/electrisium.com\/wp-content\/uploads\/2023\/04\/logo_horstmann-e1681313538963-640x109.png\" class=\"vc_single_image-img attachment-medium\" alt=\"\" title=\"Horstmann\" srcset=\"https:\/\/electrisium.com\/wp-content\/uploads\/2023\/04\/logo_horstmann-e1681313538963-640x109.png 640w, https:\/\/electrisium.com\/wp-content\/uploads\/2023\/04\/logo_horstmann-e1681313538963-18x3.png 18w, https:\/\/electrisium.com\/wp-content\/uploads\/2023\/04\/logo_horstmann-e1681313538963-500x85.png 500w, https:\/\/electrisium.com\/wp-content\/uploads\/2023\/04\/logo_horstmann-e1681313538963-800x136.png 800w, https:\/\/electrisium.com\/wp-content\/uploads\/2023\/04\/logo_horstmann-e1681313538963.png 900w\" sizes=\"auto, (max-width: 640px) 100vw, 640px\"  data-dt-location=\"https:\/\/electrisium.com\/en\/partners-and-suppliers\/attachment\/logo_horstmann\/\" \/><\/div>\n\t\t<\/figure>\n\t<\/div>\n<\/div><\/div><\/div><div class=\"wpb_column vc_column_container vc_col-sm-4\"><div class=\"vc_column-inner\"><div class=\"wpb_wrapper\">\n\t<div class=\"wpb_text_column wpb_content_element\" >\n\t\t<div class=\"wpb_wrapper\">\n\t\t\t<p style=\"text-align: center;\"><a href=\"https:\/\/electrisium.com\/en\/partners-and-suppliers\/fanox\/\"><strong>Fanox Electronic S.L.<\/strong><\/a><\/p>\n\n\t\t<\/div>\n\t<\/div>\n\n\t<div  class=\"wpb_single_image wpb_content_element vc_align_center\">\n\t\t\n\t\t<figure class=\"wpb_wrapper vc_figure\">\n\t\t\t<div class=\"vc_single_image-wrapper   vc_box_border_grey\"><img loading=\"lazy\" decoding=\"async\" width=\"640\" height=\"246\" src=\"https:\/\/electrisium.com\/wp-content\/uploads\/2023\/04\/logo-fanox-safely-protected-640x246.png\" class=\"vc_single_image-img attachment-medium\" alt=\"\" title=\"Fanox\" srcset=\"https:\/\/electrisium.com\/wp-content\/uploads\/2023\/04\/logo-fanox-safely-protected-640x246.png 640w, https:\/\/electrisium.com\/wp-content\/uploads\/2023\/04\/logo-fanox-safely-protected-1024x394.png 1024w, https:\/\/electrisium.com\/wp-content\/uploads\/2023\/04\/logo-fanox-safely-protected-18x7.png 18w, https:\/\/electrisium.com\/wp-content\/uploads\/2023\/04\/logo-fanox-safely-protected-500x193.png 500w, https:\/\/electrisium.com\/wp-content\/uploads\/2023\/04\/logo-fanox-safely-protected-800x308.png 800w, https:\/\/electrisium.com\/wp-content\/uploads\/2023\/04\/logo-fanox-safely-protected.png 1200w\" sizes=\"auto, (max-width: 640px) 100vw, 640px\"  data-dt-location=\"https:\/\/electrisium.com\/en\/partners-and-suppliers\/attachment\/logo-fanox-safely-protected\/\" \/><\/div>\n\t\t<\/figure>\n\t<\/div>\n<\/div><\/div><\/div><div class=\"wpb_column vc_column_container vc_col-sm-4\"><div class=\"vc_column-inner\"><div class=\"wpb_wrapper\">\n\t<div class=\"wpb_text_column wpb_content_element\" >\n\t\t<div class=\"wpb_wrapper\">\n\t\t\t<p style=\"text-align: center;\"><a href=\"https:\/\/electrisium.com\/en\/partners-and-suppliers\/j-schneider-elektrotechnik\/\"><strong>J. Schneider Elektrotechnik GmbH<\/strong><\/a><\/p>\n\n\t\t<\/div>\n\t<\/div>\n\n\t<div  class=\"wpb_single_image wpb_content_element vc_align_center\">\n\t\t\n\t\t<figure class=\"wpb_wrapper vc_figure\">\n\t\t\t<div class=\"vc_single_image-wrapper   vc_box_border_grey\"><img loading=\"lazy\" decoding=\"async\" class=\"vc_single_image-img\" src=\"https:\/\/electrisium.com\/wp-content\/uploads\/2023\/04\/Logo-J.-Schneider-Elektrotechnik-224x200.png\" width=\"224\" height=\"200\" alt=\"J. Schneider Elektrotechnik\" title=\"J. Schneider Elektrotechnik\"  data-dt-location=\"https:\/\/electrisium.com\/en\/partners-and-suppliers\/attachment\/logo-j-schneider-elektrotechnik\/\" \/><\/div>\n\t\t<\/figure>\n\t<\/div>\n<\/div><\/div><\/div><\/div><div class=\"vc_row wpb_row vc_row-fluid vc_column-gap-35\"><div class=\"wpb_column vc_column_container vc_col-sm-4\"><div class=\"vc_column-inner\"><div class=\"wpb_wrapper\">\n\t<div class=\"wpb_text_column wpb_content_element\" >\n\t\t<div class=\"wpb_wrapper\">\n\t\t\t<p style=\"text-align: center;\"><a href=\"https:\/\/electrisium.com\/en\/partners-and-suppliers\/ritz-instrument-transformers\/\"><strong>RITZ Instrument Transformers GmbH<\/strong><\/a><\/p>\n\n\t\t<\/div>\n\t<\/div>\n\n\t<div  class=\"wpb_single_image wpb_content_element vc_align_center\">\n\t\t\n\t\t<figure class=\"wpb_wrapper vc_figure\">\n\t\t\t<div class=\"vc_single_image-wrapper   vc_box_border_grey\"><img loading=\"lazy\" decoding=\"async\" width=\"640\" height=\"343\" src=\"https:\/\/electrisium.com\/wp-content\/uploads\/2024\/03\/Ritz_Logo-640x343.png\" class=\"vc_single_image-img attachment-medium\" alt=\"\" title=\"Ritz Instrument Transformers\" srcset=\"https:\/\/electrisium.com\/wp-content\/uploads\/2024\/03\/Ritz_Logo-640x343.png 640w, https:\/\/electrisium.com\/wp-content\/uploads\/2024\/03\/Ritz_Logo-1280x685.png 1280w, https:\/\/electrisium.com\/wp-content\/uploads\/2024\/03\/Ritz_Logo-1024x548.png 1024w, https:\/\/electrisium.com\/wp-content\/uploads\/2024\/03\/Ritz_Logo-18x10.png 18w, https:\/\/electrisium.com\/wp-content\/uploads\/2024\/03\/Ritz_Logo-500x268.png 500w, https:\/\/electrisium.com\/wp-content\/uploads\/2024\/03\/Ritz_Logo-800x428.png 800w, https:\/\/electrisium.com\/wp-content\/uploads\/2024\/03\/Ritz_Logo.png 1496w\" sizes=\"auto, (max-width: 640px) 100vw, 640px\"  data-dt-location=\"https:\/\/electrisium.com\/en\/partners-and-suppliers\/attachment\/ritz_logo\/\" \/><\/div>\n\t\t<\/figure>\n\t<\/div>\n<\/div><\/div><\/div><div class=\"wpb_column vc_column_container vc_col-sm-4\"><div class=\"vc_column-inner\"><div class=\"wpb_wrapper\">\n\t<div class=\"wpb_text_column wpb_content_element\" >\n\t\t<div class=\"wpb_wrapper\">\n\t\t\t<p style=\"text-align: center;\"><a href=\"https:\/\/electrisium.com\/en\/partners-and-suppliers\/electrex\/\"><strong>Electrex a brand of Akse s.r.l.<\/strong><\/a><\/p>\n\n\t\t<\/div>\n\t<\/div>\n\n\t<div  class=\"wpb_single_image wpb_content_element vc_align_center\">\n\t\t\n\t\t<figure class=\"wpb_wrapper vc_figure\">\n\t\t\t<div class=\"vc_single_image-wrapper   vc_box_border_grey\"><img loading=\"lazy\" decoding=\"async\" width=\"640\" height=\"198\" src=\"https:\/\/electrisium.com\/wp-content\/uploads\/2023\/04\/logo_electrex_bluelight-640x198.png\" class=\"vc_single_image-img attachment-medium\" alt=\"\" title=\"Electrex\" srcset=\"https:\/\/electrisium.com\/wp-content\/uploads\/2023\/04\/logo_electrex_bluelight-640x198.png 640w, https:\/\/electrisium.com\/wp-content\/uploads\/2023\/04\/logo_electrex_bluelight-1280x395.png 1280w, https:\/\/electrisium.com\/wp-content\/uploads\/2023\/04\/logo_electrex_bluelight-1024x316.png 1024w, https:\/\/electrisium.com\/wp-content\/uploads\/2023\/04\/logo_electrex_bluelight-1536x474.png 1536w, https:\/\/electrisium.com\/wp-content\/uploads\/2023\/04\/logo_electrex_bluelight-2048x633.png 2048w, https:\/\/electrisium.com\/wp-content\/uploads\/2023\/04\/logo_electrex_bluelight-18x6.png 18w, https:\/\/electrisium.com\/wp-content\/uploads\/2023\/04\/logo_electrex_bluelight-500x154.png 500w, https:\/\/electrisium.com\/wp-content\/uploads\/2023\/04\/logo_electrex_bluelight-800x247.png 800w, https:\/\/electrisium.com\/wp-content\/uploads\/2023\/04\/logo_electrex_bluelight-1920x593.png 1920w\" sizes=\"auto, (max-width: 640px) 100vw, 640px\"  data-dt-location=\"https:\/\/electrisium.com\/en\/partners-and-suppliers\/attachment\/logo_electrex_bluelight\/\" \/><\/div>\n\t\t<\/figure>\n\t<\/div>\n<\/div><\/div><\/div><div class=\"wpb_column vc_column_container vc_col-sm-4\"><div class=\"vc_column-inner\"><div class=\"wpb_wrapper\">\n\t<div class=\"wpb_text_column wpb_content_element\" >\n\t\t<div class=\"wpb_wrapper\">\n\t\t\t<p style=\"text-align: center;\"><a href=\"https:\/\/electrisium.com\/en\/partners-and-suppliers\/comar-condensatori\/\"><strong>COMAR Condensatori S.p.A.<\/strong><\/a><\/p>\n\n\t\t<\/div>\n\t<\/div>\n\n\t<div  class=\"wpb_single_image wpb_content_element vc_align_center\">\n\t\t\n\t\t<figure class=\"wpb_wrapper vc_figure\">\n\t\t\t<div class=\"vc_single_image-wrapper   vc_box_border_grey\"><img loading=\"lazy\" decoding=\"async\" width=\"640\" height=\"184\" src=\"https:\/\/electrisium.com\/wp-content\/uploads\/2023\/04\/COMAR-640x184.png\" class=\"vc_single_image-img attachment-medium\" alt=\"\" title=\"COMAR\" srcset=\"https:\/\/electrisium.com\/wp-content\/uploads\/2023\/04\/COMAR-640x184.png 640w, https:\/\/electrisium.com\/wp-content\/uploads\/2023\/04\/COMAR-1280x367.png 1280w, https:\/\/electrisium.com\/wp-content\/uploads\/2023\/04\/COMAR-1024x294.png 1024w, https:\/\/electrisium.com\/wp-content\/uploads\/2023\/04\/COMAR-1536x441.png 1536w, https:\/\/electrisium.com\/wp-content\/uploads\/2023\/04\/COMAR-2048x588.png 2048w, https:\/\/electrisium.com\/wp-content\/uploads\/2023\/04\/COMAR-18x5.png 18w, https:\/\/electrisium.com\/wp-content\/uploads\/2023\/04\/COMAR-500x143.png 500w, https:\/\/electrisium.com\/wp-content\/uploads\/2023\/04\/COMAR-800x230.png 800w, https:\/\/electrisium.com\/wp-content\/uploads\/2023\/04\/COMAR-1920x551.png 1920w\" sizes=\"auto, (max-width: 640px) 100vw, 640px\"  data-dt-location=\"https:\/\/electrisium.com\/en\/partners-and-suppliers\/attachment\/comar\/\" \/><\/div>\n\t\t<\/figure>\n\t<\/div>\n<\/div><\/div><\/div><\/div><div class=\"vc_row wpb_row vc_row-fluid vc_column-gap-35\"><div class=\"wpb_column vc_column_container vc_col-sm-4\"><div class=\"vc_column-inner\"><div class=\"wpb_wrapper\">\n\t<div class=\"wpb_text_column wpb_content_element\" >\n\t\t<div class=\"wpb_wrapper\">\n\t\t\t<p style=\"text-align: center;\"><a href=\"https:\/\/electrisium.com\/en\/partners-and-suppliers\/beluk\/\"><strong>BELUK GmbH<\/strong><\/a><\/p>\n\n\t\t<\/div>\n\t<\/div>\n\n\t<div  class=\"wpb_single_image wpb_content_element vc_align_center\">\n\t\t\n\t\t<figure class=\"wpb_wrapper vc_figure\">\n\t\t\t<div class=\"vc_single_image-wrapper   vc_box_border_grey\"><img loading=\"lazy\" decoding=\"async\" width=\"640\" height=\"129\" src=\"https:\/\/electrisium.com\/wp-content\/uploads\/2025\/04\/BELUK-640x129.png\" class=\"vc_single_image-img attachment-medium\" alt=\"\" title=\"BELUK\" srcset=\"https:\/\/electrisium.com\/wp-content\/uploads\/2025\/04\/BELUK-640x129.png 640w, https:\/\/electrisium.com\/wp-content\/uploads\/2025\/04\/BELUK-1024x206.png 1024w, https:\/\/electrisium.com\/wp-content\/uploads\/2025\/04\/BELUK-18x4.png 18w, https:\/\/electrisium.com\/wp-content\/uploads\/2025\/04\/BELUK-500x100.png 500w, https:\/\/electrisium.com\/wp-content\/uploads\/2025\/04\/BELUK-800x161.png 800w, https:\/\/electrisium.com\/wp-content\/uploads\/2025\/04\/BELUK.png 1115w\" sizes=\"auto, (max-width: 640px) 100vw, 640px\"  data-dt-location=\"https:\/\/electrisium.com\/en\/beluk-2\/\" \/><\/div>\n\t\t<\/figure>\n\t<\/div>\n<\/div><\/div><\/div><div class=\"wpb_column vc_column_container vc_col-sm-4\"><div class=\"vc_column-inner\"><div class=\"wpb_wrapper\">\n\t<div class=\"wpb_text_column wpb_content_element\" >\n\t\t<div class=\"wpb_wrapper\">\n\t\t\t<p style=\"text-align: center;\"><strong><a href=\"https:\/\/electrisium.com\/en\/partners-and-suppliers\/eaw-relaistechnik\/\">EAW Relaistechnik GmbH<\/a><\/strong><\/p>\n\n\t\t<\/div>\n\t<\/div>\n\n\t<div  class=\"wpb_single_image wpb_content_element vc_align_center\">\n\t\t\n\t\t<figure class=\"wpb_wrapper vc_figure\">\n\t\t\t<div class=\"vc_single_image-wrapper   vc_box_border_grey\"><img loading=\"lazy\" decoding=\"async\" width=\"640\" height=\"189\" src=\"https:\/\/electrisium.com\/wp-content\/uploads\/2025\/03\/EAW_logo-640x189.png\" class=\"vc_single_image-img attachment-medium\" alt=\"\" title=\"EAW Relaistechnik\" srcset=\"https:\/\/electrisium.com\/wp-content\/uploads\/2025\/03\/EAW_logo-640x189.png 640w, https:\/\/electrisium.com\/wp-content\/uploads\/2025\/03\/EAW_logo-18x5.png 18w, https:\/\/electrisium.com\/wp-content\/uploads\/2025\/03\/EAW_logo-500x147.png 500w, https:\/\/electrisium.com\/wp-content\/uploads\/2025\/03\/EAW_logo-800x236.png 800w, https:\/\/electrisium.com\/wp-content\/uploads\/2025\/03\/EAW_logo.png 920w\" sizes=\"auto, (max-width: 640px) 100vw, 640px\"  data-dt-location=\"https:\/\/electrisium.com\/en\/eaw_logo\/\" \/><\/div>\n\t\t<\/figure>\n\t<\/div>\n<\/div><\/div><\/div><div class=\"wpb_column vc_column_container vc_col-sm-4\"><div class=\"vc_column-inner\"><div class=\"wpb_wrapper\">\n\t<div class=\"wpb_text_column wpb_content_element\" >\n\t\t<div class=\"wpb_wrapper\">\n\t\t\t<p style=\"text-align: center;\"><strong><a href=\"https:\/\/electrisium.com\/en\/partners-and-suppliers\/elcontrol-energy-net\/\">Elcontrol Energy Net S.r.l.<\/a><\/strong><\/p>\n\n\t\t<\/div>\n\t<\/div>\n\n\t<div  class=\"wpb_single_image wpb_content_element vc_align_center\">\n\t\t\n\t\t<figure class=\"wpb_wrapper vc_figure\">\n\t\t\t<div class=\"vc_single_image-wrapper   vc_box_border_grey\"><img loading=\"lazy\" decoding=\"async\" width=\"640\" height=\"182\" src=\"https:\/\/electrisium.com\/wp-content\/uploads\/2024\/03\/Logone-E-COL-300-640x182.png\" class=\"vc_single_image-img attachment-medium\" alt=\"\" title=\"Elcontrol Energy Net\" srcset=\"https:\/\/electrisium.com\/wp-content\/uploads\/2024\/03\/Logone-E-COL-300-640x182.png 640w, https:\/\/electrisium.com\/wp-content\/uploads\/2024\/03\/Logone-E-COL-300-1280x364.png 1280w, https:\/\/electrisium.com\/wp-content\/uploads\/2024\/03\/Logone-E-COL-300-1024x291.png 1024w, https:\/\/electrisium.com\/wp-content\/uploads\/2024\/03\/Logone-E-COL-300-1536x437.png 1536w, https:\/\/electrisium.com\/wp-content\/uploads\/2024\/03\/Logone-E-COL-300-2048x582.png 2048w, https:\/\/electrisium.com\/wp-content\/uploads\/2024\/03\/Logone-E-COL-300-18x5.png 18w, https:\/\/electrisium.com\/wp-content\/uploads\/2024\/03\/Logone-E-COL-300-500x142.png 500w, https:\/\/electrisium.com\/wp-content\/uploads\/2024\/03\/Logone-E-COL-300-800x227.png 800w, https:\/\/electrisium.com\/wp-content\/uploads\/2024\/03\/Logone-E-COL-300-1920x546.png 1920w\" sizes=\"auto, (max-width: 640px) 100vw, 640px\"  data-dt-location=\"https:\/\/electrisium.com\/en\/partners-and-suppliers\/attachment\/logone-e-col-300\/\" \/><\/div>\n\t\t<\/figure>\n\t<\/div>\n<\/div><\/div><\/div><div class=\"wpb_column vc_column_container vc_col-sm-12\"><div class=\"vc_column-inner\"><div class=\"wpb_wrapper\"><\/div><\/div><\/div><\/div><div class=\"vc_row wpb_row vc_row-fluid vc_column-gap-35\"><div class=\"wpb_column vc_column_container vc_col-sm-4\"><div class=\"vc_column-inner\"><div class=\"wpb_wrapper\">\n\t<div class=\"wpb_text_column wpb_content_element\" >\n\t\t<div class=\"wpb_wrapper\">\n\t\t\t<p style=\"text-align: center;\"><strong><a href=\"https:\/\/electrisium.com\/en\/partners-and-suppliers\/tmc-transformers\/\">TMC Transformers S.p.A.<\/a><\/strong><\/p>\n\n\t\t<\/div>\n\t<\/div>\n\n\t<div  class=\"wpb_single_image wpb_content_element vc_align_center\">\n\t\t\n\t\t<figure class=\"wpb_wrapper vc_figure\">\n\t\t\t<div class=\"vc_single_image-wrapper   vc_box_border_grey\"><img loading=\"lazy\" decoding=\"async\" width=\"640\" height=\"302\" src=\"https:\/\/electrisium.com\/wp-content\/uploads\/2025\/04\/TMC-Transformers-640x302.png\" class=\"vc_single_image-img attachment-medium\" alt=\"\" title=\"TMC Transformers\" srcset=\"https:\/\/electrisium.com\/wp-content\/uploads\/2025\/04\/TMC-Transformers-640x302.png 640w, https:\/\/electrisium.com\/wp-content\/uploads\/2025\/04\/TMC-Transformers-1280x603.png 1280w, https:\/\/electrisium.com\/wp-content\/uploads\/2025\/04\/TMC-Transformers-1024x482.png 1024w, https:\/\/electrisium.com\/wp-content\/uploads\/2025\/04\/TMC-Transformers-1536x724.png 1536w, https:\/\/electrisium.com\/wp-content\/uploads\/2025\/04\/TMC-Transformers-2048x965.png 2048w, https:\/\/electrisium.com\/wp-content\/uploads\/2025\/04\/TMC-Transformers-18x8.png 18w, https:\/\/electrisium.com\/wp-content\/uploads\/2025\/04\/TMC-Transformers-500x236.png 500w, https:\/\/electrisium.com\/wp-content\/uploads\/2025\/04\/TMC-Transformers-800x377.png 800w, https:\/\/electrisium.com\/wp-content\/uploads\/2025\/04\/TMC-Transformers-1920x905.png 1920w\" sizes=\"auto, (max-width: 640px) 100vw, 640px\"  data-dt-location=\"https:\/\/electrisium.com\/en\/tmc-transformers\/\" \/><\/div>\n\t\t<\/figure>\n\t<\/div>\n<\/div><\/div><\/div><div class=\"wpb_column vc_column_container vc_col-sm-4\"><div class=\"vc_column-inner\"><div class=\"wpb_wrapper\">\n\t<div class=\"wpb_text_column wpb_content_element\" >\n\t\t<div class=\"wpb_wrapper\">\n\t\t\t<p style=\"text-align: center;\"><strong><a href=\"https:\/\/electrisium.com\/en\/partners-and-suppliers\/megabarre-europe\/\">Megabarre Europe S.r.l.<\/a><\/strong><\/p>\n\n\t\t<\/div>\n\t<\/div>\n\n\t<div  class=\"wpb_single_image wpb_content_element vc_align_center\">\n\t\t\n\t\t<figure class=\"wpb_wrapper vc_figure\">\n\t\t\t<div class=\"vc_single_image-wrapper   vc_box_border_grey\"><img loading=\"lazy\" decoding=\"async\" width=\"640\" height=\"89\" src=\"https:\/\/electrisium.com\/wp-content\/uploads\/2025\/04\/Megabarre-Europe-640x89.png\" class=\"vc_single_image-img attachment-medium\" alt=\"\" title=\"Megabarre Europe\" srcset=\"https:\/\/electrisium.com\/wp-content\/uploads\/2025\/04\/Megabarre-Europe-640x89.png 640w, https:\/\/electrisium.com\/wp-content\/uploads\/2025\/04\/Megabarre-Europe-1024x142.png 1024w, https:\/\/electrisium.com\/wp-content\/uploads\/2025\/04\/Megabarre-Europe-18x3.png 18w, https:\/\/electrisium.com\/wp-content\/uploads\/2025\/04\/Megabarre-Europe-500x69.png 500w, https:\/\/electrisium.com\/wp-content\/uploads\/2025\/04\/Megabarre-Europe-800x111.png 800w, https:\/\/electrisium.com\/wp-content\/uploads\/2025\/04\/Megabarre-Europe.png 1260w\" sizes=\"auto, (max-width: 640px) 100vw, 640px\"  data-dt-location=\"https:\/\/electrisium.com\/en\/megabarre-europe\/\" \/><\/div>\n\t\t<\/figure>\n\t<\/div>\n<\/div><\/div><\/div><div class=\"wpb_column vc_column_container vc_col-sm-4\"><div class=\"vc_column-inner\"><div class=\"wpb_wrapper\">\n\t<div class=\"wpb_text_column wpb_content_element\" >\n\t\t<div class=\"wpb_wrapper\">\n\t\t\t<p style=\"text-align: center;\"><strong><a href=\"https:\/\/electrisium.com\/en\/partners-and-suppliers\/sinexcel\/\">Shenzhen Sinexcel Electric Co., Ltd.<\/a><\/strong><\/p>\n\n\t\t<\/div>\n\t<\/div>\n\n\t<div  class=\"wpb_single_image wpb_content_element vc_align_center\">\n\t\t\n\t\t<figure class=\"wpb_wrapper vc_figure\">\n\t\t\t<div class=\"vc_single_image-wrapper   vc_box_border_grey\"><img loading=\"lazy\" decoding=\"async\" width=\"640\" height=\"88\" src=\"https:\/\/electrisium.com\/wp-content\/uploads\/2025\/08\/SINEXCEL-640x88.png\" class=\"vc_single_image-img attachment-medium\" alt=\"\" title=\"SINEXCEL\" srcset=\"https:\/\/electrisium.com\/wp-content\/uploads\/2025\/08\/SINEXCEL-640x88.png 640w, https:\/\/electrisium.com\/wp-content\/uploads\/2025\/08\/SINEXCEL-1280x176.png 1280w, https:\/\/electrisium.com\/wp-content\/uploads\/2025\/08\/SINEXCEL-1024x141.png 1024w, https:\/\/electrisium.com\/wp-content\/uploads\/2025\/08\/SINEXCEL-1536x212.png 1536w, https:\/\/electrisium.com\/wp-content\/uploads\/2025\/08\/SINEXCEL-18x2.png 18w, https:\/\/electrisium.com\/wp-content\/uploads\/2025\/08\/SINEXCEL-500x69.png 500w, https:\/\/electrisium.com\/wp-content\/uploads\/2025\/08\/SINEXCEL-800x110.png 800w, https:\/\/electrisium.com\/wp-content\/uploads\/2025\/08\/SINEXCEL-1920x264.png 1920w, https:\/\/electrisium.com\/wp-content\/uploads\/2025\/08\/SINEXCEL.png 2004w\" sizes=\"auto, (max-width: 640px) 100vw, 640px\"  data-dt-location=\"https:\/\/electrisium.com\/en\/sinexcel-2\/\" \/><\/div>\n\t\t<\/figure>\n\t<\/div>\n<\/div><\/div><\/div><div class=\"wpb_column vc_column_container vc_col-sm-12\"><div class=\"vc_column-inner\"><div class=\"wpb_wrapper\"><\/div><\/div><\/div><\/div>","protected":false},"excerpt":{"rendered":"<p>Lucr\u0103m \u00eempreun\u0103 cu companii de produc\u021bie de renume interna\u021bional, av\u00e2nd o istorie dovedit\u0103 de inovare \u0219i care investesc continuu \u00een cercetare \u0219i dezvoltare, pe l\u00e2ng\u0103 faptul c\u0103 ofer\u0103 servicii impecabile de asisten\u021b\u0103 pentru clien\u021bi. Puterea noastr\u0103 provine din rela\u021bia de colaborare, de \u00eencredere reciproc\u0103 \u0219i de respect pe care o avem cu partenerii no\u0219tri, care&hellip;<\/p>","protected":false},"author":1,"featured_media":0,"parent":0,"menu_order":0,"comment_status":"closed","ping_status":"closed","template":"","meta":{"footnotes":""},"class_list":["post-51","page","type-page","status-publish","hentry","description-off"],"_links":{"self":[{"href":"https:\/\/electrisium.com\/en\/wp-json\/wp\/v2\/pages\/51","targetHints":{"allow":["GET"]}}],"collection":[{"href":"https:\/\/electrisium.com\/en\/wp-json\/wp\/v2\/pages"}],"about":[{"href":"https:\/\/electrisium.com\/en\/wp-json\/wp\/v2\/types\/page"}],"author":[{"embeddable":true,"href":"https:\/\/electrisium.com\/en\/wp-json\/wp\/v2\/users\/1"}],"replies":[{"embeddable":true,"href":"https:\/\/electrisium.com\/en\/wp-json\/wp\/v2\/comments?post=51"}],"version-history":[{"count":70,"href":"https:\/\/electrisium.com\/en\/wp-json\/wp\/v2\/pages\/51\/revisions"}],"predecessor-version":[{"id":2050,"href":"https:\/\/electrisium.com\/en\/wp-json\/wp\/v2\/pages\/51\/revisions\/2050"}],"wp:attachment":[{"href":"https:\/\/electrisium.com\/en\/wp-json\/wp\/v2\/media?parent=51"}],"curies":[{"name":"wp","href":"https:\/\/api.w.org\/{rel}","templated":true}]}}