{"id":47,"date":"2022-07-05T19:48:09","date_gmt":"2022-07-05T16:48:09","guid":{"rendered":"https:\/\/electrisium.com\/?page_id=47"},"modified":"2023-05-13T12:30:28","modified_gmt":"2023-05-13T09:30:28","slug":"compania","status":"publish","type":"page","link":"https:\/\/electrisium.com\/en\/company\/","title":{"rendered":"Company"},"content":{"rendered":"<div class=\"vc_row wpb_row vc_row-fluid\"><div class=\"wpb_column vc_column_container vc_col-sm-12\"><div class=\"vc_column-inner\"><div class=\"wpb_wrapper\"><div class=\"vc_separator wpb_content_element vc_separator_align_center vc_sep_width_100 vc_sep_border_width_3 vc_sep_pos_align_center vc_separator-has-text\" ><span class=\"vc_sep_holder vc_sep_holder_l\"><span  style=\"border-color:#008b29;\" class=\"vc_sep_line\"><\/span><\/span><h4>About us<\/h4><span class=\"vc_sep_holder vc_sep_holder_r\"><span  style=\"border-color:#008b29;\" class=\"vc_sep_line\"><\/span><\/span>\n<\/div><\/div><\/div><\/div><\/div><div class=\"vc_row wpb_row vc_row-fluid\"><div class=\"wpb_column vc_column_container vc_col-sm-12\"><div class=\"vc_column-inner\"><div class=\"wpb_wrapper\">\n\t<div class=\"wpb_text_column wpb_content_element\" >\n\t\t<div class=\"wpb_wrapper\">\n\t\t\t<p><span style=\"color: #008b29;\"><strong>Electrisium International<\/strong><\/span> is an engineering company having the main objective of supplying the most reliable, efficient, sustainable, high quality and technologically advanced products and solutions for various applications and multiple segments of the energy sector. To achieve this objective, we focus to correctly identify the needs of our customers and accordingly provide them our products or solutions and, in addition, our support services.<\/p>\n\n\t\t<\/div>\n\t<\/div>\n<\/div><\/div><\/div><\/div><div class=\"vc_row wpb_row vc_row-fluid\"><div class=\"wpb_column vc_column_container vc_col-sm-4\"><div class=\"vc_column-inner\"><div class=\"wpb_wrapper\">\n\t<div class=\"wpb_text_column wpb_content_element\" >\n\t\t<div class=\"wpb_wrapper\">\n\t\t\t<p><span style=\"color: #008b29;\"><strong>Our belief<\/strong><\/span> is that technology is a force for making better lives for the people, so we strive at every given moment to make a positive difference in the lives of our customers by providing them the benefits of using high performance innovative products and customizable reliable solutions. Offering the appropriate product or the most suitable solution, always involves enthusiasm, passion, dedication, responsibility and professionalism, therefore, never satisfied with the first answer to a request, we always look for the best one.<\/p>\n<p><span style=\"color: #008b29;\"><strong>Our mission <\/strong><\/span>is to help our customers to create long-lasting high levels of value which allow us to achieve together new standards of excellence. We are dedicated to supply to our customers the most competitive products and solutions in terms of technology, quality, price, sustainability and delivery, for the widest possible range of sectors and applications.<\/p>\n\n\t\t<\/div>\n\t<\/div>\n<\/div><\/div><\/div><div class=\"wpb_column vc_column_container vc_col-sm-2 vc_col-xs-6\"><div class=\"vc_column-inner\"><div class=\"wpb_wrapper\">\n\t<div  class=\"wpb_single_image wpb_content_element vc_align_right  wpb_animate_when_almost_visible wpb_slideInLeft slideInLeft\">\n\t\t\n\t\t<figure class=\"wpb_wrapper vc_figure\">\n\t\t\t<div class=\"vc_single_image-wrapper   vc_box_border_grey\"><img loading=\"lazy\" decoding=\"async\" class=\"vc_single_image-img\" src=\"https:\/\/electrisium.com\/wp-content\/uploads\/2023\/05\/EIv-2-245x700.png\" width=\"245\" height=\"700\" alt=\"EIv\" title=\"EIv\"  data-dt-location=\"https:\/\/electrisium.com\/en\/eiv\/\" \/><\/div>\n\t\t<\/figure>\n\t<\/div>\n<\/div><\/div><\/div><div class=\"wpb_column vc_column_container vc_col-sm-2 vc_col-xs-6\"><div class=\"vc_column-inner\"><div class=\"wpb_wrapper\">\n\t<div  class=\"wpb_single_image wpb_content_element vc_align_left  wpb_animate_when_almost_visible wpb_slideInRight slideInRight\">\n\t\t\n\t\t<figure class=\"wpb_wrapper vc_figure\">\n\t\t\t<div class=\"vc_single_image-wrapper   vc_box_border_grey\"><img loading=\"lazy\" decoding=\"async\" class=\"vc_single_image-img\" src=\"https:\/\/electrisium.com\/wp-content\/uploads\/2023\/05\/EIg-3-245x700.png\" width=\"245\" height=\"700\" alt=\"EIg\" title=\"EIg\"  data-dt-location=\"https:\/\/electrisium.com\/en\/eig\/\" \/><\/div>\n\t\t<\/figure>\n\t<\/div>\n<\/div><\/div><\/div><div class=\"wpb_column vc_column_container vc_col-sm-4\"><div class=\"vc_column-inner\"><div class=\"wpb_wrapper\">\n\t<div class=\"wpb_text_column wpb_content_element\" >\n\t\t<div class=\"wpb_wrapper\">\n\t\t\t<p><span style=\"color: #008b29;\"><strong>Our values<\/strong><\/span> have always been integrity and honesty which make the core of our successful business relationships with our collaborators. We place special emphasis on all aspects related to quality, constant improvement, commitment to customers, confidentiality, continuous learning and respect for diversity, all being included in <a href=\"https:\/\/electrisium.com\/wp-content\/uploads\/2023\/03\/Codul_de_Etica_si_Conduita_Profesionala_v1.pdf\"><strong><u>our Code of Ethics and Professional Conduct<\/u><\/strong><\/a>, which was designed as a guide of principles for our organization members and our collaborators who are encourage to adhere to it and to uphold it.<\/p>\n<p><span style=\"color: #008b29;\"><strong>Our vision<\/strong><\/span> is to become a valuable and appreciated company within the energy sector. By continuously updating our knowledge about new technologies and about the new development in the energy sector, we increase our degree of expertise and improve the performance of the services offered, thus being always ready support our customers on their way to solve any difficult issue.<\/p>\n\n\t\t<\/div>\n\t<\/div>\n<\/div><\/div><\/div><\/div><div class=\"vc_row wpb_row vc_row-fluid\"><div class=\"wpb_column vc_column_container vc_col-sm-12\"><div class=\"vc_column-inner\"><div class=\"wpb_wrapper\"><div class=\"vc_empty_space\"   style=\"height: 22px\"><span class=\"vc_empty_space_inner\"><\/span><\/div><div class=\"vc_separator wpb_content_element vc_separator_align_center vc_sep_width_100 vc_sep_border_width_3 vc_sep_pos_align_center vc_separator-has-text\" ><span class=\"vc_sep_holder vc_sep_holder_l\"><span  style=\"border-color:#008b29;\" class=\"vc_sep_line\"><\/span><\/span><h4>Our services<\/h4><span class=\"vc_sep_holder vc_sep_holder_r\"><span  style=\"border-color:#008b29;\" class=\"vc_sep_line\"><\/span><\/span>\n<\/div><\/div><\/div><\/div><\/div><div class=\"vc_row wpb_row vc_row-fluid\"><div class=\"wpb_column vc_column_container vc_col-sm-12\"><div class=\"vc_column-inner\"><div class=\"wpb_wrapper\">\n\t<div class=\"wpb_text_column wpb_content_element\" >\n\t\t<div class=\"wpb_wrapper\">\n\t\t\t<p><span style=\"color: #008b29;\"><strong>Electrisium International<\/strong><\/span> is offering a full range of professional support services meant to bring long term benefits and competitive advantages to our customers. We are involved constantly to improve our services and we dedicate our time and knowledge to be able to offer tailored products and solutions for the specific requirements of our customers which guarantees performance, reliability and safety.<\/p>\n\n\t\t<\/div>\n\t<\/div>\n<\/div><\/div><\/div><\/div><div class=\"vc_row wpb_row vc_row-fluid\"><div class=\"wpb_column vc_column_container vc_col-sm-6\"><div class=\"vc_column-inner\"><div class=\"wpb_wrapper\">\n\t<div class=\"wpb_text_column wpb_content_element\" >\n\t\t<div class=\"wpb_wrapper\">\n\t\t\t<p style=\"text-align: left;\"><span style=\"color: #008b29;\"><strong>Specialized Consulting<\/strong><\/span><\/p>\n<p>We have the necessary expertise to provide recommendations in the selection and integration of products and solutions that we supply and also, we are prepared to offer professional assistance and support during their assembly and commissioning. We consider our customers as our partners, therefore, we undertake the most productive actions possible to provide valuable and reliable professional consulting services, as well as excellent aftersales support, to help them reduce their total overall operational costs. We are always enthusiastic to share from the energy sector know-how and to present new products from the world of innovative technologies to which our business partners belong, and also to show the practical benefits of our products and solutions in concrete applications by developing and implementing successful pilot projects in cooperation with our customers.<\/p>\n\n\t\t<\/div>\n\t<\/div>\n<style>.vc_btn3-style-gradient-custom.vc_btn-gradient-btn-69e85c88dee99:hover{color: #ffffff;background-color: #5d6058;border: none;background-position: 100% 0;}<\/style><style>.vc_btn3-style-gradient-custom.vc_btn-gradient-btn-69e85c88dee99{color: #ffffff;border: none;background-color: #008b29;background-image: -webkit-linear-gradient(left, #008b29 0%, #5d6058 50%,#008b29 100%);background-image: linear-gradient(to right, #008b29 0%, #5d6058 50%,#008b29 100%);-webkit-transition: all .2s ease-in-out;transition: all .2s ease-in-out;background-size: 200% 100%;}<\/style><div class=\"vc_btn3-container  wpb_animate_when_almost_visible wpb_bounceIn bounceIn vc_btn3-center\" ><a data-vc-gradient-1=\"#008b29\" data-vc-gradient-2=\"#5d6058\" class=\"vc_general vc_btn3 vc_btn3-size-md vc_btn3-shape-rounded vc_btn3-style-gradient-custom vc_btn-gradient-btn-69e85c88dee99\" href=\"https:\/\/electrisium.com\/en\/contact\/\" title=\"\" target=\"_blank\">Contact us!<\/a><\/div><\/div><\/div><\/div><div class=\"wpb_column vc_column_container vc_col-sm-6\"><div class=\"vc_column-inner\"><div class=\"wpb_wrapper\">\n\t<div  class=\"wpb_single_image wpb_content_element vc_align_center\">\n\t\t\n\t\t<figure class=\"wpb_wrapper vc_figure\">\n\t\t\t<a href=\"https:\/\/electrisium.com\/wp-content\/uploads\/2023\/04\/Specialized-Consulting-EN.png\" target=\"_self\"  class=\"vc_single_image-wrapper   vc_box_border_grey dt-pswp-item rollover rollover-zoom\" data-large_image_width=\"1200\" data-large_image_height = \"653\"     ><img loading=\"lazy\" decoding=\"async\" width=\"1200\" height=\"653\" src=\"https:\/\/electrisium.com\/wp-content\/uploads\/2023\/04\/Specialized-Consulting-EN.png\" class=\"vc_single_image-img attachment-large\" alt=\"\" title=\"Consultanta specializata RO\" srcset=\"https:\/\/electrisium.com\/wp-content\/uploads\/2023\/04\/Specialized-Consulting-EN.png 1805w, https:\/\/electrisium.com\/wp-content\/uploads\/2023\/04\/Specialized-Consulting-EN-640x397.png 640w, https:\/\/electrisium.com\/wp-content\/uploads\/2023\/04\/Specialized-Consulting-EN-1280x794.png 1280w, https:\/\/electrisium.com\/wp-content\/uploads\/2023\/04\/Specialized-Consulting-EN-1024x635.png 1024w, https:\/\/electrisium.com\/wp-content\/uploads\/2023\/04\/Specialized-Consulting-EN-1536x953.png 1536w, https:\/\/electrisium.com\/wp-content\/uploads\/2023\/04\/Specialized-Consulting-EN-18x12.png 18w, https:\/\/electrisium.com\/wp-content\/uploads\/2023\/04\/Specialized-Consulting-EN-500x310.png 500w, https:\/\/electrisium.com\/wp-content\/uploads\/2023\/04\/Specialized-Consulting-EN-800x496.png 800w\" sizes=\"auto, (max-width: 1200px) 100vw, 1200px\"  data-dt-location=\"https:\/\/electrisium.com\/en\/company\/attachment\/consultanta-specializata-ro\/\" \/><\/a>\n\t\t<\/figure>\n\t<\/div>\n<\/div><\/div><\/div><\/div><div class=\"vc_row wpb_row vc_row-fluid\"><div class=\"wpb_column vc_column_container vc_col-sm-12\"><div class=\"vc_column-inner\"><div class=\"wpb_wrapper\"><div class=\"vc_separator wpb_content_element vc_separator_align_center vc_sep_width_100 vc_sep_pos_align_center vc_separator_no_text\" ><span class=\"vc_sep_holder vc_sep_holder_l\"><span  style=\"border-color:#008b29;\" class=\"vc_sep_line\"><\/span><\/span><span class=\"vc_sep_holder vc_sep_holder_r\"><span  style=\"border-color:#008b29;\" class=\"vc_sep_line\"><\/span><\/span>\n<\/div><\/div><\/div><\/div><\/div><div class=\"vc_row wpb_row vc_row-fluid\"><div class=\"wpb_column vc_column_container vc_col-sm-6\"><div class=\"vc_column-inner\"><div class=\"wpb_wrapper\">\n\t<div class=\"wpb_text_column wpb_content_element\" >\n\t\t<div class=\"wpb_wrapper\">\n\t\t\t<p><span style=\"color: #008b29;\"><strong>Procurement Outsourcing<\/strong><\/span><\/p>\n<p>We provide value-focused, cost-efficient, complete-transparent procurement outsourcing service in accordance with the demands of our customers, while maintaining complete confidentiality with any third parties. Our ability and expertise will ensure that our customers benefit of the best suited product available that allows them to gain competitive advantages. We conduct efficient supply market research and analysis, we work meticulously in search for identifying potential suppliers and we thoroughly evaluate and select them, thus, we are always prepared to subject for validation to our customers the best products and solutions available. Consequently, our customers can focus on their core activities, while keeping absolute control over the decisions regarding which products or solutions are ordered from which suppliers and under which conditions.<\/p>\n\n\t\t<\/div>\n\t<\/div>\n<style>.vc_btn3-style-gradient-custom.vc_btn-gradient-btn-69e85c88dfa69:hover{color: #ffffff;background-color: #5d6058;border: none;background-position: 100% 0;}<\/style><style>.vc_btn3-style-gradient-custom.vc_btn-gradient-btn-69e85c88dfa69{color: #ffffff;border: none;background-color: #008b29;background-image: -webkit-linear-gradient(left, #008b29 0%, #5d6058 50%,#008b29 100%);background-image: linear-gradient(to right, #008b29 0%, #5d6058 50%,#008b29 100%);-webkit-transition: all .2s ease-in-out;transition: all .2s ease-in-out;background-size: 200% 100%;}<\/style><div class=\"vc_btn3-container  wpb_animate_when_almost_visible wpb_bounceIn bounceIn vc_btn3-center\" ><a data-vc-gradient-1=\"#008b29\" data-vc-gradient-2=\"#5d6058\" class=\"vc_general vc_btn3 vc_btn3-size-md vc_btn3-shape-rounded vc_btn3-style-gradient-custom vc_btn-gradient-btn-69e85c88dfa69\" href=\"https:\/\/electrisium.com\/en\/contact\/\" title=\"\" target=\"_blank\">Contact us!<\/a><\/div><\/div><\/div><\/div><div class=\"wpb_column vc_column_container vc_col-sm-6\"><div class=\"vc_column-inner\"><div class=\"wpb_wrapper\">\n\t<div  class=\"wpb_single_image wpb_content_element vc_align_center\">\n\t\t\n\t\t<figure class=\"wpb_wrapper vc_figure\">\n\t\t\t<a href=\"https:\/\/electrisium.com\/wp-content\/uploads\/2023\/04\/Outsourcing-Services-EN-e1682052158469.png\" target=\"_self\"  class=\"vc_single_image-wrapper   vc_box_border_grey dt-pswp-item rollover rollover-zoom\" data-large_image_width=\"1200\" data-large_image_height = \"685\"     ><img loading=\"lazy\" decoding=\"async\" width=\"1200\" height=\"685\" src=\"https:\/\/electrisium.com\/wp-content\/uploads\/2023\/04\/Outsourcing-Services-EN-e1682052158469.png\" class=\"vc_single_image-img attachment-large\" alt=\"\" title=\"Servicii externalizate RO\" srcset=\"https:\/\/electrisium.com\/wp-content\/uploads\/2023\/04\/Outsourcing-Services-EN-e1682052158469.png 1875w, https:\/\/electrisium.com\/wp-content\/uploads\/2023\/04\/Outsourcing-Services-EN-e1682052158469-640x345.png 640w, https:\/\/electrisium.com\/wp-content\/uploads\/2023\/04\/Outsourcing-Services-EN-e1682052158469-1280x689.png 1280w, https:\/\/electrisium.com\/wp-content\/uploads\/2023\/04\/Outsourcing-Services-EN-e1682052158469-1024x552.png 1024w, https:\/\/electrisium.com\/wp-content\/uploads\/2023\/04\/Outsourcing-Services-EN-e1682052158469-1536x827.png 1536w, https:\/\/electrisium.com\/wp-content\/uploads\/2023\/04\/Outsourcing-Services-EN-e1682052158469-18x10.png 18w, https:\/\/electrisium.com\/wp-content\/uploads\/2023\/04\/Outsourcing-Services-EN-e1682052158469-500x269.png 500w, https:\/\/electrisium.com\/wp-content\/uploads\/2023\/04\/Outsourcing-Services-EN-e1682052158469-800x431.png 800w\" sizes=\"auto, (max-width: 1200px) 100vw, 1200px\"  data-dt-location=\"https:\/\/electrisium.com\/en\/company\/attachment\/servicii-externalizate-ro\/\" \/><\/a>\n\t\t<\/figure>\n\t<\/div>\n<\/div><\/div><\/div><\/div>","protected":false},"excerpt":{"rendered":"<p>Despre noi Electrisium International este o companie de inginerie care are ca obiectiv principal furnizarea celor mai fiabile, eficiente, sustenabile, de \u00eenalt\u0103 calitate \u0219i avansate tehnologic solu\u021bii pentru aplica\u021bii diverse \u0219i numeroase segmente ale sectorului energetic. Pentru a atinge acest obiectiv, ne concentr\u0103m s\u0103 identific\u0103m corect nevoile clien\u021bilor no\u0219tri \u0219i, \u00een mod corespunz\u0103tor, s\u0103 le&hellip;<\/p>","protected":false},"author":1,"featured_media":0,"parent":0,"menu_order":0,"comment_status":"closed","ping_status":"closed","template":"","meta":{"footnotes":""},"class_list":["post-47","page","type-page","status-publish","hentry","description-off"],"_links":{"self":[{"href":"https:\/\/electrisium.com\/en\/wp-json\/wp\/v2\/pages\/47","targetHints":{"allow":["GET"]}}],"collection":[{"href":"https:\/\/electrisium.com\/en\/wp-json\/wp\/v2\/pages"}],"about":[{"href":"https:\/\/electrisium.com\/en\/wp-json\/wp\/v2\/types\/page"}],"author":[{"embeddable":true,"href":"https:\/\/electrisium.com\/en\/wp-json\/wp\/v2\/users\/1"}],"replies":[{"embeddable":true,"href":"https:\/\/electrisium.com\/en\/wp-json\/wp\/v2\/comments?post=47"}],"version-history":[{"count":66,"href":"https:\/\/electrisium.com\/en\/wp-json\/wp\/v2\/pages\/47\/revisions"}],"predecessor-version":[{"id":1274,"href":"https:\/\/electrisium.com\/en\/wp-json\/wp\/v2\/pages\/47\/revisions\/1274"}],"wp:attachment":[{"href":"https:\/\/electrisium.com\/en\/wp-json\/wp\/v2\/media?parent=47"}],"curies":[{"name":"wp","href":"https:\/\/api.w.org\/{rel}","templated":true}]}}