{"id":2053,"date":"2025-08-19T13:15:30","date_gmt":"2025-08-19T10:15:30","guid":{"rendered":"https:\/\/electrisium.com\/?page_id=2053"},"modified":"2025-08-19T13:43:43","modified_gmt":"2025-08-19T10:43:43","slug":"stabilizatoare-de-tensiune","status":"publish","type":"page","link":"https:\/\/electrisium.com\/en\/products-and-solutions\/active-voltage-conditioners\/","title":{"rendered":"Active voltage conditioners"},"content":{"rendered":"<div class=\"vc_row wpb_row vc_row-fluid\"><div class=\"wpb_column vc_column_container vc_col-sm-12\"><div class=\"vc_column-inner\"><div class=\"wpb_wrapper\"><div class=\"vc_separator wpb_content_element vc_separator_align_center vc_sep_width_100 vc_sep_border_width_3 vc_sep_pos_align_center vc_separator-has-text\" ><span class=\"vc_sep_holder vc_sep_holder_l\"><span  style=\"border-color:#008b29;\" class=\"vc_sep_line\"><\/span><\/span><h4>Active voltage conditioner AVC-RTS<\/h4><span class=\"vc_sep_holder vc_sep_holder_r\"><span  style=\"border-color:#008b29;\" class=\"vc_sep_line\"><\/span><\/span>\n<\/div><\/div><\/div><\/div><\/div><div class=\"vc_row wpb_row vc_row-fluid\"><div class=\"wpb_column vc_column_container vc_col-sm-3\"><div class=\"vc_column-inner\"><div class=\"wpb_wrapper\">\n\t<div  class=\"wpb_single_image wpb_content_element vc_align_center\">\n\t\t\n\t\t<figure class=\"wpb_wrapper vc_figure\">\n\t\t\t<div class=\"vc_single_image-wrapper   vc_box_border_grey\"><img loading=\"lazy\" decoding=\"async\" data-vc-zoom=\"https:\/\/electrisium.com\/wp-content\/uploads\/2025\/08\/Sinexcel-AVC-RTS-1.png\" width=\"966\" height=\"966\" src=\"https:\/\/electrisium.com\/wp-content\/uploads\/2025\/08\/Sinexcel-AVC-RTS-1.png\" class=\"vc_single_image-img attachment-large\" alt=\"\" title=\"Sinexcel AVC-RTS 1\" srcset=\"https:\/\/electrisium.com\/wp-content\/uploads\/2025\/08\/Sinexcel-AVC-RTS-1.png 966w, https:\/\/electrisium.com\/wp-content\/uploads\/2025\/08\/Sinexcel-AVC-RTS-1-640x640.png 640w, https:\/\/electrisium.com\/wp-content\/uploads\/2025\/08\/Sinexcel-AVC-RTS-1-160x160.png 160w, https:\/\/electrisium.com\/wp-content\/uploads\/2025\/08\/Sinexcel-AVC-RTS-1-12x12.png 12w, https:\/\/electrisium.com\/wp-content\/uploads\/2025\/08\/Sinexcel-AVC-RTS-1-500x500.png 500w, https:\/\/electrisium.com\/wp-content\/uploads\/2025\/08\/Sinexcel-AVC-RTS-1-800x800.png 800w\" sizes=\"auto, (max-width: 966px) 100vw, 966px\"  data-dt-location=\"https:\/\/electrisium.com\/en\/sinexcel-avc-rts-1\/\" \/><\/div>\n\t\t<\/figure>\n\t<\/div>\n<\/div><\/div><\/div><div class=\"wpb_column vc_column_container vc_col-sm-9\"><div class=\"vc_column-inner\"><div class=\"wpb_wrapper\">\n\t<div class=\"wpb_text_column wpb_content_element\" >\n\t\t<div class=\"wpb_wrapper\">\n\t\t\t<p><a href=\"https:\/\/electrisium.com\/en\/partners-and-suppliers\/sinexcel\/\" target=\"_blank\" rel=\"noopener\"><span style=\"color: #008b29;\"><strong>Sinexcel<\/strong><\/span><\/a> AVC- RTS (Active Voltage Conditioner Ride-Through Storage) is an Off-Line unit specifically designed to fast and accurate correct voltage sags and swells with 99% efficiency as well as providing continuous voltage regulation.<\/p>\n<p>According to IEEE standards, a voltage sag (also known as a voltage dip) is defined as a variation of the RMS (Root Mean Square) value of the voltage from nominal voltage for a time greater than 0.5 cycles of the power frequency but less than or equal to 1 minute.<\/p>\n<p>The voltage sag has been identified by many international research institutions as the most common event in power systems.<\/p>\n\n\t\t<\/div>\n\t<\/div>\n<div class=\"vc_row wpb_row vc_inner vc_row-fluid\"><div class=\"wpb_column vc_column_container vc_col-sm-6\"><div class=\"vc_column-inner\"><div class=\"wpb_wrapper\"><\/div><\/div><\/div><div class=\"wpb_column vc_column_container vc_col-sm-6\"><div class=\"vc_column-inner\"><div class=\"wpb_wrapper\"><\/div><\/div><\/div><\/div><\/div><\/div><\/div><\/div><div class=\"vc_row wpb_row vc_row-fluid\"><div class=\"wpb_column vc_column_container vc_col-sm-3\"><div class=\"vc_column-inner\"><div class=\"wpb_wrapper\">\n\t<div  class=\"wpb_single_image wpb_content_element vc_align_center\">\n\t\t\n\t\t<figure class=\"wpb_wrapper vc_figure\">\n\t\t\t<div class=\"vc_single_image-wrapper   vc_box_border_grey\"><img loading=\"lazy\" decoding=\"async\" data-vc-zoom=\"https:\/\/electrisium.com\/wp-content\/uploads\/2025\/08\/Sinexcel-AVC-RTS-2.png\" width=\"966\" height=\"822\" src=\"https:\/\/electrisium.com\/wp-content\/uploads\/2025\/08\/Sinexcel-AVC-RTS-2.png\" class=\"vc_single_image-img attachment-large\" alt=\"\" title=\"Sinexcel AVC-RTS 2\" srcset=\"https:\/\/electrisium.com\/wp-content\/uploads\/2025\/08\/Sinexcel-AVC-RTS-2.png 966w, https:\/\/electrisium.com\/wp-content\/uploads\/2025\/08\/Sinexcel-AVC-RTS-2-640x545.png 640w, https:\/\/electrisium.com\/wp-content\/uploads\/2025\/08\/Sinexcel-AVC-RTS-2-14x12.png 14w, https:\/\/electrisium.com\/wp-content\/uploads\/2025\/08\/Sinexcel-AVC-RTS-2-500x425.png 500w, https:\/\/electrisium.com\/wp-content\/uploads\/2025\/08\/Sinexcel-AVC-RTS-2-800x681.png 800w\" sizes=\"auto, (max-width: 966px) 100vw, 966px\"  data-dt-location=\"https:\/\/electrisium.com\/en\/sinexcel-avc-rts-2\/\" \/><\/div>\n\t\t<\/figure>\n\t<\/div>\n<\/div><\/div><\/div><div class=\"wpb_column vc_column_container vc_col-sm-9\"><div class=\"vc_column-inner\"><div class=\"wpb_wrapper\">\n\t<div class=\"wpb_text_column wpb_content_element\" >\n\t\t<div class=\"wpb_wrapper\">\n\t\t\t<p>The Sinexcel AVC-RTS active voltage conditioner range has a modular design and is available with system power of 50 kVA up to 2400 kVA and various voltage levels. For 50\/60\/100 kVA module, maintenance bypass is a standard configuration while for larger power modules, maintenance bypass is optional.<\/p>\n<p>The AVC-RTS active voltage conditioner is installed between the load and power supply, in the event of an outage, voltage drop or swell, the AVC-RTS will transfer the load to the backup energy storage system, powered by super capacitors to ensure the sensitive loads are well protected.<\/p>\n\n\t\t<\/div>\n\t<\/div>\n<div class=\"vc_row wpb_row vc_inner vc_row-fluid\"><div class=\"wpb_column vc_column_container vc_col-sm-6\"><div class=\"vc_column-inner\"><div class=\"wpb_wrapper\"><\/div><\/div><\/div><div class=\"wpb_column vc_column_container vc_col-sm-6\"><div class=\"vc_column-inner\"><div class=\"wpb_wrapper\"><\/div><\/div><\/div><\/div><\/div><\/div><\/div><\/div><div class=\"vc_row wpb_row vc_row-fluid\"><div class=\"wpb_column vc_column_container vc_col-sm-3\"><div class=\"vc_column-inner\"><div class=\"wpb_wrapper\">\n\t<div  class=\"wpb_single_image wpb_content_element vc_align_center\">\n\t\t\n\t\t<figure class=\"wpb_wrapper vc_figure\">\n\t\t\t<div class=\"vc_single_image-wrapper   vc_box_border_grey\"><img loading=\"lazy\" decoding=\"async\" data-vc-zoom=\"https:\/\/electrisium.com\/wp-content\/uploads\/2025\/08\/Sinexcel-AVC-RTS-3.png\" width=\"966\" height=\"817\" src=\"https:\/\/electrisium.com\/wp-content\/uploads\/2025\/08\/Sinexcel-AVC-RTS-3.png\" class=\"vc_single_image-img attachment-large\" alt=\"\" title=\"Sinexcel AVC-RTS 3\" srcset=\"https:\/\/electrisium.com\/wp-content\/uploads\/2025\/08\/Sinexcel-AVC-RTS-3.png 966w, https:\/\/electrisium.com\/wp-content\/uploads\/2025\/08\/Sinexcel-AVC-RTS-3-640x541.png 640w, https:\/\/electrisium.com\/wp-content\/uploads\/2025\/08\/Sinexcel-AVC-RTS-3-14x12.png 14w, https:\/\/electrisium.com\/wp-content\/uploads\/2025\/08\/Sinexcel-AVC-RTS-3-500x423.png 500w, https:\/\/electrisium.com\/wp-content\/uploads\/2025\/08\/Sinexcel-AVC-RTS-3-800x677.png 800w\" sizes=\"auto, (max-width: 966px) 100vw, 966px\"  data-dt-location=\"https:\/\/electrisium.com\/en\/sinexcel-avc-rts-3\/\" \/><\/div>\n\t\t<\/figure>\n\t<\/div>\n<\/div><\/div><\/div><div class=\"wpb_column vc_column_container vc_col-sm-9\"><div class=\"vc_column-inner\"><div class=\"wpb_wrapper\">\n\t<div class=\"wpb_text_column wpb_content_element\" >\n\t\t<div class=\"wpb_wrapper\">\n\t\t\t<p>Even when the voltage drops to zero, the AVC-RTS can still support the loads of 100% rated voltage within 2 ms typical fast response. The voltage support of the AVC-RTS completely avoids the harm to the load that the voltage sag might cause.<\/p>\n<p>When the grid voltage returns to the normal value, the AVC-RTS active voltage conditioner stops working and the output voltage returns to the grid voltage level, while the super capacitors begin to charge in preparation for the next voltage sag.<\/p>\n\n\t\t<\/div>\n\t<\/div>\n<div class=\"vc_row wpb_row vc_inner vc_row-fluid\"><div class=\"wpb_column vc_column_container vc_col-sm-6\"><div class=\"vc_column-inner\"><div class=\"wpb_wrapper\"><style>.vc_btn3-style-gradient-custom.vc_btn-gradient-btn-69ea2d1492a5b:hover{color: #ffffff;background-color: #5d6058;border: none;background-position: 100% 0;}<\/style><style>.vc_btn3-style-gradient-custom.vc_btn-gradient-btn-69ea2d1492a5b{color: #ffffff;border: none;background-color: #008b29;background-image: -webkit-linear-gradient(left, #008b29 0%, #5d6058 50%,#008b29 100%);background-image: linear-gradient(to right, #008b29 0%, #5d6058 50%,#008b29 100%);-webkit-transition: all .2s ease-in-out;transition: all .2s ease-in-out;background-size: 200% 100%;}<\/style><div class=\"vc_btn3-container vc_btn3-inline\" ><a data-vc-gradient-1=\"#008b29\" data-vc-gradient-2=\"#5d6058\" class=\"vc_general vc_btn3 vc_btn3-size-md vc_btn3-shape-rounded vc_btn3-style-gradient-custom vc_btn-gradient-btn-69ea2d1492a5b\" href=\"https:\/\/electrisium.com\/wp-content\/uploads\/2025\/08\/Sinexcel-AVC-RTS.pdf\" title=\"\" target=\"_blank\">Download the catalog<\/a><\/div><\/div><\/div><\/div><div class=\"wpb_column vc_column_container vc_col-sm-6\"><div class=\"vc_column-inner\"><div class=\"wpb_wrapper\"><\/div><\/div><\/div><\/div><\/div><\/div><\/div><\/div>","protected":false},"excerpt":{"rendered":"<p>Stabilizator de tensiune AVC-RTS Sinexcel AVC-RTS (Active Voltage Conditioner Ride-Through Storage) este o unitate off-line special conceput\u0103 pentru a corecta rapid \u0219i precis c\u0103derile \u0219i cre\u0219terile de tensiune cu o eficien\u021b\u0103 de 99%, oferind totodat\u0103 o reglare continu\u0103 a tensiunii. Conform standardelor IEEE, o c\u0103dere de tensiune (cunoscut\u0103 \u0219i sub numele de gol de tensiune)&hellip;<\/p>","protected":false},"author":2,"featured_media":0,"parent":49,"menu_order":0,"comment_status":"closed","ping_status":"closed","template":"","meta":{"footnotes":""},"class_list":["post-2053","page","type-page","status-publish","hentry","description-off"],"_links":{"self":[{"href":"https:\/\/electrisium.com\/en\/wp-json\/wp\/v2\/pages\/2053","targetHints":{"allow":["GET"]}}],"collection":[{"href":"https:\/\/electrisium.com\/en\/wp-json\/wp\/v2\/pages"}],"about":[{"href":"https:\/\/electrisium.com\/en\/wp-json\/wp\/v2\/types\/page"}],"author":[{"embeddable":true,"href":"https:\/\/electrisium.com\/en\/wp-json\/wp\/v2\/users\/2"}],"replies":[{"embeddable":true,"href":"https:\/\/electrisium.com\/en\/wp-json\/wp\/v2\/comments?post=2053"}],"version-history":[{"count":8,"href":"https:\/\/electrisium.com\/en\/wp-json\/wp\/v2\/pages\/2053\/revisions"}],"predecessor-version":[{"id":2079,"href":"https:\/\/electrisium.com\/en\/wp-json\/wp\/v2\/pages\/2053\/revisions\/2079"}],"up":[{"embeddable":true,"href":"https:\/\/electrisium.com\/en\/wp-json\/wp\/v2\/pages\/49"}],"wp:attachment":[{"href":"https:\/\/electrisium.com\/en\/wp-json\/wp\/v2\/media?parent=2053"}],"curies":[{"name":"wp","href":"https:\/\/api.w.org\/{rel}","templated":true}]}}