{"id":2051,"date":"2025-08-19T12:45:46","date_gmt":"2025-08-19T09:45:46","guid":{"rendered":"https:\/\/electrisium.com\/?page_id=2051"},"modified":"2025-08-19T15:59:43","modified_gmt":"2025-08-19T12:59:43","slug":"surse-de-alimentare-neintreruptibila","status":"publish","type":"page","link":"https:\/\/electrisium.com\/en\/products-and-solutions\/uninterruptible-power-supplies\/","title":{"rendered":"Uninterruptible power supplies"},"content":{"rendered":"<div class=\"vc_row wpb_row vc_row-fluid\"><div class=\"wpb_column vc_column_container vc_col-sm-12\"><div class=\"vc_column-inner\"><div class=\"wpb_wrapper\"><div class=\"vc_separator wpb_content_element vc_separator_align_center vc_sep_width_100 vc_sep_border_width_3 vc_sep_pos_align_center vc_separator-has-text\" ><span class=\"vc_sep_holder vc_sep_holder_l\"><span  style=\"border-color:#008b29;\" class=\"vc_sep_line\"><\/span><\/span><h4>Advanced uninterruptible power supply<\/h4><span class=\"vc_sep_holder vc_sep_holder_r\"><span  style=\"border-color:#008b29;\" class=\"vc_sep_line\"><\/span><\/span>\n<\/div><\/div><\/div><\/div><\/div><div class=\"vc_row wpb_row vc_row-fluid\"><div class=\"wpb_column vc_column_container vc_col-sm-3\"><div class=\"vc_column-inner\"><div class=\"wpb_wrapper\">\n\t<div  class=\"wpb_single_image wpb_content_element vc_align_center\">\n\t\t\n\t\t<figure class=\"wpb_wrapper vc_figure\">\n\t\t\t<div class=\"vc_single_image-wrapper   vc_box_border_grey\"><img loading=\"lazy\" decoding=\"async\" data-vc-zoom=\"https:\/\/electrisium.com\/wp-content\/uploads\/2025\/08\/Sinexcel-advanced-UPS-1.png\" width=\"966\" height=\"966\" src=\"https:\/\/electrisium.com\/wp-content\/uploads\/2025\/08\/Sinexcel-advanced-UPS-1.png\" class=\"vc_single_image-img attachment-large\" alt=\"\" title=\"Sinexcel advanced UPS 1\" srcset=\"https:\/\/electrisium.com\/wp-content\/uploads\/2025\/08\/Sinexcel-advanced-UPS-1.png 966w, https:\/\/electrisium.com\/wp-content\/uploads\/2025\/08\/Sinexcel-advanced-UPS-1-640x640.png 640w, https:\/\/electrisium.com\/wp-content\/uploads\/2025\/08\/Sinexcel-advanced-UPS-1-160x160.png 160w, https:\/\/electrisium.com\/wp-content\/uploads\/2025\/08\/Sinexcel-advanced-UPS-1-12x12.png 12w, https:\/\/electrisium.com\/wp-content\/uploads\/2025\/08\/Sinexcel-advanced-UPS-1-500x500.png 500w, https:\/\/electrisium.com\/wp-content\/uploads\/2025\/08\/Sinexcel-advanced-UPS-1-800x800.png 800w\" sizes=\"auto, (max-width: 966px) 100vw, 966px\"  data-dt-location=\"https:\/\/electrisium.com\/en\/sinexcel-advanced-ups-1\/\" \/><\/div>\n\t\t<\/figure>\n\t<\/div>\n<\/div><\/div><\/div><div class=\"wpb_column vc_column_container vc_col-sm-9\"><div class=\"vc_column-inner\"><div class=\"wpb_wrapper\">\n\t<div class=\"wpb_text_column wpb_content_element\" >\n\t\t<div class=\"wpb_wrapper\">\n\t\t\t<p><a href=\"https:\/\/electrisium.com\/en\/partners-and-suppliers\/sinexcel\/\" target=\"_blank\" rel=\"noopener\"><strong><span style=\"color: #008b29;\">Sinexcel<\/span><\/strong><\/a> is continuously devoted to develop innovative solutions for power quality, stability of the power systems and increase efficiency of the electrical equipment, since 2007. The company has developed a high efficiency Uninterrupted Power Supply, starting the new era of UPS solutions.<\/p>\n\n\t\t<\/div>\n\t<\/div>\n<div class=\"vc_row wpb_row vc_inner vc_row-fluid\"><div class=\"wpb_column vc_column_container vc_col-sm-6\"><div class=\"vc_column-inner\"><div class=\"wpb_wrapper\"><\/div><\/div><\/div><div class=\"wpb_column vc_column_container vc_col-sm-6\"><div class=\"vc_column-inner\"><div class=\"wpb_wrapper\"><\/div><\/div><\/div><\/div><\/div><\/div><\/div><\/div><div class=\"vc_row wpb_row vc_row-fluid\"><div class=\"wpb_column vc_column_container vc_col-sm-3\"><div class=\"vc_column-inner\"><div class=\"wpb_wrapper\">\n\t<div  class=\"wpb_single_image wpb_content_element vc_align_center\">\n\t\t\n\t\t<figure class=\"wpb_wrapper vc_figure\">\n\t\t\t<div class=\"vc_single_image-wrapper   vc_box_border_grey\"><img loading=\"lazy\" decoding=\"async\" data-vc-zoom=\"https:\/\/electrisium.com\/wp-content\/uploads\/2025\/08\/Sinexcel-advanced-UPS-2.png\" width=\"966\" height=\"966\" src=\"https:\/\/electrisium.com\/wp-content\/uploads\/2025\/08\/Sinexcel-advanced-UPS-2.png\" class=\"vc_single_image-img attachment-large\" alt=\"\" title=\"Sinexcel advanced UPS 2\" srcset=\"https:\/\/electrisium.com\/wp-content\/uploads\/2025\/08\/Sinexcel-advanced-UPS-2.png 966w, https:\/\/electrisium.com\/wp-content\/uploads\/2025\/08\/Sinexcel-advanced-UPS-2-640x640.png 640w, https:\/\/electrisium.com\/wp-content\/uploads\/2025\/08\/Sinexcel-advanced-UPS-2-160x160.png 160w, https:\/\/electrisium.com\/wp-content\/uploads\/2025\/08\/Sinexcel-advanced-UPS-2-12x12.png 12w, https:\/\/electrisium.com\/wp-content\/uploads\/2025\/08\/Sinexcel-advanced-UPS-2-500x500.png 500w, https:\/\/electrisium.com\/wp-content\/uploads\/2025\/08\/Sinexcel-advanced-UPS-2-800x800.png 800w\" sizes=\"auto, (max-width: 966px) 100vw, 966px\"  data-dt-location=\"https:\/\/electrisium.com\/en\/sinexcel-advanced-ups-2\/\" \/><\/div>\n\t\t<\/figure>\n\t<\/div>\n<\/div><\/div><\/div><div class=\"wpb_column vc_column_container vc_col-sm-9\"><div class=\"vc_column-inner\"><div class=\"wpb_wrapper\">\n\t<div class=\"wpb_text_column wpb_content_element\" >\n\t\t<div class=\"wpb_wrapper\">\n\t\t\t<p>Having a fully modular design, Sinexcel advanced UPS range is available in flexible configurations with powers from 40 kVA to 2400 kVA, equipped with the innovative ECO mode (99% high efficiency and 2 ms switching time) and the classic on-line double conversion working mode (high precision and 97% efficiency) to ensure the full power supply support in the event of power failure.<\/p>\n\n\t\t<\/div>\n\t<\/div>\n<div class=\"vc_row wpb_row vc_inner vc_row-fluid\"><div class=\"wpb_column vc_column_container vc_col-sm-6\"><div class=\"vc_column-inner\"><div class=\"wpb_wrapper\"><\/div><\/div><\/div><div class=\"wpb_column vc_column_container vc_col-sm-6\"><div class=\"vc_column-inner\"><div class=\"wpb_wrapper\"><\/div><\/div><\/div><\/div><\/div><\/div><\/div><\/div><div class=\"vc_row wpb_row vc_row-fluid\"><div class=\"wpb_column vc_column_container vc_col-sm-3\"><div class=\"vc_column-inner\"><div class=\"wpb_wrapper\">\n\t<div  class=\"wpb_single_image wpb_content_element vc_align_center\">\n\t\t\n\t\t<figure class=\"wpb_wrapper vc_figure\">\n\t\t\t<div class=\"vc_single_image-wrapper   vc_box_border_grey\"><img loading=\"lazy\" decoding=\"async\" data-vc-zoom=\"https:\/\/electrisium.com\/wp-content\/uploads\/2025\/08\/Sinexcel-advanced-UPS-3.png\" width=\"966\" height=\"966\" src=\"https:\/\/electrisium.com\/wp-content\/uploads\/2025\/08\/Sinexcel-advanced-UPS-3.png\" class=\"vc_single_image-img attachment-large\" alt=\"\" title=\"Sinexcel advanced UPS 3\" srcset=\"https:\/\/electrisium.com\/wp-content\/uploads\/2025\/08\/Sinexcel-advanced-UPS-3.png 966w, https:\/\/electrisium.com\/wp-content\/uploads\/2025\/08\/Sinexcel-advanced-UPS-3-640x640.png 640w, https:\/\/electrisium.com\/wp-content\/uploads\/2025\/08\/Sinexcel-advanced-UPS-3-160x160.png 160w, https:\/\/electrisium.com\/wp-content\/uploads\/2025\/08\/Sinexcel-advanced-UPS-3-12x12.png 12w, https:\/\/electrisium.com\/wp-content\/uploads\/2025\/08\/Sinexcel-advanced-UPS-3-500x500.png 500w, https:\/\/electrisium.com\/wp-content\/uploads\/2025\/08\/Sinexcel-advanced-UPS-3-800x800.png 800w\" sizes=\"auto, (max-width: 966px) 100vw, 966px\"  data-dt-location=\"https:\/\/electrisium.com\/en\/sinexcel-advanced-ups-3\/\" \/><\/div>\n\t\t<\/figure>\n\t<\/div>\n<\/div><\/div><\/div><div class=\"wpb_column vc_column_container vc_col-sm-9\"><div class=\"vc_column-inner\"><div class=\"wpb_wrapper\">\n\t<div class=\"wpb_text_column wpb_content_element\" >\n\t\t<div class=\"wpb_wrapper\">\n\t\t\t<p>The design of the ECO mode of Sinexcel advanced UPS originates from the <a href=\"https:\/\/electrisium.com\/en\/products-and-solutions\/active-voltage-conditioners\/\" target=\"_blank\" rel=\"noopener\"><strong><span style=\"color: #008b29;\">AVC-RTS (Active Voltage Conditioner Ride-Through Storage)<\/span><\/strong><\/a>, at which the system structure is the same, it has been used for years in critical applications of semiconductor PLC system control, automotive robot painting process, high automation production line of beverage or pharmaceuticals.<\/p>\n\n\t\t<\/div>\n\t<\/div>\n<div class=\"vc_row wpb_row vc_inner vc_row-fluid\"><div class=\"wpb_column vc_column_container vc_col-sm-6\"><div class=\"vc_column-inner\"><div class=\"wpb_wrapper\"><style>.vc_btn3-style-gradient-custom.vc_btn-gradient-btn-69d61aaa36bf4:hover{color: #ffffff;background-color: #5d6058;border: none;background-position: 100% 0;}<\/style><style>.vc_btn3-style-gradient-custom.vc_btn-gradient-btn-69d61aaa36bf4{color: #ffffff;border: none;background-color: #008b29;background-image: -webkit-linear-gradient(left, #008b29 0%, #5d6058 50%,#008b29 100%);background-image: linear-gradient(to right, #008b29 0%, #5d6058 50%,#008b29 100%);-webkit-transition: all .2s ease-in-out;transition: all .2s ease-in-out;background-size: 200% 100%;}<\/style><div class=\"vc_btn3-container vc_btn3-inline\" ><a data-vc-gradient-1=\"#008b29\" data-vc-gradient-2=\"#5d6058\" class=\"vc_general vc_btn3 vc_btn3-size-md vc_btn3-shape-rounded vc_btn3-style-gradient-custom vc_btn-gradient-btn-69d61aaa36bf4\" href=\"https:\/\/electrisium.com\/wp-content\/uploads\/2025\/08\/Sinexcel-UPS-Solutions.pdf\" title=\"\" target=\"_blank\">Download the catalog<\/a><\/div><\/div><\/div><\/div><div class=\"wpb_column vc_column_container vc_col-sm-6\"><div class=\"vc_column-inner\"><div class=\"wpb_wrapper\"><style>.vc_btn3-style-gradient-custom.vc_btn-gradient-btn-69d61aaa36d9a:hover{color: #ffffff;background-color: #5d6058;border: none;background-position: 100% 0;}<\/style><style>.vc_btn3-style-gradient-custom.vc_btn-gradient-btn-69d61aaa36d9a{color: #ffffff;border: none;background-color: #008b29;background-image: -webkit-linear-gradient(left, #008b29 0%, #5d6058 50%,#008b29 100%);background-image: linear-gradient(to right, #008b29 0%, #5d6058 50%,#008b29 100%);-webkit-transition: all .2s ease-in-out;transition: all .2s ease-in-out;background-size: 200% 100%;}<\/style><div class=\"vc_btn3-container vc_btn3-inline\" ><a data-vc-gradient-1=\"#008b29\" data-vc-gradient-2=\"#5d6058\" class=\"vc_general vc_btn3 vc_btn3-size-md vc_btn3-shape-rounded vc_btn3-style-gradient-custom vc_btn-gradient-btn-69d61aaa36d9a\" href=\"https:\/\/electrisium.com\/wp-content\/uploads\/2025\/08\/Sinexcel-UPS.pdf\" title=\"\" target=\"_blank\">Download the brochure<\/a><\/div><\/div><\/div><\/div><\/div><\/div><\/div><\/div><\/div><div class=\"vc_row wpb_row vc_row-fluid vc_custom_1755597261347\"><div class=\"wpb_column vc_column_container vc_col-sm-12\"><div class=\"vc_column-inner\"><div class=\"wpb_wrapper\"><div class=\"vc_separator wpb_content_element vc_separator_align_center vc_sep_width_100 vc_sep_border_width_3 vc_sep_pos_align_center vc_separator-has-text\" ><span class=\"vc_sep_holder vc_sep_holder_l\"><span  style=\"border-color:#008b29;\" class=\"vc_sep_line\"><\/span><\/span><h4>Small power uninterruptible power supply<\/h4><span class=\"vc_sep_holder vc_sep_holder_r\"><span  style=\"border-color:#008b29;\" class=\"vc_sep_line\"><\/span><\/span>\n<\/div><\/div><\/div><\/div><\/div><div class=\"vc_row wpb_row vc_row-fluid\"><div class=\"wpb_column vc_column_container vc_col-sm-3\"><div class=\"vc_column-inner\"><div class=\"wpb_wrapper\">\n\t<div  class=\"wpb_single_image wpb_content_element vc_align_center\">\n\t\t\n\t\t<figure class=\"wpb_wrapper vc_figure\">\n\t\t\t<div class=\"vc_single_image-wrapper   vc_box_border_grey\"><img loading=\"lazy\" decoding=\"async\" data-vc-zoom=\"https:\/\/electrisium.com\/wp-content\/uploads\/2025\/08\/Sinexcel-small-capacity-UPS.png\" width=\"966\" height=\"966\" src=\"https:\/\/electrisium.com\/wp-content\/uploads\/2025\/08\/Sinexcel-small-capacity-UPS.png\" class=\"vc_single_image-img attachment-large\" alt=\"\" title=\"Sinexcel small capacity UPS\" srcset=\"https:\/\/electrisium.com\/wp-content\/uploads\/2025\/08\/Sinexcel-small-capacity-UPS.png 966w, https:\/\/electrisium.com\/wp-content\/uploads\/2025\/08\/Sinexcel-small-capacity-UPS-640x640.png 640w, https:\/\/electrisium.com\/wp-content\/uploads\/2025\/08\/Sinexcel-small-capacity-UPS-160x160.png 160w, https:\/\/electrisium.com\/wp-content\/uploads\/2025\/08\/Sinexcel-small-capacity-UPS-12x12.png 12w, https:\/\/electrisium.com\/wp-content\/uploads\/2025\/08\/Sinexcel-small-capacity-UPS-500x500.png 500w, https:\/\/electrisium.com\/wp-content\/uploads\/2025\/08\/Sinexcel-small-capacity-UPS-800x800.png 800w\" sizes=\"auto, (max-width: 966px) 100vw, 966px\"  data-dt-location=\"https:\/\/electrisium.com\/en\/sinexcel-small-capacity-ups\/\" \/><\/div>\n\t\t<\/figure>\n\t<\/div>\n<\/div><\/div><\/div><div class=\"wpb_column vc_column_container vc_col-sm-9\"><div class=\"vc_column-inner\"><div class=\"wpb_wrapper\">\n\t<div class=\"wpb_text_column wpb_content_element\" >\n\t\t<div class=\"wpb_wrapper\">\n\t\t\t<p><a href=\"https:\/\/electrisium.com\/en\/partners-and-suppliers\/sinexcel\/\" target=\"_blank\" rel=\"noopener\"><strong><span style=\"color: #008b29;\">Sinexcel<\/span><\/strong><\/a> has included in its UPS solutions portfolio the single phase UPS and the three phase small power UPS, that are the perfect solutions to ensure a reliable and continuous power supply as well as to reduce the downtime for small power applications.<\/p>\n<p>The single phase UPS range with online double conversion power system is available with powers ranging between 1 kVA and 10 kVA.<\/p>\n<p>The three phase small power UPS range with online double conversion power system is available with powers from 10 kVA to 30 kVA.<\/p>\n\n\t\t<\/div>\n\t<\/div>\n<div class=\"vc_row wpb_row vc_inner vc_row-fluid\"><div class=\"wpb_column vc_column_container vc_col-sm-6\"><div class=\"vc_column-inner\"><div class=\"wpb_wrapper\"><style>.vc_btn3-style-gradient-custom.vc_btn-gradient-btn-69d61aaa37840:hover{color: #ffffff;background-color: #5d6058;border: none;background-position: 100% 0;}<\/style><style>.vc_btn3-style-gradient-custom.vc_btn-gradient-btn-69d61aaa37840{color: #ffffff;border: none;background-color: #008b29;background-image: -webkit-linear-gradient(left, #008b29 0%, #5d6058 50%,#008b29 100%);background-image: linear-gradient(to right, #008b29 0%, #5d6058 50%,#008b29 100%);-webkit-transition: all .2s ease-in-out;transition: all .2s ease-in-out;background-size: 200% 100%;}<\/style><div class=\"vc_btn3-container vc_btn3-inline\" ><a data-vc-gradient-1=\"#008b29\" data-vc-gradient-2=\"#5d6058\" class=\"vc_general vc_btn3 vc_btn3-size-md vc_btn3-shape-rounded vc_btn3-style-gradient-custom vc_btn-gradient-btn-69d61aaa37840\" href=\"https:\/\/electrisium.com\/wp-content\/uploads\/2025\/08\/Sinexcel-UPS-Solutions.pdf\" title=\"\" target=\"_blank\">Download the catalog<\/a><\/div><\/div><\/div><\/div><div class=\"wpb_column vc_column_container vc_col-sm-6\"><div class=\"vc_column-inner\"><div class=\"wpb_wrapper\"><\/div><\/div><\/div><\/div><\/div><\/div><\/div><\/div>","protected":false},"excerpt":{"rendered":"<p>Surs\u0103 de alimentare ne\u00eentreruptibil\u0103 avansat\u0103 Sinexcel se dedic\u0103 continuu dezvolt\u0103rii de solu\u021bii inovatoare pentru calitatea energiei, stabilitatea sistemelor de alimentare \u0219i cre\u0219terea eficien\u021bei echipamentelor electrice, \u00eenc\u0103 din 2007. Compania a dezvoltat o surs\u0103 de alimentare ne\u00eentreruptibil\u0103 de \u00eenalt\u0103 eficien\u021b\u0103, ini\u021biind o nou\u0103 er\u0103 a solu\u021biilor UPS. Av\u00e2nd un design complet modular, gama avansat\u0103 UPS Sinexcel&hellip;<\/p>","protected":false},"author":2,"featured_media":0,"parent":49,"menu_order":0,"comment_status":"closed","ping_status":"closed","template":"","meta":{"footnotes":""},"class_list":["post-2051","page","type-page","status-publish","hentry","description-off"],"_links":{"self":[{"href":"https:\/\/electrisium.com\/en\/wp-json\/wp\/v2\/pages\/2051","targetHints":{"allow":["GET"]}}],"collection":[{"href":"https:\/\/electrisium.com\/en\/wp-json\/wp\/v2\/pages"}],"about":[{"href":"https:\/\/electrisium.com\/en\/wp-json\/wp\/v2\/types\/page"}],"author":[{"embeddable":true,"href":"https:\/\/electrisium.com\/en\/wp-json\/wp\/v2\/users\/2"}],"replies":[{"embeddable":true,"href":"https:\/\/electrisium.com\/en\/wp-json\/wp\/v2\/comments?post=2051"}],"version-history":[{"count":10,"href":"https:\/\/electrisium.com\/en\/wp-json\/wp\/v2\/pages\/2051\/revisions"}],"predecessor-version":[{"id":2084,"href":"https:\/\/electrisium.com\/en\/wp-json\/wp\/v2\/pages\/2051\/revisions\/2084"}],"up":[{"embeddable":true,"href":"https:\/\/electrisium.com\/en\/wp-json\/wp\/v2\/pages\/49"}],"wp:attachment":[{"href":"https:\/\/electrisium.com\/en\/wp-json\/wp\/v2\/media?parent=2051"}],"curies":[{"name":"wp","href":"https:\/\/api.w.org\/{rel}","templated":true}]}}