{"id":2044,"date":"2025-08-18T18:37:07","date_gmt":"2025-08-18T15:37:07","guid":{"rendered":"https:\/\/electrisium.com\/?page_id=2044"},"modified":"2025-08-19T13:21:16","modified_gmt":"2025-08-19T10:21:16","slug":"sinexcel","status":"publish","type":"page","link":"https:\/\/electrisium.com\/en\/partners-and-suppliers\/sinexcel\/","title":{"rendered":"Sinexcel"},"content":{"rendered":"<div class=\"vc_row wpb_row vc_row-fluid\"><div class=\"wpb_column vc_column_container vc_col-sm-3\"><div class=\"vc_column-inner\"><div class=\"wpb_wrapper\">\n\t<div  class=\"wpb_single_image wpb_content_element vc_align_center\">\n\t\t\n\t\t<figure class=\"wpb_wrapper vc_figure\">\n\t\t\t<div class=\"vc_single_image-wrapper   vc_box_border_grey\"><img loading=\"lazy\" decoding=\"async\" width=\"2004\" height=\"276\" src=\"https:\/\/electrisium.com\/wp-content\/uploads\/2025\/08\/SINEXCEL.png\" class=\"vc_single_image-img attachment-full\" alt=\"\" title=\"SINEXCEL\" srcset=\"https:\/\/electrisium.com\/wp-content\/uploads\/2025\/08\/SINEXCEL.png 2004w, https:\/\/electrisium.com\/wp-content\/uploads\/2025\/08\/SINEXCEL-640x88.png 640w, https:\/\/electrisium.com\/wp-content\/uploads\/2025\/08\/SINEXCEL-1280x176.png 1280w, https:\/\/electrisium.com\/wp-content\/uploads\/2025\/08\/SINEXCEL-1024x141.png 1024w, https:\/\/electrisium.com\/wp-content\/uploads\/2025\/08\/SINEXCEL-1536x212.png 1536w, https:\/\/electrisium.com\/wp-content\/uploads\/2025\/08\/SINEXCEL-18x2.png 18w, https:\/\/electrisium.com\/wp-content\/uploads\/2025\/08\/SINEXCEL-500x69.png 500w, https:\/\/electrisium.com\/wp-content\/uploads\/2025\/08\/SINEXCEL-800x110.png 800w, https:\/\/electrisium.com\/wp-content\/uploads\/2025\/08\/SINEXCEL-1920x264.png 1920w\" sizes=\"auto, (max-width: 2004px) 100vw, 2004px\"  data-dt-location=\"https:\/\/electrisium.com\/en\/sinexcel-2\/\" \/><\/div>\n\t\t<\/figure>\n\t<\/div>\n<style>.vc_btn3-style-gradient-custom.vc_btn-gradient-btn-69d6366c2b3e0:hover{color: #ffffff;background-color: #5d6058;border: none;background-position: 100% 0;}<\/style><style>.vc_btn3-style-gradient-custom.vc_btn-gradient-btn-69d6366c2b3e0{color: #ffffff;border: none;background-color: #008b29;background-image: -webkit-linear-gradient(left, #008b29 0%, #5d6058 50%,#008b29 100%);background-image: linear-gradient(to right, #008b29 0%, #5d6058 50%,#008b29 100%);-webkit-transition: all .2s ease-in-out;transition: all .2s ease-in-out;background-size: 200% 100%;}<\/style><div class=\"vc_btn3-container vc_btn3-center\" ><a data-vc-gradient-1=\"#008b29\" data-vc-gradient-2=\"#5d6058\" class=\"vc_general vc_btn3 vc_btn3-size-md vc_btn3-shape-rounded vc_btn3-style-gradient-custom vc_btn3-block vc_btn-gradient-btn-69d6366c2b3e0\" href=\"https:\/\/en.sinexcel.com\/\" title=\"\" target=\"_blank\">Visit the company's official website<\/a><\/div><\/div><\/div><\/div><div class=\"wpb_column vc_column_container vc_col-sm-9\"><div class=\"vc_column-inner\"><div class=\"wpb_wrapper\">\n\t<div class=\"wpb_text_column wpb_content_element\" >\n\t\t<div class=\"wpb_wrapper\">\n\t\t\t<p><strong>Shenzhen Sinexcel Electric Co., Ltd.<\/strong> is a global supplier specializing in energy interconnection essential equipment and solutions, while being a leading innovator in power electronics technology, focused on energy storage, EV charging and power quality solutions. With a strong foundation in industrial power supply and renewable energy, SINEXCEL provides comprehensive systems and services for various sectors, including high-end manufacturing, data centers, and rail transportation.<\/p>\n<p>Founded in 2007, the company SINEXCEL is a leading pioneer of power quality, energy storage and EV charging solutions, backed by nearly two decades of expertise in power electronics. SINEXCEL partners with many of the industry's leading companies for providing customers with advanced power electronics technology, mining the application needs and potential of industries, promoting the intelligent application of global energy interconnection and realizing the growth of customer value.<\/p>\n<p>The SINEXCEL headquarter is located in Shenzhen, covering an area of 14,000 square meters, complemented by two R&amp;D centers in Shenzhen and Xi'an, as well as two additional manufacturing bases in Huizhou and Suzhou, to cover international markets in more than 50 countries on Asia, Oceania, Europe, North America, South America and Africa.<\/p>\n\n\t\t<\/div>\n\t<\/div>\n<\/div><\/div><\/div><\/div><div class=\"vc_row wpb_row vc_row-fluid\"><div class=\"wpb_column vc_column_container vc_col-sm-12\"><div class=\"vc_column-inner\"><div class=\"wpb_wrapper\"><div class=\"vc_separator wpb_content_element vc_separator_align_center vc_sep_width_100 vc_sep_border_width_3 vc_sep_pos_align_center vc_separator-has-text\" ><span class=\"vc_sep_holder vc_sep_holder_l\"><span  style=\"border-color:#008b29;\" class=\"vc_sep_line\"><\/span><\/span><h4>Explore the company's products and solutions<\/h4><span class=\"vc_sep_holder vc_sep_holder_r\"><span  style=\"border-color:#008b29;\" class=\"vc_sep_line\"><\/span><\/span>\n<\/div><\/div><\/div><\/div><\/div><div class=\"vc_row wpb_row vc_row-fluid\"><div class=\"wpb_column vc_column_container vc_col-sm-3\"><div class=\"vc_column-inner vc_custom_1682170954535\"><div class=\"wpb_wrapper\"><style type=\"text\/css\" data-type=\"the7_shortcodes-inline-css\">.shortcode-single-image-wrap.shortcode-single-image-dfddb56b3a93a4714aef063d50b7033a.enable-bg-rollover .rollover i,\n.shortcode-single-image-wrap.shortcode-single-image-dfddb56b3a93a4714aef063d50b7033a.enable-bg-rollover .rollover-video i {\n  background: -webkit-linear-gradient();\n  background: linear-gradient();\n}\n.shortcode-single-image-wrap.shortcode-single-image-dfddb56b3a93a4714aef063d50b7033a .rollover-icon {\n  font-size: 32px;\n  color: #ffffff;\n  min-width: 44px;\n  min-height: 44px;\n  line-height: 44px;\n  border-radius: 100px;\n  border-style: solid;\n  border-width: 0px;\n}\n.dt-icon-bg-on.shortcode-single-image-wrap.shortcode-single-image-dfddb56b3a93a4714aef063d50b7033a .rollover-icon {\n  background: rgba(255,255,255,0.3);\n  box-shadow: none;\n}\n<\/style><div class=\"shortcode-single-image-wrap shortcode-single-image-dfddb56b3a93a4714aef063d50b7033a alignnone caption-on  enable-bg-rollover dt-icon-bg-off\" style=\"margin-top:0px; margin-bottom:0px; margin-left:0px; margin-right:0px; width:250px;\"><div class=\"shortcode-single-image\"><div class=\"fancy-media-wrap\" style=\"\"><a href=\"https:\/\/electrisium.com\/en\/products-and-solutions\/uninterruptible-power-supplies\/\" class=\"layzr-bg rollover\" style=\"\" aria-label=\"Image\"><img loading=\"lazy\" decoding=\"async\" class=\"preload-me lazy-load\" src=\"data:image\/svg+xml,%3Csvg%20xmlns%3D&#39;http%3A%2F%2Fwww.w3.org%2F2000%2Fsvg&#39;%20viewBox%3D&#39;0%200%20250%20250&#39;%2F%3E\" data-src=\"https:\/\/electrisium.com\/wp-content\/uploads\/2025\/08\/Surse-de-alimentare-neintreruptibila-UPS-250x250.png\" data-srcset=\"https:\/\/electrisium.com\/wp-content\/uploads\/2025\/08\/Surse-de-alimentare-neintreruptibila-UPS-250x250.png 250w, https:\/\/electrisium.com\/wp-content\/uploads\/2025\/08\/Surse-de-alimentare-neintreruptibila-UPS-500x500.png 500w\" width=\"250\" height=\"250\"  data-dt-location=\"https:\/\/electrisium.com\/en\/surse-de-alimentare-neintreruptibila-ups\/\" alt=\"\" \/><\/a><\/div><\/div><div class=\"shortcode-single-caption\">Uninterruptible power supplies<\/div><\/div><\/div><\/div><\/div><div class=\"wpb_column vc_column_container vc_col-sm-3\"><div class=\"vc_column-inner\"><div class=\"wpb_wrapper\"><style type=\"text\/css\" data-type=\"the7_shortcodes-inline-css\">.shortcode-single-image-wrap.shortcode-single-image-d0851330181c555a44c6ed4637f4edd1.enable-bg-rollover .rollover i,\n.shortcode-single-image-wrap.shortcode-single-image-d0851330181c555a44c6ed4637f4edd1.enable-bg-rollover .rollover-video i {\n  background: -webkit-linear-gradient();\n  background: linear-gradient();\n}\n.shortcode-single-image-wrap.shortcode-single-image-d0851330181c555a44c6ed4637f4edd1 .rollover-icon {\n  font-size: 32px;\n  color: #ffffff;\n  min-width: 44px;\n  min-height: 44px;\n  line-height: 44px;\n  border-radius: 100px;\n  border-style: solid;\n  border-width: 0px;\n}\n.dt-icon-bg-on.shortcode-single-image-wrap.shortcode-single-image-d0851330181c555a44c6ed4637f4edd1 .rollover-icon {\n  background: rgba(255,255,255,0.3);\n  box-shadow: none;\n}\n<\/style><div class=\"shortcode-single-image-wrap shortcode-single-image-d0851330181c555a44c6ed4637f4edd1 alignnone caption-on  enable-bg-rollover dt-icon-bg-off\" style=\"margin-top:0px; margin-bottom:0px; margin-left:0px; margin-right:0px; width:250px;\"><div class=\"shortcode-single-image\"><div class=\"fancy-media-wrap\" style=\"\"><a href=\"https:\/\/electrisium.com\/en\/products-and-solutions\/active-voltage-conditioners\/\" class=\"layzr-bg rollover\" style=\"\" aria-label=\"Image\"><img loading=\"lazy\" decoding=\"async\" class=\"preload-me lazy-load\" src=\"data:image\/svg+xml,%3Csvg%20xmlns%3D&#39;http%3A%2F%2Fwww.w3.org%2F2000%2Fsvg&#39;%20viewBox%3D&#39;0%200%20250%20250&#39;%2F%3E\" data-src=\"https:\/\/electrisium.com\/wp-content\/uploads\/2025\/08\/Stabilizatoare-de-tensiune-AVC-RTS-250x250.png\" data-srcset=\"https:\/\/electrisium.com\/wp-content\/uploads\/2025\/08\/Stabilizatoare-de-tensiune-AVC-RTS-250x250.png 250w, https:\/\/electrisium.com\/wp-content\/uploads\/2025\/08\/Stabilizatoare-de-tensiune-AVC-RTS-500x500.png 500w\" width=\"250\" height=\"250\"  data-dt-location=\"https:\/\/electrisium.com\/en\/stabilizatoare-de-tensiune-avc-rts\/\" alt=\"\" \/><\/a><\/div><\/div><div class=\"shortcode-single-caption\">Active voltage conditioners<\/div><\/div><\/div><\/div><\/div><div class=\"wpb_column vc_column_container vc_col-sm-3\"><div class=\"vc_column-inner\"><div class=\"wpb_wrapper\"><\/div><\/div><\/div><div class=\"wpb_column vc_column_container vc_col-sm-3\"><div class=\"vc_column-inner\"><div class=\"wpb_wrapper\"><\/div><\/div><\/div><\/div><div class=\"vc_row wpb_row vc_row-fluid\"><div class=\"wpb_column vc_column_container vc_col-sm-3\"><div class=\"vc_column-inner\"><div class=\"wpb_wrapper\"><\/div><\/div><\/div><div class=\"wpb_column vc_column_container vc_col-sm-3\"><div class=\"vc_column-inner\"><div class=\"wpb_wrapper\"><\/div><\/div><\/div><div class=\"wpb_column vc_column_container vc_col-sm-3\"><div class=\"vc_column-inner\"><div class=\"wpb_wrapper\"><\/div><\/div><\/div><div class=\"wpb_column vc_column_container vc_col-sm-3\"><div class=\"vc_column-inner\"><div class=\"wpb_wrapper\"><\/div><\/div><\/div><\/div>","protected":false},"excerpt":{"rendered":"<p>Vizita\u021bi website-ul oficial al companiei Shenzhen Sinexcel Electric Co., Ltd. este un furnizor global specializat \u00een echipamente \u0219i solu\u021bii esen\u021biale pentru interconectarea energetic\u0103, fiind \u00een acela\u0219i timp un inovator de top \u00een tehnologia electronicii de putere, axat pe stocarea energiei, \u00eenc\u0103rcarea vehiculelor electrice \u0219i solu\u021bii de calitate a energiei. Cu o baz\u0103 solid\u0103 \u00een alimentarea&hellip;<\/p>","protected":false},"author":2,"featured_media":0,"parent":51,"menu_order":0,"comment_status":"closed","ping_status":"closed","template":"","meta":{"footnotes":""},"class_list":["post-2044","page","type-page","status-publish","hentry","description-off"],"_links":{"self":[{"href":"https:\/\/electrisium.com\/en\/wp-json\/wp\/v2\/pages\/2044","targetHints":{"allow":["GET"]}}],"collection":[{"href":"https:\/\/electrisium.com\/en\/wp-json\/wp\/v2\/pages"}],"about":[{"href":"https:\/\/electrisium.com\/en\/wp-json\/wp\/v2\/types\/page"}],"author":[{"embeddable":true,"href":"https:\/\/electrisium.com\/en\/wp-json\/wp\/v2\/users\/2"}],"replies":[{"embeddable":true,"href":"https:\/\/electrisium.com\/en\/wp-json\/wp\/v2\/comments?post=2044"}],"version-history":[{"count":5,"href":"https:\/\/electrisium.com\/en\/wp-json\/wp\/v2\/pages\/2044\/revisions"}],"predecessor-version":[{"id":2074,"href":"https:\/\/electrisium.com\/en\/wp-json\/wp\/v2\/pages\/2044\/revisions\/2074"}],"up":[{"embeddable":true,"href":"https:\/\/electrisium.com\/en\/wp-json\/wp\/v2\/pages\/51"}],"wp:attachment":[{"href":"https:\/\/electrisium.com\/en\/wp-json\/wp\/v2\/media?parent=2044"}],"curies":[{"name":"wp","href":"https:\/\/api.w.org\/{rel}","templated":true}]}}