{"id":2008,"date":"2025-08-10T10:17:29","date_gmt":"2025-08-10T07:17:29","guid":{"rendered":"https:\/\/electrisium.com\/?page_id=2008"},"modified":"2025-08-10T11:36:34","modified_gmt":"2025-08-10T08:36:34","slug":"compensatoare-var-statice","status":"publish","type":"page","link":"https:\/\/electrisium.com\/en\/products-and-solutions\/static-var-generators\/","title":{"rendered":"Static VAr generators"},"content":{"rendered":"<div class=\"vc_row wpb_row vc_row-fluid\"><div class=\"wpb_column vc_column_container vc_col-sm-12\"><div class=\"vc_column-inner\"><div class=\"wpb_wrapper\"><div class=\"vc_separator wpb_content_element vc_separator_align_center vc_sep_width_100 vc_sep_border_width_3 vc_sep_pos_align_center vc_separator-has-text\" ><span class=\"vc_sep_holder vc_sep_holder_l\"><span  style=\"border-color:#008b29;\" class=\"vc_sep_line\"><\/span><\/span><h4>SVG static VAr generator<\/h4><span class=\"vc_sep_holder vc_sep_holder_r\"><span  style=\"border-color:#008b29;\" class=\"vc_sep_line\"><\/span><\/span>\n<\/div><\/div><\/div><\/div><\/div><div class=\"vc_row wpb_row vc_row-fluid\"><div class=\"wpb_column vc_column_container vc_col-sm-3\"><div class=\"vc_column-inner\"><div class=\"wpb_wrapper\">\n\t<div  class=\"wpb_single_image wpb_content_element vc_align_center\">\n\t\t\n\t\t<figure class=\"wpb_wrapper vc_figure\">\n\t\t\t<div class=\"vc_single_image-wrapper   vc_box_border_grey\"><img loading=\"lazy\" decoding=\"async\" data-vc-zoom=\"https:\/\/electrisium.com\/wp-content\/uploads\/2025\/08\/SVG.png\" width=\"640\" height=\"640\" src=\"https:\/\/electrisium.com\/wp-content\/uploads\/2025\/08\/SVG-640x640.png\" class=\"vc_single_image-img attachment-medium\" alt=\"\" title=\"SVG\" srcset=\"https:\/\/electrisium.com\/wp-content\/uploads\/2025\/08\/SVG-640x640.png 640w, https:\/\/electrisium.com\/wp-content\/uploads\/2025\/08\/SVG-160x160.png 160w, https:\/\/electrisium.com\/wp-content\/uploads\/2025\/08\/SVG-12x12.png 12w, https:\/\/electrisium.com\/wp-content\/uploads\/2025\/08\/SVG-500x500.png 500w, https:\/\/electrisium.com\/wp-content\/uploads\/2025\/08\/SVG-800x800.png 800w, https:\/\/electrisium.com\/wp-content\/uploads\/2025\/08\/SVG.png 966w\" sizes=\"auto, (max-width: 640px) 100vw, 640px\"  data-dt-location=\"https:\/\/electrisium.com\/en\/svg\/\" \/><\/div>\n\t\t<\/figure>\n\t<\/div>\n<\/div><\/div><\/div><div class=\"wpb_column vc_column_container vc_col-sm-9\"><div class=\"vc_column-inner\"><div class=\"wpb_wrapper\">\n\t<div class=\"wpb_text_column wpb_content_element\" >\n\t\t<div class=\"wpb_wrapper\">\n\t\t\t<p>A static VAr generator of the SVG series is an electronic equipment used to continuously adjust reactive power dynamically and bi-directionally (leading or lagging) and thus improving the power factor.<\/p>\n<p>By using revolutionary power electronics technology, static reactive power (VAr) generators offer rapid, precise, and continuous reactive power by injecting into or absorbing reactive power from the grid, compensating for the reactive power demand of both inductive or capacitive loads.<\/p>\n<p>Because of their fast response to load variations, static VAr generators have the ability to balance currents on the three phases and to ensure voltage stability in the electrical systems.<\/p>\n<p>The static VAr generators of the SVG series are available in modules of various power ratings for both rack and wall installation.<\/p>\n\n\t\t<\/div>\n\t<\/div>\n<div class=\"vc_row wpb_row vc_inner vc_row-fluid\"><div class=\"wpb_column vc_column_container vc_col-sm-6\"><div class=\"vc_column-inner\"><div class=\"wpb_wrapper\"><style>.vc_btn3-style-gradient-custom.vc_btn-gradient-btn-69ea2c4510e6d:hover{color: #ffffff;background-color: #5d6058;border: none;background-position: 100% 0;}<\/style><style>.vc_btn3-style-gradient-custom.vc_btn-gradient-btn-69ea2c4510e6d{color: #ffffff;border: none;background-color: #008b29;background-image: -webkit-linear-gradient(left, #008b29 0%, #5d6058 50%,#008b29 100%);background-image: linear-gradient(to right, #008b29 0%, #5d6058 50%,#008b29 100%);-webkit-transition: all .2s ease-in-out;transition: all .2s ease-in-out;background-size: 200% 100%;}<\/style><div class=\"vc_btn3-container vc_btn3-inline\" ><a data-vc-gradient-1=\"#008b29\" data-vc-gradient-2=\"#5d6058\" class=\"vc_general vc_btn3 vc_btn3-size-md vc_btn3-shape-rounded vc_btn3-style-gradient-custom vc_btn-gradient-btn-69ea2c4510e6d\" href=\"https:\/\/electrisium.com\/wp-content\/uploads\/2025\/08\/Power-Quality-HSVG-SVG-AHF.pdf\" title=\"\" target=\"_blank\">Download the catalog<\/a><\/div><\/div><\/div><\/div><div class=\"wpb_column vc_column_container vc_col-sm-6\"><div class=\"vc_column-inner\"><div class=\"wpb_wrapper\"><\/div><\/div><\/div><\/div><\/div><\/div><\/div><\/div><div class=\"vc_row wpb_row vc_row-fluid vc_custom_1754814221722\"><div class=\"wpb_column vc_column_container vc_col-sm-12\"><div class=\"vc_column-inner\"><div class=\"wpb_wrapper\"><div class=\"vc_separator wpb_content_element vc_separator_align_center vc_sep_width_100 vc_sep_border_width_3 vc_sep_pos_align_center vc_separator-has-text\" ><span class=\"vc_sep_holder vc_sep_holder_l\"><span  style=\"border-color:#008b29;\" class=\"vc_sep_line\"><\/span><\/span><h4>HSVG hybrid system for active power factor correction<\/h4><span class=\"vc_sep_holder vc_sep_holder_r\"><span  style=\"border-color:#008b29;\" class=\"vc_sep_line\"><\/span><\/span>\n<\/div><\/div><\/div><\/div><\/div><div class=\"vc_row wpb_row vc_row-fluid\"><div class=\"wpb_column vc_column_container vc_col-sm-3\"><div class=\"vc_column-inner\"><div class=\"wpb_wrapper\">\n\t<div  class=\"wpb_single_image wpb_content_element vc_align_center\">\n\t\t\n\t\t<figure class=\"wpb_wrapper vc_figure\">\n\t\t\t<div class=\"vc_single_image-wrapper   vc_box_border_grey\"><img loading=\"lazy\" decoding=\"async\" data-vc-zoom=\"https:\/\/electrisium.com\/wp-content\/uploads\/2025\/08\/HSVG.png\" width=\"640\" height=\"640\" src=\"https:\/\/electrisium.com\/wp-content\/uploads\/2025\/08\/HSVG-640x640.png\" class=\"vc_single_image-img attachment-medium\" alt=\"\" title=\"HSVG\" srcset=\"https:\/\/electrisium.com\/wp-content\/uploads\/2025\/08\/HSVG-640x640.png 640w, https:\/\/electrisium.com\/wp-content\/uploads\/2025\/08\/HSVG-160x160.png 160w, https:\/\/electrisium.com\/wp-content\/uploads\/2025\/08\/HSVG-12x12.png 12w, https:\/\/electrisium.com\/wp-content\/uploads\/2025\/08\/HSVG-500x500.png 500w, https:\/\/electrisium.com\/wp-content\/uploads\/2025\/08\/HSVG-800x800.png 800w, https:\/\/electrisium.com\/wp-content\/uploads\/2025\/08\/HSVG.png 966w\" sizes=\"auto, (max-width: 640px) 100vw, 640px\"  data-dt-location=\"https:\/\/electrisium.com\/en\/hsvg\/\" \/><\/div>\n\t\t<\/figure>\n\t<\/div>\n<\/div><\/div><\/div><div class=\"wpb_column vc_column_container vc_col-sm-9\"><div class=\"vc_column-inner\"><div class=\"wpb_wrapper\">\n\t<div class=\"wpb_text_column wpb_content_element\" >\n\t\t<div class=\"wpb_wrapper\">\n\t\t\t<p>The HSVG hybrid system for active power factor correction combines the technological advantages of static VAr generators with the power of capacitor banks driven by <a href=\"https:\/\/electrisium.com\/en\/products-and-solutions\/contactors\/\" target=\"_blank\" rel=\"noopener\"><span style=\"color: #008b29;\">contactors<\/span><\/a> or <a href=\"https:\/\/electrisium.com\/en\/products-and-solutions\/power-factor-controllers\/\" target=\"_blank\" rel=\"noopener\"><span style=\"color: #008b29;\">thyristor switches<\/span><\/a>.<\/p>\n<p>Connected in parallel to the power supply of the load, the HSVG hybrid system provides a dynamic and controlled current source that can adapt in real time to the changes in the grid.<\/p>\n<p>HSVG hybrid systems are able to simultaneously manage the steps of the capacitor banks providing the fundamental capacitive reactive power, and the dynamic power (both capacitive and inductive) provided by the integrated active systems.<\/p>\n<p>The integration of the two technologies within the HSVG hybrid systems enables the simultaneous correction of reactive power, reduction of voltage fluctuations, flicker mitigation and phases unbalance in a single device.<\/p>\n<p>The hybrid HSVG technology is extendable to all automatic power factor correction equipment from the portfolio of <a href=\"https:\/\/electrisium.com\/en\/partners-and-suppliers\/comar-condensatori\/\"><span style=\"color: #008b29;\">COMAR Condensatori<\/span><\/a>.<\/p>\n\n\t\t<\/div>\n\t<\/div>\n<div class=\"vc_row wpb_row vc_inner vc_row-fluid\"><div class=\"wpb_column vc_column_container vc_col-sm-6\"><div class=\"vc_column-inner\"><div class=\"wpb_wrapper\"><style>.vc_btn3-style-gradient-custom.vc_btn-gradient-btn-69ea2c45119b2:hover{color: #ffffff;background-color: #5d6058;border: none;background-position: 100% 0;}<\/style><style>.vc_btn3-style-gradient-custom.vc_btn-gradient-btn-69ea2c45119b2{color: #ffffff;border: none;background-color: #008b29;background-image: -webkit-linear-gradient(left, #008b29 0%, #5d6058 50%,#008b29 100%);background-image: linear-gradient(to right, #008b29 0%, #5d6058 50%,#008b29 100%);-webkit-transition: all .2s ease-in-out;transition: all .2s ease-in-out;background-size: 200% 100%;}<\/style><div class=\"vc_btn3-container vc_btn3-inline\" ><a data-vc-gradient-1=\"#008b29\" data-vc-gradient-2=\"#5d6058\" class=\"vc_general vc_btn3 vc_btn3-size-md vc_btn3-shape-rounded vc_btn3-style-gradient-custom vc_btn-gradient-btn-69ea2c45119b2\" href=\"https:\/\/electrisium.com\/wp-content\/uploads\/2025\/08\/HSVG-Hybrid-Active-Power-Factor-Correction.pdf\" title=\"\" target=\"_blank\">Download the catalog<\/a><\/div><\/div><\/div><\/div><div class=\"wpb_column vc_column_container vc_col-sm-6\"><div class=\"vc_column-inner\"><div class=\"wpb_wrapper\"><\/div><\/div><\/div><\/div><\/div><\/div><\/div><\/div>","protected":false},"excerpt":{"rendered":"<p>Compensator VAr static SVG Un compensator static VAr din seria SVG este un echipament electronic utilizat pentru a regla continuu puterea reactiv\u0103 dinamic \u0219i bidirec\u021bional (\u00een avans sau \u00een \u00eent\u00e2rziere), \u00eembun\u0103t\u0103\u021bind astfel factorul de putere. Prin utilizarea tehnologiei revolu\u021bionare a electronicii de putere, compensatoarele statice de putere reactiv\u0103 (VAr) ofer\u0103 putere reactiv\u0103 rapid, precis \u0219i&hellip;<\/p>","protected":false},"author":2,"featured_media":0,"parent":49,"menu_order":0,"comment_status":"closed","ping_status":"closed","template":"","meta":{"footnotes":""},"class_list":["post-2008","page","type-page","status-publish","hentry","description-off"],"_links":{"self":[{"href":"https:\/\/electrisium.com\/en\/wp-json\/wp\/v2\/pages\/2008","targetHints":{"allow":["GET"]}}],"collection":[{"href":"https:\/\/electrisium.com\/en\/wp-json\/wp\/v2\/pages"}],"about":[{"href":"https:\/\/electrisium.com\/en\/wp-json\/wp\/v2\/types\/page"}],"author":[{"embeddable":true,"href":"https:\/\/electrisium.com\/en\/wp-json\/wp\/v2\/users\/2"}],"replies":[{"embeddable":true,"href":"https:\/\/electrisium.com\/en\/wp-json\/wp\/v2\/comments?post=2008"}],"version-history":[{"count":13,"href":"https:\/\/electrisium.com\/en\/wp-json\/wp\/v2\/pages\/2008\/revisions"}],"predecessor-version":[{"id":2025,"href":"https:\/\/electrisium.com\/en\/wp-json\/wp\/v2\/pages\/2008\/revisions\/2025"}],"up":[{"embeddable":true,"href":"https:\/\/electrisium.com\/en\/wp-json\/wp\/v2\/pages\/49"}],"wp:attachment":[{"href":"https:\/\/electrisium.com\/en\/wp-json\/wp\/v2\/media?parent=2008"}],"curies":[{"name":"wp","href":"https:\/\/api.w.org\/{rel}","templated":true}]}}