{"id":1995,"date":"2025-08-03T19:59:41","date_gmt":"2025-08-03T16:59:41","guid":{"rendered":"https:\/\/electrisium.com\/?page_id=1995"},"modified":"2025-08-03T20:33:11","modified_gmt":"2025-08-03T17:33:11","slug":"treceri-izolate","status":"publish","type":"page","link":"https:\/\/electrisium.com\/en\/products-and-solutions\/bushings\/","title":{"rendered":"Bushings"},"content":{"rendered":"<div class=\"vc_row wpb_row vc_row-fluid\"><div class=\"wpb_column vc_column_container vc_col-sm-6\"><div class=\"vc_column-inner\"><div class=\"wpb_wrapper\">\n\t<div  class=\"wpb_single_image wpb_content_element vc_align_center\">\n\t\t\n\t\t<figure class=\"wpb_wrapper vc_figure\">\n\t\t\t<div class=\"vc_single_image-wrapper   vc_box_border_grey\"><img loading=\"lazy\" decoding=\"async\" data-vc-zoom=\"https:\/\/electrisium.com\/wp-content\/uploads\/2025\/08\/Treceri-izolate-exterior-interior.png\" width=\"640\" height=\"357\" src=\"https:\/\/electrisium.com\/wp-content\/uploads\/2025\/08\/Treceri-izolate-exterior-interior-640x357.png\" class=\"vc_single_image-img attachment-medium\" alt=\"\" title=\"Treceri izolate exterior interior\" srcset=\"https:\/\/electrisium.com\/wp-content\/uploads\/2025\/08\/Treceri-izolate-exterior-interior-640x357.png 640w, https:\/\/electrisium.com\/wp-content\/uploads\/2025\/08\/Treceri-izolate-exterior-interior-18x10.png 18w, https:\/\/electrisium.com\/wp-content\/uploads\/2025\/08\/Treceri-izolate-exterior-interior-500x279.png 500w, https:\/\/electrisium.com\/wp-content\/uploads\/2025\/08\/Treceri-izolate-exterior-interior-800x446.png 800w, https:\/\/electrisium.com\/wp-content\/uploads\/2025\/08\/Treceri-izolate-exterior-interior.png 966w\" sizes=\"auto, (max-width: 640px) 100vw, 640px\"  data-dt-location=\"https:\/\/electrisium.com\/en\/treceri-izolate-exterior-interior\/\" \/><\/div>\n\t\t<\/figure>\n\t<\/div>\n<\/div><\/div><\/div><div class=\"wpb_column vc_column_container vc_col-sm-6\"><div class=\"vc_column-inner\"><div class=\"wpb_wrapper\">\n\t<div class=\"wpb_text_column wpb_content_element\" >\n\t\t<div class=\"wpb_wrapper\">\n\t\t\t<p>The SISD bushings manufactured by <a href=\"https:\/\/electrisium.com\/en\/partners-and-suppliers\/ritz-instrument-transformers\/\"><span style=\"color: #008b29;\">RITZ Instrument Transformers GmbH<\/span><\/a> are insulated using the Epoxy Resin Impregnated Paper technology (ERIP) and are designed and dimensioned according to the specific electrotechnical requirements of each project. These bushings are available for indoor\/indoor (SISD-II), indoor\/outdoor (SISD-IO) or outdoor\/outdoor (SISD-OO) applications, for voltages from 3,6 kV up to 72.5 kV and currents from 630 A up to 7000 A.<\/p>\n\n\t\t<\/div>\n\t<\/div>\n<\/div><\/div><\/div><\/div><div class=\"vc_row wpb_row vc_row-fluid\"><div class=\"wpb_column vc_column_container vc_col-sm-6\"><div class=\"vc_column-inner\"><div class=\"wpb_wrapper\">\n\t<div  class=\"wpb_single_image wpb_content_element vc_align_center\">\n\t\t\n\t\t<figure class=\"wpb_wrapper vc_figure\">\n\t\t\t<div class=\"vc_single_image-wrapper   vc_box_border_grey\"><img loading=\"lazy\" decoding=\"async\" data-vc-zoom=\"https:\/\/electrisium.com\/wp-content\/uploads\/2025\/08\/Treceri-izolate-cu-transformatoare.png\" width=\"640\" height=\"640\" src=\"https:\/\/electrisium.com\/wp-content\/uploads\/2025\/08\/Treceri-izolate-cu-transformatoare-640x640.png\" class=\"vc_single_image-img attachment-medium\" alt=\"\" title=\"Treceri izolate cu transformatoare\" srcset=\"https:\/\/electrisium.com\/wp-content\/uploads\/2025\/08\/Treceri-izolate-cu-transformatoare-640x640.png 640w, https:\/\/electrisium.com\/wp-content\/uploads\/2025\/08\/Treceri-izolate-cu-transformatoare-160x160.png 160w, https:\/\/electrisium.com\/wp-content\/uploads\/2025\/08\/Treceri-izolate-cu-transformatoare-12x12.png 12w, https:\/\/electrisium.com\/wp-content\/uploads\/2025\/08\/Treceri-izolate-cu-transformatoare-500x500.png 500w, https:\/\/electrisium.com\/wp-content\/uploads\/2025\/08\/Treceri-izolate-cu-transformatoare-800x800.png 800w, https:\/\/electrisium.com\/wp-content\/uploads\/2025\/08\/Treceri-izolate-cu-transformatoare.png 966w\" sizes=\"auto, (max-width: 640px) 100vw, 640px\"  data-dt-location=\"https:\/\/electrisium.com\/en\/treceri-izolate-cu-transformatoare\/\" \/><\/div>\n\t\t<\/figure>\n\t<\/div>\n<\/div><\/div><\/div><div class=\"wpb_column vc_column_container vc_col-sm-6\"><div class=\"vc_column-inner\"><div class=\"wpb_wrapper\">\n\t<div class=\"wpb_text_column wpb_content_element\" >\n\t\t<div class=\"wpb_wrapper\">\n\t\t\t<p>The conductor part of the bushing can be of copper or aluminum and is wrapped using a special paper type. Semiconductive capacitive grading layers are embedded during the wrapping process in order to control the electrical \ufb01eld. A grounding layer is also embedded across the entire length. The composite insulation is then cast in epoxy resin under vacuum.<\/p>\n<p>After manufacture, each SISD bushing is routine tested according to IEC60137, this guarantees partial discharge free operation as well as the safety for human operators and the long-life span of the bushing.<\/p>\n\n\t\t<\/div>\n\t<\/div>\n<\/div><\/div><\/div><\/div><div class=\"vc_row wpb_row vc_row-fluid\"><div class=\"wpb_column vc_column_container vc_col-sm-6\"><div class=\"vc_column-inner\"><div class=\"wpb_wrapper\">\n\t<div  class=\"wpb_single_image wpb_content_element vc_align_center\">\n\t\t\n\t\t<figure class=\"wpb_wrapper vc_figure\">\n\t\t\t<div class=\"vc_single_image-wrapper   vc_box_border_grey\"><img loading=\"lazy\" decoding=\"async\" data-vc-zoom=\"https:\/\/electrisium.com\/wp-content\/uploads\/2025\/08\/Trecere-izolata-cu-transformator-toroidal.png\" width=\"640\" height=\"640\" src=\"https:\/\/electrisium.com\/wp-content\/uploads\/2025\/08\/Trecere-izolata-cu-transformator-toroidal-640x640.png\" class=\"vc_single_image-img attachment-medium\" alt=\"\" title=\"Trecere izolata cu transformator toroidal\" srcset=\"https:\/\/electrisium.com\/wp-content\/uploads\/2025\/08\/Trecere-izolata-cu-transformator-toroidal-640x640.png 640w, https:\/\/electrisium.com\/wp-content\/uploads\/2025\/08\/Trecere-izolata-cu-transformator-toroidal-160x160.png 160w, https:\/\/electrisium.com\/wp-content\/uploads\/2025\/08\/Trecere-izolata-cu-transformator-toroidal-12x12.png 12w, https:\/\/electrisium.com\/wp-content\/uploads\/2025\/08\/Trecere-izolata-cu-transformator-toroidal-500x500.png 500w, https:\/\/electrisium.com\/wp-content\/uploads\/2025\/08\/Trecere-izolata-cu-transformator-toroidal-800x800.png 800w, https:\/\/electrisium.com\/wp-content\/uploads\/2025\/08\/Trecere-izolata-cu-transformator-toroidal.png 966w\" sizes=\"auto, (max-width: 640px) 100vw, 640px\"  data-dt-location=\"https:\/\/electrisium.com\/en\/trecere-izolata-cu-transformator-toroidal\/\" \/><\/div>\n\t\t<\/figure>\n\t<\/div>\n<\/div><\/div><\/div><div class=\"wpb_column vc_column_container vc_col-sm-6\"><div class=\"vc_column-inner\"><div class=\"wpb_wrapper\">\n\t<div class=\"wpb_text_column wpb_content_element\" >\n\t\t<div class=\"wpb_wrapper\">\n\t\t\t<p>All bushings are protected mechanically by high-quality shrinking sleeves which protect the insulation from humidity, dust and light knocks along the complete length of the bushings. In order to increase the creepage distance without adding additional bushing length, silicone insulator sheds are used. The SISD bushings have as standard 31mm\/kV specific creepage distance, which according to IEC 60815 corresponds to a very high level of pollution.<\/p>\n<p>If required, the bushings can integrate ring core current transformers also manufactured by <a href=\"https:\/\/electrisium.com\/en\/partners-and-suppliers\/ritz-instrument-transformers\/\"><span style=\"color: #008b29;\">RITZ Instrument Transformers GmbH<\/span><\/a>, thus offering a complex customized solution.<\/p>\n\n\t\t<\/div>\n\t<\/div>\n<\/div><\/div><\/div><\/div><div class=\"vc_row wpb_row vc_row-fluid\"><div class=\"wpb_column vc_column_container vc_col-sm-6\"><div class=\"vc_column-inner\"><div class=\"wpb_wrapper\"><style>.vc_btn3-style-gradient-custom.vc_btn-gradient-btn-69e5e6cc572be:hover{color: #ffffff;background-color: #5d6058;border: none;background-position: 100% 0;}<\/style><style>.vc_btn3-style-gradient-custom.vc_btn-gradient-btn-69e5e6cc572be{color: #ffffff;border: none;background-color: #008b29;background-image: -webkit-linear-gradient(left, #008b29 0%, #5d6058 50%,#008b29 100%);background-image: linear-gradient(to right, #008b29 0%, #5d6058 50%,#008b29 100%);-webkit-transition: all .2s ease-in-out;transition: all .2s ease-in-out;background-size: 200% 100%;}<\/style><div class=\"vc_btn3-container  wpb_animate_when_almost_visible wpb_bounceIn bounceIn vc_btn3-inline\" ><a data-vc-gradient-1=\"#008b29\" data-vc-gradient-2=\"#5d6058\" class=\"vc_general vc_btn3 vc_btn3-size-md vc_btn3-shape-rounded vc_btn3-style-gradient-custom vc_btn-gradient-btn-69e5e6cc572be\" href=\"https:\/\/electrisium.com\/wp-content\/uploads\/2025\/08\/RITZ_SISD_bushing.pdf\" title=\"\" target=\"_blank\">Download the catalog<\/a><\/div><\/div><\/div><\/div><div class=\"wpb_column vc_column_container vc_col-sm-6\"><div class=\"vc_column-inner\"><div class=\"wpb_wrapper\"><style>.vc_btn3-style-gradient-custom.vc_btn-gradient-btn-69e5e6cc5748e:hover{color: #ffffff;background-color: #5d6058;border: none;background-position: 100% 0;}<\/style><style>.vc_btn3-style-gradient-custom.vc_btn-gradient-btn-69e5e6cc5748e{color: #ffffff;border: none;background-color: #008b29;background-image: -webkit-linear-gradient(left, #008b29 0%, #5d6058 50%,#008b29 100%);background-image: linear-gradient(to right, #008b29 0%, #5d6058 50%,#008b29 100%);-webkit-transition: all .2s ease-in-out;transition: all .2s ease-in-out;background-size: 200% 100%;}<\/style><div class=\"vc_btn3-container  wpb_animate_when_almost_visible wpb_bounceIn bounceIn vc_btn3-inline\" ><a data-vc-gradient-1=\"#008b29\" data-vc-gradient-2=\"#5d6058\" class=\"vc_general vc_btn3 vc_btn3-size-md vc_btn3-shape-rounded vc_btn3-style-gradient-custom vc_btn-gradient-btn-69e5e6cc5748e\" href=\"https:\/\/electrisium.com\/en\/contact\/\" title=\"\" target=\"_blank\">Contact us!<\/a><\/div><\/div><\/div><\/div><\/div>","protected":false},"excerpt":{"rendered":"<p>Trecerile izolate SISD fabricate de c\u0103tre RITZ Instrument Transformers GmbH sunt izolate folosind tehnologia h\u00e2rtiei impregnate cu r\u0103\u0219in\u0103 epoxidic\u0103 (ERIP) \u0219i sunt proiectate \u0219i dimensionate conform cerin\u021belor electrotehnice specifice fiec\u0103rui proiect. Aceste treceri izolate sunt disponibile pentru aplica\u021bii de interior\/interior (SISD-II), interior\/exterior (SISD-IO) sau exterior\/exterior (SISD-OO), pentru tensiuni de la 3,6 kV p\u00e2n\u0103 la 72,5&hellip;<\/p>","protected":false},"author":2,"featured_media":0,"parent":49,"menu_order":0,"comment_status":"closed","ping_status":"closed","template":"","meta":{"footnotes":""},"class_list":["post-1995","page","type-page","status-publish","hentry","description-off"],"_links":{"self":[{"href":"https:\/\/electrisium.com\/en\/wp-json\/wp\/v2\/pages\/1995","targetHints":{"allow":["GET"]}}],"collection":[{"href":"https:\/\/electrisium.com\/en\/wp-json\/wp\/v2\/pages"}],"about":[{"href":"https:\/\/electrisium.com\/en\/wp-json\/wp\/v2\/types\/page"}],"author":[{"embeddable":true,"href":"https:\/\/electrisium.com\/en\/wp-json\/wp\/v2\/users\/2"}],"replies":[{"embeddable":true,"href":"https:\/\/electrisium.com\/en\/wp-json\/wp\/v2\/comments?post=1995"}],"version-history":[{"count":4,"href":"https:\/\/electrisium.com\/en\/wp-json\/wp\/v2\/pages\/1995\/revisions"}],"predecessor-version":[{"id":2002,"href":"https:\/\/electrisium.com\/en\/wp-json\/wp\/v2\/pages\/1995\/revisions\/2002"}],"up":[{"embeddable":true,"href":"https:\/\/electrisium.com\/en\/wp-json\/wp\/v2\/pages\/49"}],"wp:attachment":[{"href":"https:\/\/electrisium.com\/en\/wp-json\/wp\/v2\/media?parent=1995"}],"curies":[{"name":"wp","href":"https:\/\/api.w.org\/{rel}","templated":true}]}}