{"id":1956,"date":"2025-04-26T22:12:28","date_gmt":"2025-04-26T19:12:28","guid":{"rendered":"https:\/\/electrisium.com\/?page_id=1956"},"modified":"2025-04-29T20:20:38","modified_gmt":"2025-04-29T17:20:38","slug":"sisteme-de-bare-capsulate","status":"publish","type":"page","link":"https:\/\/electrisium.com\/en\/products-and-solutions\/busbar-trunking-systems\/","title":{"rendered":"Busbar trunking systems"},"content":{"rendered":"<div class=\"vc_row wpb_row vc_row-fluid\"><div class=\"wpb_column vc_column_container vc_col-sm-12\"><div class=\"vc_column-inner\"><div class=\"wpb_wrapper\"><div class=\"vc_separator wpb_content_element vc_separator_align_center vc_sep_width_100 vc_sep_border_width_3 vc_sep_pos_align_center vc_separator-has-text\" ><span class=\"vc_sep_holder vc_sep_holder_l\"><span  style=\"border-color:#008b29;\" class=\"vc_sep_line\"><\/span><\/span><h4>MISTRAL busbar trunking system<\/h4><span class=\"vc_sep_holder vc_sep_holder_r\"><span  style=\"border-color:#008b29;\" class=\"vc_sep_line\"><\/span><\/span>\n<\/div><\/div><\/div><\/div><\/div><div class=\"vc_row wpb_row vc_row-fluid\"><div class=\"wpb_column vc_column_container vc_col-sm-3\"><div class=\"vc_column-inner\"><div class=\"wpb_wrapper\">\n\t<div  class=\"wpb_single_image wpb_content_element vc_align_center\">\n\t\t\n\t\t<figure class=\"wpb_wrapper vc_figure\">\n\t\t\t<div class=\"vc_single_image-wrapper   vc_box_border_grey\"><img loading=\"lazy\" decoding=\"async\" data-vc-zoom=\"https:\/\/electrisium.com\/wp-content\/uploads\/2025\/04\/Sistem-de-bare-capsulate-MISTRAL.png\" width=\"966\" height=\"966\" src=\"https:\/\/electrisium.com\/wp-content\/uploads\/2025\/04\/Sistem-de-bare-capsulate-MISTRAL.png\" class=\"vc_single_image-img attachment-large\" alt=\"\" title=\"MISTRAL busbar trunking system\" srcset=\"https:\/\/electrisium.com\/wp-content\/uploads\/2025\/04\/Sistem-de-bare-capsulate-MISTRAL.png 966w, https:\/\/electrisium.com\/wp-content\/uploads\/2025\/04\/Sistem-de-bare-capsulate-MISTRAL-640x640.png 640w, https:\/\/electrisium.com\/wp-content\/uploads\/2025\/04\/Sistem-de-bare-capsulate-MISTRAL-160x160.png 160w, https:\/\/electrisium.com\/wp-content\/uploads\/2025\/04\/Sistem-de-bare-capsulate-MISTRAL-12x12.png 12w, https:\/\/electrisium.com\/wp-content\/uploads\/2025\/04\/Sistem-de-bare-capsulate-MISTRAL-500x500.png 500w, https:\/\/electrisium.com\/wp-content\/uploads\/2025\/04\/Sistem-de-bare-capsulate-MISTRAL-800x800.png 800w\" sizes=\"auto, (max-width: 966px) 100vw, 966px\"  data-dt-location=\"https:\/\/electrisium.com\/en\/sistem-de-bare-capsulate-mistral\/\" \/><\/div>\n\t\t<\/figure>\n\t<\/div>\n\n\t<div  class=\"wpb_single_image wpb_content_element vc_align_center\">\n\t\t\n\t\t<figure class=\"wpb_wrapper vc_figure\">\n\t\t\t<div class=\"vc_single_image-wrapper   vc_box_border_grey\"><img loading=\"lazy\" decoding=\"async\" data-vc-zoom=\"https:\/\/electrisium.com\/wp-content\/uploads\/2025\/04\/Bare-capsulate-prefabricate-MISTRAL.png\" width=\"966\" height=\"966\" src=\"https:\/\/electrisium.com\/wp-content\/uploads\/2025\/04\/Bare-capsulate-prefabricate-MISTRAL.png\" class=\"vc_single_image-img attachment-large\" alt=\"\" title=\"Bare capsulate prefabricate MISTRAL\" srcset=\"https:\/\/electrisium.com\/wp-content\/uploads\/2025\/04\/Bare-capsulate-prefabricate-MISTRAL.png 966w, https:\/\/electrisium.com\/wp-content\/uploads\/2025\/04\/Bare-capsulate-prefabricate-MISTRAL-640x640.png 640w, https:\/\/electrisium.com\/wp-content\/uploads\/2025\/04\/Bare-capsulate-prefabricate-MISTRAL-160x160.png 160w, https:\/\/electrisium.com\/wp-content\/uploads\/2025\/04\/Bare-capsulate-prefabricate-MISTRAL-12x12.png 12w, https:\/\/electrisium.com\/wp-content\/uploads\/2025\/04\/Bare-capsulate-prefabricate-MISTRAL-500x500.png 500w, https:\/\/electrisium.com\/wp-content\/uploads\/2025\/04\/Bare-capsulate-prefabricate-MISTRAL-800x800.png 800w\" sizes=\"auto, (max-width: 966px) 100vw, 966px\"  data-dt-location=\"https:\/\/electrisium.com\/en\/bare-capsulate-prefabricate-mistral\/\" \/><\/div>\n\t\t<\/figure>\n\t<\/div>\n<\/div><\/div><\/div><div class=\"wpb_column vc_column_container vc_col-sm-9\"><div class=\"vc_column-inner\"><div class=\"wpb_wrapper\">\n\t<div class=\"wpb_text_column wpb_content_element\" >\n\t\t<div class=\"wpb_wrapper\">\n\t\t\t<p>The MISTRAL busbar trunking system is used for lighting and low power distribution in industrial, commercial and service buildings. The nominal ratings for this busbar system are 25A or 40A.<\/p>\n<p>The busbars are made of electrolytic copper, while all along their length they are fully insulated by a halogen-free sheet made of self-extinguishing thermoplastic material. The casing, used as earthing conductor as well, is available either made of hot galvanized steel or hot galvanized and plasticized steel (white color RAL 9016), being the latter particularly suitable where resistance to chemical agents is required. Additionally, different colors are available on demand.<\/p>\n<p>The IP55 protection degree is ensured without any additional accessory. The available configurations are with 2, 4 or 6 conductors within a single casing, and with 2+2, 4+2, 4+4 or 6+6 conductors within a double casing, the two circuits being separated along the whole length.<\/p>\n<p>The MISTRAL busbar trunking systems are available in two versions, with \u201cstandard plug-in outlets\u201d or with \u201cinterlocked plug-in outlets\u201d. The version with \u201cstandard plug-in outlets\u201d is equipped with orange color plug-in outlets, preinstalled along the length in the number of 2, 3 or 6 on a single side for the single casing element, or 2+2, 3+3, 6+6 on both sides for the double casing element. The version with \u201cinter-locked plug-in outlets\u201d is supplied with white and \/or red color plug-in outlets, preinstalled along the length in the number of 2, 3 or 6 on a single side for the single-casing element, or 2+2, 3+3, 6+6 on both sides for the double casing element. Different number of plug-in outlets, or different distances between the outlets are available on demand for both versions.<\/p>\n<p>Feed units, end covers, flexible elbows and mechanical accessories designed for suspending and fixing the lighting lamps are available to complete the MISTRAL system.<\/p>\n\n\t\t<\/div>\n\t<\/div>\n<div class=\"vc_row wpb_row vc_inner vc_row-fluid\"><div class=\"wpb_column vc_column_container vc_col-sm-6\"><div class=\"vc_column-inner\"><div class=\"wpb_wrapper\"><style>.vc_btn3-style-gradient-custom.vc_btn-gradient-btn-69d04be98a69e:hover{color: #ffffff;background-color: #5d6058;border: none;background-position: 100% 0;}<\/style><style>.vc_btn3-style-gradient-custom.vc_btn-gradient-btn-69d04be98a69e{color: #ffffff;border: none;background-color: #008b29;background-image: -webkit-linear-gradient(left, #008b29 0%, #5d6058 50%,#008b29 100%);background-image: linear-gradient(to right, #008b29 0%, #5d6058 50%,#008b29 100%);-webkit-transition: all .2s ease-in-out;transition: all .2s ease-in-out;background-size: 200% 100%;}<\/style><div class=\"vc_btn3-container vc_btn3-inline\" ><a data-vc-gradient-1=\"#008b29\" data-vc-gradient-2=\"#5d6058\" class=\"vc_general vc_btn3 vc_btn3-size-md vc_btn3-shape-rounded vc_btn3-style-gradient-custom vc_btn-gradient-btn-69d04be98a69e\" href=\"https:\/\/electrisium.com\/wp-content\/uploads\/2025\/04\/Megabarre_MISTRAL_ITA-EN_05-18.pdf\" title=\"\" target=\"_blank\">Download the catalog<\/a><\/div><\/div><\/div><\/div><div class=\"wpb_column vc_column_container vc_col-sm-6\"><div class=\"vc_column-inner\"><div class=\"wpb_wrapper\"><\/div><\/div><\/div><\/div><\/div><\/div><\/div><\/div><div class=\"vc_row wpb_row vc_row-fluid\"><div class=\"wpb_column vc_column_container vc_col-sm-12\"><div class=\"vc_column-inner\"><div class=\"wpb_wrapper\"><div class=\"vc_separator wpb_content_element vc_separator_align_center vc_sep_width_100 vc_sep_border_width_3 vc_sep_pos_align_center vc_separator-has-text\" ><span class=\"vc_sep_holder vc_sep_holder_l\"><span  style=\"border-color:#008b29;\" class=\"vc_sep_line\"><\/span><\/span><h4>SYSTEM busbar trunking system<\/h4><span class=\"vc_sep_holder vc_sep_holder_r\"><span  style=\"border-color:#008b29;\" class=\"vc_sep_line\"><\/span><\/span>\n<\/div><\/div><\/div><\/div><\/div><div class=\"vc_row wpb_row vc_row-fluid\"><div class=\"wpb_column vc_column_container vc_col-sm-3\"><div class=\"vc_column-inner\"><div class=\"wpb_wrapper\">\n\t<div  class=\"wpb_single_image wpb_content_element vc_align_center\">\n\t\t\n\t\t<figure class=\"wpb_wrapper vc_figure\">\n\t\t\t<div class=\"vc_single_image-wrapper   vc_box_border_grey\"><img loading=\"lazy\" decoding=\"async\" data-vc-zoom=\"https:\/\/electrisium.com\/wp-content\/uploads\/2025\/04\/Sistem-de-bare-capsulate-SYSTEM.png\" width=\"966\" height=\"966\" src=\"https:\/\/electrisium.com\/wp-content\/uploads\/2025\/04\/Sistem-de-bare-capsulate-SYSTEM.png\" class=\"vc_single_image-img attachment-large\" alt=\"\" title=\"SYSTEM busbar trunking system\" srcset=\"https:\/\/electrisium.com\/wp-content\/uploads\/2025\/04\/Sistem-de-bare-capsulate-SYSTEM.png 966w, https:\/\/electrisium.com\/wp-content\/uploads\/2025\/04\/Sistem-de-bare-capsulate-SYSTEM-640x640.png 640w, https:\/\/electrisium.com\/wp-content\/uploads\/2025\/04\/Sistem-de-bare-capsulate-SYSTEM-160x160.png 160w, https:\/\/electrisium.com\/wp-content\/uploads\/2025\/04\/Sistem-de-bare-capsulate-SYSTEM-12x12.png 12w, https:\/\/electrisium.com\/wp-content\/uploads\/2025\/04\/Sistem-de-bare-capsulate-SYSTEM-500x500.png 500w, https:\/\/electrisium.com\/wp-content\/uploads\/2025\/04\/Sistem-de-bare-capsulate-SYSTEM-800x800.png 800w\" sizes=\"auto, (max-width: 966px) 100vw, 966px\"  data-dt-location=\"https:\/\/electrisium.com\/en\/sistem-de-bare-capsulate-system\/\" \/><\/div>\n\t\t<\/figure>\n\t<\/div>\n\n\t<div  class=\"wpb_single_image wpb_content_element vc_align_center\">\n\t\t\n\t\t<figure class=\"wpb_wrapper vc_figure\">\n\t\t\t<div class=\"vc_single_image-wrapper   vc_box_border_grey\"><img loading=\"lazy\" decoding=\"async\" data-vc-zoom=\"https:\/\/electrisium.com\/wp-content\/uploads\/2025\/04\/Bare-capsulate-prefabricate-SYSTEM.png\" width=\"966\" height=\"966\" src=\"https:\/\/electrisium.com\/wp-content\/uploads\/2025\/04\/Bare-capsulate-prefabricate-SYSTEM.png\" class=\"vc_single_image-img attachment-large\" alt=\"\" title=\"Bare capsulate prefabricate SYSTEM\" srcset=\"https:\/\/electrisium.com\/wp-content\/uploads\/2025\/04\/Bare-capsulate-prefabricate-SYSTEM.png 966w, https:\/\/electrisium.com\/wp-content\/uploads\/2025\/04\/Bare-capsulate-prefabricate-SYSTEM-640x640.png 640w, https:\/\/electrisium.com\/wp-content\/uploads\/2025\/04\/Bare-capsulate-prefabricate-SYSTEM-160x160.png 160w, https:\/\/electrisium.com\/wp-content\/uploads\/2025\/04\/Bare-capsulate-prefabricate-SYSTEM-12x12.png 12w, https:\/\/electrisium.com\/wp-content\/uploads\/2025\/04\/Bare-capsulate-prefabricate-SYSTEM-500x500.png 500w, https:\/\/electrisium.com\/wp-content\/uploads\/2025\/04\/Bare-capsulate-prefabricate-SYSTEM-800x800.png 800w\" sizes=\"auto, (max-width: 966px) 100vw, 966px\"  data-dt-location=\"https:\/\/electrisium.com\/en\/bare-capsulate-prefabricate-system\/\" \/><\/div>\n\t\t<\/figure>\n\t<\/div>\n<\/div><\/div><\/div><div class=\"wpb_column vc_column_container vc_col-sm-9\"><div class=\"vc_column-inner\"><div class=\"wpb_wrapper\">\n\t<div class=\"wpb_text_column wpb_content_element\" >\n\t\t<div class=\"wpb_wrapper\">\n\t\t\t<p>The SYSTEM busbar trunking system is used for medium power distribution in industrial, commercial, residential and service buildings. One of the most common applications of this busbar trunking system is in the rising mains of offices and residential buildings such as skyscrapers for energy distribution on the numerous floors.<\/p>\n<p>The SYSTEM busbar trunking system is available in versions with aluminum or copper busbars having 100A,160A, 250A or 400A nominal current ratings. The casing is made of hot galvanized steel sheet, with two profiles assembled together which give to the final product a good rigidness and mechanical strength. The standard product is offered in the 3P+N+PE version with the neutral and the phase having the same cross-section and the casing used as earthing conductor, or in the 3P+N+Fe+Pe version with the earthing having the same cross-section as the phase. The aluminum busbars are tinplated along the whole length, while the copper busbars can be tinplated or silver-plated on request. The standard protection degree of the SYSTEM busbar trunking system is IP55 without any additional accessories, while, on request, the casing can be painted in different colors.<\/p>\n<p>A large range of components and accessories are available to satisfy various applications. The tap-off units are supplied only on one side of the elements, with a 1m standard distance (3 tap-off units on each 3m element). Elements with special number of tap-off units are available up to a maximum of 6 tap-off units for each 3m element. The tap-off boxes are available with plastic or metal casings, empty or with fuse holder and suitable for automatic switches and industrial sockets.<\/p>\n\n\t\t<\/div>\n\t<\/div>\n<div class=\"vc_row wpb_row vc_inner vc_row-fluid\"><div class=\"wpb_column vc_column_container vc_col-sm-6\"><div class=\"vc_column-inner\"><div class=\"wpb_wrapper\"><style>.vc_btn3-style-gradient-custom.vc_btn-gradient-btn-69d04be98b4cd:hover{color: #ffffff;background-color: #5d6058;border: none;background-position: 100% 0;}<\/style><style>.vc_btn3-style-gradient-custom.vc_btn-gradient-btn-69d04be98b4cd{color: #ffffff;border: none;background-color: #008b29;background-image: -webkit-linear-gradient(left, #008b29 0%, #5d6058 50%,#008b29 100%);background-image: linear-gradient(to right, #008b29 0%, #5d6058 50%,#008b29 100%);-webkit-transition: all .2s ease-in-out;transition: all .2s ease-in-out;background-size: 200% 100%;}<\/style><div class=\"vc_btn3-container vc_btn3-inline\" ><a data-vc-gradient-1=\"#008b29\" data-vc-gradient-2=\"#5d6058\" class=\"vc_general vc_btn3 vc_btn3-size-md vc_btn3-shape-rounded vc_btn3-style-gradient-custom vc_btn-gradient-btn-69d04be98b4cd\" href=\"https:\/\/electrisium.com\/wp-content\/uploads\/2025\/04\/Megabarre_SYSTEM_ITA-EN_05-18.pdf\" title=\"\" target=\"_blank\">Download the catalog<\/a><\/div><\/div><\/div><\/div><div class=\"wpb_column vc_column_container vc_col-sm-6\"><div class=\"vc_column-inner\"><div class=\"wpb_wrapper\"><\/div><\/div><\/div><\/div><\/div><\/div><\/div><\/div><div class=\"vc_row wpb_row vc_row-fluid\"><div class=\"wpb_column vc_column_container vc_col-sm-12\"><div class=\"vc_column-inner\"><div class=\"wpb_wrapper\"><div class=\"vc_separator wpb_content_element vc_separator_align_center vc_sep_width_100 vc_sep_border_width_3 vc_sep_pos_align_center vc_separator-has-text\" ><span class=\"vc_sep_holder vc_sep_holder_l\"><span  style=\"border-color:#008b29;\" class=\"vc_sep_line\"><\/span><\/span><h4>IMPACT2 busbar trunking system<\/h4><span class=\"vc_sep_holder vc_sep_holder_r\"><span  style=\"border-color:#008b29;\" class=\"vc_sep_line\"><\/span><\/span>\n<\/div><\/div><\/div><\/div><\/div><div class=\"vc_row wpb_row vc_row-fluid\"><div class=\"wpb_column vc_column_container vc_col-sm-3\"><div class=\"vc_column-inner\"><div class=\"wpb_wrapper\">\n\t<div  class=\"wpb_single_image wpb_content_element vc_align_center\">\n\t\t\n\t\t<figure class=\"wpb_wrapper vc_figure\">\n\t\t\t<div class=\"vc_single_image-wrapper   vc_box_border_grey\"><img loading=\"lazy\" decoding=\"async\" data-vc-zoom=\"https:\/\/electrisium.com\/wp-content\/uploads\/2025\/04\/Sistem-de-bare-capsulate-IMPACT-2.png\" width=\"966\" height=\"966\" src=\"https:\/\/electrisium.com\/wp-content\/uploads\/2025\/04\/Sistem-de-bare-capsulate-IMPACT-2.png\" class=\"vc_single_image-img attachment-large\" alt=\"\" title=\"Sistem de bare capsulate IMPACT 2\" srcset=\"https:\/\/electrisium.com\/wp-content\/uploads\/2025\/04\/Sistem-de-bare-capsulate-IMPACT-2.png 966w, https:\/\/electrisium.com\/wp-content\/uploads\/2025\/04\/Sistem-de-bare-capsulate-IMPACT-2-640x640.png 640w, https:\/\/electrisium.com\/wp-content\/uploads\/2025\/04\/Sistem-de-bare-capsulate-IMPACT-2-160x160.png 160w, https:\/\/electrisium.com\/wp-content\/uploads\/2025\/04\/Sistem-de-bare-capsulate-IMPACT-2-12x12.png 12w, https:\/\/electrisium.com\/wp-content\/uploads\/2025\/04\/Sistem-de-bare-capsulate-IMPACT-2-500x500.png 500w, https:\/\/electrisium.com\/wp-content\/uploads\/2025\/04\/Sistem-de-bare-capsulate-IMPACT-2-800x800.png 800w\" sizes=\"auto, (max-width: 966px) 100vw, 966px\"  data-dt-location=\"https:\/\/electrisium.com\/en\/sistem-de-bare-capsulate-impact-2\/\" \/><\/div>\n\t\t<\/figure>\n\t<\/div>\n\n\t<div  class=\"wpb_single_image wpb_content_element vc_align_center\">\n\t\t\n\t\t<figure class=\"wpb_wrapper vc_figure\">\n\t\t\t<div class=\"vc_single_image-wrapper   vc_box_border_grey\"><img loading=\"lazy\" decoding=\"async\" data-vc-zoom=\"https:\/\/electrisium.com\/wp-content\/uploads\/2025\/04\/Bare-capsulate-prefabricate-IMPACT-2.png\" width=\"966\" height=\"966\" src=\"https:\/\/electrisium.com\/wp-content\/uploads\/2025\/04\/Bare-capsulate-prefabricate-IMPACT-2.png\" class=\"vc_single_image-img attachment-large\" alt=\"\" title=\"Bare capsulate prefabricate IMPACT 2\" srcset=\"https:\/\/electrisium.com\/wp-content\/uploads\/2025\/04\/Bare-capsulate-prefabricate-IMPACT-2.png 966w, https:\/\/electrisium.com\/wp-content\/uploads\/2025\/04\/Bare-capsulate-prefabricate-IMPACT-2-640x640.png 640w, https:\/\/electrisium.com\/wp-content\/uploads\/2025\/04\/Bare-capsulate-prefabricate-IMPACT-2-160x160.png 160w, https:\/\/electrisium.com\/wp-content\/uploads\/2025\/04\/Bare-capsulate-prefabricate-IMPACT-2-12x12.png 12w, https:\/\/electrisium.com\/wp-content\/uploads\/2025\/04\/Bare-capsulate-prefabricate-IMPACT-2-500x500.png 500w, https:\/\/electrisium.com\/wp-content\/uploads\/2025\/04\/Bare-capsulate-prefabricate-IMPACT-2-800x800.png 800w\" sizes=\"auto, (max-width: 966px) 100vw, 966px\"  data-dt-location=\"https:\/\/electrisium.com\/en\/bare-capsulate-prefabricate-impact-2\/\" \/><\/div>\n\t\t<\/figure>\n\t<\/div>\n<\/div><\/div><\/div><div class=\"wpb_column vc_column_container vc_col-sm-9\"><div class=\"vc_column-inner\"><div class=\"wpb_wrapper\">\n\t<div class=\"wpb_text_column wpb_content_element\" >\n\t\t<div class=\"wpb_wrapper\">\n\t\t\t<p>The IMPACT2 busbar trunking system is used for high power transport and distribution and is especially suitable in the electrical switching rooms both as a transformer-switchboard or switchboard-switchboard connection and as the main power distribution system for the industrial, commercial and service buildings.<\/p>\n<p>The IMPACT2 busbar trunkings system is available for nominal current ratings from 400A to 5000A with aluminum busbars and in nominal current ratings from 630A to 6300A with copper busbars. The nominal current ratings are related to the operation at a maximum ambient temperature of +40\u00b0C for aluminum busbars, respectively at a maximum ambient temperature of +50\u00b0C for copper busbars. On request, are available versions for higher current ratings and for higher ambient temperature.<\/p>\n<p>The standard product is offered in the 3P+N+PE version with the neutral and the phase having the same cross-section and the earthing cross-section more than 100% of the phase cross-section. Also available are the 3P+N+Fe\/2+Pe version with a dedicated earth conductor having the cross-section equal to 50% of the phase cross-section, the 3P+N+Fe+Pe version with a dedicated earth conductor having the cross-section equal to 100% of the phase cross-section and the 3P+2N+Pe version with the neutral having the cross-section equal to 200% of the phase cross-section.<\/p>\n<p>The IMPACT2 busbar trunking systems are made with sandwich compact technology, the busbars are compacted without any space inside the casing and are fully insulated using a halogen free polyester sheath with a thermal class 150\u00b0C or 155\u00b0C. This technology guarantees the products high performance in relation to voltage drop values even in high current. The aluminum busbars are tinplated along the whole length, while the copper busbars can be tinplated or silverplated on request.<\/p>\n<p>The standard painting of the casing is in light grey color RAL 7035. The standard protection degree is IP55, while, on request, IP66 can be provided only for busbar trunking systems without tap-off units, used only for the electrical power transport. For outdoor installations an extra protection is used.<\/p>\n\n\t\t<\/div>\n\t<\/div>\n<div class=\"vc_row wpb_row vc_inner vc_row-fluid\"><div class=\"wpb_column vc_column_container vc_col-sm-6\"><div class=\"vc_column-inner\"><div class=\"wpb_wrapper\"><style>.vc_btn3-style-gradient-custom.vc_btn-gradient-btn-69d04be98c2c7:hover{color: #ffffff;background-color: #5d6058;border: none;background-position: 100% 0;}<\/style><style>.vc_btn3-style-gradient-custom.vc_btn-gradient-btn-69d04be98c2c7{color: #ffffff;border: none;background-color: #008b29;background-image: -webkit-linear-gradient(left, #008b29 0%, #5d6058 50%,#008b29 100%);background-image: linear-gradient(to right, #008b29 0%, #5d6058 50%,#008b29 100%);-webkit-transition: all .2s ease-in-out;transition: all .2s ease-in-out;background-size: 200% 100%;}<\/style><div class=\"vc_btn3-container vc_btn3-inline\" ><a data-vc-gradient-1=\"#008b29\" data-vc-gradient-2=\"#5d6058\" class=\"vc_general vc_btn3 vc_btn3-size-md vc_btn3-shape-rounded vc_btn3-style-gradient-custom vc_btn-gradient-btn-69d04be98c2c7\" href=\"https:\/\/electrisium.com\/wp-content\/uploads\/2025\/04\/Megabarre_IMPACT2-ITA-ENG_04_22.pdf\" title=\"\" target=\"_blank\">Download the catalog<\/a><\/div><\/div><\/div><\/div><div class=\"wpb_column vc_column_container vc_col-sm-6\"><div class=\"vc_column-inner\"><div class=\"wpb_wrapper\"><\/div><\/div><\/div><\/div><\/div><\/div><\/div><\/div>","protected":false},"excerpt":{"rendered":"<p>Sistem de bare capsulate MISTRAL Sistemul de bare capsulate prefabricate MISTRAL este utilizat pentru iluminat \u0219i distribu\u021bie de mic\u0103 putere \u00een cl\u0103diri industriale, comerciale \u0219i utilitare. Curen\u021bii nominali ai acestui sistem de bare capsulate sunt 25A sau 40A. Barele colectoare sunt fabricate din cupru electrolitic, \u00een timp ce pe toat\u0103 lungimea lor sunt complet izolate&hellip;<\/p>","protected":false},"author":2,"featured_media":0,"parent":49,"menu_order":0,"comment_status":"closed","ping_status":"closed","template":"","meta":{"footnotes":""},"class_list":["post-1956","page","type-page","status-publish","hentry","description-off"],"_links":{"self":[{"href":"https:\/\/electrisium.com\/en\/wp-json\/wp\/v2\/pages\/1956","targetHints":{"allow":["GET"]}}],"collection":[{"href":"https:\/\/electrisium.com\/en\/wp-json\/wp\/v2\/pages"}],"about":[{"href":"https:\/\/electrisium.com\/en\/wp-json\/wp\/v2\/types\/page"}],"author":[{"embeddable":true,"href":"https:\/\/electrisium.com\/en\/wp-json\/wp\/v2\/users\/2"}],"replies":[{"embeddable":true,"href":"https:\/\/electrisium.com\/en\/wp-json\/wp\/v2\/comments?post=1956"}],"version-history":[{"count":5,"href":"https:\/\/electrisium.com\/en\/wp-json\/wp\/v2\/pages\/1956\/revisions"}],"predecessor-version":[{"id":1964,"href":"https:\/\/electrisium.com\/en\/wp-json\/wp\/v2\/pages\/1956\/revisions\/1964"}],"up":[{"embeddable":true,"href":"https:\/\/electrisium.com\/en\/wp-json\/wp\/v2\/pages\/49"}],"wp:attachment":[{"href":"https:\/\/electrisium.com\/en\/wp-json\/wp\/v2\/media?parent=1956"}],"curies":[{"name":"wp","href":"https:\/\/api.w.org\/{rel}","templated":true}]}}