{"id":1908,"date":"2025-04-24T19:34:56","date_gmt":"2025-04-24T16:34:56","guid":{"rendered":"https:\/\/electrisium.com\/?page_id=1908"},"modified":"2025-04-26T22:17:21","modified_gmt":"2025-04-26T19:17:21","slug":"megabarre-europe","status":"publish","type":"page","link":"https:\/\/electrisium.com\/en\/partners-and-suppliers\/megabarre-europe\/","title":{"rendered":"Megabarre Europe"},"content":{"rendered":"<div class=\"vc_row wpb_row vc_row-fluid\"><div class=\"wpb_column vc_column_container vc_col-sm-3\"><div class=\"vc_column-inner\"><div class=\"wpb_wrapper\">\n\t<div  class=\"wpb_single_image wpb_content_element vc_align_center\">\n\t\t\n\t\t<figure class=\"wpb_wrapper vc_figure\">\n\t\t\t<div class=\"vc_single_image-wrapper   vc_box_border_grey\"><img loading=\"lazy\" decoding=\"async\" width=\"1260\" height=\"175\" src=\"https:\/\/electrisium.com\/wp-content\/uploads\/2025\/04\/Megabarre-Europe.png\" class=\"vc_single_image-img attachment-full\" alt=\"\" title=\"Megabarre Europe\" srcset=\"https:\/\/electrisium.com\/wp-content\/uploads\/2025\/04\/Megabarre-Europe.png 1260w, https:\/\/electrisium.com\/wp-content\/uploads\/2025\/04\/Megabarre-Europe-640x89.png 640w, https:\/\/electrisium.com\/wp-content\/uploads\/2025\/04\/Megabarre-Europe-1024x142.png 1024w, https:\/\/electrisium.com\/wp-content\/uploads\/2025\/04\/Megabarre-Europe-18x3.png 18w, https:\/\/electrisium.com\/wp-content\/uploads\/2025\/04\/Megabarre-Europe-500x69.png 500w, https:\/\/electrisium.com\/wp-content\/uploads\/2025\/04\/Megabarre-Europe-800x111.png 800w\" sizes=\"auto, (max-width: 1260px) 100vw, 1260px\"  data-dt-location=\"https:\/\/electrisium.com\/en\/megabarre-europe\/\" \/><\/div>\n\t\t<\/figure>\n\t<\/div>\n<style>.vc_btn3-style-gradient-custom.vc_btn-gradient-btn-69d29bd378af7:hover{color: #ffffff;background-color: #5d6058;border: none;background-position: 100% 0;}<\/style><style>.vc_btn3-style-gradient-custom.vc_btn-gradient-btn-69d29bd378af7{color: #ffffff;border: none;background-color: #008b29;background-image: -webkit-linear-gradient(left, #008b29 0%, #5d6058 50%,#008b29 100%);background-image: linear-gradient(to right, #008b29 0%, #5d6058 50%,#008b29 100%);-webkit-transition: all .2s ease-in-out;transition: all .2s ease-in-out;background-size: 200% 100%;}<\/style><div class=\"vc_btn3-container vc_btn3-center\" ><a data-vc-gradient-1=\"#008b29\" data-vc-gradient-2=\"#5d6058\" class=\"vc_general vc_btn3 vc_btn3-size-md vc_btn3-shape-rounded vc_btn3-style-gradient-custom vc_btn3-block vc_btn-gradient-btn-69d29bd378af7\" href=\"http:\/\/www.megabarre.com\/default.asp?Lang=EN\" title=\"\" target=\"_blank\">Visit the company's official website<\/a><\/div><\/div><\/div><\/div><div class=\"wpb_column vc_column_container vc_col-sm-9\"><div class=\"vc_column-inner\"><div class=\"wpb_wrapper\">\n\t<div class=\"wpb_text_column wpb_content_element\" >\n\t\t<div class=\"wpb_wrapper\">\n\t\t\t<p><strong>Megabarre Europe<\/strong> was established in 2011, when the company BBI Electric S.p.A., an important Italian company known for its significant experience and vast knowledge in the manufacturing of the busbar trunking systems, was acquired by Megabarre Group with headquarter in Brazil, a key international player in the field of electrical distribution systems.<\/p>\n<p>Nowadays, Megabarre Group is a multinational enterprise characterized by a high automation and standardization of the productive processes in all its factories. These aspects grant it a substantial production capacity, for a corresponding answer to the market requests. In addition, all of its products are certified and have the highest quality to ensure the utmost confidence of the market and provide maximal benefits to customers worldwide.<\/p>\n<p>Megabarre Group has its manufacturing plants in Italy, Brazil and Chile as well as a branch office in China, which allows for the prompt processing of any kind of orders all over the world. Its products are exported in over 50 countries through a wide and strong network of business partners.<\/p>\n<p>Since 2012, Megabarre Europe is continuously committed to developing new commercial areas and innovate their products, providing a flexible and customized service to every customer. Commercial development has been continuous and now Megabarre Europe with its factory in Brescia, Italy, has become one of the major manufacturers of busbar trunking systems.<\/p>\n\n\t\t<\/div>\n\t<\/div>\n<\/div><\/div><\/div><\/div><div class=\"vc_row wpb_row vc_row-fluid\"><div class=\"wpb_column vc_column_container vc_col-sm-12\"><div class=\"vc_column-inner\"><div class=\"wpb_wrapper\"><div class=\"vc_separator wpb_content_element vc_separator_align_center vc_sep_width_100 vc_sep_border_width_3 vc_sep_pos_align_center vc_separator-has-text\" ><span class=\"vc_sep_holder vc_sep_holder_l\"><span  style=\"border-color:#008b29;\" class=\"vc_sep_line\"><\/span><\/span><h4>Explore the company's products and solutions<\/h4><span class=\"vc_sep_holder vc_sep_holder_r\"><span  style=\"border-color:#008b29;\" class=\"vc_sep_line\"><\/span><\/span>\n<\/div><\/div><\/div><\/div><\/div><div class=\"vc_row wpb_row vc_row-fluid\"><div class=\"wpb_column vc_column_container vc_col-sm-3\"><div class=\"vc_column-inner vc_custom_1682170954535\"><div class=\"wpb_wrapper\"><style type=\"text\/css\" data-type=\"the7_shortcodes-inline-css\">.shortcode-single-image-wrap.shortcode-single-image-3af1de8df8d0923c78612edbbc4a1e78.enable-bg-rollover .rollover i,\n.shortcode-single-image-wrap.shortcode-single-image-3af1de8df8d0923c78612edbbc4a1e78.enable-bg-rollover .rollover-video i {\n  background: -webkit-linear-gradient();\n  background: linear-gradient();\n}\n.shortcode-single-image-wrap.shortcode-single-image-3af1de8df8d0923c78612edbbc4a1e78 .rollover-icon {\n  font-size: 32px;\n  color: #ffffff;\n  min-width: 44px;\n  min-height: 44px;\n  line-height: 44px;\n  border-radius: 100px;\n  border-style: solid;\n  border-width: 0px;\n}\n.dt-icon-bg-on.shortcode-single-image-wrap.shortcode-single-image-3af1de8df8d0923c78612edbbc4a1e78 .rollover-icon {\n  background: rgba(255,255,255,0.3);\n  box-shadow: none;\n}\n<\/style><div class=\"shortcode-single-image-wrap shortcode-single-image-3af1de8df8d0923c78612edbbc4a1e78 alignnone caption-on  enable-bg-rollover dt-icon-bg-off\" style=\"margin-top:0px; margin-bottom:0px; margin-left:0px; margin-right:0px; width:250px;\"><div class=\"shortcode-single-image\"><div class=\"fancy-media-wrap\" style=\"\"><a href=\"https:\/\/electrisium.com\/en\/products-and-solutions\/busbar-trunking-systems\/\" class=\"layzr-bg rollover\" style=\"\" aria-label=\"Image\"><img loading=\"lazy\" decoding=\"async\" class=\"preload-me lazy-load\" src=\"data:image\/svg+xml,%3Csvg%20xmlns%3D&#39;http%3A%2F%2Fwww.w3.org%2F2000%2Fsvg&#39;%20viewBox%3D&#39;0%200%20250%20250&#39;%2F%3E\" data-src=\"https:\/\/electrisium.com\/wp-content\/uploads\/2025\/04\/Bare-capsulate-prefabricate-250x250.png\" data-srcset=\"https:\/\/electrisium.com\/wp-content\/uploads\/2025\/04\/Bare-capsulate-prefabricate-250x250.png 250w, https:\/\/electrisium.com\/wp-content\/uploads\/2025\/04\/Bare-capsulate-prefabricate-500x500.png 500w\" width=\"250\" height=\"250\"  data-dt-location=\"https:\/\/electrisium.com\/en\/bare-capsulate-prefabricate\/\" alt=\"\" \/><\/a><\/div><\/div><div class=\"shortcode-single-caption\">Busbar trunking systems<\/div><\/div><\/div><\/div><\/div><div class=\"wpb_column vc_column_container vc_col-sm-3\"><div class=\"vc_column-inner\"><div class=\"wpb_wrapper\"><\/div><\/div><\/div><div class=\"wpb_column vc_column_container vc_col-sm-3\"><div class=\"vc_column-inner\"><div class=\"wpb_wrapper\"><\/div><\/div><\/div><div class=\"wpb_column vc_column_container vc_col-sm-3\"><div class=\"vc_column-inner\"><div class=\"wpb_wrapper\"><\/div><\/div><\/div><\/div><div class=\"vc_row wpb_row vc_row-fluid\"><div class=\"wpb_column vc_column_container vc_col-sm-3\"><div class=\"vc_column-inner\"><div class=\"wpb_wrapper\"><\/div><\/div><\/div><div class=\"wpb_column vc_column_container vc_col-sm-3\"><div class=\"vc_column-inner\"><div class=\"wpb_wrapper\"><\/div><\/div><\/div><div class=\"wpb_column vc_column_container vc_col-sm-3\"><div class=\"vc_column-inner\"><div class=\"wpb_wrapper\"><\/div><\/div><\/div><div class=\"wpb_column vc_column_container vc_col-sm-3\"><div class=\"vc_column-inner\"><div class=\"wpb_wrapper\"><\/div><\/div><\/div><\/div>","protected":false},"excerpt":{"rendered":"<p>Vizita\u021bi website-ul oficial al companiei Megabarre Europe a fost \u00eenfiin\u021bat\u0103 \u00een 2011, atunci c\u00e2nd compania BBI Electric S.p.A., o important\u0103 companie italian\u0103 cunoscut\u0103 pentru experien\u021ba semnificativ\u0103 \u0219i cuno\u0219tin\u021bele vaste \u00een fabricarea sistemelor de bare capsulate prefabricate, a fost achizi\u021bionat\u0103 de c\u0103tre Megabarre Group cu sediul \u00een Brazilia, un juc\u0103tor interna\u021bional cheie \u00een domeniul sistemelor de&hellip;<\/p>","protected":false},"author":2,"featured_media":0,"parent":51,"menu_order":0,"comment_status":"closed","ping_status":"closed","template":"","meta":{"footnotes":""},"class_list":["post-1908","page","type-page","status-publish","hentry","description-off"],"_links":{"self":[{"href":"https:\/\/electrisium.com\/en\/wp-json\/wp\/v2\/pages\/1908","targetHints":{"allow":["GET"]}}],"collection":[{"href":"https:\/\/electrisium.com\/en\/wp-json\/wp\/v2\/pages"}],"about":[{"href":"https:\/\/electrisium.com\/en\/wp-json\/wp\/v2\/types\/page"}],"author":[{"embeddable":true,"href":"https:\/\/electrisium.com\/en\/wp-json\/wp\/v2\/users\/2"}],"replies":[{"embeddable":true,"href":"https:\/\/electrisium.com\/en\/wp-json\/wp\/v2\/comments?post=1908"}],"version-history":[{"count":7,"href":"https:\/\/electrisium.com\/en\/wp-json\/wp\/v2\/pages\/1908\/revisions"}],"predecessor-version":[{"id":1960,"href":"https:\/\/electrisium.com\/en\/wp-json\/wp\/v2\/pages\/1908\/revisions\/1960"}],"up":[{"embeddable":true,"href":"https:\/\/electrisium.com\/en\/wp-json\/wp\/v2\/pages\/51"}],"wp:attachment":[{"href":"https:\/\/electrisium.com\/en\/wp-json\/wp\/v2\/media?parent=1908"}],"curies":[{"name":"wp","href":"https:\/\/api.w.org\/{rel}","templated":true}]}}