{"id":1796,"date":"2025-04-06T21:48:48","date_gmt":"2025-04-06T18:48:48","guid":{"rendered":"https:\/\/electrisium.com\/?page_id=1796"},"modified":"2025-04-10T22:12:21","modified_gmt":"2025-04-10T19:12:21","slug":"relee-termice","status":"publish","type":"page","link":"https:\/\/electrisium.com\/en\/products-and-solutions\/thermal-relays\/","title":{"rendered":"Thermal relays"},"content":{"rendered":"<div class=\"vc_row wpb_row vc_row-fluid\"><div class=\"wpb_column vc_column_container vc_col-sm-12\"><div class=\"vc_column-inner\"><div class=\"wpb_wrapper\"><div class=\"vc_separator wpb_content_element vc_separator_align_center vc_sep_width_100 vc_sep_border_width_3 vc_sep_pos_align_center vc_separator-has-text\" ><span class=\"vc_sep_holder vc_sep_holder_l\"><span  style=\"border-color:#008b29;\" class=\"vc_sep_line\"><\/span><\/span><h4>Thermal switches<\/h4><span class=\"vc_sep_holder vc_sep_holder_r\"><span  style=\"border-color:#008b29;\" class=\"vc_sep_line\"><\/span><\/span>\n<\/div><\/div><\/div><\/div><\/div><div class=\"vc_row wpb_row vc_row-fluid\"><div class=\"wpb_column vc_column_container vc_col-sm-3\"><div class=\"vc_column-inner\"><div class=\"wpb_wrapper\">\n\t<div  class=\"wpb_single_image wpb_content_element vc_align_center\">\n\t\t\n\t\t<figure class=\"wpb_wrapper vc_figure\">\n\t\t\t<div class=\"vc_single_image-wrapper   vc_box_border_grey\"><img loading=\"lazy\" decoding=\"async\" data-vc-zoom=\"https:\/\/electrisium.com\/wp-content\/uploads\/2025\/04\/Thermal-switches.png\" width=\"966\" height=\"966\" src=\"https:\/\/electrisium.com\/wp-content\/uploads\/2025\/04\/Thermal-switches.png\" class=\"vc_single_image-img attachment-large\" alt=\"\" title=\"Thermal switches\" srcset=\"https:\/\/electrisium.com\/wp-content\/uploads\/2025\/04\/Thermal-switches.png 966w, https:\/\/electrisium.com\/wp-content\/uploads\/2025\/04\/Thermal-switches-640x640.png 640w, https:\/\/electrisium.com\/wp-content\/uploads\/2025\/04\/Thermal-switches-160x160.png 160w, https:\/\/electrisium.com\/wp-content\/uploads\/2025\/04\/Thermal-switches-12x12.png 12w, https:\/\/electrisium.com\/wp-content\/uploads\/2025\/04\/Thermal-switches-500x500.png 500w, https:\/\/electrisium.com\/wp-content\/uploads\/2025\/04\/Thermal-switches-800x800.png 800w\" sizes=\"auto, (max-width: 966px) 100vw, 966px\"  data-dt-location=\"https:\/\/electrisium.com\/en\/thermal-switches\/\" \/><\/div>\n\t\t<\/figure>\n\t<\/div>\n\n\t<div  class=\"wpb_single_image wpb_content_element vc_align_center\">\n\t\t\n\t\t<figure class=\"wpb_wrapper vc_figure\">\n\t\t\t<div class=\"vc_single_image-wrapper   vc_box_border_grey\"><img loading=\"lazy\" decoding=\"async\" data-vc-zoom=\"https:\/\/electrisium.com\/wp-content\/uploads\/2025\/04\/Comutatoare-termice-1.png\" width=\"966\" height=\"966\" src=\"https:\/\/electrisium.com\/wp-content\/uploads\/2025\/04\/Comutatoare-termice-1.png\" class=\"vc_single_image-img attachment-large\" alt=\"\" title=\"Thermal switches\" srcset=\"https:\/\/electrisium.com\/wp-content\/uploads\/2025\/04\/Comutatoare-termice-1.png 966w, https:\/\/electrisium.com\/wp-content\/uploads\/2025\/04\/Comutatoare-termice-1-640x640.png 640w, https:\/\/electrisium.com\/wp-content\/uploads\/2025\/04\/Comutatoare-termice-1-160x160.png 160w, https:\/\/electrisium.com\/wp-content\/uploads\/2025\/04\/Comutatoare-termice-1-12x12.png 12w, https:\/\/electrisium.com\/wp-content\/uploads\/2025\/04\/Comutatoare-termice-1-500x500.png 500w, https:\/\/electrisium.com\/wp-content\/uploads\/2025\/04\/Comutatoare-termice-1-800x800.png 800w\" sizes=\"auto, (max-width: 966px) 100vw, 966px\"  data-dt-location=\"https:\/\/electrisium.com\/en\/comutatoare-termice\/\" \/><\/div>\n\t\t<\/figure>\n\t<\/div>\n<\/div><\/div><\/div><div class=\"wpb_column vc_column_container vc_col-sm-9\"><div class=\"vc_column-inner\"><div class=\"wpb_wrapper\">\n\t<div class=\"wpb_text_column wpb_content_element\" >\n\t\t<div class=\"wpb_wrapper\">\n\t\t\t<p>Thermal switches are used for monitoring \/ controlling temperature without being connected to an electricity supply. Not only are they small and powerful up to 16 A, but they are also suitable for various range of uses and areas of application. Special models are also available on request for specific applications.<\/p>\n<p>By using a normally closed relay, the circuit is broken upon reaching a defined temperature threshold or temperature that is too low within a predefined temperature range.<\/p>\n<p>By using a normally open relay, the circuit is connected upon reaching a defined temperature threshold or temperature that is too low within a predefined temperature range.<\/p>\n<p>Thermal switch changeovers are used to switch the circuits upon reaching a temperature that is too high or too low within a predefined temperature range. This type of thermal switch can typically be found as a form of ventilation control in fan ovens.<\/p>\n<p>By using a thermal switch latcher, the circuit is broken upon reaching a defined temperature threshold or a temperature that is too low within a predefined temperature range. Thermal switch latchers prevent automatic resetting using a high-value resistance in parallel to the contact system. The circuit is closed only after disconnecting the voltage and a short cooling-off phase.<\/p>\n<p>Thermal switch limiters are used to open the circuit upon reaching a defined temperature threshold or temperature that is too low within a predetermined temperature range. They are not subject to automatic resetting because they are ready to be used again only following a manual resetting.<\/p>\n<p>Thermal two-pole switch limiter type C2B is an innovative 2-point temperature controller switch with a long service life. It opens and closes its two bimetal-based contact systems synchronously as the temperature rises at the preset setpoint. After the thermal switch has cooled down, its contact systems can be manually reset to the original state. This thermal switch can be used perfectly for any application that requires a two-pole switch-off, making the variety of its applications nearly unlimited.<\/p>\n\n\t\t<\/div>\n\t<\/div>\n<div class=\"vc_row wpb_row vc_inner vc_row-fluid\"><div class=\"wpb_column vc_column_container vc_col-sm-6\"><div class=\"vc_column-inner\"><div class=\"wpb_wrapper\"><style>.vc_btn3-style-gradient-custom.vc_btn-gradient-btn-69ed99545dd53:hover{color: #ffffff;background-color: #5d6058;border: none;background-position: 100% 0;}<\/style><style>.vc_btn3-style-gradient-custom.vc_btn-gradient-btn-69ed99545dd53{color: #ffffff;border: none;background-color: #008b29;background-image: -webkit-linear-gradient(left, #008b29 0%, #5d6058 50%,#008b29 100%);background-image: linear-gradient(to right, #008b29 0%, #5d6058 50%,#008b29 100%);-webkit-transition: all .2s ease-in-out;transition: all .2s ease-in-out;background-size: 200% 100%;}<\/style><div class=\"vc_btn3-container vc_btn3-inline\" ><a data-vc-gradient-1=\"#008b29\" data-vc-gradient-2=\"#5d6058\" class=\"vc_general vc_btn3 vc_btn3-size-md vc_btn3-shape-rounded vc_btn3-style-gradient-custom vc_btn-gradient-btn-69ed99545dd53\" href=\"https:\/\/electrisium.com\/wp-content\/uploads\/2025\/04\/EAW-Thermal-Switches.pdf\" title=\"\" target=\"_blank\">Download the catalog<\/a><\/div><\/div><\/div><\/div><div class=\"wpb_column vc_column_container vc_col-sm-6\"><div class=\"vc_column-inner\"><div class=\"wpb_wrapper\"><\/div><\/div><\/div><\/div><\/div><\/div><\/div><\/div><div class=\"vc_row wpb_row vc_row-fluid\"><div class=\"wpb_column vc_column_container vc_col-sm-12\"><div class=\"vc_column-inner\"><div class=\"wpb_wrapper\"><div class=\"vc_separator wpb_content_element vc_separator_align_center vc_sep_width_100 vc_sep_border_width_3 vc_sep_pos_align_center vc_separator-has-text\" ><span class=\"vc_sep_holder vc_sep_holder_l\"><span  style=\"border-color:#008b29;\" class=\"vc_sep_line\"><\/span><\/span><h4>Thermal sensors<\/h4><span class=\"vc_sep_holder vc_sep_holder_r\"><span  style=\"border-color:#008b29;\" class=\"vc_sep_line\"><\/span><\/span>\n<\/div><\/div><\/div><\/div><\/div><div class=\"vc_row wpb_row vc_row-fluid\"><div class=\"wpb_column vc_column_container vc_col-sm-3\"><div class=\"vc_column-inner\"><div class=\"wpb_wrapper\">\n\t<div  class=\"wpb_single_image wpb_content_element vc_align_center\">\n\t\t\n\t\t<figure class=\"wpb_wrapper vc_figure\">\n\t\t\t<div class=\"vc_single_image-wrapper   vc_box_border_grey\"><img loading=\"lazy\" decoding=\"async\" data-vc-zoom=\"https:\/\/electrisium.com\/wp-content\/uploads\/2025\/04\/Senzori-termici.png\" width=\"966\" height=\"966\" src=\"https:\/\/electrisium.com\/wp-content\/uploads\/2025\/04\/Senzori-termici.png\" class=\"vc_single_image-img attachment-large\" alt=\"\" title=\"Thermal sensors\" srcset=\"https:\/\/electrisium.com\/wp-content\/uploads\/2025\/04\/Senzori-termici.png 966w, https:\/\/electrisium.com\/wp-content\/uploads\/2025\/04\/Senzori-termici-640x640.png 640w, https:\/\/electrisium.com\/wp-content\/uploads\/2025\/04\/Senzori-termici-160x160.png 160w, https:\/\/electrisium.com\/wp-content\/uploads\/2025\/04\/Senzori-termici-12x12.png 12w, https:\/\/electrisium.com\/wp-content\/uploads\/2025\/04\/Senzori-termici-500x500.png 500w, https:\/\/electrisium.com\/wp-content\/uploads\/2025\/04\/Senzori-termici-800x800.png 800w\" sizes=\"auto, (max-width: 966px) 100vw, 966px\"  data-dt-location=\"https:\/\/electrisium.com\/en\/senzori-termici\/\" \/><\/div>\n\t\t<\/figure>\n\t<\/div>\n<\/div><\/div><\/div><div class=\"wpb_column vc_column_container vc_col-sm-9\"><div class=\"vc_column-inner\"><div class=\"wpb_wrapper\">\n\t<div class=\"wpb_text_column wpb_content_element\" >\n\t\t<div class=\"wpb_wrapper\">\n\t\t\t<p>Thermal sensors are crucial for the functionality and the service life of the appliances and systems in which they have been installed.<\/p>\n<p><a href=\"https:\/\/electrisium.com\/en\/partners-and-suppliers\/eaw-relaistechnik\/\"><span style=\"color: #008b29;\"><strong>EAW Relaistechnik<\/strong><\/span><\/a> offers the installation of NTC, PTC, KTY, PT100, PT500 and PT1000 temperature sensors in the \u00bd-inch housing corresponding to the thermal switches range. This solution allows the easy replacement of traditional bimetal thermostats with temperature sensors using NTC or PTC elements.<\/p>\n<p>PTC thermal sensors are made of materials that conduct electricity better at low temperatures than at high temperatures. Their electrical resistance increases as the temperature rises, which give them a positive temperature coefficient.<\/p>\n<p>PT thermal sensors (platinum resistors) are predominantly used for taking temperature measurements with maximum accuracy, as their resistance has a virtually linear correlation with a rise in temperature. PT sensors are protected from both chemical and mechanical influences on account of their platinum coating, subsequent embedding and, in some cases, even their adaptation to specific applications.<\/p>\n<p>NTC sensors are made from materials that conduct electricity better at high temperatures than at low temperatures. Their electrical resistance decreases as the temperature rises, which give them a negative temperature coefficient.<\/p>\n<p>KTY thermal sensors are rather limited in their accuracy because of their non-linear temperature resistant behavior, thus they must be calibrated with additional electronics for sufficient accuracy. As a result of this, the temperature range for KTY sensors is really quite modest. In contrast, the temperature coefficient of KTY sensors is around twice as high in comparison to PT100 as the effective signal is less vulnerable to disturbances from the environment. The greatest disadvantage of KTY sensors is their sensitivity to electrostatic discharges as the sensors can be slightly damaged by external voltage pulses.<\/p>\n<p>&nbsp;<\/p>\n\n\t\t<\/div>\n\t<\/div>\n<div class=\"vc_row wpb_row vc_inner vc_row-fluid\"><div class=\"wpb_column vc_column_container vc_col-sm-6\"><div class=\"vc_column-inner\"><div class=\"wpb_wrapper\"><style>.vc_btn3-style-gradient-custom.vc_btn-gradient-btn-69ed99545e88a:hover{color: #ffffff;background-color: #5d6058;border: none;background-position: 100% 0;}<\/style><style>.vc_btn3-style-gradient-custom.vc_btn-gradient-btn-69ed99545e88a{color: #ffffff;border: none;background-color: #008b29;background-image: -webkit-linear-gradient(left, #008b29 0%, #5d6058 50%,#008b29 100%);background-image: linear-gradient(to right, #008b29 0%, #5d6058 50%,#008b29 100%);-webkit-transition: all .2s ease-in-out;transition: all .2s ease-in-out;background-size: 200% 100%;}<\/style><div class=\"vc_btn3-container vc_btn3-inline\" ><a data-vc-gradient-1=\"#008b29\" data-vc-gradient-2=\"#5d6058\" class=\"vc_general vc_btn3 vc_btn3-size-md vc_btn3-shape-rounded vc_btn3-style-gradient-custom vc_btn-gradient-btn-69ed99545e88a\" href=\"https:\/\/electrisium.com\/wp-content\/uploads\/2025\/04\/EAW-thermal-sensors.pdf\" title=\"\" target=\"_blank\">Download the catalog<\/a><\/div><\/div><\/div><\/div><div class=\"wpb_column vc_column_container vc_col-sm-6\"><div class=\"vc_column-inner\"><div class=\"wpb_wrapper\"><\/div><\/div><\/div><\/div><\/div><\/div><\/div><\/div>","protected":false},"excerpt":{"rendered":"<p>Comutatoare termice Comutatoarele termice sunt folosite pentru monitorizarea\/controlul temperaturii f\u0103r\u0103 a fi conectate la o surs\u0103 de energie electric\u0103. Nu numai c\u0103 sunt mici \u0219i puternice p\u00e2n\u0103 la 16 A, dar sunt \u0219i potrivite pentru o gam\u0103 variat\u0103 de utiliz\u0103ri \u0219i domenii de aplicare. La cerere sunt disponibile \u0219i modele speciale pentru aplica\u021bii specifice. Prin&hellip;<\/p>","protected":false},"author":2,"featured_media":0,"parent":49,"menu_order":0,"comment_status":"closed","ping_status":"closed","template":"","meta":{"footnotes":""},"class_list":["post-1796","page","type-page","status-publish","hentry","description-off"],"_links":{"self":[{"href":"https:\/\/electrisium.com\/en\/wp-json\/wp\/v2\/pages\/1796","targetHints":{"allow":["GET"]}}],"collection":[{"href":"https:\/\/electrisium.com\/en\/wp-json\/wp\/v2\/pages"}],"about":[{"href":"https:\/\/electrisium.com\/en\/wp-json\/wp\/v2\/types\/page"}],"author":[{"embeddable":true,"href":"https:\/\/electrisium.com\/en\/wp-json\/wp\/v2\/users\/2"}],"replies":[{"embeddable":true,"href":"https:\/\/electrisium.com\/en\/wp-json\/wp\/v2\/comments?post=1796"}],"version-history":[{"count":6,"href":"https:\/\/electrisium.com\/en\/wp-json\/wp\/v2\/pages\/1796\/revisions"}],"predecessor-version":[{"id":1844,"href":"https:\/\/electrisium.com\/en\/wp-json\/wp\/v2\/pages\/1796\/revisions\/1844"}],"up":[{"embeddable":true,"href":"https:\/\/electrisium.com\/en\/wp-json\/wp\/v2\/pages\/49"}],"wp:attachment":[{"href":"https:\/\/electrisium.com\/en\/wp-json\/wp\/v2\/media?parent=1796"}],"curies":[{"name":"wp","href":"https:\/\/api.w.org\/{rel}","templated":true}]}}