{"id":1566,"date":"2024-03-20T12:41:35","date_gmt":"2024-03-20T10:41:35","guid":{"rendered":"https:\/\/electrisium.com\/?page_id=1566"},"modified":"2025-08-03T16:28:03","modified_gmt":"2025-08-03T13:28:03","slug":"sistem-de-bare-colectoare-cu-izolatie-solida","status":"publish","type":"page","link":"https:\/\/electrisium.com\/en\/products-and-solutions\/solid-insulated-busbar-system\/","title":{"rendered":"Solid insulated busbar system"},"content":{"rendered":"<div class=\"vc_row wpb_row vc_row-fluid\"><div class=\"wpb_column vc_column_container vc_col-sm-12\"><div class=\"vc_column-inner\"><div class=\"wpb_wrapper\"><div class=\"vc_separator wpb_content_element vc_separator_align_center vc_sep_width_100 vc_sep_border_width_3 vc_sep_pos_align_center vc_separator-has-text\" ><span class=\"vc_sep_holder vc_sep_holder_l\"><span  style=\"border-color:#008b29;\" class=\"vc_sep_line\"><\/span><\/span><h4>Solid insulated busbar system<\/h4><span class=\"vc_sep_holder vc_sep_holder_r\"><span  style=\"border-color:#008b29;\" class=\"vc_sep_line\"><\/span><\/span>\n<\/div><\/div><\/div><\/div><\/div><div class=\"vc_row wpb_row vc_row-fluid\"><div class=\"wpb_column vc_column_container vc_col-sm-12\"><div class=\"vc_column-inner\"><div class=\"wpb_wrapper\">\n\t<div class=\"wpb_text_column wpb_content_element\" >\n\t\t<div class=\"wpb_wrapper\">\n\t\t\t<p>The solid insulated busbar system (SIS) manufactured by <span style=\"color: #008b29;\"><a style=\"color: #008b29;\" href=\"https:\/\/electrisium.com\/en\/partners-and-suppliers\/ritz-instrument-transformers\/\">RITZ Instrument Transformers GmbH<\/a><\/span>, provides touch safe and reliable connections between medium voltage equipment, while being a cost-effective alternative to parallel-connected cable systems, metal enclosed bus ducts or cable bus systems.<\/p>\n\n\t\t<\/div>\n\t<\/div>\n<\/div><\/div><\/div><\/div><div class=\"vc_row wpb_row vc_row-fluid\"><div class=\"wpb_column vc_column_container vc_col-sm-6\"><div class=\"vc_column-inner\"><div class=\"wpb_wrapper\">\n\t<div  class=\"wpb_single_image wpb_content_element vc_align_center\">\n\t\t\n\t\t<figure class=\"wpb_wrapper vc_figure\">\n\t\t\t<div class=\"vc_single_image-wrapper   vc_box_border_grey\"><img loading=\"lazy\" decoding=\"async\" data-vc-zoom=\"https:\/\/electrisium.com\/wp-content\/uploads\/2025\/08\/SIS_Transformer_Connection.png\" width=\"640\" height=\"458\" src=\"https:\/\/electrisium.com\/wp-content\/uploads\/2025\/08\/SIS_Transformer_Connection-640x458.png\" class=\"vc_single_image-img attachment-medium\" alt=\"\" title=\"SIS_Transformer_Connection\" srcset=\"https:\/\/electrisium.com\/wp-content\/uploads\/2025\/08\/SIS_Transformer_Connection-640x458.png 640w, https:\/\/electrisium.com\/wp-content\/uploads\/2025\/08\/SIS_Transformer_Connection-18x12.png 18w, https:\/\/electrisium.com\/wp-content\/uploads\/2025\/08\/SIS_Transformer_Connection-500x358.png 500w, https:\/\/electrisium.com\/wp-content\/uploads\/2025\/08\/SIS_Transformer_Connection-800x572.png 800w, https:\/\/electrisium.com\/wp-content\/uploads\/2025\/08\/SIS_Transformer_Connection.png 966w\" sizes=\"auto, (max-width: 640px) 100vw, 640px\"  data-dt-location=\"https:\/\/electrisium.com\/en\/sis_transformer_connection\/\" \/><\/div>\n\t\t<\/figure>\n\t<\/div>\n<\/div><\/div><\/div><div class=\"wpb_column vc_column_container vc_col-sm-6\"><div class=\"vc_column-inner\"><div class=\"wpb_wrapper\">\n\t<div class=\"wpb_text_column wpb_content_element\" >\n\t\t<div class=\"wpb_wrapper\">\n\t\t\t<p>Because of its compact design, low space requirements and small bending radius, SIS is a suitable solution especially for the transmission of higher current or\/and in case of limited space.<\/p>\n<p>The solid insulated busbar system (SIS) is designed for indoor, outdoor or combined applications up to 40.5 kV and maximum 8000 A, for ambient temperature ranges from -60\u00b0C to +55\u00b0C.<\/p>\n\n\t\t<\/div>\n\t<\/div>\n<\/div><\/div><\/div><\/div><div class=\"vc_row wpb_row vc_row-fluid\"><div class=\"wpb_column vc_column_container vc_col-sm-6\"><div class=\"vc_column-inner\"><div class=\"wpb_wrapper\">\n\t<div  class=\"wpb_single_image wpb_content_element vc_align_center\">\n\t\t\n\t\t<figure class=\"wpb_wrapper vc_figure\">\n\t\t\t<div class=\"vc_single_image-wrapper   vc_box_border_grey\"><img loading=\"lazy\" decoding=\"async\" data-vc-zoom=\"https:\/\/electrisium.com\/wp-content\/uploads\/2025\/08\/SIS_outdoor_wall.png\" width=\"966\" height=\"536\" src=\"https:\/\/electrisium.com\/wp-content\/uploads\/2025\/08\/SIS_outdoor_wall.png\" class=\"vc_single_image-img attachment-full\" alt=\"\" title=\"SIS_outdoor_wall\" srcset=\"https:\/\/electrisium.com\/wp-content\/uploads\/2025\/08\/SIS_outdoor_wall.png 966w, https:\/\/electrisium.com\/wp-content\/uploads\/2025\/08\/SIS_outdoor_wall-640x355.png 640w, https:\/\/electrisium.com\/wp-content\/uploads\/2025\/08\/SIS_outdoor_wall-18x10.png 18w, https:\/\/electrisium.com\/wp-content\/uploads\/2025\/08\/SIS_outdoor_wall-500x277.png 500w, https:\/\/electrisium.com\/wp-content\/uploads\/2025\/08\/SIS_outdoor_wall-800x444.png 800w\" sizes=\"auto, (max-width: 966px) 100vw, 966px\"  data-dt-location=\"https:\/\/electrisium.com\/en\/sis_outdoor_wall\/\" \/><\/div>\n\t\t<\/figure>\n\t<\/div>\n<\/div><\/div><\/div><div class=\"wpb_column vc_column_container vc_col-sm-6\"><div class=\"vc_column-inner\"><div class=\"wpb_wrapper\">\n\t<div class=\"wpb_text_column wpb_content_element\" >\n\t\t<div class=\"wpb_wrapper\">\n\t\t\t<p>The busbars comprise of conductor material, aluminum or copper, composite insulation of epoxy resin impregnated paper with embedded capacitive grading layers and earthing layer, covered by an outer surface of shrinking sleeve for indoor or stainless-steel pipe for outdoor.<\/p>\n\n\t\t<\/div>\n\t<\/div>\n<\/div><\/div><\/div><\/div><div class=\"vc_row wpb_row vc_row-fluid\"><div class=\"wpb_column vc_column_container vc_col-sm-6\"><div class=\"vc_column-inner\"><div class=\"wpb_wrapper\">\n\t<div  class=\"wpb_single_image wpb_content_element vc_align_center\">\n\t\t\n\t\t<figure class=\"wpb_wrapper vc_figure\">\n\t\t\t<div class=\"vc_single_image-wrapper   vc_box_border_grey\"><img loading=\"lazy\" decoding=\"async\" data-vc-zoom=\"https:\/\/electrisium.com\/wp-content\/uploads\/2025\/08\/SIS_Fixing_System_Outdoor.png\" width=\"966\" height=\"868\" src=\"https:\/\/electrisium.com\/wp-content\/uploads\/2025\/08\/SIS_Fixing_System_Outdoor.png\" class=\"vc_single_image-img attachment-full\" alt=\"\" title=\"SIS_Fixing_System_Outdoor\" srcset=\"https:\/\/electrisium.com\/wp-content\/uploads\/2025\/08\/SIS_Fixing_System_Outdoor.png 966w, https:\/\/electrisium.com\/wp-content\/uploads\/2025\/08\/SIS_Fixing_System_Outdoor-640x575.png 640w, https:\/\/electrisium.com\/wp-content\/uploads\/2025\/08\/SIS_Fixing_System_Outdoor-13x12.png 13w, https:\/\/electrisium.com\/wp-content\/uploads\/2025\/08\/SIS_Fixing_System_Outdoor-500x449.png 500w, https:\/\/electrisium.com\/wp-content\/uploads\/2025\/08\/SIS_Fixing_System_Outdoor-800x719.png 800w\" sizes=\"auto, (max-width: 966px) 100vw, 966px\"  data-dt-location=\"https:\/\/electrisium.com\/en\/sis_fixing_system_outdoor\/\" \/><\/div>\n\t\t<\/figure>\n\t<\/div>\n<\/div><\/div><\/div><div class=\"wpb_column vc_column_container vc_col-sm-6\"><div class=\"vc_column-inner\"><div class=\"wpb_wrapper\">\n\t<div class=\"wpb_text_column wpb_content_element\" >\n\t\t<div class=\"wpb_wrapper\">\n\t\t\t<p>The length of the individual busbars is limited by the manufacturing process, transportation and installation conditions, thus, for complex installations the busbars have to be connected.<\/p>\n<p>The connection is performed with flexible connectors between the busbars to allow thermal expansion and to compensate for tolerances during installation. These joints are fully insulated by connection sleeves, which cover the busbar ends.<\/p>\n\n\t\t<\/div>\n\t<\/div>\n<\/div><\/div><\/div><\/div><div class=\"vc_row wpb_row vc_row-fluid\"><div class=\"wpb_column vc_column_container vc_col-sm-6\"><div class=\"vc_column-inner\"><div class=\"wpb_wrapper\">\n\t<div  class=\"wpb_single_image wpb_content_element vc_align_center\">\n\t\t\n\t\t<figure class=\"wpb_wrapper vc_figure\">\n\t\t\t<div class=\"vc_single_image-wrapper   vc_box_border_grey\"><img loading=\"lazy\" decoding=\"async\" data-vc-zoom=\"https:\/\/electrisium.com\/wp-content\/uploads\/2025\/08\/SIS_Fixing_System_Indoor.png\" width=\"822\" height=\"966\" src=\"https:\/\/electrisium.com\/wp-content\/uploads\/2025\/08\/SIS_Fixing_System_Indoor.png\" class=\"vc_single_image-img attachment-full\" alt=\"\" title=\"SIS_Fixing_System_Indoor\" srcset=\"https:\/\/electrisium.com\/wp-content\/uploads\/2025\/08\/SIS_Fixing_System_Indoor.png 822w, https:\/\/electrisium.com\/wp-content\/uploads\/2025\/08\/SIS_Fixing_System_Indoor-640x752.png 640w, https:\/\/electrisium.com\/wp-content\/uploads\/2025\/08\/SIS_Fixing_System_Indoor-10x12.png 10w, https:\/\/electrisium.com\/wp-content\/uploads\/2025\/08\/SIS_Fixing_System_Indoor-500x588.png 500w, https:\/\/electrisium.com\/wp-content\/uploads\/2025\/08\/SIS_Fixing_System_Indoor-800x940.png 800w\" sizes=\"auto, (max-width: 822px) 100vw, 822px\"  data-dt-location=\"https:\/\/electrisium.com\/en\/sis_fixing_system_indoor\/\" \/><\/div>\n\t\t<\/figure>\n\t<\/div>\n<\/div><\/div><\/div><div class=\"wpb_column vc_column_container vc_col-sm-6\"><div class=\"vc_column-inner\"><div class=\"wpb_wrapper\">\n\t<div class=\"wpb_text_column wpb_content_element\" >\n\t\t<div class=\"wpb_wrapper\">\n\t\t\t<p>For the SIS installation, a flexible mounting system is used for fixing the bus bars, so adjustments can easily be done at site. The fixing elements are adjustable with respect to each other and adjustable in all directions therefore allowing compensation for building tolerances.<\/p>\n<p>A separate earthing installation dimensioned in accordance with the required short circuit current has to be provided in parallel to the busbar system. Every single busbar, connection sleeve and metallic fixation material has to be connected to that earthing installation.<\/p>\n\n\t\t<\/div>\n\t<\/div>\n<\/div><\/div><\/div><\/div><div class=\"vc_row wpb_row vc_row-fluid\"><div class=\"wpb_column vc_column_container vc_col-sm-6\"><div class=\"vc_column-inner\"><div class=\"wpb_wrapper\">\n\t<div  class=\"wpb_single_image wpb_content_element vc_align_center\">\n\t\t\n\t\t<figure class=\"wpb_wrapper vc_figure\">\n\t\t\t<div class=\"vc_single_image-wrapper   vc_box_border_grey\"><img loading=\"lazy\" decoding=\"async\" data-vc-zoom=\"https:\/\/electrisium.com\/wp-content\/uploads\/2025\/08\/SIS_Switchgear_Connection.png\" width=\"966\" height=\"670\" src=\"https:\/\/electrisium.com\/wp-content\/uploads\/2025\/08\/SIS_Switchgear_Connection.png\" class=\"vc_single_image-img attachment-full\" alt=\"\" title=\"SIS_Switchgear_Connection\" srcset=\"https:\/\/electrisium.com\/wp-content\/uploads\/2025\/08\/SIS_Switchgear_Connection.png 966w, https:\/\/electrisium.com\/wp-content\/uploads\/2025\/08\/SIS_Switchgear_Connection-640x444.png 640w, https:\/\/electrisium.com\/wp-content\/uploads\/2025\/08\/SIS_Switchgear_Connection-18x12.png 18w, https:\/\/electrisium.com\/wp-content\/uploads\/2025\/08\/SIS_Switchgear_Connection-500x347.png 500w, https:\/\/electrisium.com\/wp-content\/uploads\/2025\/08\/SIS_Switchgear_Connection-800x555.png 800w\" sizes=\"auto, (max-width: 966px) 100vw, 966px\"  data-dt-location=\"https:\/\/electrisium.com\/en\/sis_switchgear_connection\/\" \/><\/div>\n\t\t<\/figure>\n\t<\/div>\n<\/div><\/div><\/div><div class=\"wpb_column vc_column_container vc_col-sm-6\"><div class=\"vc_column-inner\"><div class=\"wpb_wrapper\">\n\t<div class=\"wpb_text_column wpb_content_element\" >\n\t\t<div class=\"wpb_wrapper\">\n\t\t\t<p><span style=\"color: #008b29;\"><a style=\"color: #008b29;\" href=\"https:\/\/electrisium.com\/en\/partners-and-suppliers\/ritz-instrument-transformers\/\">RITZ Instrument Transformers GmbH<\/a><\/span> offers support for designing of the SIS according to the customers\u2019 requirements and guides customers from the conceptual planning stage through to the commissioning of the SIS connections.<\/p>\n\n\t\t<\/div>\n\t<\/div>\n<\/div><\/div><\/div><\/div><div class=\"vc_row wpb_row vc_row-fluid\"><div class=\"wpb_column vc_column_container vc_col-sm-12\"><div class=\"vc_column-inner\"><div class=\"wpb_wrapper\"><div class=\"vc_row wpb_row vc_inner vc_row-fluid\"><div class=\"wpb_column vc_column_container vc_col-sm-6\"><div class=\"vc_column-inner\"><div class=\"wpb_wrapper\"><style>.vc_btn3-style-gradient-custom.vc_btn-gradient-btn-69e5b045627e3:hover{color: #ffffff;background-color: #5d6058;border: none;background-position: 100% 0;}<\/style><style>.vc_btn3-style-gradient-custom.vc_btn-gradient-btn-69e5b045627e3{color: #ffffff;border: none;background-color: #008b29;background-image: -webkit-linear-gradient(left, #008b29 0%, #5d6058 50%,#008b29 100%);background-image: linear-gradient(to right, #008b29 0%, #5d6058 50%,#008b29 100%);-webkit-transition: all .2s ease-in-out;transition: all .2s ease-in-out;background-size: 200% 100%;}<\/style><div class=\"vc_btn3-container vc_btn3-inline\" ><a data-vc-gradient-1=\"#008b29\" data-vc-gradient-2=\"#5d6058\" class=\"vc_general vc_btn3 vc_btn3-size-md vc_btn3-shape-rounded vc_btn3-style-gradient-custom vc_btn-gradient-btn-69e5b045627e3\" href=\"https:\/\/electrisium.com\/wp-content\/uploads\/2025\/08\/RITZ_SIS_busbar_system.pdf\" title=\"\" target=\"_blank\">Download the catalog<\/a><\/div><\/div><\/div><\/div><div class=\"wpb_column vc_column_container vc_col-sm-6\"><div class=\"vc_column-inner\"><div class=\"wpb_wrapper\"><style>.vc_btn3-style-gradient-custom.vc_btn-gradient-btn-69e5b04562988:hover{color: #ffffff;background-color: #5d6058;border: none;background-position: 100% 0;}<\/style><style>.vc_btn3-style-gradient-custom.vc_btn-gradient-btn-69e5b04562988{color: #ffffff;border: none;background-color: #008b29;background-image: -webkit-linear-gradient(left, #008b29 0%, #5d6058 50%,#008b29 100%);background-image: linear-gradient(to right, #008b29 0%, #5d6058 50%,#008b29 100%);-webkit-transition: all .2s ease-in-out;transition: all .2s ease-in-out;background-size: 200% 100%;}<\/style><div class=\"vc_btn3-container vc_btn3-inline\" ><a data-vc-gradient-1=\"#008b29\" data-vc-gradient-2=\"#5d6058\" class=\"vc_general vc_btn3 vc_btn3-size-md vc_btn3-shape-rounded vc_btn3-style-gradient-custom vc_btn-gradient-btn-69e5b04562988\" href=\"https:\/\/electrisium.com\/en\/contact\/\" title=\"\">Contact us!<\/a><\/div><\/div><\/div><\/div><\/div><\/div><\/div><\/div><\/div>","protected":false},"excerpt":{"rendered":"<p>Sistem de bare colectoare cu izola\u021bie solid\u0103 Sistemul de bare colectoare cu izola\u021bie solid\u0103 (SIS) fabricat de c\u0103tre RITZ Instrument Transformers GmbH, ofer\u0103 conexiuni sigure la atingere \u0219i fiabile \u00eentre echipamentele de medie tensiune, fiind \u00een acela\u0219i timp o alternativ\u0103 rentabil\u0103 la sistemele de cablu conectate \u00een paralel, la distribu\u021bia \u00een bar\u0103 capsulat\u0103 \u00een carcas\u0103&hellip;<\/p>","protected":false},"author":2,"featured_media":0,"parent":49,"menu_order":0,"comment_status":"closed","ping_status":"closed","template":"","meta":{"footnotes":""},"class_list":["post-1566","page","type-page","status-publish","hentry","description-off"],"_links":{"self":[{"href":"https:\/\/electrisium.com\/en\/wp-json\/wp\/v2\/pages\/1566","targetHints":{"allow":["GET"]}}],"collection":[{"href":"https:\/\/electrisium.com\/en\/wp-json\/wp\/v2\/pages"}],"about":[{"href":"https:\/\/electrisium.com\/en\/wp-json\/wp\/v2\/types\/page"}],"author":[{"embeddable":true,"href":"https:\/\/electrisium.com\/en\/wp-json\/wp\/v2\/users\/2"}],"replies":[{"embeddable":true,"href":"https:\/\/electrisium.com\/en\/wp-json\/wp\/v2\/comments?post=1566"}],"version-history":[{"count":23,"href":"https:\/\/electrisium.com\/en\/wp-json\/wp\/v2\/pages\/1566\/revisions"}],"predecessor-version":[{"id":1990,"href":"https:\/\/electrisium.com\/en\/wp-json\/wp\/v2\/pages\/1566\/revisions\/1990"}],"up":[{"embeddable":true,"href":"https:\/\/electrisium.com\/en\/wp-json\/wp\/v2\/pages\/49"}],"wp:attachment":[{"href":"https:\/\/electrisium.com\/en\/wp-json\/wp\/v2\/media?parent=1566"}],"curies":[{"name":"wp","href":"https:\/\/api.w.org\/{rel}","templated":true}]}}