{"id":1545,"date":"2024-03-16T12:17:23","date_gmt":"2024-03-16T10:17:23","guid":{"rendered":"https:\/\/electrisium.com\/?page_id=1545"},"modified":"2025-08-03T20:16:13","modified_gmt":"2025-08-03T17:16:13","slug":"ritz-instrument-transformers","status":"publish","type":"page","link":"https:\/\/electrisium.com\/en\/partners-and-suppliers\/ritz-instrument-transformers\/","title":{"rendered":"Ritz Instrument Transformers"},"content":{"rendered":"<div class=\"vc_row wpb_row vc_row-fluid\"><div class=\"wpb_column vc_column_container vc_col-sm-3\"><div class=\"vc_column-inner\"><div class=\"wpb_wrapper\">\n\t<div  class=\"wpb_single_image wpb_content_element vc_align_center\">\n\t\t\n\t\t<figure class=\"wpb_wrapper vc_figure\">\n\t\t\t<div class=\"vc_single_image-wrapper   vc_box_border_grey\"><img loading=\"lazy\" decoding=\"async\" width=\"1496\" height=\"801\" src=\"https:\/\/electrisium.com\/wp-content\/uploads\/2024\/03\/Ritz_Logo.png\" class=\"vc_single_image-img attachment-full\" alt=\"\" title=\"Ritz Instrument Transformers\" srcset=\"https:\/\/electrisium.com\/wp-content\/uploads\/2024\/03\/Ritz_Logo.png 1496w, https:\/\/electrisium.com\/wp-content\/uploads\/2024\/03\/Ritz_Logo-640x343.png 640w, https:\/\/electrisium.com\/wp-content\/uploads\/2024\/03\/Ritz_Logo-1280x685.png 1280w, https:\/\/electrisium.com\/wp-content\/uploads\/2024\/03\/Ritz_Logo-1024x548.png 1024w, https:\/\/electrisium.com\/wp-content\/uploads\/2024\/03\/Ritz_Logo-18x10.png 18w, https:\/\/electrisium.com\/wp-content\/uploads\/2024\/03\/Ritz_Logo-500x268.png 500w, https:\/\/electrisium.com\/wp-content\/uploads\/2024\/03\/Ritz_Logo-800x428.png 800w\" sizes=\"auto, (max-width: 1496px) 100vw, 1496px\"  data-dt-location=\"https:\/\/electrisium.com\/en\/partners-and-suppliers\/attachment\/ritz_logo\/\" \/><\/div>\n\t\t<\/figure>\n\t<\/div>\n<style>.vc_btn3-style-gradient-custom.vc_btn-gradient-btn-69d2493785990:hover{color: #ffffff;background-color: #5d6058;border: none;background-position: 100% 0;}<\/style><style>.vc_btn3-style-gradient-custom.vc_btn-gradient-btn-69d2493785990{color: #ffffff;border: none;background-color: #008b29;background-image: -webkit-linear-gradient(left, #008b29 0%, #5d6058 50%,#008b29 100%);background-image: linear-gradient(to right, #008b29 0%, #5d6058 50%,#008b29 100%);-webkit-transition: all .2s ease-in-out;transition: all .2s ease-in-out;background-size: 200% 100%;}<\/style><div class=\"vc_btn3-container vc_btn3-center\" ><a data-vc-gradient-1=\"#008b29\" data-vc-gradient-2=\"#5d6058\" class=\"vc_general vc_btn3 vc_btn3-size-md vc_btn3-shape-rounded vc_btn3-style-gradient-custom vc_btn3-block vc_btn-gradient-btn-69d2493785990\" href=\"https:\/\/ritz-international.com\/language\/en\/\" title=\"\" target=\"_blank\">Visit the company's official website<\/a><\/div><\/div><\/div><\/div><div class=\"wpb_column vc_column_container vc_col-sm-9\"><div class=\"vc_column-inner\"><div class=\"wpb_wrapper\">\n\t<div class=\"wpb_text_column wpb_content_element\" >\n\t\t<div class=\"wpb_wrapper\">\n\t\t\t<p>Ritz Instrument Transformers GmbH is one of the world's leading specialists in the manufacture of instrument transformers, resin insulated busbar systems and cast resin products for special applications.<\/p>\n<p>Dating back to 1904, the company combines nowadays under the new name of \u201cRitz Instrument Transformers\u201d, the expertise of RITZ Messwandler Hamburg (RITZ), Messwandlerbau Bamberg (MWB), RITZ Messwandler Dresden (TuR and Duromer) and Wandler- und Transformatoren-Werk Wirges (WTW).<\/p>\n<p>Currently having the headquarters in Hamburg, Germany, the company has seven production facilities across Europe, China and the United States of America.<\/p>\n<p>Ritz Instrument Transformers has a large portfolio which also includes, in addition to the standard products, customized solutions manufactured according to the special requirements of the customers.<\/p>\n<p>Among its customers are many renowned companies from the field of energy supply from all corners of the globe.<\/p>\n\n\t\t<\/div>\n\t<\/div>\n<\/div><\/div><\/div><\/div><div class=\"vc_row wpb_row vc_row-fluid\"><div class=\"wpb_column vc_column_container vc_col-sm-12\"><div class=\"vc_column-inner\"><div class=\"wpb_wrapper\"><div class=\"vc_separator wpb_content_element vc_separator_align_center vc_sep_width_100 vc_sep_border_width_3 vc_sep_pos_align_center vc_separator-has-text\" ><span class=\"vc_sep_holder vc_sep_holder_l\"><span  style=\"border-color:#008b29;\" class=\"vc_sep_line\"><\/span><\/span><h4>Explore the company's products and solutions<\/h4><span class=\"vc_sep_holder vc_sep_holder_r\"><span  style=\"border-color:#008b29;\" class=\"vc_sep_line\"><\/span><\/span>\n<\/div><\/div><\/div><\/div><\/div><div class=\"vc_row wpb_row vc_row-fluid\"><div class=\"wpb_column vc_column_container vc_col-sm-3\"><div class=\"vc_column-inner vc_custom_1682170954535\"><div class=\"wpb_wrapper\"><style type=\"text\/css\" data-type=\"the7_shortcodes-inline-css\">.shortcode-single-image-wrap.shortcode-single-image-ad869b0a3173259b2f3bc33e9adad909.enable-bg-rollover .rollover i,\n.shortcode-single-image-wrap.shortcode-single-image-ad869b0a3173259b2f3bc33e9adad909.enable-bg-rollover .rollover-video i {\n  background: -webkit-linear-gradient();\n  background: linear-gradient();\n}\n.shortcode-single-image-wrap.shortcode-single-image-ad869b0a3173259b2f3bc33e9adad909 .rollover-icon {\n  font-size: 32px;\n  color: #ffffff;\n  min-width: 44px;\n  min-height: 44px;\n  line-height: 44px;\n  border-radius: 100px;\n  border-style: solid;\n  border-width: 0px;\n}\n.dt-icon-bg-on.shortcode-single-image-wrap.shortcode-single-image-ad869b0a3173259b2f3bc33e9adad909 .rollover-icon {\n  background: rgba(255,255,255,0.3);\n  box-shadow: none;\n}\n<\/style><div class=\"shortcode-single-image-wrap shortcode-single-image-ad869b0a3173259b2f3bc33e9adad909 alignnone caption-on  enable-bg-rollover dt-icon-bg-off\" style=\"margin-top:0px; margin-bottom:0px; margin-left:0px; margin-right:0px; width:250px;\"><div class=\"shortcode-single-image\"><div class=\"fancy-media-wrap\" style=\"\"><a href=\"https:\/\/electrisium.com\/en\/products-and-solutions\/instrument-transformers\/\" class=\"layzr-bg rollover\" style=\"\" aria-label=\"Image\"><img loading=\"lazy\" decoding=\"async\" class=\"preload-me lazy-load\" src=\"data:image\/svg+xml,%3Csvg%20xmlns%3D&#39;http%3A%2F%2Fwww.w3.org%2F2000%2Fsvg&#39;%20viewBox%3D&#39;0%200%20250%20250&#39;%2F%3E\" data-src=\"https:\/\/electrisium.com\/wp-content\/uploads\/2024\/03\/Transformatoare-de-masura-250x250.png\" data-srcset=\"https:\/\/electrisium.com\/wp-content\/uploads\/2024\/03\/Transformatoare-de-masura-250x250.png 250w, https:\/\/electrisium.com\/wp-content\/uploads\/2024\/03\/Transformatoare-de-masura-500x500.png 500w\" width=\"250\" height=\"250\"  data-dt-location=\"https:\/\/electrisium.com\/en\/transformatoare-de-masura-2\/\" alt=\"\" \/><\/a><\/div><\/div><div class=\"shortcode-single-caption\">Instrument transformers<\/div><\/div><\/div><\/div><\/div><div class=\"wpb_column vc_column_container vc_col-sm-3\"><div class=\"vc_column-inner\"><div class=\"wpb_wrapper\"><style type=\"text\/css\" data-type=\"the7_shortcodes-inline-css\">.shortcode-single-image-wrap.shortcode-single-image-36ce0362d2d0c7c58c2fa7314e6bc2af.enable-bg-rollover .rollover i,\n.shortcode-single-image-wrap.shortcode-single-image-36ce0362d2d0c7c58c2fa7314e6bc2af.enable-bg-rollover .rollover-video i {\n  background: -webkit-linear-gradient();\n  background: linear-gradient();\n}\n.shortcode-single-image-wrap.shortcode-single-image-36ce0362d2d0c7c58c2fa7314e6bc2af .rollover-icon {\n  font-size: 32px;\n  color: #ffffff;\n  min-width: 44px;\n  min-height: 44px;\n  line-height: 44px;\n  border-radius: 100px;\n  border-style: solid;\n  border-width: 0px;\n}\n.dt-icon-bg-on.shortcode-single-image-wrap.shortcode-single-image-36ce0362d2d0c7c58c2fa7314e6bc2af .rollover-icon {\n  background: rgba(255,255,255,0.3);\n  box-shadow: none;\n}\n<\/style><div class=\"shortcode-single-image-wrap shortcode-single-image-36ce0362d2d0c7c58c2fa7314e6bc2af alignnone caption-on  enable-bg-rollover dt-icon-bg-off\" style=\"margin-top:0px; margin-bottom:0px; margin-left:0px; margin-right:0px; width:250px;\"><div class=\"shortcode-single-image\"><div class=\"fancy-media-wrap\" style=\"\"><a href=\"https:\/\/electrisium.com\/en\/products-and-solutions\/current-sensors-and-voltage-sensors\/\" class=\"layzr-bg rollover\" style=\"\" aria-label=\"Image\"><img loading=\"lazy\" decoding=\"async\" class=\"preload-me lazy-load\" src=\"data:image\/svg+xml,%3Csvg%20xmlns%3D&#39;http%3A%2F%2Fwww.w3.org%2F2000%2Fsvg&#39;%20viewBox%3D&#39;0%200%20250%20250&#39;%2F%3E\" data-src=\"https:\/\/electrisium.com\/wp-content\/uploads\/2025\/04\/Senzori-de-curent-si-senzori-de-tensiune-250x250.png\" data-srcset=\"https:\/\/electrisium.com\/wp-content\/uploads\/2025\/04\/Senzori-de-curent-si-senzori-de-tensiune-250x250.png 250w, https:\/\/electrisium.com\/wp-content\/uploads\/2025\/04\/Senzori-de-curent-si-senzori-de-tensiune-500x500.png 500w\" width=\"250\" height=\"250\"  data-dt-location=\"https:\/\/electrisium.com\/en\/senzori-de-curent-si-senzori-de-tensiune\/\" alt=\"\" \/><\/a><\/div><\/div><div class=\"shortcode-single-caption\">Current sensors and voltage sensors<\/div><\/div><\/div><\/div><\/div><div class=\"wpb_column vc_column_container vc_col-sm-3\"><div class=\"vc_column-inner\"><div class=\"wpb_wrapper\"><style type=\"text\/css\" data-type=\"the7_shortcodes-inline-css\">.shortcode-single-image-wrap.shortcode-single-image-3cbf9d227a82e712573672070279eddf.enable-bg-rollover .rollover i,\n.shortcode-single-image-wrap.shortcode-single-image-3cbf9d227a82e712573672070279eddf.enable-bg-rollover .rollover-video i {\n  background: -webkit-linear-gradient();\n  background: linear-gradient();\n}\n.shortcode-single-image-wrap.shortcode-single-image-3cbf9d227a82e712573672070279eddf .rollover-icon {\n  font-size: 32px;\n  color: #ffffff;\n  min-width: 44px;\n  min-height: 44px;\n  line-height: 44px;\n  border-radius: 100px;\n  border-style: solid;\n  border-width: 0px;\n}\n.dt-icon-bg-on.shortcode-single-image-wrap.shortcode-single-image-3cbf9d227a82e712573672070279eddf .rollover-icon {\n  background: rgba(255,255,255,0.3);\n  box-shadow: none;\n}\n<\/style><div class=\"shortcode-single-image-wrap shortcode-single-image-3cbf9d227a82e712573672070279eddf alignnone caption-on  enable-bg-rollover dt-icon-bg-off\" style=\"margin-top:0px; margin-bottom:0px; margin-left:0px; margin-right:0px; width:250px;\"><div class=\"shortcode-single-image\"><div class=\"fancy-media-wrap\" style=\"\"><a href=\"https:\/\/electrisium.com\/en\/products-and-solutions\/bushings\/\" class=\"layzr-bg rollover\" style=\"\" aria-label=\"Image\"><img loading=\"lazy\" decoding=\"async\" class=\"preload-me lazy-load\" src=\"data:image\/svg+xml,%3Csvg%20xmlns%3D&#39;http%3A%2F%2Fwww.w3.org%2F2000%2Fsvg&#39;%20viewBox%3D&#39;0%200%20250%20250&#39;%2F%3E\" data-src=\"https:\/\/electrisium.com\/wp-content\/uploads\/2025\/08\/Treceri-izolate-250x250.png\" data-srcset=\"https:\/\/electrisium.com\/wp-content\/uploads\/2025\/08\/Treceri-izolate-250x250.png 250w, https:\/\/electrisium.com\/wp-content\/uploads\/2025\/08\/Treceri-izolate-500x500.png 500w\" width=\"250\" height=\"250\"  data-dt-location=\"https:\/\/electrisium.com\/en\/treceri-izolate\/\" alt=\"\" \/><\/a><\/div><\/div><div class=\"shortcode-single-caption\">Bushings<\/div><\/div><\/div><\/div><\/div><div class=\"wpb_column vc_column_container vc_col-sm-3\"><div class=\"vc_column-inner\"><div class=\"wpb_wrapper\"><style type=\"text\/css\" data-type=\"the7_shortcodes-inline-css\">.shortcode-single-image-wrap.shortcode-single-image-d13892ac63feaea07133879870743e10.enable-bg-rollover .rollover i,\n.shortcode-single-image-wrap.shortcode-single-image-d13892ac63feaea07133879870743e10.enable-bg-rollover .rollover-video i {\n  background: -webkit-linear-gradient();\n  background: linear-gradient();\n}\n.shortcode-single-image-wrap.shortcode-single-image-d13892ac63feaea07133879870743e10 .rollover-icon {\n  font-size: 32px;\n  color: #ffffff;\n  min-width: 44px;\n  min-height: 44px;\n  line-height: 44px;\n  border-radius: 100px;\n  border-style: solid;\n  border-width: 0px;\n}\n.dt-icon-bg-on.shortcode-single-image-wrap.shortcode-single-image-d13892ac63feaea07133879870743e10 .rollover-icon {\n  background: rgba(255,255,255,0.3);\n  box-shadow: none;\n}\n<\/style><div class=\"shortcode-single-image-wrap shortcode-single-image-d13892ac63feaea07133879870743e10 alignnone caption-on  enable-bg-rollover dt-icon-bg-off\" style=\"margin-top:0px; margin-bottom:0px; margin-left:0px; margin-right:0px; width:250px;\"><div class=\"shortcode-single-image\"><div class=\"fancy-media-wrap\" style=\"\"><a href=\"https:\/\/electrisium.com\/en\/products-and-solutions\/solid-insulated-busbar-system\/\" class=\"layzr-bg rollover\" style=\"\" aria-label=\"Image\"><img loading=\"lazy\" decoding=\"async\" class=\"preload-me lazy-load\" src=\"data:image\/svg+xml,%3Csvg%20xmlns%3D&#39;http%3A%2F%2Fwww.w3.org%2F2000%2Fsvg&#39;%20viewBox%3D&#39;0%200%20250%20250&#39;%2F%3E\" data-src=\"https:\/\/electrisium.com\/wp-content\/uploads\/2024\/03\/Sistem-de-bare-colectoare-cu-izolatie-solida-250x250.png\" data-srcset=\"https:\/\/electrisium.com\/wp-content\/uploads\/2024\/03\/Sistem-de-bare-colectoare-cu-izolatie-solida-250x250.png 250w, https:\/\/electrisium.com\/wp-content\/uploads\/2024\/03\/Sistem-de-bare-colectoare-cu-izolatie-solida-500x500.png 500w\" width=\"250\" height=\"250\"  data-dt-location=\"https:\/\/electrisium.com\/en\/products-and-solutions\/solid-insulated-busbar-system\/attachment\/sistem-de-bare-colectoare-cu-izolatie-solida-2\/\" alt=\"\" \/><\/a><\/div><\/div><div class=\"shortcode-single-caption\">Solid insulated busbar system<\/div><\/div><\/div><\/div><\/div><\/div><div class=\"vc_row wpb_row vc_row-fluid\"><div class=\"wpb_column vc_column_container vc_col-sm-3\"><div class=\"vc_column-inner\"><div class=\"wpb_wrapper\"><\/div><\/div><\/div><div class=\"wpb_column vc_column_container vc_col-sm-3\"><div class=\"vc_column-inner\"><div class=\"wpb_wrapper\"><\/div><\/div><\/div><div class=\"wpb_column vc_column_container vc_col-sm-3\"><div class=\"vc_column-inner\"><div class=\"wpb_wrapper\"><\/div><\/div><\/div><div class=\"wpb_column vc_column_container vc_col-sm-3\"><div class=\"vc_column-inner\"><div class=\"wpb_wrapper\"><\/div><\/div><\/div><\/div>","protected":false},"excerpt":{"rendered":"<p>Vizita\u021bi website-ul oficial al companiei Ritz Instrument Transformers GmbH este unul dintre speciali\u0219tii de top la nivel mondial \u00een fabricarea transformatoarelor de m\u0103sur\u0103, a sistemelor de bare colectoare izolate cu r\u0103\u0219in\u0103 \u0219i a produselor din r\u0103\u0219in\u0103 turnat\u0103 pentru aplica\u021bii speciale. Dat\u00e2nd din 1904, compania combin\u0103 acum sub noul nume de \u201eRitz Instrument Transformers\u201d, expertiza RITZ&hellip;<\/p>","protected":false},"author":2,"featured_media":0,"parent":51,"menu_order":0,"comment_status":"closed","ping_status":"closed","template":"","meta":{"footnotes":""},"class_list":["post-1545","page","type-page","status-publish","hentry","description-off"],"_links":{"self":[{"href":"https:\/\/electrisium.com\/en\/wp-json\/wp\/v2\/pages\/1545","targetHints":{"allow":["GET"]}}],"collection":[{"href":"https:\/\/electrisium.com\/en\/wp-json\/wp\/v2\/pages"}],"about":[{"href":"https:\/\/electrisium.com\/en\/wp-json\/wp\/v2\/types\/page"}],"author":[{"embeddable":true,"href":"https:\/\/electrisium.com\/en\/wp-json\/wp\/v2\/users\/2"}],"replies":[{"embeddable":true,"href":"https:\/\/electrisium.com\/en\/wp-json\/wp\/v2\/comments?post=1545"}],"version-history":[{"count":15,"href":"https:\/\/electrisium.com\/en\/wp-json\/wp\/v2\/pages\/1545\/revisions"}],"predecessor-version":[{"id":1998,"href":"https:\/\/electrisium.com\/en\/wp-json\/wp\/v2\/pages\/1545\/revisions\/1998"}],"up":[{"embeddable":true,"href":"https:\/\/electrisium.com\/en\/wp-json\/wp\/v2\/pages\/51"}],"wp:attachment":[{"href":"https:\/\/electrisium.com\/en\/wp-json\/wp\/v2\/media?parent=1545"}],"curies":[{"name":"wp","href":"https:\/\/api.w.org\/{rel}","templated":true}]}}