{"id":1466,"date":"2024-03-04T18:25:02","date_gmt":"2024-03-04T16:25:02","guid":{"rendered":"https:\/\/electrisium.com\/?page_id=1466"},"modified":"2024-03-04T18:43:52","modified_gmt":"2024-03-04T16:43:52","slug":"elcontrol-energy-net","status":"publish","type":"page","link":"https:\/\/electrisium.com\/en\/partners-and-suppliers\/elcontrol-energy-net\/","title":{"rendered":"Elcontrol Energy Net"},"content":{"rendered":"<div class=\"vc_row wpb_row vc_row-fluid\"><div class=\"wpb_column vc_column_container vc_col-sm-3\"><div class=\"vc_column-inner\"><div class=\"wpb_wrapper\">\n\t<div  class=\"wpb_single_image wpb_content_element vc_align_center\">\n\t\t\n\t\t<figure class=\"wpb_wrapper vc_figure\">\n\t\t\t<div class=\"vc_single_image-wrapper   vc_box_border_grey\"><img loading=\"lazy\" decoding=\"async\" width=\"3420\" height=\"972\" src=\"https:\/\/electrisium.com\/wp-content\/uploads\/2024\/03\/Logone-E-COL-300.png\" class=\"vc_single_image-img attachment-full\" alt=\"\" title=\"Elcontrol Energy Net\" srcset=\"https:\/\/electrisium.com\/wp-content\/uploads\/2024\/03\/Logone-E-COL-300.png 3420w, https:\/\/electrisium.com\/wp-content\/uploads\/2024\/03\/Logone-E-COL-300-640x182.png 640w, https:\/\/electrisium.com\/wp-content\/uploads\/2024\/03\/Logone-E-COL-300-1280x364.png 1280w, https:\/\/electrisium.com\/wp-content\/uploads\/2024\/03\/Logone-E-COL-300-1024x291.png 1024w, https:\/\/electrisium.com\/wp-content\/uploads\/2024\/03\/Logone-E-COL-300-1536x437.png 1536w, https:\/\/electrisium.com\/wp-content\/uploads\/2024\/03\/Logone-E-COL-300-2048x582.png 2048w, https:\/\/electrisium.com\/wp-content\/uploads\/2024\/03\/Logone-E-COL-300-18x5.png 18w, https:\/\/electrisium.com\/wp-content\/uploads\/2024\/03\/Logone-E-COL-300-500x142.png 500w, https:\/\/electrisium.com\/wp-content\/uploads\/2024\/03\/Logone-E-COL-300-800x227.png 800w, https:\/\/electrisium.com\/wp-content\/uploads\/2024\/03\/Logone-E-COL-300-1920x546.png 1920w\" sizes=\"auto, (max-width: 3420px) 100vw, 3420px\"  data-dt-location=\"https:\/\/electrisium.com\/en\/partners-and-suppliers\/attachment\/logone-e-col-300\/\" \/><\/div>\n\t\t<\/figure>\n\t<\/div>\n<style>.vc_btn3-style-gradient-custom.vc_btn-gradient-btn-69dc3f7469c25:hover{color: #ffffff;background-color: #5d6058;border: none;background-position: 100% 0;}<\/style><style>.vc_btn3-style-gradient-custom.vc_btn-gradient-btn-69dc3f7469c25{color: #ffffff;border: none;background-color: #008b29;background-image: -webkit-linear-gradient(left, #008b29 0%, #5d6058 50%,#008b29 100%);background-image: linear-gradient(to right, #008b29 0%, #5d6058 50%,#008b29 100%);-webkit-transition: all .2s ease-in-out;transition: all .2s ease-in-out;background-size: 200% 100%;}<\/style><div class=\"vc_btn3-container vc_btn3-center\" ><a data-vc-gradient-1=\"#008b29\" data-vc-gradient-2=\"#5d6058\" class=\"vc_general vc_btn3 vc_btn3-size-md vc_btn3-shape-rounded vc_btn3-style-gradient-custom vc_btn3-block vc_btn-gradient-btn-69dc3f7469c25\" href=\"http:\/\/www.elcontrol-energy.net\/?lang=en\" title=\"\" target=\"_blank\">Visit the company's official website<\/a><\/div><\/div><\/div><\/div><div class=\"wpb_column vc_column_container vc_col-sm-9\"><div class=\"vc_column-inner\"><div class=\"wpb_wrapper\">\n\t<div class=\"wpb_text_column wpb_content_element\" >\n\t\t<div class=\"wpb_wrapper\">\n\t\t\t<p>Established in 1958 in Bologna, Elcontrol quickly grew and increasingly positioned on the field of measurement of electrical networks, that led to a stable international presence of the brand, still widely recognized today.<\/p>\n<p><strong>Elcontrol Energy Net S.r.l.<\/strong> designs, manufactures and markets products for measuring, monitoring and improving the efficiency of electrical systems: portable analyzers, panel analyzers, systems and components for power factor correction, software for network monitoring and consumption.<\/p>\n<p>Portable analyzers, in particular, prove irreplaceable instruments to perform practical and reliable measurement campaigns on-site such as, for example, before the installation of a power factor correction panel.<\/p>\n<p>The company is now located in Marzabotto near Bologna, in a plant of about 2000 square meters where all Elcontrol products are designed, produced, tested and then shipped, thus proudly defining themselves as being \u201cMade in Italy\u201d.<\/p>\n\n\t\t<\/div>\n\t<\/div>\n<\/div><\/div><\/div><\/div><div class=\"vc_row wpb_row vc_row-fluid\"><div class=\"wpb_column vc_column_container vc_col-sm-12\"><div class=\"vc_column-inner\"><div class=\"wpb_wrapper\"><div class=\"vc_separator wpb_content_element vc_separator_align_center vc_sep_width_100 vc_sep_border_width_3 vc_sep_pos_align_center vc_separator-has-text\" ><span class=\"vc_sep_holder vc_sep_holder_l\"><span  style=\"border-color:#008b29;\" class=\"vc_sep_line\"><\/span><\/span><h4>Explore the company's products and solutions<\/h4><span class=\"vc_sep_holder vc_sep_holder_r\"><span  style=\"border-color:#008b29;\" class=\"vc_sep_line\"><\/span><\/span>\n<\/div><\/div><\/div><\/div><\/div><div class=\"vc_row wpb_row vc_row-fluid\"><div class=\"wpb_column vc_column_container vc_col-sm-3\"><div class=\"vc_column-inner vc_custom_1682170954535\"><div class=\"wpb_wrapper\"><style type=\"text\/css\" data-type=\"the7_shortcodes-inline-css\">.shortcode-single-image-wrap.shortcode-single-image-143f153a73b8401d7a430838eda572f3.enable-bg-rollover .rollover i,\n.shortcode-single-image-wrap.shortcode-single-image-143f153a73b8401d7a430838eda572f3.enable-bg-rollover .rollover-video i {\n  background: -webkit-linear-gradient();\n  background: linear-gradient();\n}\n.shortcode-single-image-wrap.shortcode-single-image-143f153a73b8401d7a430838eda572f3 .rollover-icon {\n  font-size: 32px;\n  color: #ffffff;\n  min-width: 44px;\n  min-height: 44px;\n  line-height: 44px;\n  border-radius: 100px;\n  border-style: solid;\n  border-width: 0px;\n}\n.dt-icon-bg-on.shortcode-single-image-wrap.shortcode-single-image-143f153a73b8401d7a430838eda572f3 .rollover-icon {\n  background: rgba(255,255,255,0.3);\n  box-shadow: none;\n}\n<\/style><div class=\"shortcode-single-image-wrap shortcode-single-image-143f153a73b8401d7a430838eda572f3 alignnone caption-on  enable-bg-rollover dt-icon-bg-off\" style=\"margin-top:0px; margin-bottom:0px; margin-left:0px; margin-right:0px; width:250px;\"><div class=\"shortcode-single-image\"><div class=\"fancy-media-wrap\" style=\"\"><a href=\"https:\/\/electrisium.com\/en\/products-and-solutions\/portable-power-quality-analyzers\/\" class=\"layzr-bg rollover\" style=\"\" aria-label=\"Image\"><img loading=\"lazy\" decoding=\"async\" class=\"preload-me lazy-load\" src=\"data:image\/svg+xml,%3Csvg%20xmlns%3D&#39;http%3A%2F%2Fwww.w3.org%2F2000%2Fsvg&#39;%20viewBox%3D&#39;0%200%20250%20250&#39;%2F%3E\" data-src=\"https:\/\/electrisium.com\/wp-content\/uploads\/2024\/03\/Analizoare-portabile-de-calitate-a-energiei-electrice-250x250.png\" data-srcset=\"https:\/\/electrisium.com\/wp-content\/uploads\/2024\/03\/Analizoare-portabile-de-calitate-a-energiei-electrice-250x250.png 250w, https:\/\/electrisium.com\/wp-content\/uploads\/2024\/03\/Analizoare-portabile-de-calitate-a-energiei-electrice-500x500.png 500w\" width=\"250\" height=\"250\"  data-dt-location=\"https:\/\/electrisium.com\/en\/partners-and-suppliers\/elcontrol-energy-net\/attachment\/analizoare-portabile-de-calitate-a-energiei-electrice\/\" alt=\"\" \/><\/a><\/div><\/div><div class=\"shortcode-single-caption\">Portable power quality analyzers<\/div><\/div><\/div><\/div><\/div><div class=\"wpb_column vc_column_container vc_col-sm-3\"><div class=\"vc_column-inner\"><div class=\"wpb_wrapper\"><\/div><\/div><\/div><div class=\"wpb_column vc_column_container vc_col-sm-3\"><div class=\"vc_column-inner\"><div class=\"wpb_wrapper\"><\/div><\/div><\/div><div class=\"wpb_column vc_column_container vc_col-sm-3\"><div class=\"vc_column-inner\"><div class=\"wpb_wrapper\"><\/div><\/div><\/div><\/div><div class=\"vc_row wpb_row vc_row-fluid\"><div class=\"wpb_column vc_column_container vc_col-sm-3\"><div class=\"vc_column-inner\"><div class=\"wpb_wrapper\"><\/div><\/div><\/div><div class=\"wpb_column vc_column_container vc_col-sm-3\"><div class=\"vc_column-inner\"><div class=\"wpb_wrapper\"><\/div><\/div><\/div><div class=\"wpb_column vc_column_container vc_col-sm-3\"><div class=\"vc_column-inner\"><div class=\"wpb_wrapper\"><\/div><\/div><\/div><div class=\"wpb_column vc_column_container vc_col-sm-3\"><div class=\"vc_column-inner\"><div class=\"wpb_wrapper\"><\/div><\/div><\/div><\/div>","protected":false},"excerpt":{"rendered":"<p>Vizita\u021bi website-ul oficial al companiei \u00cenfiin\u021bat\u0103 \u00een 1958 la Bologna, Elcontrol s-a dezvoltat rapid \u0219i s-a pozi\u021bionat din ce \u00een ce mai mult pe domeniul m\u0103sur\u0103rii re\u021belelor electrice, ceea ce a condus la o prezen\u021b\u0103 interna\u021bional\u0103 stabil\u0103 a m\u0103rcii, recunoscut\u0103 \u0219i ast\u0103zi. Elcontrol Energy Net S.r.l. proiecteaz\u0103, produce \u0219i comercializeaz\u0103 produse pentru m\u0103surarea, monitorizarea \u0219i&hellip;<\/p>","protected":false},"author":2,"featured_media":0,"parent":51,"menu_order":0,"comment_status":"closed","ping_status":"closed","template":"","meta":{"footnotes":""},"class_list":["post-1466","page","type-page","status-publish","hentry","description-off"],"_links":{"self":[{"href":"https:\/\/electrisium.com\/en\/wp-json\/wp\/v2\/pages\/1466","targetHints":{"allow":["GET"]}}],"collection":[{"href":"https:\/\/electrisium.com\/en\/wp-json\/wp\/v2\/pages"}],"about":[{"href":"https:\/\/electrisium.com\/en\/wp-json\/wp\/v2\/types\/page"}],"author":[{"embeddable":true,"href":"https:\/\/electrisium.com\/en\/wp-json\/wp\/v2\/users\/2"}],"replies":[{"embeddable":true,"href":"https:\/\/electrisium.com\/en\/wp-json\/wp\/v2\/comments?post=1466"}],"version-history":[{"count":5,"href":"https:\/\/electrisium.com\/en\/wp-json\/wp\/v2\/pages\/1466\/revisions"}],"predecessor-version":[{"id":1475,"href":"https:\/\/electrisium.com\/en\/wp-json\/wp\/v2\/pages\/1466\/revisions\/1475"}],"up":[{"embeddable":true,"href":"https:\/\/electrisium.com\/en\/wp-json\/wp\/v2\/pages\/51"}],"wp:attachment":[{"href":"https:\/\/electrisium.com\/en\/wp-json\/wp\/v2\/media?parent=1466"}],"curies":[{"name":"wp","href":"https:\/\/api.w.org\/{rel}","templated":true}]}}